{"id":119166,"date":"2026-03-24T04:51:45","date_gmt":"2026-03-24T04:51:45","guid":{"rendered":"https:\/\/soydeaqui.ddns.net\/pachuca\/index.php\/producto\/switch-poe-administrable-de-8-puertos-gigabit-802-3-af-de-61-6-w-y-controlador-para-50-puntos-de-acceso-serie-neutron-enturbo\/"},"modified":"2026-03-24T04:52:02","modified_gmt":"2026-03-24T04:52:02","slug":"switch-poe-administrable-de-8-puertos-gigabit-802-3-af-de-61-6-w-y-controlador-para-50-puntos-de-acceso-serie-neutron-enturbo","status":"publish","type":"product","link":"https:\/\/soydeaqui.ddns.net\/pachuca\/index.php\/producto\/switch-poe-administrable-de-8-puertos-gigabit-802-3-af-de-61-6-w-y-controlador-para-50-puntos-de-acceso-serie-neutron-enturbo\/","title":{"rendered":"Switch PoE Administrable de 8 puertos Gigabit 802.3 af de 61.6 W y Controlador para 50 Puntos de Acceso Serie Neutron\/EnTurbo."},"content":{"rendered":"<div style='width: 100%; max-width: 1200px; margin: 0 auto; font-family: sans-serif; line-height: 1.6; color: inherit; background-color: transparent;'>\n<div style='display: flex; flex-wrap: wrap; gap: 30px; margin-bottom: 30px;'>\n<div style='flex: 1 1 300px; min-width: 280px;'>\n<p style='font-size: 16px; color: inherit;'>El EWS2910P presenta opciones simplificadas de configuraci\u00f3n de red&comma; monitoreo y administraci\u00f3n&comma; junto con una interfaz web f\u00e1cil de utilizar. Administre localmente hasta 50 puntos de acceso Neutron y Enturbo y de manera remota con la plataforma ezMaster. Alimente los dispositivos PoE compatibles&comma; como c\u00e1maras IP&comma; tel\u00e9fonos VoIP y puntos de acceso. El EWS2910P puede admitir cualquier otro dispositivo 802.3af.<\/p>\n<ul style='padding-left: 20px; font-size: 15px; color: inherit;'>\n<li style='margin-bottom: 5px;'>8 Puertos 10\/100\/1000 Mbps<\/li>\n<li style='margin-bottom: 5px;'>Los 8 puertos con salida PoE IEEE802.3af<\/li>\n<li style='margin-bottom: 5px;'>2 Puertos SFP<\/li>\n<li style='margin-bottom: 5px;'>Fast Roaming<\/li>\n<li style='margin-bottom: 5px;'>Control de Ancho de Banda<\/li>\n<li style='margin-bottom: 5px;'>Monitoreo de Trafico<\/li>\n<li style='margin-bottom: 5px;'>Topologia&comma; mapas&comma; planos de piso<\/li>\n<li style='margin-bottom: 5px;'>Administra y Supervisa hasta 50 Puntos de Acceso Inalambricos de la Serie Neutron\/Enturbo<\/li>\n<li style='margin-bottom: 5px;'>Administraci\u00f3n centralizada y remotamente con plataforma EzMaster<\/li>\n<li style='margin-bottom: 5px;'>1 A\u00f1o de garant\u00eda<\/li>\n<\/ul><\/div>\n<\/p><\/div>\n<div style='display: flex; flex-wrap: wrap; gap: 20px; margin-bottom: 30px;'>\n<div style='flex: 1 1 250px; border: 1px solid rgba(150&comma; 150&comma; 150&comma; 0.4); border-radius: 8px; overflow: hidden; display: flex; flex-direction: column;'>\n<div style='padding: 15px; border-bottom: 1px solid rgba(150&comma; 150&comma; 150&comma; 0.2); font-weight: bold; font-size: 18px; color: inherit;'>Caracter\u00edsticas del EWS2910P<\/div>\n<div style='padding: 15px; color: inherit;'>\n<div style='display: flex; flex-wrap: wrap; gap: 10px; margin-bottom: 15px;'>\n<div style='flex: 1 1 100%; min-width: 200px;'> <img style='width: 100%; max-width: 30px; height: auto; border: 1px solid rgba(150&comma;150&comma;150&comma;0.3); border-radius: 8px; vertical-align: middle;' src='http:\/\/www.engeniusnetworks.com\/ezMaster\/img\/icon\/gig.png' alt=''> <span style='margin-left: 8px; vertical-align: middle;'>Capacidades de Gigabit PoE administrables<\/span> <\/div>\n<div style='flex: 1 1 100%; min-width: 200px;'> <img style='width: 100%; max-width: 30px; height: auto; border: 1px solid rgba(150&comma;150&comma;150&comma;0.3); border-radius: 8px; vertical-align: middle;' src='http:\/\/www.engeniusnetworks.com\/ezMaster\/img\/icon\/autoap.png' alt=''> <span style='margin-left: 8px; vertical-align: middle;'>Autodescubrimiento y aprovisionamiento de Puntos de Acceso<\/span> <\/div>\n<\/p><\/div>\n<div style='display: flex; flex-wrap: wrap; gap: 10px; margin-bottom: 15px;'>\n<div style='flex: 1 1 100%; min-width: 200px;'> <img style='width: 100%; max-width: 30px; height: auto; border: 1px solid rgba(150&comma;150&comma;150&comma;0.3); border-radius: 8px; vertical-align: middle;' src='http:\/\/www.engeniusnetworks.com\/ezMaster\/img\/icon\/fastroaming.png' alt=''> <span style='margin-left: 8px; vertical-align: middle;'>Roaming<\/span> <\/div>\n<div style='flex: 1 1 100%; min-width: 200px;'> <img style='width: 100%; max-width: 30px; height: auto; border: 1px solid rgba(150&comma;150&comma;150&comma;0.3); border-radius: 8px; vertical-align: middle;' src='http:\/\/www.engeniusnetworks.com\/ezMaster\/img\/icon\/security.png' alt=''> <span style='margin-left: 8px; vertical-align: middle;'>Seguridad Integral<\/span> <\/div>\n<\/p><\/div>\n<div style='display: flex; flex-wrap: wrap; gap: 10px; margin-bottom: 15px;'>\n<div style='flex: 1 1 100%; min-width: 200px;'> <img style='width: 100%; max-width: 30px; height: auto; border: 1px solid rgba(150&comma;150&comma;150&comma;0.3); border-radius: 8px; vertical-align: middle;' src='http:\/\/www.engeniusnetworks.com\/ezMaster\/img\/icon\/rogueap.png' alt=''> <span style='margin-left: 8px; vertical-align: middle;'>Detecci\u00f3n de AP<\/span> <\/div>\n<div style='flex: 1 1 100%; min-width: 200px;'> <img style='width: 100%; max-width: 30px; height: auto; border: 1px solid rgba(150&comma;150&comma;150&comma;0.3); border-radius: 8px; vertical-align: middle;' src='http:\/\/www.engeniusnetworks.com\/ezMaster\/img\/icon\/map.png' alt=''> <span style='margin-left: 8px; vertical-align: middle;'>Planos y vistas de mapa<\/span> <\/div>\n<\/p><\/div>\n<div style='display: flex; flex-wrap: wrap; gap: 10px; margin-bottom: 15px;'>\n<div style='flex: 1 1 100%; min-width: 200px;'> <img style='width: 100%; max-width: 30px; height: auto; border: 1px solid rgba(150&comma;150&comma;150&comma;0.3); border-radius: 8px; vertical-align: middle;' src='http:\/\/www.engeniusnetworks.com\/ezMaster\/img\/icon\/mail.png' alt=''> <span style='margin-left: 8px; vertical-align: middle;'>Alerta de correo<\/span> <\/div>\n<div style='flex: 1 1 100%; min-width: 200px;'> <img style='width: 100%; max-width: 30px; height: auto; border: 1px solid rgba(150&comma;150&comma;150&comma;0.3); border-radius: 8px; vertical-align: middle;' src='http:\/\/www.engeniusnetworks.com\/ezMaster\/img\/icon\/protal.png' alt=''> <span style='margin-left: 8px; vertical-align: middle;'>Portal cautivo<\/span> <\/div>\n<\/p><\/div>\n<div style='display: flex; flex-wrap: wrap; gap: 10px; margin-bottom: 15px;'>\n<div style='flex: 1 1 100%; min-width: 200px;'> <img style='width: 100%; max-width: 30px; height: auto; border: 1px solid rgba(150&comma;150&comma;150&comma;0.3); border-radius: 8px; vertical-align: middle;' src='http:\/\/www.engeniusnetworks.com\/ezMaster\/img\/icon\/vlan.png' alt=''> <span style='margin-left: 8px; vertical-align: middle;'>Configuraci\u00f3n VLAN gestionada<\/span> <\/div>\n<div style='flex: 1 1 100%; min-width: 200px;'> <img style='width: 100%; max-width: 30px; height: auto; border: 1px solid rgba(150&comma;150&comma;150&comma;0.3); border-radius: 8px; vertical-align: middle;' src='http:\/\/www.engeniusnetworks.com\/ezMaster\/img\/icon\/dcs.png' alt=''> <span style='margin-left: 8px; vertical-align: middle;'>Selecci\u00f3n din\u00e1mica de canales<\/span> <\/div>\n<\/p><\/div>\n<div style='display: flex; flex-wrap: wrap; gap: 10px; margin-bottom: 15px;'>\n<div style='flex: 1 1 100%; min-width: 200px;'> <img style='width: 100%; max-width: 30px; height: auto; border: 1px solid rgba(150&comma;150&comma;150&comma;0.3); border-radius: 8px; vertical-align: middle;' src='http:\/\/www.engeniusnetworks.com\/ezMaster\/img\/icon\/1click.png' alt=''> <span style='margin-left: 8px; vertical-align: middle;'>Actualizaci\u00f3n de firmware con un click<\/span> <\/div>\n<div style='flex: 1 1 100%; min-width: 200px;'> <img style='width: 100%; max-width: 30px; height: auto; border: 1px solid rgba(150&comma;150&comma;150&comma;0.3); border-radius: 8px; vertical-align: middle;' src='http:\/\/www.engeniusnetworks.com\/ezMaster\/img\/icon\/coverage.png' alt=''> <span style='margin-left: 8px; vertical-align: middle;'>Pantalla de cobertura<\/span> <\/div>\n<\/p><\/div>\n<div style='display: flex; flex-wrap: wrap; gap: 10px; margin-bottom: 15px;'>\n<div style='flex: 1 1 100%; min-width: 200px;'> <img style='width: 100%; max-width: 30px; height: auto; border: 1px solid rgba(150&comma;150&comma;150&comma;0.3); border-radius: 8px; vertical-align: middle;' src='http:\/\/www.engeniusnetworks.com\/ezMaster\/img\/icon\/ban.png' alt=''> <span style='margin-left: 8px; vertical-align: middle;'>Agregaci\u00f3n y bloqueo de clientes<\/span> <\/div>\n<div style='flex: 1 1 100%; min-width: 200px;'> <img style='width: 100%; max-width: 30px; height: auto; border: 1px solid rgba(150&comma;150&comma;150&comma;0.3); border-radius: 8px; vertical-align: middle;' src='http:\/\/www.engeniusnetworks.com\/ezMaster\/img\/icon\/log.png' alt=''> <span style='margin-left: 8px; vertical-align: middle;'>Registro de eventos del controlador<\/span> <\/div>\n<\/p><\/div>\n<div style='display: flex; flex-wrap: wrap; gap: 10px; margin-bottom: 15px;'>\n<div style='flex: 1 1 100%; min-width: 200px;'> <img style='width: 100%; max-width: 30px; height: auto; border: 1px solid rgba(150&comma;150&comma;150&comma;0.3); border-radius: 8px; vertical-align: middle;' src='http:\/\/www.engeniusnetworks.com\/ezMaster\/img\/icon\/off.png' alt=''> <span style='margin-left: 8px; vertical-align: middle;'>AP LED On \/ Off<\/span> <\/div>\n<div style='flex: 1 1 100%; min-width: 200px;'> <img style='width: 100%; max-width: 30px; height: auto; border: 1px solid rgba(150&comma;150&comma;150&comma;0.3); border-radius: 8px; vertical-align: middle;' src='http:\/\/www.engeniusnetworks.com\/ezMaster\/img\/icon\/ipcam.png' alt=''> <span style='margin-left: 8px; vertical-align: middle;'>Topolog\u00eda de c\u00e1mara IP<\/span> <\/div>\n<\/p><\/div>\n<div style='display: flex; flex-wrap: wrap; gap: 10px;'>\n<div style='flex: 1 1 100%; min-width: 200px;'> <img style='width: 100%; max-width: 30px; height: auto; border: 1px solid rgba(150&comma;150&comma;150&comma;0.3); border-radius: 8px; vertical-align: middle;' src='http:\/\/www.engeniusnetworks.com\/ezMaster\/img\/icon\/report.png' alt=''> <span style='margin-left: 8px; vertical-align: middle;'>Gesti\u00f3n e informes de redes inal\u00e1mbricas y por cable<\/span> <\/div>\n<\/p><\/div>\n<\/p><\/div>\n<\/p><\/div>\n<\/p><\/div>\n<div style='display: flex; flex-wrap: wrap; gap: 30px; margin-bottom: 30px;'>\n<div style='flex: 1 1 300px; min-width: 280px;'>\n<h3 style='font-size: 22px; border-bottom: 2px solid currentColor; padding-bottom: 5px; margin-top: 0; color: inherit; opacity: 0.8;'>Monitoreo y Administraci\u00f3n Remota con ezMaster<\/h3>\n<p style='font-size: 16px; color: inherit;'>El software ezMaster de EnGenius permite configurar y mantener f\u00e1cilmente m\u00faltiples sitios&comma; ahorrando tiempo&comma; minimizando las visitas a sitio y reduciendo costos de operaci\u00f3n&comma; todo esto sin pagar licencias o suscripciones.<\/p>\n<\/p><\/div>\n<\/p><\/div>\n<div style='display: flex; flex-wrap: wrap; gap: 20px; margin-bottom: 30px;'>\n<div style='flex: 1 1 300px; min-width: 280px;'> <img style='width: 100%; height: auto; border: 1px solid rgba(150&comma;150&comma;150&comma;0.3); border-radius: 8px;' src='https:\/\/ftp3.syscom.mx\/usuarios\/alevario\/ENGENIUS\/xezmaster_screens.jpg.pagespeed.ic.aR4jyqI9bR%20%282%29.webp' alt=''> <\/div>\n<div style='flex: 1 1 300px; min-width: 280px;'> <img style='width: 100%; height: auto; border: 1px solid rgba(150&comma;150&comma;150&comma;0.3); border-radius: 8px;' src='https:\/\/ftp3.syscom.mx\/usuarios\/alevario\/ENGENIUS\/descarga.jpg' alt=''> <\/div>\n<\/p><\/div>\n<div style='position: relative; padding-bottom: 56.25%; height: 0; overflow: hidden; margin-bottom: 30px;'>   <\/div>\n<div style='display: flex; flex-wrap: wrap; gap: 20px;'>\n<div style='flex: 1 1 300px; min-width: 280px;'> <img style='width: 100%; height: auto; border: 1px solid rgba(150&comma;150&comma;150&comma;0.3); border-radius: 8px;' src='https:\/\/ftp3.syscom.mx\/usuarios\/alevario\/ENGENIUS\/flexibility.gif' alt=''> <\/div>\n<\/p><\/div>\n<\/p><\/div>\n","protected":false},"excerpt":{"rendered":"<p>Switch PoE Administrable de 8 puertos Gigabit 802.3 af de 61.6 W y Controlador para 50 Puntos de Acceso Serie Neutron\/EnTurbo.<\/p>\n","protected":false},"featured_media":119165,"comment_status":"open","ping_status":"closed","template":"","meta":[],"product_brand":[],"product_cat":[1260],"product_tag":[738,1261,664],"class_list":{"0":"post-119166","1":"product","2":"type-product","3":"status-publish","4":"has-post-thumbnail","6":"product_cat-inyectores-poe","7":"product_tag-engenius","8":"product_tag-inyectores-poe","9":"product_tag-networking","11":"first","12":"outofstock","13":"sale","14":"shipping-taxable","15":"purchasable","16":"product-type-simple"},"_links":{"self":[{"href":"https:\/\/soydeaqui.ddns.net\/pachuca\/index.php\/wp-json\/wp\/v2\/product\/119166","targetHints":{"allow":["GET"]}}],"collection":[{"href":"https:\/\/soydeaqui.ddns.net\/pachuca\/index.php\/wp-json\/wp\/v2\/product"}],"about":[{"href":"https:\/\/soydeaqui.ddns.net\/pachuca\/index.php\/wp-json\/wp\/v2\/types\/product"}],"replies":[{"embeddable":true,"href":"https:\/\/soydeaqui.ddns.net\/pachuca\/index.php\/wp-json\/wp\/v2\/comments?post=119166"}],"wp:featuredmedia":[{"embeddable":true,"href":"https:\/\/soydeaqui.ddns.net\/pachuca\/index.php\/wp-json\/wp\/v2\/media\/119165"}],"wp:attachment":[{"href":"https:\/\/soydeaqui.ddns.net\/pachuca\/index.php\/wp-json\/wp\/v2\/media?parent=119166"}],"wp:term":[{"taxonomy":"product_brand","embeddable":true,"href":"https:\/\/soydeaqui.ddns.net\/pachuca\/index.php\/wp-json\/wp\/v2\/product_brand?post=119166"},{"taxonomy":"product_cat","embeddable":true,"href":"https:\/\/soydeaqui.ddns.net\/pachuca\/index.php\/wp-json\/wp\/v2\/product_cat?post=119166"},{"taxonomy":"product_tag","embeddable":true,"href":"https:\/\/soydeaqui.ddns.net\/pachuca\/index.php\/wp-json\/wp\/v2\/product_tag?post=119166"}],"curies":[{"name":"wp","href":"https:\/\/api.w.org\/{rel}","templated":true}]}}