{"id":119162,"date":"2026-03-24T04:51:31","date_gmt":"2026-03-24T04:51:31","guid":{"rendered":"https:\/\/soydeaqui.ddns.net\/pachuca\/index.php\/producto\/caja-de-conexiones-de-metal-compatible-con-ds-2cd20xx-b8-turbogxx-thc-b120-xx-thc-bxx-thc-txx-2\/"},"modified":"2026-03-24T04:51:39","modified_gmt":"2026-03-24T04:51:39","slug":"caja-de-conexiones-de-metal-compatible-con-ds-2cd20xx-b8-turbogxx-thc-b120-xx-thc-bxx-thc-txx-2","status":"publish","type":"product","link":"https:\/\/soydeaqui.ddns.net\/pachuca\/index.php\/producto\/caja-de-conexiones-de-metal-compatible-con-ds-2cd20xx-b8-turbogxx-thc-b120-xx-thc-bxx-thc-txx-2\/","title":{"rendered":"Caja de Conexiones de Metal \/ Compatible con DS-2CD20XX, B8-TURBOGXX, THC-B120-XX,, THC-BXX, THC-TXX"},"content":{"rendered":"<div style='width: 100%; max-width: 1200px; margin: 0 auto; font-family: sans-serif; line-height: 1.6; color: inherit; background-color: transparent;'>\n<p style='text-align: center; margin: 0 0 20px;'> <img style='width: 45%; height: auto; border: 1px solid rgba(150&comma;150&comma;150&comma;0.3); border-radius: 8px;' src='https:\/\/ftp3.syscom.mx\/usuarios\/jsosa\/HIKVISION\/imagenes\/logo\/hikvision%20see%20far.png' alt='Logo Hikvision'> <\/p>\n<p> <!-- Secci\u00f3n de caracter\u00edsticas --> <\/p>\n<div style='display: flex; flex-wrap: wrap; gap: 30px; margin-bottom: 30px;'>\n<div style='flex: 1 1 300px; min-width: 280px;'>\n<h3 style='font-size: 22px; border-bottom: 2px solid currentColor; padding-bottom: 5px; margin-top: 0; color: inherit; opacity: 0.8;'>Caracter\u00edsticas principales<\/h3>\n<ul style='padding-left: 20px; font-size: 15px; color: inherit;'>\n<li style='margin-bottom: 5px;'>Incluye empaque para asegurar un correcto contacto con la pared y evitar acceso de agua y polvo<\/li>\n<li style='margin-bottom: 5px;'>Evita inducciones el\u00e9ctricas al ser material diel\u00e9ctrico.<\/li>\n<li style='margin-bottom: 5px;'>Incluye todo lo necesario para fijaci\u00f3n a pared y de equipo.<\/li>\n<\/ul><\/div>\n<div style='flex: 1 1 300px; min-width: 280px;'>\n<h3 style='font-size: 22px; border-bottom: 2px solid currentColor; padding-bottom: 5px; margin-top: 0; color: inherit; opacity: 0.8;'>Incluye<\/h3>\n<ul style='padding-left: 20px; font-size: 15px; color: inherit;'>\n<li style='margin-bottom: 5px;'>Cuerpo principal y tapa.<\/li>\n<li style='margin-bottom: 5px;'>Tornillos de fijaci\u00f3n a pared.<\/li>\n<li style='margin-bottom: 5px;'>Empaque para contacto con la pared.<\/li>\n<li style='margin-bottom: 5px;'>Empaque pasa cables.<\/li>\n<li style='margin-bottom: 5px;'>Tuercas de sujeci\u00f3n para c\u00e1mara a montaje.<\/li>\n<li style='margin-bottom: 5px;'>Conector gl\u00e1ndula para salida de cable.<\/li>\n<\/ul><\/div>\n<div style='flex: 1 1 300px; min-width: 280px;'>\n<h3 style='font-size: 22px; border-bottom: 2px solid currentColor; padding-bottom: 5px; margin-top: 0; color: inherit; opacity: 0.8;'>Caracter\u00edsticas F\u00edsicas<\/h3>\n<ul style='padding-left: 20px; font-size: 15px; color: inherit;'>\n<li style='margin-bottom: 5px;'><strong>Material:<\/strong> Aleaci\u00f3n de aluminio.<\/li>\n<li style='margin-bottom: 5px;'><strong>Dimensiones:<\/strong> \u03a6100 X 43.2 X 129 mm.<\/li>\n<li style='margin-bottom: 5px;'><strong>Carga m\u00e1xima:<\/strong> 4.5 kg.<\/li>\n<li style='margin-bottom: 5px;'><strong>Peso:<\/strong> 320 gr.<\/li>\n<\/ul><\/div>\n<\/p><\/div>\n<p> <!-- Secci\u00f3n de compatibilidad --> <\/p>\n<div style='margin-bottom: 30px;'>\n<h3 style='font-size: 22px; border-bottom: 2px solid currentColor; padding-bottom: 5px; margin-top: 0; color: inherit; opacity: 0.8;'>Equipos compatibles<\/h3>\n<ul style='padding-left: 20px; font-size: 15px; color: inherit;'>\n<li style='margin-bottom: 5px;'>THC-T110-M \/ THC-T110-P \/ THC-T120-PC \/ THC-T120-MC \/ THC-T140-M \/ THC-T140-P \/ THC-T150-M \/ THC-T150-P \/ THC-T120-MS.<\/li>\n<li style='margin-bottom: 5px;'>THC-B110-M \/ THC-B110-P \/ THC-B120-PC \/ THC-B120-MC \/ THC-B140-M \/ THC-B140-P \/ THC-B150-M \/ THC-B150-P \/ THC-B120-MS \/ THC-B220-MC \/ THC-B240-M \/ THC-B210-M \/ THC-B223-M.<\/li>\n<li style='margin-bottom: 5px;'>LB-7TURBO-G2 \/ LB7-TURBO-G2PW \/ B8-TURBO-G2W \/ B8-TURBO-C \/ B8-TURBO-G2\/A \/ B8-TURBO-G2P\/A \/ B8-TURBO-XG2W \/ B8-TURBO-X8 \/ B40-TURBO-X \/ B40-TURBO-W \/ B40-TURBO \/ B50-TURBO-G2 \/ B50-TURBO-G2X \/ B50-TURBO-G2\/A \/ B50-TURBO-G3 \/ B50-TURBO-G3\/ B50-TURBO-G3-P \/ B50-TURBO-G3B \/ B4K-TURBO \/ B4K-TURBO-X \/<\/li>\n<li style='margin-bottom: 5px;'>LE7-TURBO-G2W \/ LE7-TURBO-G2 \/ E8-TURBO-G2W \/ E8-TURBO-C \/ E8-TURBO-G2\/A \/ E8-TURBO-G2P\/A \/ E8-TURBO-IG2W \/ B40-TURBO-W \/ E50-TURBO-G2 \/ E50-TURBO-G3 \/ E50-TURBO-G3-P \/ E50-TURBO-G2\/A \/ E4K-TURBO\/<\/li>\n<li style='margin-bottom: 5px;'>DS-2CE76D0T-ITMF \/ DS-2CE70DF0T-MF \/ DS-2CE76D0T-ITMFS \/ DS-2CE76H0T-ITMF(C) \/ DS-2CE76H0T-ITMFS \/ DS-2CE70DF3T-MF \/ DS-2CE76U1T-ITMF \/ DS-2CE70DF3T-MFS \/ DS-2CE70KoT-MFS \/ DS-2CE72UF3T-E \/<\/li>\n<li style='margin-bottom: 5px;'>DS-2CE16D0T-ITF \/ DS-2CE17D0T-IT5F(C) \/ DS-2CE16D0T-ITFS \/ DS-2CE16H0T-ITF(C) \/ DS-2CE16H0T-ITFS \/ DS-2CE16H0T-IT3F(C) \/ DS-2CE12DF0T-F \/ DS-2CE10DF3T-F \/ DS-2CE17H0T-IT5F(C) \/ DS-2CE10HFT-F28 \/ DS-2CE12DFT-PIRXOF28 \/ DS-2CE12DF3T-PIRXOS \/ DS-2CE16U1T-IT3F \/ DS-2CE10DF0T-F \/ DS-2CE10DF3T-FS \/ DS-2CE10KF0T-FS \/ DS-2CE12KF0T-FS \/ DS-2CE16U1T-ITF \/ DS-2CE10UF3T-E \/<\/li>\n<li style='margin-bottom: 5px;'>DS-2CD2023G0-I \/ DS-2CD2043G0-I \/ DS-2CD2063G0-I \/ DS-2CD2083G0-I \/ DS-2CD2023G2-I(U) \/ DS-2CD2043G2-I(U) \/ DS-2CD2063G2-I(U) \/ DS-2CD2083G2-I(U) \/ DS-2CD2085G1-I.<\/li>\n<\/ul>\n<p style='margin-top: 20px; font-size: 15px; color: inherit;'><strong>Nota:<\/strong> Todos los modelos de c\u00e1maras que sean compatibles con el DS1280ZJXS es compatible con el DS1280ZJXSAX \/ DS1280ZJXSBAX \/ DS1280ZJXSP \/\/ En las especificaci\u00f3nes t\u00e9cnicas de cada c\u00e1mara aparecen los montajes compatibles.<\/p>\n<\/p><\/div>\n<p> <!-- Imagen final --> <\/p>\n<div style='margin-bottom: 30px;'> <img style='width: 100%; height: auto; border: 1px solid rgba(150&comma;150&comma;150&comma;0.3); border-radius: 8px;' src='https:\/\/ftp3.syscom.mx\/usuarios\/jsosa\/HIKVISION\/imagenes\/banners\/solution%20complete.png' alt='Soluci\u00f3n completa'> <\/div>\n<\/p><\/div>\n","protected":false},"excerpt":{"rendered":"<p>Caja de Conexiones de Metal \/ Compatible con DS-2CD20XX, B8-TURBOGXX, THC-B120-XX,, THC-BXX, THC-TXX<\/p>\n","protected":false},"featured_media":119161,"comment_status":"open","ping_status":"closed","template":"","meta":[],"product_brand":[],"product_cat":[416],"product_tag":[417,54,418],"class_list":{"0":"post-119162","1":"product","2":"type-product","3":"status-publish","4":"has-post-thumbnail","6":"product_cat-montajes-y-brackets-para-camaras","7":"product_tag-accesorios-generales","8":"product_tag-hikvision","9":"product_tag-montajes-y-brackets-para-camaras","11":"first","12":"instock","13":"sale","14":"shipping-taxable","15":"purchasable","16":"product-type-simple"},"_links":{"self":[{"href":"https:\/\/soydeaqui.ddns.net\/pachuca\/index.php\/wp-json\/wp\/v2\/product\/119162","targetHints":{"allow":["GET"]}}],"collection":[{"href":"https:\/\/soydeaqui.ddns.net\/pachuca\/index.php\/wp-json\/wp\/v2\/product"}],"about":[{"href":"https:\/\/soydeaqui.ddns.net\/pachuca\/index.php\/wp-json\/wp\/v2\/types\/product"}],"replies":[{"embeddable":true,"href":"https:\/\/soydeaqui.ddns.net\/pachuca\/index.php\/wp-json\/wp\/v2\/comments?post=119162"}],"wp:featuredmedia":[{"embeddable":true,"href":"https:\/\/soydeaqui.ddns.net\/pachuca\/index.php\/wp-json\/wp\/v2\/media\/119161"}],"wp:attachment":[{"href":"https:\/\/soydeaqui.ddns.net\/pachuca\/index.php\/wp-json\/wp\/v2\/media?parent=119162"}],"wp:term":[{"taxonomy":"product_brand","embeddable":true,"href":"https:\/\/soydeaqui.ddns.net\/pachuca\/index.php\/wp-json\/wp\/v2\/product_brand?post=119162"},{"taxonomy":"product_cat","embeddable":true,"href":"https:\/\/soydeaqui.ddns.net\/pachuca\/index.php\/wp-json\/wp\/v2\/product_cat?post=119162"},{"taxonomy":"product_tag","embeddable":true,"href":"https:\/\/soydeaqui.ddns.net\/pachuca\/index.php\/wp-json\/wp\/v2\/product_tag?post=119162"}],"curies":[{"name":"wp","href":"https:\/\/api.w.org\/{rel}","templated":true}]}}