{"id":119107,"date":"2026-03-24T04:48:34","date_gmt":"2026-03-24T04:48:34","guid":{"rendered":"https:\/\/soydeaqui.ddns.net\/pachuca\/index.php\/producto\/nvr-12-megapixel-4k-32-canales-ip-16-puertos-poe-switch-poe-300-mts-hdmi-en-4k-soporta-pos\/"},"modified":"2026-03-24T04:48:47","modified_gmt":"2026-03-24T04:48:47","slug":"nvr-12-megapixel-4k-32-canales-ip-16-puertos-poe-switch-poe-300-mts-hdmi-en-4k-soporta-pos","status":"publish","type":"product","link":"https:\/\/soydeaqui.ddns.net\/pachuca\/index.php\/producto\/nvr-12-megapixel-4k-32-canales-ip-16-puertos-poe-switch-poe-300-mts-hdmi-en-4k-soporta-pos\/","title":{"rendered":"NVR 12 Megapixel (4K) \/ 32 Canales IP \/ 16 Puertos PoE+ \/ Switch PoE 300 mts \/ HDMI en 4K \/ Soporta POS"},"content":{"rendered":"<div style='width: 100%; max-width: 1200px; margin: 0 auto; font-family: sans-serif; line-height: 1.6; color: inherit; background-color: transparent;'>\n<p style='text-align: center; margin: 20px 0;'><img style='width: 100%; max-width: 300px; height: auto; border: 1px solid rgba(150&comma;150&comma;150&comma;0.3); border-radius: 8px;' src='https:\/\/ftp3.syscom.mx\/usuarios\/jsosa\/HIKVISION\/imagenes\/logo\/hikvision%20see%20far.png' alt='Logo Hikvision'><\/p>\n<div style='display: flex; flex-wrap: wrap; gap: 30px; margin-top: 30px;'> <!-- Caracter\u00edsticas principales --> <\/p>\n<div style='flex: 1 1 300px; min-width: 280px;'>\n<h3 style='font-size: 22px; border-bottom: 2px solid currentColor; padding-bottom: 5px; margin-top: 0; color: inherit; opacity: 0.8;'>Caracter\u00edsticas principales<\/h3>\n<ul style='padding-left: 20px; font-size: 15px; color: inherit;'>\n<li style='margin-bottom: 5px;'><strong>Compresi\u00f3n de v\u00eddeo:<\/strong> H.265+ \/ H.265 \/ H.264+ \/ H.264<\/li>\n<li style='margin-bottom: 5px;'><strong>Soporta HDD:<\/strong> 4 HDD\u00b4s de hasta 8 TB (no incluido)<\/li>\n<li style='margin-bottom: 5px;'><strong>B\u00fasqueda de agenda:<\/strong> Local y remota<\/li>\n<li style='margin-bottom: 5px;'><strong>Tecnolog\u00eda ANR:<\/strong> Con c\u00e1mara IP HIKVISION cuando la red est\u00e1 desconectada<\/li>\n<li style='margin-bottom: 5px;'><strong>DDNS:<\/strong> Hik-Connect&comma; DynDNS&comma; No-IP&comma; etc.<\/li>\n<li style='margin-bottom: 5px;'><strong>Hik-Connect P2P:<\/strong> Soporta<\/li>\n<li style='margin-bottom: 5px;'><strong>Acceso remoto:<\/strong> Android&comma; iPhone&comma; iPad (IVMS-4500 \/ Hik-Connect)<\/li>\n<li style='margin-bottom: 5px;'><strong>Compatibilidad navegadores:<\/strong> IE&comma; Safari&comma; Chrome (ietab)<\/li>\n<li style='margin-bottom: 5px;'><strong>Software cliente:<\/strong> IVMS-4200 (gratuito)<\/li>\n<li style='margin-bottom: 5px;'><strong>Compatibilidad:<\/strong> AXIS&comma; ONVIF&comma; PANASONIC&comma; PSIA&comma; SAMSUNG&comma; ACTi&comma; SANYO&comma; ZAVIO&comma; VIVOTEK entre otros<\/li>\n<li style='margin-bottom: 5px;'><strong>Compatible con gabinete:<\/strong> GAB-VID2-R2<\/li>\n<\/ul><\/div>\n<p> <!-- Funciones de Grabaci\u00f3n y Visualizaci\u00f3n --> <\/p>\n<div style='flex: 1 1 300px; min-width: 280px;'>\n<h3 style='font-size: 22px; border-bottom: 2px solid currentColor; padding-bottom: 5px; margin-top: 0; color: inherit; opacity: 0.8;'>Funciones de Grabaci\u00f3n y Visualizaci\u00f3n<\/h3>\n<ul style='padding-left: 20px; font-size: 15px; color: inherit;'>\n<li style='margin-bottom: 5px;'><strong>Detecci\u00f3n de movimiento:<\/strong> Multizona<\/li>\n<li style='margin-bottom: 5px;'><strong>Zoom digital:<\/strong> En visualizaci\u00f3n y grabaci\u00f3n<\/li>\n<li style='margin-bottom: 5px;'><strong>Dual stream:<\/strong> Main stream y sub stream<\/li>\n<li style='margin-bottom: 5px;'><strong>Reproducci\u00f3n:<\/strong> Avance r\u00e1pido&comma; lento&comma; cuadro a cuadro&comma; etc.<\/li>\n<li style='margin-bottom: 5px;'><strong>Soporte S.M.A.R.T.:<\/strong> Discos duros<\/li>\n<li style='margin-bottom: 5px;'><strong>Tipos de grabaci\u00f3n:<\/strong> Tiempo real&comma; manual&comma; videosensor&comma; videosensor y alarma&comma; videosensor o alarma<\/li>\n<li style='margin-bottom: 5px;'><strong>Grabaci\u00f3n:<\/strong> C\u00edclica (sobreescritura) y no c\u00edclica<\/li>\n<\/ul>\n<h4 style='font-size: 18px; margin-top: 20px; margin-bottom: 10px; color: inherit; opacity: 0.8;'>Resoluci\u00f3n de Grabaci\u00f3n por Canal (recomendado con H.265)<\/h4>\n<ul style='padding-left: 20px; font-size: 15px; color: inherit;'>\n<li style='margin-bottom: 5px;'>1 Megapixel: 32 canales @ 30 IPS<\/li>\n<li style='margin-bottom: 5px;'>2 Megapixel: 32 canales @ 30 IPS<\/li>\n<li style='margin-bottom: 5px;'>5 Megapixel: 32 canales @ 30 IPS<\/li>\n<li style='margin-bottom: 5px;'>8 Megapixel (4K): 32 canales @ 20 IPS<\/li>\n<li style='margin-bottom: 5px;'>Reproducci\u00f3n s\u00edncrona en canales: 16 Canales<\/li>\n<\/ul><\/div>\n<p> <!-- Interfaces Entradas \/ Salidas --> <\/p>\n<div style='flex: 1 1 300px; min-width: 280px;'>\n<h3 style='font-size: 22px; border-bottom: 2px solid currentColor; padding-bottom: 5px; margin-top: 0; color: inherit; opacity: 0.8;'>Interfaces Entradas \/ Salidas<\/h3>\n<ul style='padding-left: 20px; font-size: 15px; color: inherit;'>\n<li style='margin-bottom: 5px;'><strong>Salida HDMI:<\/strong> 4K \/ 1080p \/ 720p<\/li>\n<li style='margin-bottom: 5px;'><strong>Salida VGA:<\/strong> 1080p \/ 720p<\/li>\n<li style='margin-bottom: 5px;'><strong>Salida independiente:<\/strong> HDMI y VGA<\/li>\n<li style='margin-bottom: 5px;'><strong>Entrada de Audio:<\/strong> 1 Canal<\/li>\n<li style='margin-bottom: 5px;'><strong>Salida de Audio:<\/strong> 1 Canal<\/li>\n<li style='margin-bottom: 5px;'><strong>Entrada de Alarma:<\/strong> 16<\/li>\n<li style='margin-bottom: 5px;'><strong>Salida de Alarma:<\/strong> 4<\/li>\n<li style='margin-bottom: 5px;'><strong>Audio bidireccional:<\/strong> Soporta<\/li>\n<li style='margin-bottom: 5px;'><strong>Grabaci\u00f3n externa:<\/strong> iSCSI y NFS (SYNOLOGY) \/ hasta 16 TB (2 LUN 8TB)<\/li>\n<li style='margin-bottom: 5px;'><strong>e-SATA:<\/strong> No soporta<\/li>\n<li style='margin-bottom: 5px;'><strong>Arreglo de discos:<\/strong> No soporta<\/li>\n<\/ul>\n<h4 style='font-size: 18px; margin-top: 20px; margin-bottom: 10px; color: inherit; opacity: 0.8;'>Caracter\u00edsticas f\u00edsicas y el\u00e9ctricas<\/h4>\n<ul style='padding-left: 20px; font-size: 15px; color: inherit;'>\n<li style='margin-bottom: 5px;'><strong>Dimensiones:<\/strong> 445 \u00d7 390 \u00d7 75mm<\/li>\n<li style='margin-bottom: 5px;'><strong>Alimentaci\u00f3n:<\/strong> 100 a 240 Vca \/ 20 W<\/li>\n<li style='margin-bottom: 5px;'><strong>Temperatura de operaci\u00f3n:<\/strong> -10\u00b0C a 55\u00b0C<\/li>\n<li style='margin-bottom: 5px;'><strong>Peso:<\/strong> 3 Kg sin HDD<\/li>\n<\/ul><\/div>\n<\/p><\/div>\n<p> <!-- Capacidad de procesamiento y funciones de red --> <\/p>\n<div style='margin-top: 30px;'>\n<h3 style='font-size: 22px; border-bottom: 2px solid currentColor; padding-bottom: 5px; margin-top: 0; color: inherit; opacity: 0.8;'>Capacidad de procesamiento y funciones de red<\/h3>\n<ul style='padding-left: 20px; font-size: 15px; color: inherit;'>\n<li style='margin-bottom: 5px;'><strong>Throughput entrada:<\/strong> 256 Mbps<\/li>\n<li style='margin-bottom: 5px;'><strong>Throughput salida:<\/strong> 256 Mbps<\/li>\n<li style='margin-bottom: 5px;'><strong>Modo Extendido:<\/strong> Alimenta c\u00e1maras IP fijas (NO PTZ 802.3at). El ponchado del cable debe estar en el est\u00e1ndar A o B.<\/li>\n<li style='margin-bottom: 5px;'><strong>Puerto red:<\/strong> 10 \/ 100 \/ 1000 Mbps (LAN)<\/li>\n<li style='margin-bottom: 5px;'><strong>Puertos PoE:<\/strong> 16 Puertos PoE Interconstruidos 802.3 af\/at (30 W max por puerto)<\/li>\n<li style='margin-bottom: 5px;'><strong>Capacidad suministro PoE:<\/strong> 200W<\/li>\n<li style='margin-bottom: 5px;'><strong>Configuraci\u00f3n remota:<\/strong> Par\u00e1metros<\/li>\n<li style='margin-bottom: 5px;'><strong>Descarga y reproducci\u00f3n:<\/strong> Archivos grabados en la NVR por red<\/li>\n<li style='margin-bottom: 5px;'><strong>Descarga bit\u00e1cora:<\/strong> Alarmas del NVR en forma remota<\/li>\n<li style='margin-bottom: 5px;'><strong>Configuraci\u00f3n remota:<\/strong> Par\u00e1metros<\/li>\n<\/ul><\/div>\n<p> <!-- Secci\u00f3n H.265+ --> <\/p>\n<div style='margin-top: 30px; display: flex; flex-wrap: wrap; gap: 30px; align-items: center;'>\n<div style='flex: 1 1 300px; min-width: 280px;'>\n<h2 style='font-size: 24px; margin-top: 0; color: inherit; opacity: 0.8;'>\u00bfQu\u00e9 es H.265+?<\/h2>\n<p style='font-weight: bold; color: inherit;'>H.265+ es el m\u00e9todo de compresi\u00f3n patentado por Hikvision&comma; permite ahorrar hasta 80% de almacenamiento y ancho de banda.<\/p>\n<ul style='padding-left: 20px; font-size: 15px; color: inherit;'>\n<li style='margin-bottom: 5px;'><strong>M\u00e1s c\u00e1maras:<\/strong> 3MP \/ 5MP \/ 4K con menor consumo de ancho de banda<\/li>\n<li style='margin-bottom: 5px;'><strong>M\u00e1s tiempo de grabaci\u00f3n:<\/strong> Con menos cantidad de discos duros<\/li>\n<\/ul><\/div>\n<div style='flex: 1 1 300px; min-width: 280px;'> <img style='width: 100%; height: auto; border: 1px solid rgba(150&comma;150&comma;150&comma;0.3); border-radius: 8px;' src='https:\/\/ftp3.syscom.mx\/usuarios\/jsosa\/josesosa\/Imagenes\/menosconsumoh.jpg' alt='H.265+ Ahorro de almacenamiento'> <\/div>\n<\/p><\/div>\n<p> <!-- Im\u00e1genes adicionales --> <\/p>\n<div style='margin-top: 30px; display: flex; flex-wrap: wrap; gap: 20px;'>\n<div style='flex: 1 1 48%; min-width: 280px;'> <img style='width: 100%; height: auto; border: 1px solid rgba(150&comma;150&comma;150&comma;0.3); border-radius: 8px;' src='https:\/\/ftp3.syscom.mx\/usuarios\/emendoza\/elesbanmch\/HIKVISON\/IMAGENES\/NVR-POE-CONVENCIONAL%20(1).jpg' alt='NVR PoE Convencional'> <\/div>\n<div style='flex: 1 1 48%; min-width: 280px;'> <img style='width: 100%; height: auto; border: 1px solid rgba(150&comma;150&comma;150&comma;0.3); border-radius: 8px;' src='http:\/\/ftp3.syscom.mx\/usuarios\/jsosa\/GIF\/softwarecompatible.jpg' alt='Software Compatible'> <\/div>\n<\/p><\/div>\n<p> <!-- Imagen adicional --> <\/p>\n<div style='margin-top: 30px;'> <img style='width: 100%; height: auto; border: 1px solid rgba(150&comma;150&comma;150&comma;0.3); border-radius: 8px;' src='https:\/\/lh3.googleusercontent.com\/-d7yrSVr6mXA\/WPTj2vNrj1I\/AAAAAAAAFGY\/DMSDvbBqROEzDNNOQrgFi5jawSrit8mmQCL0B\/h476\/2017-04-17.jpg' alt='NVR 4K'> <\/div>\n<p> <!-- Banner final --> <\/p>\n<div style='margin-top: 30px;'> <img style='width: 100%; height: auto; border: 1px solid rgba(150&comma;150&comma;150&comma;0.3); border-radius: 8px;' src='http:\/\/ftp3.syscom.mx\/usuarios\/jdelafuente\/HIKVISION\/hikvision-solution%20banner.jpg' alt='Soluci\u00f3n Hikvision'> <\/div>\n<\/p><\/div>\n","protected":false},"excerpt":{"rendered":"<p>NVR 12 Megapixel (4K) \/ 32 Canales IP \/ 16 Puertos PoE+ \/ Switch PoE 300 mts \/ HDMI en 4K \/ Soporta POS<\/p>\n","protected":false},"featured_media":119106,"comment_status":"open","ping_status":"closed","template":"","meta":[],"product_brand":[],"product_cat":[2234],"product_tag":[122,54,2235],"class_list":{"0":"post-119107","1":"product","2":"type-product","3":"status-publish","4":"has-post-thumbnail","6":"product_cat-nvrs-network-video-recorders","7":"product_tag-camaras-ip-y-nvrs","8":"product_tag-hikvision","9":"product_tag-nvrs-network-video-recorders","11":"first","12":"outofstock","13":"sale","14":"shipping-taxable","15":"purchasable","16":"product-type-simple"},"_links":{"self":[{"href":"https:\/\/soydeaqui.ddns.net\/pachuca\/index.php\/wp-json\/wp\/v2\/product\/119107","targetHints":{"allow":["GET"]}}],"collection":[{"href":"https:\/\/soydeaqui.ddns.net\/pachuca\/index.php\/wp-json\/wp\/v2\/product"}],"about":[{"href":"https:\/\/soydeaqui.ddns.net\/pachuca\/index.php\/wp-json\/wp\/v2\/types\/product"}],"replies":[{"embeddable":true,"href":"https:\/\/soydeaqui.ddns.net\/pachuca\/index.php\/wp-json\/wp\/v2\/comments?post=119107"}],"wp:featuredmedia":[{"embeddable":true,"href":"https:\/\/soydeaqui.ddns.net\/pachuca\/index.php\/wp-json\/wp\/v2\/media\/119106"}],"wp:attachment":[{"href":"https:\/\/soydeaqui.ddns.net\/pachuca\/index.php\/wp-json\/wp\/v2\/media?parent=119107"}],"wp:term":[{"taxonomy":"product_brand","embeddable":true,"href":"https:\/\/soydeaqui.ddns.net\/pachuca\/index.php\/wp-json\/wp\/v2\/product_brand?post=119107"},{"taxonomy":"product_cat","embeddable":true,"href":"https:\/\/soydeaqui.ddns.net\/pachuca\/index.php\/wp-json\/wp\/v2\/product_cat?post=119107"},{"taxonomy":"product_tag","embeddable":true,"href":"https:\/\/soydeaqui.ddns.net\/pachuca\/index.php\/wp-json\/wp\/v2\/product_tag?post=119107"}],"curies":[{"name":"wp","href":"https:\/\/api.w.org\/{rel}","templated":true}]}}