{"id":119098,"date":"2026-03-24T04:48:00","date_gmt":"2026-03-24T04:48:00","guid":{"rendered":"https:\/\/soydeaqui.ddns.net\/pachuca\/index.php\/producto\/nvr-12-megapixel-4k-64-canales-ip-soporta-camaras-con-acusense-16-bahias-de-disco-duro-2-tarjetas-de-red-soporta-raid-con-hot-swap-hdmi-en-4k-soporta-pos\/"},"modified":"2026-03-24T04:48:28","modified_gmt":"2026-03-24T04:48:28","slug":"nvr-12-megapixel-4k-64-canales-ip-soporta-camaras-con-acusense-16-bahias-de-disco-duro-2-tarjetas-de-red-soporta-raid-con-hot-swap-hdmi-en-4k-soporta-pos","status":"publish","type":"product","link":"https:\/\/soydeaqui.ddns.net\/pachuca\/index.php\/producto\/nvr-12-megapixel-4k-64-canales-ip-soporta-camaras-con-acusense-16-bahias-de-disco-duro-2-tarjetas-de-red-soporta-raid-con-hot-swap-hdmi-en-4k-soporta-pos\/","title":{"rendered":"NVR 12 megapixel (4K) \/ 64 canales IP \/ Soporta C\u00e1maras con AcuSense  \/ 16 Bah\u00edas de Disco Duro \/ 2 Tarjetas de Red \/ Soporta RAID con Hot Swap \/ HDMI en 4K \/ Soporta POS"},"content":{"rendered":"<div style='width: 100%; max-width: 1200px; margin: 0 auto; font-family: sans-serif; line-height: 1.6; color: inherit; background-color: transparent;'>\n<p style='text-align: center;'><img style='width: 45%; height: auto; border: 1px solid rgba(150&comma;150&comma;150&comma;0.3); border-radius: 8px;' src='https:\/\/ftp3.syscom.mx\/usuarios\/jsosa\/HIKVISION\/imagenes\/logo\/hikvision%20see%20far.png' alt='Logo Hikvision'><\/p>\n<div style='display: flex; flex-wrap: wrap; gap: 30px; margin-bottom: 30px;'>\n<div style='flex: 1 1 300px; min-width: 280px;'>\n<h3 style='font-size: 22px; border-bottom: 2px solid currentColor; padding-bottom: 5px; margin-top: 0; color: inherit; opacity: 0.8;'>Caracter\u00edsticas principales<\/h3>\n<ul style='padding-left: 20px; font-size: 15px; color: inherit;'>\n<li style='margin-bottom: 5px;'><span>Compresi\u00f3n de video: H.265+ \/ H.265 \/ H.264+ \/ H.264<\/span><\/li>\n<li style='margin-bottom: 5px;'><span>Soporta mouse USB para operar (incluido)<\/span><\/li>\n<li style='margin-bottom: 5px;'><span>Soporta 16 HDD\u00b4s de hasta 10 TB (no incluidos)<\/span><\/li>\n<li style='margin-bottom: 5px;'><span>Soporta HOT SWAP con arreglo RAID 0&comma;1&comma;5&comma;10 (Capacidad de disco duro m\u00ednima de 4 TB para RAID)<\/span><\/li>\n<li style='margin-bottom: 5px;'><span>Soporta b\u00fasqueda de agenda en forma local \u00f3 remota<\/span><\/li>\n<li style='margin-bottom: 5px;'><span>Soporta tecnolog\u00eda ANR con c\u00e1mara IP HIKVISION cuando la red est\u00e1 desconectada<\/span><\/li>\n<li style='margin-bottom: 5px;'><span>Soporta Hot Spare para que nunca se pierda la grabaci\u00f3n en caso de que el NVR est\u00e9 fallando (se requiere otro NVR que tambi\u00e9n soporte la funci\u00f3n)<\/span><\/li>\n<li style='margin-bottom: 5px;'><span>Soporta DDNS (Hik-Connect&comma; DynDNS&comma; No-IP&comma; etc)<\/span><\/li>\n<li style='margin-bottom: 5px;'><span>Soporta Hik-Connect P2P<\/span><\/li>\n<li style='margin-bottom: 5px;'><span>Soporta acceso remoto v\u00eda tel\u00e9fono: Android&comma; iPhone&comma; iPad (IVMS-4500 \/ Hik-Connect)<\/span><\/li>\n<li style='margin-bottom: 5px;'><span>Compatibilidad con navegadores IE&comma; Safari&comma; Chrome (ietab)<\/span><\/li>\n<li style='margin-bottom: 5px;'><span>Software cliente IVMS-4200 (gratuito)<\/span><\/li>\n<li style='margin-bottom: 5px;'><span>Soporta m\u00faltiples marcas como: AXIS&comma; ONVIF&comma; PANASONIC&comma; PSIA&comma; SAMSUNG&comma; ACTi&comma; SANYO&comma; ZAVIO&comma; VIVOTEK entre otros<\/span><\/li>\n<\/ul><\/div>\n<div style='flex: 1 1 300px; min-width: 280px;'>\n<h3 style='font-size: 22px; border-bottom: 2px solid currentColor; padding-bottom: 5px; margin-top: 0; color: inherit; opacity: 0.8;'>Caracter\u00edsticas F\u00edsicas y El\u00e9ctricas<\/h3>\n<ul style='padding-left: 20px; font-size: 15px; color: inherit;'>\n<li style='margin-bottom: 5px;'><span>Dimensiones: 445 \u00d7 496 \u00d7 146 mm (3 U rack)<\/span><\/li>\n<li style='margin-bottom: 5px;'><span>Alimentaci\u00f3n: 100 a 240Vca \/ 45W<\/span><\/li>\n<li style='margin-bottom: 5px;'><span>Temperatura de operaci\u00f3n: -10\u00b0C a 55\u00b0C<\/span><\/li>\n<li style='margin-bottom: 5px;'><span>Peso: 12.5 Kg sin HDD<\/span><\/li>\n<\/ul>\n<h4 style='font-size: 18px; margin-top: 20px; margin-bottom: 10px; color: inherit;'>Resoluci\u00f3n de Grabaci\u00f3n por Canal (recomendado con H.265)<\/h4>\n<ul style='padding-left: 20px; font-size: 15px; color: inherit;'>\n<li style='margin-bottom: 5px;'><span>1 Megapixel: 64 canales @ 30 IPS<\/span><\/li>\n<li style='margin-bottom: 5px;'><span>2 Megapixel: 64 canales @ 30 IPS<\/span><\/li>\n<li style='margin-bottom: 5px;'><span>5 Megapixel: 64 canales @ 15 IPS<\/span><\/li>\n<li style='margin-bottom: 5px;'><span>8 Megapixel (4K): 64 canales @ 10 IPS<\/span><\/li>\n<li style='margin-bottom: 5px;'><span>Reproducci\u00f3n s\u00edncrona en canales: 16 canales (iVMS-4200)<\/span><\/li>\n<\/ul><\/div>\n<div style='flex: 1 1 300px; min-width: 280px;'>\n<h3 style='font-size: 22px; border-bottom: 2px solid currentColor; padding-bottom: 5px; margin-top: 0; color: inherit; opacity: 0.8;'>Capacidad de procesamiento y funciones de red<\/h3>\n<ul style='padding-left: 20px; font-size: 15px; color: inherit;'>\n<li style='margin-bottom: 5px;'><span>Throughput entrada: 320 Mbps (200 Mbps con RAID)<\/span><\/li>\n<li style='margin-bottom: 5px;'><span>Throughput salida: 256 Mbps (200 Mbps con RAID)<\/span><\/li>\n<li style='margin-bottom: 5px;'><span>2 Puerto red 10 \/ 100 \/ 1000 Mbps (LAN)<\/span><\/li>\n<li style='margin-bottom: 5px;'><span>Funciones de las tarjetas de red: balanceo de carga y multi-direcci\u00f3n<\/span><\/li>\n<li style='margin-bottom: 5px;'><span>Configuraci\u00f3n local y remota de par\u00e1metros<\/span><\/li>\n<li style='margin-bottom: 5px;'><span>Descarga y reproducci\u00f3n por red de los archivos grabados en la NVR<\/span><\/li>\n<li style='margin-bottom: 5px;'><span>Soporta la descarga de bit\u00e1cora de alarmas del NVR en forma remota<\/span><\/li>\n<\/ul>\n<h4 style='font-size: 18px; margin-top: 20px; margin-bottom: 10px; color: inherit;'>Funciones de Grabaci\u00f3n y Visualizaci\u00f3n<\/h4>\n<ul style='padding-left: 20px; font-size: 15px; color: inherit;'>\n<li style='margin-bottom: 5px;'><span>Detecci\u00f3n de movimiento multizona<\/span><\/li>\n<li style='margin-bottom: 5px;'><span>Zoom digital en visualizaci\u00f3n y grabaci\u00f3n<\/span><\/li>\n<li style='margin-bottom: 5px;'><span>Dual stream (main stream y sub stream)<\/span><\/li>\n<li style='margin-bottom: 5px;'><span>Soporta avance r\u00e1pido&comma; lento&comma; cuadro a cuadro&comma; etc<\/span><\/li>\n<li style='margin-bottom: 5px;'><span>Soporta tecnolog\u00eda de discos duros S.M.A.R.T.<\/span><\/li>\n<li style='margin-bottom: 5px;'><span>Soporta m\u00faltiples tipos de grabaci\u00f3n&comma; incluyendo tiempo real&comma; grabaci\u00f3n manual&comma; videosensor&comma; videosensor y alarma&comma; videosensor o alarma<\/span><\/li>\n<li style='margin-bottom: 5px;'><span>Soporta grabaci\u00f3n c\u00edclica (sobreescritura) y no c\u00edclica<\/span><\/li>\n<\/ul><\/div>\n<\/p><\/div>\n<hr style='border: 0; border-top: 1px solid rgba(150&comma; 150&comma; 150&comma; 0.3); margin: 30px 0;'>\n<div style='display: flex; flex-wrap: wrap; gap: 30px; margin-bottom: 30px;'>\n<div style='flex: 1 1 100%;'>\n<h3 style='font-size: 22px; border-bottom: 2px solid currentColor; padding-bottom: 5px; margin-top: 0; color: inherit; opacity: 0.8;'>Interfaces Entradas \/ Salidas<\/h3>\n<ul style='padding-left: 20px; font-size: 15px; color: inherit;'>\n<li style='margin-bottom: 5px;'><span>Salida HDMI 1: 4K \/ 1080p \/ 720p<\/span><\/li>\n<li style='margin-bottom: 5px;'><span>Salida HDMI 2: 1080p \/ 720p<\/span><\/li>\n<li style='margin-bottom: 5px;'><span>Salida VGA 1: 4K \/ 1080p \/ 1080p<\/span><\/li>\n<li style='margin-bottom: 5px;'><span>Salida VGA 2: 1080p \/ 720p<\/span><\/li>\n<li style='margin-bottom: 5px;'><span>Salida independiente HDMI 1 \/ VGA 1 y HDMI 2 \/ VGA 2<\/span><\/li>\n<li style='margin-bottom: 5px;'><span>Entrada de Audio: 1 Canal<\/span><\/li>\n<li style='margin-bottom: 5px;'><span>Salida de Audio: 2 Canales<\/span><\/li>\n<li style='margin-bottom: 5px;'><span>Entrada de Alarma: 16<\/span><\/li>\n<li style='margin-bottom: 5px;'><span>Salida de Alarma: 4<\/span><\/li>\n<li style='margin-bottom: 5px;'><span>Soporta audio bidireccional (audio de dos v\u00edas)<\/span><\/li>\n<li style='margin-bottom: 5px;'><span>Grabaci\u00f3n externa: iSCSI y NFS (SYNOLOGY) \/ hasta 64 TB<\/span><\/li>\n<li style='margin-bottom: 5px;'><span>Soporte para e-SATA: 1 puerto<\/span><\/li>\n<li style='margin-bottom: 5px;'><span>Arreglo de discos: RAID 0&comma;1&comma;5&comma;10 (Capacidad de disco duro m\u00ednima de 4 TB para RAID)<\/span><\/li>\n<\/ul><\/div>\n<\/p><\/div>\n<hr style='border: 0; border-top: 1px solid rgba(150&comma; 150&comma; 150&comma; 0.3); margin: 30px 0;'>\n<div style='display: flex; flex-wrap: wrap; gap: 30px; margin-bottom: 30px;'>\n<div style='flex: 1 1 100%;'>\n<h3 style='font-size: 22px; border-bottom: 2px solid currentColor; padding-bottom: 5px; margin-top: 0; color: inherit; opacity: 0.8;'>Caracter\u00edsticas Destacadas<\/h3>\n<h4 style='font-size: 18px; margin-top: 20px; margin-bottom: 10px; color: inherit;'>Soporta c\u00e1maras con ACUSENSE (Filtro de Falsas Alarmas)<\/h4>\n<ul style='padding-left: 20px; font-size: 15px; color: inherit;'>\n<li style='margin-bottom: 5px;'><span>Con tecnolog\u00eda ACUSENSE podemos evitar falsas alarmas como movimiento de \u00e1rboles&comma; animales&comma; etc<\/span><\/li>\n<li style='margin-bottom: 5px;'><span>Al activar la tecnolog\u00eda ACUSENSE en las c\u00e1maras solo detectar\u00e1 cuerpo humano y veh\u00edculos para identificar eventos realmente importantes y as\u00ed eliminar falsas alarmas<\/span><\/li>\n<li style='margin-bottom: 5px;'><span>Soporta hasta 64 canales con la tecnolog\u00eda ACUSENSE utilizando c\u00e1maras: <a style='color: currentColor; text-decoration: underline;' title='C\u00e1maras Acusense Serie 3' href='https:\/\/www.syscom.mx\/principal\/consultarproductosazul?global_search=ds2cd3&#038;ordenar=Relevancia&#038;pag=1' target='_blank' rel='noopener'>DS-2CD3XX<\/a> \/ <a style='color: currentColor; text-decoration: underline;' title='C\u00e1maras Acusense Serie 2' href='https:\/\/www.syscom.mx\/principal\/consultarproductosazul?global_search=ds2cd2xx3g2&#038;ordenar=Modelo_A-Z&#038;pag=1' target='_blank' rel='noopener'>DS-2CD2XX3G2<\/a> \/ <a style='color: currentColor; text-decoration: underline;' href='https:\/\/www.syscom.mx\/principal\/consultarproductosazul?global_search=DS-2CD2XX7G2&#038;ordenar=Relevancia&#038;pag=1' target='_blank' rel='noopener'>DS-2CD2XX7G2<\/a> (que soporte ACUSENSE)<\/span><\/li>\n<\/ul><\/div>\n<\/p><\/div>\n<hr style='border: 0; border-top: 1px solid rgba(150&comma; 150&comma; 150&comma; 0.3); margin: 30px 0;'>\n<div style='display: flex; flex-wrap: wrap; gap: 30px; margin-bottom: 30px;'>\n<div style='flex: 1 1 100%;'>\n<h3 style='font-size: 22px; border-bottom: 2px solid currentColor; padding-bottom: 5px; margin-top: 0; color: inherit; opacity: 0.8;'>Consideraciones<\/h3>\n<p style='font-size: 15px; color: inherit;'>La serie de grabadores DS-96XXX trabaja bajo una arquitectura cliente &#8211; servidor&comma; por lo que es necesario workstation para su correcto funcionamiento para poder tener m\u00faltiples c\u00e1maras en visualizaci\u00f3n&comma; cualquier duda favor de comunicarse al departamento de ingenier\u00eda seguridad<\/p>\n<\/p><\/div>\n<\/p><\/div>\n<hr style='border: 0; border-top: 1px solid rgba(150&comma; 150&comma; 150&comma; 0.3); margin: 30px 0;'>\n<div style='display: flex; flex-wrap: wrap; gap: 30px; margin-bottom: 30px;'>\n<div style='flex: 1 1 100%;'>\n<h3 style='font-size: 22px; border-bottom: 2px solid currentColor; padding-bottom: 5px; margin-top: 0; margin-bottom: 20px; color: inherit; opacity: 0.8;'>Recursos<\/h3>\n<\/p><\/div>\n<\/p><\/div>\n<div style='display: flex; flex-wrap: wrap; gap: 20px; margin-bottom: 30px; justify-content: center;'>\n<div style='flex: 1 1 250px; max-width: 300px;'> <a style='text-decoration: none;' href='https:\/\/www.hikvision.com\/es-la\/support\/download\/software\/ivms4200-series\/?q=serie%20ivms4200&#038;position=1' target='_blank' rel='noopener'> <img style='width: 100%; height: auto; border: 1px solid rgba(150&comma;150&comma;150&comma;0.3); border-radius: 8px;' src='https:\/\/ftp3.syscom.mx\/usuarios\/gmagos\/HIK\/IP\/IPC\/Imagenes%20pagina\/Descargas%20IVMS4200.jpg' alt='Descargas IVMS4200'> <\/a> <\/div>\n<div style='flex: 1 1 250px; max-width: 300px;'> <a style='text-decoration: none;' href='https:\/\/appstore.hikvision.com\/' target='_blank' rel='noopener'> <img style='width: 100%; height: auto; border: 1px solid rgba(150&comma;150&comma;150&comma;0.3); border-radius: 8px;' src='https:\/\/ftp3.syscom.mx\/usuarios\/gmagos\/HIK\/IP\/IPC\/Imagenes%20pagina\/Descargas%20de%20app.jpg' alt='Descargas de app'> <\/a> <\/div>\n<div style='flex: 1 1 250px; max-width: 300px;'> <a style='text-decoration: none;' href='https:\/\/ftp3.syscom.mx\/usuarios\/gmagos\/HIK\/IP\/NVR\/DS-9600NI-I16\/Datasheet-of-DS-9600NI-I16_NVR_V4.40.010-20201118.pdf' target='_blank' rel='noopener'> <img style='width: 100%; height: auto; border: 1px solid rgba(150&comma;150&comma;150&comma;0.3); border-radius: 8px;' src='https:\/\/ftp3.syscom.mx\/usuarios\/gmagos\/HIK\/IP\/IPC\/Imagenes%20pagina\/Descarga%20de%20PDF.jpg' alt='Descarga de PDF'> <\/a> <\/div>\n<\/p><\/div>\n<hr style='border: 0; border-top: 1px solid rgba(150&comma; 150&comma; 150&comma; 0.3); margin: 30px 0;'>\n<div style='display: flex; flex-wrap: wrap; gap: 30px; margin-bottom: 30px;'>\n<div style='flex: 1 1 100%;'>\n<h2 style='font-size: 20px; margin-top: 0; color: inherit;'>\u00bfQu\u00e9 es H.265+<\/h2>\n<p style='font-size: 15px; color: inherit;'><strong>H.265+ es el m\u00e9todo de compresi\u00f3n patentado por Hikvision&comma; permite ahorrar hasta 80% de almacenamiento y ancho de banda<\/strong><\/p>\n<ul style='padding-left: 20px; font-size: 15px; color: inherit;'>\n<li style='margin-bottom: 5px;'><strong>M\u00e1s c\u00e1maras (3MP \/ 5MP \/ 4K) con menor consumo de ancho de banda<\/strong><\/li>\n<li style='margin-bottom: 5px;'><strong>M\u00e1s tiempo de grabaci\u00f3n con menos cantidad de discos duros<\/strong><\/li>\n<\/ul><\/div>\n<\/p><\/div>\n<div style='display: flex; flex-wrap: wrap; gap: 20px; margin-bottom: 30px; justify-content: center;'>\n<div style='flex: 1 1 400px; max-width: 500px;'> <img style='width: 100%; height: auto; border: 1px solid rgba(150&comma;150&comma;150&comma;0.3); border-radius: 8px;' src='https:\/\/ftp3.syscom.mx\/usuarios\/jsosa\/josesosa\/Imagenes\/menosconsumoh.jpg' alt='Menos consumo H.265+'> <\/div>\n<div style='flex: 1 1 400px; max-width: 500px;'> <img style='width: 100%; height: auto; border: 1px solid rgba(150&comma;150&comma;150&comma;0.3); border-radius: 8px;' src='https:\/\/gallery.mailchimp.com\/2b3e9128678b450bb748bf973\/images\/8b15ae5d-f5d1-4fa3-84fb-ed3f872ec946.gif' alt='Comparaci\u00f3n H.265+'> <\/div>\n<\/p><\/div>\n<div style='display: flex; flex-wrap: wrap; gap: 30px; margin-bottom: 30px;'>\n<div style='flex: 1 1 100%;'> <img style='width: 100%; height: auto; border: 1px solid rgba(150&comma;150&comma;150&comma;0.3); border-radius: 8px;' src='https:\/\/ftp3.syscom.mx\/usuarios\/jsosa\/GIF\/h264-ip65.jpg' alt='Comparaci\u00f3n H.264 vs H.265'> <\/div>\n<\/p><\/div>\n<\/p><\/div>\n","protected":false},"excerpt":{"rendered":"<p>NVR 12 megapixel (4K) \/ 64 canales IP \/ Soporta C\u00e1maras con AcuSense  \/ 16 Bah\u00edas de Disco Duro \/ 2 Tarjetas de Red \/ Soporta RAID con Hot Swap \/ HDMI en 4K \/ Soporta POS<\/p>\n","protected":false},"featured_media":119097,"comment_status":"open","ping_status":"closed","template":"","meta":[],"product_brand":[],"product_cat":[2234],"product_tag":[122,54,2235],"class_list":{"0":"post-119098","1":"product","2":"type-product","3":"status-publish","4":"has-post-thumbnail","6":"product_cat-nvrs-network-video-recorders","7":"product_tag-camaras-ip-y-nvrs","8":"product_tag-hikvision","9":"product_tag-nvrs-network-video-recorders","11":"first","12":"outofstock","13":"sale","14":"shipping-taxable","15":"purchasable","16":"product-type-simple"},"_links":{"self":[{"href":"https:\/\/soydeaqui.ddns.net\/pachuca\/index.php\/wp-json\/wp\/v2\/product\/119098","targetHints":{"allow":["GET"]}}],"collection":[{"href":"https:\/\/soydeaqui.ddns.net\/pachuca\/index.php\/wp-json\/wp\/v2\/product"}],"about":[{"href":"https:\/\/soydeaqui.ddns.net\/pachuca\/index.php\/wp-json\/wp\/v2\/types\/product"}],"replies":[{"embeddable":true,"href":"https:\/\/soydeaqui.ddns.net\/pachuca\/index.php\/wp-json\/wp\/v2\/comments?post=119098"}],"wp:featuredmedia":[{"embeddable":true,"href":"https:\/\/soydeaqui.ddns.net\/pachuca\/index.php\/wp-json\/wp\/v2\/media\/119097"}],"wp:attachment":[{"href":"https:\/\/soydeaqui.ddns.net\/pachuca\/index.php\/wp-json\/wp\/v2\/media?parent=119098"}],"wp:term":[{"taxonomy":"product_brand","embeddable":true,"href":"https:\/\/soydeaqui.ddns.net\/pachuca\/index.php\/wp-json\/wp\/v2\/product_brand?post=119098"},{"taxonomy":"product_cat","embeddable":true,"href":"https:\/\/soydeaqui.ddns.net\/pachuca\/index.php\/wp-json\/wp\/v2\/product_cat?post=119098"},{"taxonomy":"product_tag","embeddable":true,"href":"https:\/\/soydeaqui.ddns.net\/pachuca\/index.php\/wp-json\/wp\/v2\/product_tag?post=119098"}],"curies":[{"name":"wp","href":"https:\/\/api.w.org\/{rel}","templated":true}]}}