{"id":119089,"date":"2026-03-24T04:47:28","date_gmt":"2026-03-24T04:47:28","guid":{"rendered":"https:\/\/soydeaqui.ddns.net\/pachuca\/index.php\/producto\/nvr-12-megapixel-4k-64-canales-ip-soporta-camaras-con-acusense-8-bahias-de-disco-duro-2-puertos-de-red-soporta-raid-con-hot-swap-hdmi-en-4k-soporta-pos\/"},"modified":"2026-03-24T04:47:54","modified_gmt":"2026-03-24T04:47:54","slug":"nvr-12-megapixel-4k-64-canales-ip-soporta-camaras-con-acusense-8-bahias-de-disco-duro-2-puertos-de-red-soporta-raid-con-hot-swap-hdmi-en-4k-soporta-pos","status":"publish","type":"product","link":"https:\/\/soydeaqui.ddns.net\/pachuca\/index.php\/producto\/nvr-12-megapixel-4k-64-canales-ip-soporta-camaras-con-acusense-8-bahias-de-disco-duro-2-puertos-de-red-soporta-raid-con-hot-swap-hdmi-en-4k-soporta-pos\/","title":{"rendered":"NVR 12 Megapixel (4K) \/ 64 canales IP \/ Soporta C\u00e1maras con AcuSense \/ 8 Bah\u00edas de Disco Duro \/ 2 Puertos de Red \/ Soporta RAID con Hot Swap \/ HDMI en 4K \/ Soporta POS"},"content":{"rendered":"<div style='width: 100%; max-width: 1200px; margin: 0 auto; font-family: sans-serif; line-height: 1.6; color: inherit; background-color: transparent;'> <!-- Imagen destacada --> <\/p>\n<div style='text-align: center; margin: 30px 0;'> <img style='width: 45%; height: auto; border: 1px solid rgba(150&comma;150&comma;150&comma;0.3); border-radius: 8px; max-width: 100%;' src='https:\/\/ftp3.syscom.mx\/usuarios\/jsosa\/HIKVISION\/imagenes\/logo\/hikvision%20see%20far.png' alt='Logo Hikvision'> <\/div>\n<p> <!-- Secci\u00f3n principal con flex --> <\/p>\n<div style='display: flex; flex-wrap: wrap; gap: 30px; margin-bottom: 30px;'> <!-- Caracter\u00edsticas principales --> <\/p>\n<div style='flex: 1 1 300px; min-width: 280px;'>\n<div style='border: 1px solid rgba(150&comma; 150&comma; 150&comma; 0.4); border-radius: 8px; overflow: hidden; display: flex; flex-direction: column;'>\n<div style='padding: 15px; border-bottom: 1px solid rgba(150&comma; 150&comma; 150&comma; 0.2); font-weight: bold; font-size: 18px; color: inherit; background-color: rgba(255&comma; 0&comma; 0&comma; 0.05);'>Caracter\u00edsticas principales<\/div>\n<div style='padding: 15px; color: inherit;'>\n<ul style='padding-left: 20px; margin: 0; font-size: 14px; list-style-type: disc;'>\n<li style='margin-bottom: 5px;'>Compresi\u00f3n de video: H.265+ \/ H.265 \/ H.264+ \/ H.264<\/li>\n<li style='margin-bottom: 5px;'>Soporta mouse USB para operar (incluido)<\/li>\n<li style='margin-bottom: 5px;'>Soporta 8 HDD\u00b4s de hasta 10 TB (no incluidos)<\/li>\n<li style='margin-bottom: 5px;'>Soporta HOT SWAP con arreglo RAID 0&comma;1&comma;5&comma;6&comma;10 (Capacidad de disco duro m\u00ednima de 4 TB para RAID)<\/li>\n<li style='margin-bottom: 5px;'>Soporta b\u00fasqueda de agenda en forma local \u00f3 remota<\/li>\n<li style='margin-bottom: 5px;'>Soporta tecnolog\u00eda ANR con c\u00e1mara IP HIKVISION cuando la red est\u00e1 desconectada<\/li>\n<li style='margin-bottom: 5px;'>Soporta Hot Spare para que nunca se pierda la grabaci\u00f3n en caso de que el NVR este fallando (se requiere otro NVR que tambi\u00e9n soporte la funci\u00f3n)<\/li>\n<li style='margin-bottom: 5px;'>Soporta DDNS (Hik-Connect&comma; DynDNS&comma; No-IP&comma; etc)<\/li>\n<li style='margin-bottom: 5px;'>Soporta Hik-Connect P2P<\/li>\n<li style='margin-bottom: 5px;'>Soporta acceso remoto<\/li>\n<li style='margin-bottom: 5px;'>Software cliente IVMS-4200 (gratuito)<\/li>\n<li style='margin-bottom: 5px;'>Soporta m\u00faltiples marcas mediante ONVIF<\/li>\n<\/ul><\/div>\n<\/p><\/div>\n<\/p><\/div>\n<p> <!-- Caracter\u00edsticas F\u00edsicas y El\u00e9ctricas --> <\/p>\n<div style='flex: 1 1 300px; min-width: 280px;'>\n<div style='border: 1px solid rgba(150&comma; 150&comma; 150&comma; 0.4); border-radius: 8px; overflow: hidden; display: flex; flex-direction: column;'>\n<div style='padding: 15px; border-bottom: 1px solid rgba(150&comma; 150&comma; 150&comma; 0.2); font-weight: bold; font-size: 18px; color: inherit; background-color: rgba(255&comma; 0&comma; 0&comma; 0.05);'>Caracter\u00edsticas F\u00edsicas y El\u00e9ctricas<\/div>\n<div style='padding: 15px; color: inherit;'>\n<ul style='padding-left: 20px; margin: 0; font-size: 14px; list-style-type: disc;'>\n<li style='margin-bottom: 5px;'>Dimensiones: 445 \u00d7 470 \u00d7 90 mm (2 U rack)<\/li>\n<li style='margin-bottom: 5px;'>Alimentaci\u00f3n: 100 a 240Vca \/ 30 W<\/li>\n<li style='margin-bottom: 5px;'>Temperatura de operaci\u00f3n: -10\u00b0C a 55\u00b0C<\/li>\n<li style='margin-bottom: 5px;'>Peso: 10 Kg sin HDD<\/li>\n<\/ul>\n<p style='margin: 15px 0 5px 0; font-weight: bold; font-size: 16px; color: inherit;'>Resoluci\u00f3n de Grabaci\u00f3n por Canal (recomendado con H.265):<\/p>\n<ul style='padding-left: 20px; margin: 0; font-size: 14px; list-style-type: disc;'>\n<li style='margin-bottom: 5px;'>2 Megapixel: 64 Canales @ 30 IPS<\/li>\n<li style='margin-bottom: 5px;'>5 Megapixel: 64 Canales @ 15 IPS<\/li>\n<li style='margin-bottom: 5px;'>8 Megapixel (4K): 64 Canales @ 10 IPS<\/li>\n<li style='margin-bottom: 5px;'>Reproducci\u00f3n s\u00edncrona en canales: 16 Canales<\/li>\n<\/ul><\/div>\n<\/p><\/div>\n<\/p><\/div>\n<p> <!-- Capacidad de procesamiento y funciones de red --> <\/p>\n<div style='flex: 1 1 300px; min-width: 280px;'>\n<div style='border: 1px solid rgba(150&comma; 150&comma; 150&comma; 0.4); border-radius: 8px; overflow: hidden; display: flex; flex-direction: column;'>\n<div style='padding: 15px; border-bottom: 1px solid rgba(150&comma; 150&comma; 150&comma; 0.2); font-weight: bold; font-size: 18px; color: inherit; background-color: rgba(255&comma; 0&comma; 0&comma; 0.05);'>Capacidad de procesamiento y funciones de red<\/div>\n<div style='padding: 15px; color: inherit;'>\n<ul style='padding-left: 20px; margin: 0; font-size: 14px; list-style-type: disc;'>\n<li style='margin-bottom: 5px;'>Throughput entrada: 320 Mbps (200 Mbps con RAID)<\/li>\n<li style='margin-bottom: 5px;'>Throughput salida: 256 Mbps (200 Mbps con RAID)<\/li>\n<li style='margin-bottom: 5px;'>2 Puerto red 10 \/ 100 \/ 1000 Mbps (LAN)<\/li>\n<li style='margin-bottom: 5px;'>Funciones de las tarjetas de red: balanceo de carga y multi-direcci\u00f3n<\/li>\n<li style='margin-bottom: 5px;'>Configuraci\u00f3n local y remota de par\u00e1metros<\/li>\n<li style='margin-bottom: 5px;'>Descarga y reproducci\u00f3n por red de los archivos grabados en la NVR<\/li>\n<li style='margin-bottom: 5px;'>Soporta la descarga de bit\u00e1cora de alarmas del NVR en forma remota<\/li>\n<\/ul>\n<p style='margin: 15px 0 5px 0; font-weight: bold; font-size: 16px; color: inherit;'>Funciones de Grabaci\u00f3n y Visualizaci\u00f3n:<\/p>\n<ul style='padding-left: 20px; margin: 0; font-size: 14px; list-style-type: disc;'>\n<li style='margin-bottom: 5px;'>Detecci\u00f3n de movimiento multizona<\/li>\n<li style='margin-bottom: 5px;'>Zoom digital en visualizaci\u00f3n y grabaci\u00f3n<\/li>\n<li style='margin-bottom: 5px;'>Dual stream (main stream y sub stream)<\/li>\n<li style='margin-bottom: 5px;'>Soporta avance r\u00e1pido&comma; lento&comma; cuadro a cuadro&comma; etc<\/li>\n<li style='margin-bottom: 5px;'>Soporta tecnolog\u00eda de discos duros S.M.A.R.T<\/li>\n<li style='margin-bottom: 5px;'>Soporta m\u00faltiples tipos de grabaci\u00f3n&comma; incluyendo tiempo real&comma; grabaci\u00f3n manual&comma; videosensor&comma; videosensor y alarma&comma; videosensor o alarma<\/li>\n<li style='margin-bottom: 5px;'>Soporta grabaci\u00f3n c\u00edclica (sobreescritura) y no c\u00edclica<\/li>\n<\/ul><\/div>\n<\/p><\/div>\n<\/p><\/div>\n<\/p><\/div>\n<p> <!-- Interfaces Entradas \/ Salidas --> <\/p>\n<div style='display: flex; flex-wrap: wrap; gap: 20px; margin-bottom: 30px;'>\n<div style='flex: 1 1 100%; min-width: 280px;'>\n<div style='border: 1px solid rgba(150&comma; 150&comma; 150&comma; 0.4); border-radius: 8px; overflow: hidden; display: flex; flex-direction: column;'>\n<div style='padding: 15px; border-bottom: 1px solid rgba(150&comma; 150&comma; 150&comma; 0.2); font-weight: bold; font-size: 18px; color: inherit; background-color: rgba(255&comma; 0&comma; 0&comma; 0.05);'>Interfaces Entradas \/ Salidas<\/div>\n<div style='padding: 15px; color: inherit;'>\n<ul style='padding-left: 20px; margin: 0; font-size: 14px; list-style-type: disc;'>\n<li style='margin-bottom: 5px;'>Salida HDMI 1: 4K \/ 1080p \/ 720p<\/li>\n<li style='margin-bottom: 5px;'>Salida HDMI 2: 1080p \/ 720p<\/li>\n<li style='margin-bottom: 5px;'>Salida VGA 1: 4K \/ 1080p \/ 1080p<\/li>\n<li style='margin-bottom: 5px;'>Salida VGA 2: 1080p \/ 720p<\/li>\n<li style='margin-bottom: 5px;'>Salida independiente HDMI 1 \/ VGA 1 y HDMI 2 \/ VGA 2<\/li>\n<li style='margin-bottom: 5px;'>Entrada de Audio: 1 Canal<\/li>\n<li style='margin-bottom: 5px;'>Salida de Audio: 2 Canales<\/li>\n<li style='margin-bottom: 5px;'>Entrada de Alarma: 16<\/li>\n<li style='margin-bottom: 5px;'>Salida de Alarma: 4<\/li>\n<li style='margin-bottom: 5px;'>Soporta audio bidireccional (audio de dos v\u00edas)<\/li>\n<li style='margin-bottom: 5px;'>Grabaci\u00f3n externa: iSCSI y NFS (SYNOLOGY) \/ hasta 64 TB<\/li>\n<li style='margin-bottom: 5px;'>Soporte para e-SATA: 1 puerto<\/li>\n<li style='margin-bottom: 5px;'>Arreglo de discos: RAID 0&comma;1&comma;5&comma;10 (Capacidad de disco duro m\u00ednima de 4 TB para RAID)<\/li>\n<\/ul><\/div>\n<\/p><\/div>\n<\/p><\/div>\n<\/p><\/div>\n<p> <!-- Caracter\u00edsticas Destacadas --> <\/p>\n<div style='display: flex; flex-wrap: wrap; gap: 20px; margin-bottom: 30px;'>\n<div style='flex: 1 1 100%; min-width: 280px;'>\n<div style='border: 1px solid rgba(150&comma; 150&comma; 150&comma; 0.4); border-radius: 8px; overflow: hidden; display: flex; flex-direction: column;'>\n<div style='padding: 15px; border-bottom: 1px solid rgba(150&comma; 150&comma; 150&comma; 0.2); font-weight: bold; font-size: 18px; color: inherit; background-color: rgba(255&comma; 0&comma; 0&comma; 0.05);'>Caracter\u00edsticas Destacadas<\/div>\n<div style='padding: 15px; color: inherit;'>\n<p style='margin: 0 0 10px 0; font-weight: bold; font-size: 16px; color: inherit;'>Soporta c\u00e1maras con ACUSENSE (Filtro de Falsas Alarmas)<\/p>\n<ul style='padding-left: 20px; margin: 0; font-size: 14px; list-style-type: disc;'>\n<li style='margin-bottom: 5px;'>Con tecnolog\u00eda ACUSENSE podemos evitar falsas alarmas como movimiento de \u00e1rboles&comma; animales&comma; etc<\/li>\n<li style='margin-bottom: 5px;'>Al activar la tecnolog\u00eda ACUSENSE en las c\u00e1maras solo detectar\u00e1 cuerpo humano y veh\u00edculos para identificar eventos realmente importantes y as\u00ed eliminar falsas alarmas<\/li>\n<li style='margin-bottom: 5px;'>Soporta hasta 64 canales con la tecnolog\u00eda ACUSENSE utilizando c\u00e1maras:\n<ul style='margin: 8px 0 8px 20px; font-size: 14px; list-style-type: circle;'>\n<li style='margin-bottom: 5px;'><a href='https:\/\/www.syscom.mx\/principal\/consultarproductosazul?global_search=ds2cd3&#038;ordenar=Relevancia&#038;pag=1' target='_blank' rel='noopener' style='color: inherit; text-decoration: underline;'>DS-2CD3XX<\/a><\/li>\n<li style='margin-bottom: 5px;'><a href='https:\/\/www.syscom.mx\/principal\/consultarproductosazul?global_search=ds2cd2xx3g2&#038;ordenar=Modelo_A-Z&#038;pag=1' target='_blank' rel='noopener' style='color: inherit; text-decoration: underline;'>DS-2CD2XX3G2<\/a><\/li>\n<li style='margin-bottom: 5px;'><a href='https:\/\/www.syscom.mx\/principal\/consultarproductosazul?global_search=DS-2CD2XX7G2&#038;ordenar=Relevancia&#038;pag=1' target='_blank' rel='noopener' style='color: inherit; text-decoration: underline;'>DS-2CD2XX7G2<\/a> (que soporte ACUSENSE)<\/li>\n<\/ul>\n<\/li>\n<\/ul><\/div>\n<\/p><\/div>\n<\/p><\/div>\n<\/p><\/div>\n<p> <!-- Consideraciones --> <\/p>\n<div style='display: flex; flex-wrap: wrap; gap: 20px; margin-bottom: 30px;'>\n<div style='flex: 1 1 100%; min-width: 280px;'>\n<div style='border: 1px solid rgba(150&comma; 150&comma; 150&comma; 0.4); border-radius: 8px; overflow: hidden; display: flex; flex-direction: column;'>\n<div style='padding: 15px; border-bottom: 1px solid rgba(150&comma; 150&comma; 150&comma; 0.2); font-weight: bold; font-size: 18px; color: inherit; background-color: rgba(255&comma; 0&comma; 0&comma; 0.05);'>Consideraciones<\/div>\n<div style='padding: 15px; color: inherit;'>\n<ul style='padding-left: 20px; margin: 0; font-size: 14px; list-style-type: disc;'>\n<li style='margin-bottom: 5px;'>La serie de grabadores DS-96XXX trabaja bajo una arquitectura cliente &#8211; servidor&comma; por lo que es necesario workstation para su correcto funcionamiento para poder tener m\u00faltiples c\u00e1maras en visualizaci\u00f3n&comma; cualquier duda favor de comunicarse al departamento de ingenier\u00eda seguridad<\/li>\n<\/ul><\/div>\n<\/p><\/div>\n<\/p><\/div>\n<\/p><\/div>\n<p> <!-- Recursos --> <\/p>\n<div style='margin-bottom: 30px;'>\n<h2 style='text-align: center; font-size: 22px; margin-bottom: 20px; color: inherit;'>Recursos<\/h2>\n<div style='display: flex; flex-wrap: wrap; gap: 20px; justify-content: center;'>\n<div style='flex: 1 1 250px; min-width: 200px;'> <a href='https:\/\/www.hikvision.com\/es-la\/support\/download\/software\/ivms4200-series\/?q=serie%20ivms4200&#038;position=1' target='_blank' rel='noopener' style='display: block; text-decoration: none; border: 1px solid rgba(150&comma;150&comma;150&comma;0.3); border-radius: 8px; overflow: hidden; transition: box-shadow 0.3s;'> <img style='width: 100%; height: auto; display: block;' src='https:\/\/ftp3.syscom.mx\/usuarios\/gmagos\/HIK\/IP\/IPC\/Imagenes%20pagina\/Descargas%20IVMS4200.jpg' alt='IVMS4200 Software'> <\/a> <\/div>\n<div style='flex: 1 1 250px; min-width: 200px;'> <a href='https:\/\/appstore.hikvision.com\/' target='_blank' rel='noopener' style='display: block; text-decoration: none; border: 1px solid rgba(150&comma;150&comma;150&comma;0.3); border-radius: 8px; overflow: hidden; transition: box-shadow 0.3s;'> <img style='width: 100%; height: auto; display: block;' src='https:\/\/ftp3.syscom.mx\/usuarios\/gmagos\/HIK\/IP\/IPC\/Imagenes%20pagina\/Descargas%20de%20app.jpg' alt='App Store Hikvision'> <\/a> <\/div>\n<div style='flex: 1 1 250px; min-width: 200px;'> <a href='https:\/\/ftp3.syscom.mx\/usuarios\/gmagos\/HIK\/IP\/NVR\/DS-9600NI-I8\/Especificaciones%20Tecnicas%20DS-9600NI-I8.pdf' target='_blank' rel='noopener' style='display: block; text-decoration: none; border: 1px solid rgba(150&comma;150&comma;150&comma;0.3); border-radius: 8px; overflow: hidden; transition: box-shadow 0.3s;'> <img style='width: 100%; height: auto; display: block;' src='https:\/\/ftp3.syscom.mx\/usuarios\/gmagos\/HIK\/IP\/IPC\/Imagenes%20pagina\/Descarga%20de%20PDF.jpg' alt='Especificaciones T\u00e9cnicas PDF'> <\/a> <\/div>\n<\/p><\/div>\n<\/p><\/div>\n<\/p><\/div>\n","protected":false},"excerpt":{"rendered":"<p>NVR 12 Megapixel (4K) \/ 64 canales IP \/ Soporta C\u00e1maras con AcuSense \/ 8 Bah\u00edas de Disco Duro \/ 2 Puertos de Red \/ Soporta RAID con Hot Swap \/ HDMI en 4K \/ Soporta POS<\/p>\n","protected":false},"featured_media":119088,"comment_status":"open","ping_status":"closed","template":"","meta":[],"product_brand":[],"product_cat":[2234],"product_tag":[122,54,2235],"class_list":{"0":"post-119089","1":"product","2":"type-product","3":"status-publish","4":"has-post-thumbnail","6":"product_cat-nvrs-network-video-recorders","7":"product_tag-camaras-ip-y-nvrs","8":"product_tag-hikvision","9":"product_tag-nvrs-network-video-recorders","11":"first","12":"outofstock","13":"sale","14":"shipping-taxable","15":"purchasable","16":"product-type-simple"},"_links":{"self":[{"href":"https:\/\/soydeaqui.ddns.net\/pachuca\/index.php\/wp-json\/wp\/v2\/product\/119089","targetHints":{"allow":["GET"]}}],"collection":[{"href":"https:\/\/soydeaqui.ddns.net\/pachuca\/index.php\/wp-json\/wp\/v2\/product"}],"about":[{"href":"https:\/\/soydeaqui.ddns.net\/pachuca\/index.php\/wp-json\/wp\/v2\/types\/product"}],"replies":[{"embeddable":true,"href":"https:\/\/soydeaqui.ddns.net\/pachuca\/index.php\/wp-json\/wp\/v2\/comments?post=119089"}],"wp:featuredmedia":[{"embeddable":true,"href":"https:\/\/soydeaqui.ddns.net\/pachuca\/index.php\/wp-json\/wp\/v2\/media\/119088"}],"wp:attachment":[{"href":"https:\/\/soydeaqui.ddns.net\/pachuca\/index.php\/wp-json\/wp\/v2\/media?parent=119089"}],"wp:term":[{"taxonomy":"product_brand","embeddable":true,"href":"https:\/\/soydeaqui.ddns.net\/pachuca\/index.php\/wp-json\/wp\/v2\/product_brand?post=119089"},{"taxonomy":"product_cat","embeddable":true,"href":"https:\/\/soydeaqui.ddns.net\/pachuca\/index.php\/wp-json\/wp\/v2\/product_cat?post=119089"},{"taxonomy":"product_tag","embeddable":true,"href":"https:\/\/soydeaqui.ddns.net\/pachuca\/index.php\/wp-json\/wp\/v2\/product_tag?post=119089"}],"curies":[{"name":"wp","href":"https:\/\/api.w.org\/{rel}","templated":true}]}}