{"id":119080,"date":"2026-03-24T04:46:58","date_gmt":"2026-03-24T04:46:58","guid":{"rendered":"https:\/\/soydeaqui.ddns.net\/pachuca\/index.php\/producto\/switch-no-administrable-24-puertos-poe-10-100-802-3af-at-2-combo-tp-sfp-gigabit-y-pantalla-lcd-para-monitoreo-y-configuracion-basica-de-poe-hasta-300-watts\/"},"modified":"2026-03-24T04:47:07","modified_gmt":"2026-03-24T04:47:07","slug":"switch-no-administrable-24-puertos-poe-10-100-802-3af-at-2-combo-tp-sfp-gigabit-y-pantalla-lcd-para-monitoreo-y-configuracion-basica-de-poe-hasta-300-watts","status":"publish","type":"product","link":"https:\/\/soydeaqui.ddns.net\/pachuca\/index.php\/producto\/switch-no-administrable-24-puertos-poe-10-100-802-3af-at-2-combo-tp-sfp-gigabit-y-pantalla-lcd-para-monitoreo-y-configuracion-basica-de-poe-hasta-300-watts\/","title":{"rendered":"Switch No Administrable 24 Puertos PoE 10\/100 802.3af\/at, 2 Combo TP\/SFP Gigabit y Pantalla LCD para Monitoreo y Configuraci\u00f3n B\u00e1sica de PoE, Hasta 300 Watts"},"content":{"rendered":"<div style='width: 100%; max-width: 1200px; margin: 0 auto; font-family: sans-serif; line-height: 1.6; color: inherit; background-color: transparent;'> <!-- Iconos de caracter\u00edsticas --> <\/p>\n<div style='display: flex; flex-wrap: wrap; gap: 15px; justify-content: center; margin-bottom: 30px;'> <img style='width: auto; height: 40px; border: 1px solid rgba(150&comma;150&comma;150&comma;0.3); border-radius: 8px;' src='https:\/\/www.planet.com.tw\/storage\/icons\/0icon_PoE+.png' alt='PoE+'> <img style='width: auto; height: 40px; border: 1px solid rgba(150&comma;150&comma;150&comma;0.3); border-radius: 8px;' src='https:\/\/www.planet.com.tw\/storage\/icons\/7icon_802.3at_30-Watts.png' alt='802.3 a 30 vatios'> <img style='width: auto; height: 40px; border: 1px solid rgba(150&comma;150&comma;150&comma;0.3); border-radius: 8px;' src='https:\/\/www.planet.com.tw\/storage\/icons\/516\/0icon_Port-VLAN.png' alt='Puerto VLAN'> <img style='width: auto; height: 40px; border: 1px solid rgba(150&comma;150&comma;150&comma;0.3); border-radius: 8px;' src='https:\/\/www.planet.com.tw\/storage\/icons\/626\/6icon_Smart-LCD.png' alt='LCD inteligente'> <img style='width: auto; height: 40px; border: 1px solid rgba(150&comma;150&comma;150&comma;0.3); border-radius: 8px;' src='https:\/\/www.planet.com.tw\/storage\/icons\/4icon_Gigabit-Uplink.png' alt='Enlace ascendente Gigabit'> <img style='width: auto; height: 40px; border: 1px solid rgba(150&comma;150&comma;150&comma;0.3); border-radius: 8px;' src='https:\/\/www.planet.com.tw\/storage\/icons\/0icon_SFP.png' alt='SFP'> <\/div>\n<p> <!-- Imagen principal --> <\/p>\n<div style='margin-bottom: 30px;'> <img style='width: 100%; height: auto; border: 1px solid rgba(150&comma;150&comma;150&comma;0.3); border-radius: 8px;' src='https:\/\/www.planet.com.tw\/storage\/products\/49223\/edm_FGSW-2622VHP_v2_L1.jpg' alt=''> <\/div>\n<p> <!-- Secci\u00f3n de panel frontal --> <\/p>\n<div style='margin-bottom: 30px;'> <img style='width: 100%; height: auto; border: 1px solid rgba(150&comma;150&comma;150&comma;0.3); border-radius: 8px;' src='https:\/\/www.planet.com.tw\/storage\/products\/49223\/FGSW-2622VHPv2_Front-Panel-Introducton_L1.png' alt='Panel frontal'> <\/div>\n<p> <!-- Secci\u00f3n con contenido y imagen --> <\/p>\n<div style='display: flex; flex-wrap: wrap; gap: 30px; margin-bottom: 30px;'>\n<div style='flex: 1 1 300px; min-width: 280px;'>\n<h3 style='font-size: 22px; border-bottom: 2px solid currentColor; padding-bottom: 5px; margin-top: 0; color: inherit; opacity: 0.8;'>Control LCD inteligente e intuitivo<\/h3>\n<ul style='padding-left: 20px; font-size: 15px; color: inherit;'>\n<li style='margin-bottom: 5px;'>Gesti\u00f3n y estado de PoE<\/li>\n<li style='margin-bottom: 5px;'>Gesti\u00f3n y estado del puerto<\/li>\n<li style='margin-bottom: 5px;'>Modo de conmutaci\u00f3n: est\u00e1ndar&comma; VLAN y extendido<\/li>\n<li style='margin-bottom: 5px;'>Control de presupuesto y ancho de banda<\/li>\n<li style='margin-bottom: 5px;'>PD cheque vivo<\/li>\n<li style='margin-bottom: 5px;'>Mantenimiento: protector de pantalla&comma; control de ventiladores&comma; valores predeterminados de f\u00e1brica y configuraci\u00f3n guardada<\/li>\n<\/ul><\/div>\n<div style='flex: 1 1 300px; min-width: 280px;'> <img style='width: 100%; height: auto; border: 1px solid rgba(150&comma;150&comma;150&comma;0.3); border-radius: 8px;' src='https:\/\/www.planet.com.tw\/storage\/products\/49223\/FGSW-2622VHPv3-11.png' alt='LCD inteligente'> <\/div>\n<\/p><\/div>\n<p> <!-- Secci\u00f3n de modo extendido --> <\/p>\n<div style='display: flex; flex-wrap: wrap; gap: 30px; margin-bottom: 30px;'>\n<div style='flex: 1 1 300px; min-width: 280px;'> <img style='width: 100%; height: auto; border: 1px solid rgba(150&comma;150&comma;150&comma;0.3); border-radius: 8px;' src='https:\/\/www.planet.com.tw\/storage\/products\/49223\/FGSW-2622VHPv3-41.png' alt='Modo extendido'> <img style='width: 100%; height: auto; margin-top: 15px; border: 1px solid rgba(150&comma;150&comma;150&comma;0.3); border-radius: 8px;' src='https:\/\/www.planet.com.tw\/storage\/products\/49223\/FGSW-2622VHPv3-31.png' alt='Modo extendido'> <\/div>\n<div style='flex: 1 1 300px; min-width: 280px;'>\n<h3 style='font-size: 22px; border-bottom: 2px solid currentColor; padding-bottom: 5px; margin-top: 0; color: inherit; opacity: 0.8;'>Modo extendido<\/h3>\n<p style='font-size: 15px; color: inherit;'>Funciona por puerto a una operaci\u00f3n d\u00faplex de 10 Mbps&comma; pero puede admitir una salida de potencia PoE de 20 Watts a una distancia de hasta 250 metros&comma; superando el l\u00edmite de 100 m del cable Ethernet UTP.<\/p>\n<\/p><\/div>\n<\/p><\/div>\n<p> <!-- Secci\u00f3n de VLAN Isolation --> <\/p>\n<div style='display: flex; flex-wrap: wrap; gap: 30px; margin-bottom: 30px;'>\n<div style='flex: 1 1 300px; min-width: 280px;'>\n<h3 style='font-size: 22px; border-bottom: 2px solid currentColor; padding-bottom: 5px; margin-top: 0; color: inherit; opacity: 0.8;'>Modo VLAN Isolation<\/h3>\n<p style='font-size: 15px; color: inherit;'>Presenta la funci\u00f3n VLAN basada en puerto que puede ayudar a evitar que la multidifusi\u00f3n o la tormenta de transmisi\u00f3n de la c\u00e1mara IP se influencien entre s\u00ed.<\/p>\n<\/p><\/div>\n<div style='flex: 1 1 300px; min-width: 280px;'> <img style='width: 100%; height: auto; border: 1px solid rgba(150&comma;150&comma;150&comma;0.3); border-radius: 8px;' src='https:\/\/www.planet.com.tw\/storage\/products\/49223\/FGSW-2622VHPv3-21.png' alt='VLAN Isolation'> <\/div>\n<\/p><\/div>\n<p> <!-- Especificaciones de hardware --> <\/p>\n<div style='display: flex; flex-wrap: wrap; gap: 20px; margin-bottom: 30px;'>\n<div style='flex: 1 1 250px; border: 1px solid rgba(150&comma; 150&comma; 150&comma; 0.4); border-radius: 8px; overflow: hidden; display: flex; flex-direction: column;'>\n<div style='padding: 15px; border-bottom: 1px solid rgba(150&comma; 150&comma; 150&comma; 0.2); font-weight: bold; font-size: 18px; color: inherit;'>Especificaciones de hardware<\/div>\n<div style='padding: 15px; color: inherit;'>\n<ul style='padding-left: 20px; margin: 0; font-size: 14px; list-style-type: disc;'>\n<li style='margin-bottom: 5px;'><strong>Puerto inyector 802.3af\/802.3at PoE<\/strong> 24<\/li>\n<li style='margin-bottom: 5px;'><strong>Puertos 10\/100BASE-TX MDI\/MDIX<\/strong> 24<\/li>\n<li style='margin-bottom: 5px;'><strong>Puertos 10\/100\/1000BASE-T MDI\/MDIX<\/strong> 2<\/li>\n<li style='margin-bottom: 5px;'><strong>Ranuras 1000BASE-X SFP\/mini-GBIC<\/strong> 2<\/li>\n<\/ul><\/div>\n<\/p><\/div>\n<div style='flex: 1 1 250px; border: 1px solid rgba(150&comma; 150&comma; 150&comma; 0.4); border-radius: 8px; overflow: hidden; display: flex; flex-direction: column;'>\n<div style='padding: 15px; border-bottom: 1px solid rgba(150&comma; 150&comma; 150&comma; 0.2); font-weight: bold; font-size: 18px; color: inherit;'>Especificaciones f\u00edsicas<\/div>\n<div style='padding: 15px; color: inherit;'>\n<ul style='padding-left: 20px; margin: 0; font-size: 14px; list-style-type: disc;'>\n<li style='margin-bottom: 5px;'><strong>Dimensiones<\/strong> 440 x 233 x 44 mm (altura 1U)<\/li>\n<li style='margin-bottom: 5px;'><strong>Peso<\/strong> 3&comma;4 kg<\/li>\n<li style='margin-bottom: 5px;'><strong>Requerimientos de energ\u00eda<\/strong> 00~240 V CA&comma; 50\/60 Hz&comma; 5 A m\u00e1x.<\/li>\n<li style='margin-bottom: 5px;'><strong>Consumo<\/strong> m\u00e1x. 330 vatios\/1132 BTU<\/li>\n<li style='margin-bottom: 5px;'><strong>Ventilador T\u00e9rmico<\/strong> 3<\/li>\n<\/ul><\/div>\n<\/p><\/div>\n<div style='flex: 1 1 250px; border: 1px solid rgba(150&comma; 150&comma; 150&comma; 0.4); border-radius: 8px; overflow: hidden; display: flex; flex-direction: column;'>\n<div style='padding: 15px; border-bottom: 1px solid rgba(150&comma; 150&comma; 150&comma; 0.2); font-weight: bold; font-size: 18px; color: inherit;'>Especificaciones PoE<\/div>\n<div style='padding: 15px; color: inherit;'>\n<ul style='padding-left: 20px; margin: 0; font-size: 14px; list-style-type: disc;'>\n<li style='margin-bottom: 5px;'><strong>Est\u00e1ndar PoE<\/strong> IEEE 802.3af Alimentaci\u00f3n a trav\u00e9s de Ethernet\/PSE&comma; IEEE 802.3at Alimentaci\u00f3n a trav\u00e9s de Ethernet Plus\/PSE<\/li>\n<li style='margin-bottom: 5px;'><strong>Tipo de fuente de alimentaci\u00f3n PoE<\/strong> End Span<\/li>\n<li style='margin-bottom: 5px;'><strong>Salida de alimentaci\u00f3n PoE<\/strong> Por puerto 54V DC&comma; 300mA. m\u00e1x. 15&comma;4 Watts (IEEE 802.3af)&comma; por puerto 54 V CC&comma; 600 mA. m\u00e1x. 30 Watts (IEEE 802.3at)<\/li>\n<\/ul><\/div>\n<\/p><\/div>\n<div style='flex: 1 1 250px; border: 1px solid rgba(150&comma; 150&comma; 150&comma; 0.4); border-radius: 8px; overflow: hidden; display: flex; flex-direction: column;'>\n<div style='padding: 15px; border-bottom: 1px solid rgba(150&comma; 150&comma; 150&comma; 0.2); font-weight: bold; font-size: 18px; color: inherit;'>Especificaciones ambientales<\/div>\n<div style='padding: 15px; color: inherit;'>\n<ul style='padding-left: 20px; margin: 0; font-size: 14px; list-style-type: disc;'>\n<li style='margin-bottom: 5px;'><strong>Temperatura de operaci\u00f3n<\/strong> Temperatura: -10 ~ 60 grados C&comma; Humedad relativa: 10 ~ 90 % (sin condensaci\u00f3n)<\/li>\n<li style='margin-bottom: 5px;'><strong>Temperatura en almacenamiento<\/strong> Temperatura: -10 ~ 70 grados C&comma; Humedad relativa: 5 ~ 90 % (sin condensaci\u00f3n)<\/li>\n<\/ul><\/div>\n<\/p><\/div>\n<\/p><\/div>\n<p> <!-- Separador --> <\/p>\n<hr style='border: 0; border-top: 1px solid rgba(150&comma; 150&comma; 150&comma; 0.3); margin: 30px 0;'> <\/div>\n","protected":false},"excerpt":{"rendered":"<p>Switch No Administrable 24 Puertos PoE 10\/100 802.3af\/at, 2 Combo TP\/SFP Gigabit y Pantalla LCD para Monitoreo y Configuraci\u00f3n B\u00e1sica de PoE, Hasta 300 Watts<\/p>\n","protected":false},"featured_media":119079,"comment_status":"open","ping_status":"closed","template":"","meta":[],"product_brand":[],"product_cat":[1986],"product_tag":[664,2033,1987],"class_list":{"0":"post-119080","1":"product","2":"type-product","3":"status-publish","4":"has-post-thumbnail","6":"product_cat-switches-poe","7":"product_tag-networking","8":"product_tag-planet","9":"product_tag-switches-poe","11":"first","12":"instock","13":"sale","14":"shipping-taxable","15":"purchasable","16":"product-type-simple"},"_links":{"self":[{"href":"https:\/\/soydeaqui.ddns.net\/pachuca\/index.php\/wp-json\/wp\/v2\/product\/119080","targetHints":{"allow":["GET"]}}],"collection":[{"href":"https:\/\/soydeaqui.ddns.net\/pachuca\/index.php\/wp-json\/wp\/v2\/product"}],"about":[{"href":"https:\/\/soydeaqui.ddns.net\/pachuca\/index.php\/wp-json\/wp\/v2\/types\/product"}],"replies":[{"embeddable":true,"href":"https:\/\/soydeaqui.ddns.net\/pachuca\/index.php\/wp-json\/wp\/v2\/comments?post=119080"}],"wp:featuredmedia":[{"embeddable":true,"href":"https:\/\/soydeaqui.ddns.net\/pachuca\/index.php\/wp-json\/wp\/v2\/media\/119079"}],"wp:attachment":[{"href":"https:\/\/soydeaqui.ddns.net\/pachuca\/index.php\/wp-json\/wp\/v2\/media?parent=119080"}],"wp:term":[{"taxonomy":"product_brand","embeddable":true,"href":"https:\/\/soydeaqui.ddns.net\/pachuca\/index.php\/wp-json\/wp\/v2\/product_brand?post=119080"},{"taxonomy":"product_cat","embeddable":true,"href":"https:\/\/soydeaqui.ddns.net\/pachuca\/index.php\/wp-json\/wp\/v2\/product_cat?post=119080"},{"taxonomy":"product_tag","embeddable":true,"href":"https:\/\/soydeaqui.ddns.net\/pachuca\/index.php\/wp-json\/wp\/v2\/product_tag?post=119080"}],"curies":[{"name":"wp","href":"https:\/\/api.w.org\/{rel}","templated":true}]}}