{"id":119021,"date":"2026-03-24T04:43:47","date_gmt":"2026-03-24T04:43:47","guid":{"rendered":"https:\/\/soydeaqui.ddns.net\/pachuca\/index.php\/producto\/camara-ip-mini-domo-antivandalico-2mp-lente-fijo-4mm-ir-15m-para-exterior\/"},"modified":"2026-03-24T04:43:49","modified_gmt":"2026-03-24T04:43:49","slug":"camara-ip-mini-domo-antivandalico-2mp-lente-fijo-4mm-ir-15m-para-exterior","status":"publish","type":"product","link":"https:\/\/soydeaqui.ddns.net\/pachuca\/index.php\/producto\/camara-ip-mini-domo-antivandalico-2mp-lente-fijo-4mm-ir-15m-para-exterior\/","title":{"rendered":"C\u00e1mara IP Mini Domo Antivand\u00e1lico 2MP Lente Fijo 4mm, IR 15m, para Exterior"},"content":{"rendered":"<div style='width: 100%; max-width: 1200px; margin: 0 auto; font-family: sans-serif; line-height: 1.6; color: inherit; background-color: transparent;'> <!-- Im\u00e1genes de banners --> <\/p>\n<div style='width: 100%; margin-bottom: 20px;'> <img style='width: 100%; height: auto; border: 1px solid rgba(150&comma;150&comma;150&comma;0.3); border-radius: 8px;' src='https:\/\/ftp3.syscom.mx\/usuarios\/fotos\/DCT4831HRXA\/196150-baner-proyectos.jpg' alt=''> <\/div>\n<div style='display: flex; flex-wrap: wrap; gap: 20px; margin-bottom: 30px;'>\n<div style='flex: 1 1 400px; min-width: 300px;'> <img style='width: 100%; height: auto; border: 1px solid rgba(150&comma;150&comma;150&comma;0.3); border-radius: 8px;' src='https:\/\/ftp3.syscom.mx\/usuarios\/adelatorre\/FTP\/IDIS\/IDIS-Home-Page-Banner.png' alt=''> <\/div>\n<div style='flex: 1 1 400px; min-width: 300px;'> <img style='width: 100%; height: auto; border: 1px solid rgba(150&comma;150&comma;150&comma;0.3); border-radius: 8px;' src='https:\/\/ftp3.syscom.mx\/usuarios\/adelatorre\/FTP\/IDIS\/IDIS-Intersec-2015.jpg' alt=''> <\/div>\n<\/p><\/div>\n<p> <!-- Secci\u00f3n de caracter\u00edsticas --> <\/p>\n<div style='display: flex; flex-wrap: wrap; gap: 30px; margin-bottom: 30px;'>\n<div style='flex: 1 1 300px; min-width: 280px;'>\n<h3 style='font-size: 22px; border-bottom: 2px solid currentColor; padding-bottom: 5px; margin-top: 0; color: inherit; opacity: 0.8;'>Caracter\u00edsticas<\/h3>\n<ul style='padding-left: 20px; font-size: 15px; color: inherit;'>\n<li style='margin-bottom: 5px;'>Resoluci\u00f3n: 2MP (1920 x 1080p)&comma; aspecto 16:9.<\/li>\n<li style='margin-bottom: 5px;'>Iluminaci\u00f3n m\u00ednima: 0.5 lux color&comma; 0 lux con IR.<\/li>\n<li style='margin-bottom: 5px;'>CMOS \u00bd.9\u201d Scan progresivo<\/li>\n<li style='margin-bottom: 5px;'>Instalaci\u00f3n plug-and-play con NVR Direct IP (configuraci\u00f3n Zero).<\/li>\n<li style='margin-bottom: 5px;'>Infrarrojos: 2 LEDs&comma; d\u00eda\/noche real ICR (Distancia hasta 15 m).<\/li>\n<li style='margin-bottom: 5px;'>Lente: Fijo 4 mm&comma; F2.0.<\/li>\n<li style='margin-bottom: 5px;'>Alimentaci\u00f3n: 12 Vcc&comma; PoE (802.3 af)&comma; 3.96 W.<\/li>\n<li style='margin-bottom: 5px;'>Dimensiones: 155 x 75.8 mm.<\/li>\n<li style='margin-bottom: 5px;'>Peso: 0.7 Kg.<\/li>\n<\/ul><\/div>\n<div style='flex: 1 1 300px; min-width: 280px;'>\n<h3 style='font-size: 22px; border-bottom: 2px solid currentColor; padding-bottom: 5px; margin-top: 0; color: inherit; opacity: 0.8;'>Caracter\u00edsticas generales<\/h3>\n<ul style='padding-left: 20px; font-size: 15px; color: inherit;'>\n<li style='margin-bottom: 5px;'>Salida de video auxiliar en BNC (Requiere accesorio).<\/li>\n<li style='margin-bottom: 5px;'>Norma IP66 para intemperie.<\/li>\n<li style='margin-bottom: 5px;'>Funciones: dWDR (75dB)&comma; 2 DNR&comma; AE&comma; AWB&comma; HSBLC&comma; antiflicker&comma; slow shutter&comma; m\u00e1scara de privacidad.<\/li>\n<li style='margin-bottom: 5px;'>Acepta memoria microSD de 32GB (no incluida) en protocolo IDIS.<\/li>\n<li style='margin-bottom: 5px;'>Temperatura de operaci\u00f3n: -10\u00b0C a 50 \u00baC.<\/li>\n<\/ul><\/div>\n<div style='flex: 1 1 300px; min-width: 280px;'>\n<h3 style='font-size: 22px; border-bottom: 2px solid currentColor; padding-bottom: 5px; margin-top: 0; color: inherit; opacity: 0.8;'>Caracter\u00edsticas de red<\/h3>\n<ul style='padding-left: 20px; font-size: 15px; color: inherit;'>\n<li style='margin-bottom: 5px;'>Compresi\u00f3n de video: H.264 (MP)&comma; M-JPEG.<\/li>\n<li style='margin-bottom: 5px;'>Compatible con el servicio FEN Service.<\/li>\n<li style='margin-bottom: 5px;'>MAT: transmisi\u00f3n adaptada al movimiento (Protocolo IDIS). Aumenta almacenamiento y mejora la transmisi\u00f3n de video.<\/li>\n<li style='margin-bottom: 5px;'>Control de bitrate H.264-CBR \/ VBR (12Mbps).<\/li>\n<li style='margin-bottom: 5px;'>Velocidad de transferencia: 30ips@2MP + 30ips@4CIF.<\/li>\n<li style='margin-bottom: 5px;'>Protocolos de autoconexi\u00f3n IP Direct IP&comma; ONVIF perfil S y IDIS.<\/li>\n<li style='margin-bottom: 5px;'>Cu\u00e1druple stream (Direct IP)&comma; triple stream (ONVIF).<\/li>\n<li style='margin-bottom: 5px;'>Configuraci\u00f3n cero (Direct IP).<\/li>\n<li style='margin-bottom: 5px;'>Protocolos: RTP\/RTSP\/TCP\/HTTP\/HTTPS\/UDP\/FTP\/SNMP\/SMTP\/FEN\/mDNS\/uPNP.<\/li>\n<li style='margin-bottom: 5px;'>Encripci\u00f3n SSL (Direct IP)&comma; filtrado IP (ONVIF).<\/li>\n<li style='margin-bottom: 5px;'>Acceso remoto por conexi\u00f3n a NVR Direct IP&comma; IDIS Web&comma; IDIS Mobile&comma; IDIS Center IDIS Solution Suite (ISS).<\/li>\n<li style='margin-bottom: 5px;'>Acepta 10 usuarios remotos.<\/li>\n<li style='margin-bottom: 5px;'>Compatible con equipos m\u00f3viles IDIS Mobile (iOS y Android).<\/li>\n<li style='margin-bottom: 5px;'>Salida ethernet 10\/100Base-T.<\/li>\n<\/ul><\/div>\n<div style='flex: 1 1 300px; min-width: 280px;'>\n<h3 style='font-size: 22px; border-bottom: 2px solid currentColor; padding-bottom: 5px; margin-top: 0; color: inherit; opacity: 0.8;'>Eventos y notificaciones<\/h3>\n<ul style='padding-left: 20px; font-size: 15px; color: inherit;'>\n<li style='margin-bottom: 5px;'>Activaci\u00f3n de evento por detecci\u00f3n: movimiento&comma; videoan\u00e1lisis (tampering y tripzone).<\/li>\n<li style='margin-bottom: 5px;'>Hasta 60MB de bit\u00e1cora de eventos.<\/li>\n<li style='margin-bottom: 5px;'>Notificaciones v\u00eda software remoto y por e-mail (con imagen).<\/li>\n<\/ul>\n<p style='margin-top: 20px;'><strong>&#8211;Modelo sustituto: DCD3212RX (Solo interior)&#8212;<\/strong><\/p>\n<\/p><\/div>\n<\/p><\/div>\n<p> <!-- Video de YouTube --> <\/p>\n<div style='position: relative; padding-bottom: 56.25%; height: 0; overflow: hidden; margin-bottom: 30px;'>   <\/div>\n<\/p><\/div>\n","protected":false},"excerpt":{"rendered":"<p>C\u00e1mara IP Mini Domo Antivand\u00e1lico 2MP Lente Fijo 4mm, IR 15m, para Exterior<\/p>\n","protected":false},"featured_media":119020,"comment_status":"open","ping_status":"closed","template":"","meta":[],"product_brand":[],"product_cat":[2056],"product_tag":[122,2057,2276],"class_list":{"0":"post-119021","1":"product","2":"type-product","3":"status-publish","4":"has-post-thumbnail","6":"product_cat-domo-eyeball-turret","7":"product_tag-camaras-ip-y-nvrs","8":"product_tag-domo-eyeball-turret","9":"product_tag-idis","11":"first","12":"outofstock","13":"sale","14":"shipping-taxable","15":"purchasable","16":"product-type-simple"},"_links":{"self":[{"href":"https:\/\/soydeaqui.ddns.net\/pachuca\/index.php\/wp-json\/wp\/v2\/product\/119021","targetHints":{"allow":["GET"]}}],"collection":[{"href":"https:\/\/soydeaqui.ddns.net\/pachuca\/index.php\/wp-json\/wp\/v2\/product"}],"about":[{"href":"https:\/\/soydeaqui.ddns.net\/pachuca\/index.php\/wp-json\/wp\/v2\/types\/product"}],"replies":[{"embeddable":true,"href":"https:\/\/soydeaqui.ddns.net\/pachuca\/index.php\/wp-json\/wp\/v2\/comments?post=119021"}],"wp:featuredmedia":[{"embeddable":true,"href":"https:\/\/soydeaqui.ddns.net\/pachuca\/index.php\/wp-json\/wp\/v2\/media\/119020"}],"wp:attachment":[{"href":"https:\/\/soydeaqui.ddns.net\/pachuca\/index.php\/wp-json\/wp\/v2\/media?parent=119021"}],"wp:term":[{"taxonomy":"product_brand","embeddable":true,"href":"https:\/\/soydeaqui.ddns.net\/pachuca\/index.php\/wp-json\/wp\/v2\/product_brand?post=119021"},{"taxonomy":"product_cat","embeddable":true,"href":"https:\/\/soydeaqui.ddns.net\/pachuca\/index.php\/wp-json\/wp\/v2\/product_cat?post=119021"},{"taxonomy":"product_tag","embeddable":true,"href":"https:\/\/soydeaqui.ddns.net\/pachuca\/index.php\/wp-json\/wp\/v2\/product_tag?post=119021"}],"curies":[{"name":"wp","href":"https:\/\/api.w.org\/{rel}","templated":true}]}}