{"id":119019,"date":"2026-03-24T04:43:41","date_gmt":"2026-03-24T04:43:41","guid":{"rendered":"https:\/\/soydeaqui.ddns.net\/pachuca\/index.php\/producto\/switch-poe-802-3af-at-distancia-250-m-4-puertos-1-puerto-10-100-de-uplink\/"},"modified":"2026-03-24T04:43:44","modified_gmt":"2026-03-24T04:43:44","slug":"switch-poe-802-3af-at-distancia-250-m-4-puertos-1-puerto-10-100-de-uplink","status":"publish","type":"product","link":"https:\/\/soydeaqui.ddns.net\/pachuca\/index.php\/producto\/switch-poe-802-3af-at-distancia-250-m-4-puertos-1-puerto-10-100-de-uplink\/","title":{"rendered":"Switch PoE+ 802.3af\/at Distancia 250 m, 4 Puertos, 1 Puerto 10\/100 de Uplink"},"content":{"rendered":"<div style='width: 100%; max-width: 1200px; margin: 0 auto; font-family: sans-serif; line-height: 1.6; color: inherit; background-color: transparent;'>\n<div style='display: flex; flex-wrap: wrap; gap: 30px; margin-bottom: 30px;'>\n<div style='flex: 1 1 300px; min-width: 280px;'>\n<h3 style='font-size: 22px; border-bottom: 2px solid currentColor; padding-bottom: 5px; margin-top: 0; color: inherit; opacity: 0.8;'>Puertos<\/h3>\n<ul style='padding-left: 20px; font-size: 15px; color: inherit;'>\n<li style='margin-bottom: 5px;'>4 Puertos 10\/100BASE-TX RJ45 con PoE y funcion extend.<\/li>\n<li style='margin-bottom: 5px;'>1 Puerto 10\/100BASE-TX RJ45 para UpLink.<\/li>\n<\/ul><\/div>\n<div style='flex: 1 1 300px; min-width: 280px;'>\n<h3 style='font-size: 22px; border-bottom: 2px solid currentColor; padding-bottom: 5px; margin-top: 0; color: inherit; opacity: 0.8;'>PoE<\/h3>\n<ul style='padding-left: 20px; font-size: 15px; color: inherit;'>\n<li style='margin-bottom: 5px;'>Alimenta dispositivos PoE 802.3af y PoE+ 802.3at hasta 250 m en modo Extend.<\/li>\n<li style='margin-bottom: 5px; color: #e67e22;'><em><strong>**En Modo Extend el switch negocia a 10Mbps en los puertos PoE.<\/strong><\/em><\/li>\n<li style='margin-bottom: 5px;'>Potencia total: 60W.<\/li>\n<\/ul><\/div>\n<div style='flex: 1 1 300px; min-width: 280px;'>\n<h3 style='font-size: 22px; border-bottom: 2px solid currentColor; padding-bottom: 5px; margin-top: 0; color: inherit; opacity: 0.8;'>Funciones Modo Extend<\/h3>\n<ul style='padding-left: 20px; font-size: 15px; color: inherit;'>\n<li style='margin-bottom: 5px;'>Switch para activar Modo Extend que permite alimentar dispositivos PoE hasta 250 m Datos + Alimentaci\u00f3n.<\/li>\n<\/ul><\/div>\n<div style='flex: 1 1 300px; min-width: 280px;'>\n<h3 style='font-size: 22px; border-bottom: 2px solid currentColor; padding-bottom: 5px; margin-top: 0; color: inherit; opacity: 0.8;'>Caracter\u00edsticas f\u00edsicas y el\u00e9ctricas<\/h3>\n<ul style='padding-left: 20px; font-size: 15px; color: inherit;'>\n<li style='margin-bottom: 5px;'>Alimentaci\u00f3n: 51Vcc @ 63W (Incluido).<\/li>\n<li style='margin-bottom: 5px;'>Protecci\u00f3n: Protecci\u00f3n contra descargas de +-4KV.<\/li>\n<li style='margin-bottom: 5px;'>Temperatura de operaci\u00f3n: 0 ~ 50 \u00bac<\/li>\n<li style='margin-bottom: 5px;'>Dimensiones: 100 x 100 x 26 mm.<\/li>\n<li style='margin-bottom: 5px;'>Peso: 257 g.<\/li>\n<\/ul><\/div>\n<\/p><\/div>\n<div style='display: flex; flex-wrap: wrap; gap: 20px; justify-content: center; margin-bottom: 30px;'>\n<div style='flex: 1 1 300px; max-width: 600px;'> <img style='width: 100%; height: auto; border: 1px solid rgba(150&comma;150&comma;150&comma;0.3); border-radius: 8px;' src='http:\/\/ftp3.syscom.mx\/usuarios\/fotos\/FSD504HP\/85876-fsd-504hpv2-9_l.png' alt=''> <\/div>\n<div style='flex: 1 1 300px; max-width: 600px;'> <img style='width: 100%; height: auto; border: 1px solid rgba(150&comma;150&comma;150&comma;0.3); border-radius: 8px;' src='http:\/\/ftp3.syscom.mx\/usuarios\/fotos\/FSD504HP\/FSD504HP-A.png' alt=''> <\/div>\n<\/p><\/div>\n<hr style='border: 0; border-top: 1px solid rgba(150&comma; 150&comma; 150&comma; 0.3); margin: 30px 0;'> <\/div>\n","protected":false},"excerpt":{"rendered":"<p>Switch PoE+ 802.3af\/at Distancia 250 m, 4 Puertos, 1 Puerto 10\/100 de Uplink<\/p>\n","protected":false},"featured_media":119018,"comment_status":"open","ping_status":"closed","template":"","meta":[],"product_brand":[],"product_cat":[1986],"product_tag":[664,2033,1987],"class_list":{"0":"post-119019","1":"product","2":"type-product","3":"status-publish","4":"has-post-thumbnail","6":"product_cat-switches-poe","7":"product_tag-networking","8":"product_tag-planet","9":"product_tag-switches-poe","11":"first","12":"outofstock","13":"sale","14":"shipping-taxable","15":"purchasable","16":"product-type-simple"},"_links":{"self":[{"href":"https:\/\/soydeaqui.ddns.net\/pachuca\/index.php\/wp-json\/wp\/v2\/product\/119019","targetHints":{"allow":["GET"]}}],"collection":[{"href":"https:\/\/soydeaqui.ddns.net\/pachuca\/index.php\/wp-json\/wp\/v2\/product"}],"about":[{"href":"https:\/\/soydeaqui.ddns.net\/pachuca\/index.php\/wp-json\/wp\/v2\/types\/product"}],"replies":[{"embeddable":true,"href":"https:\/\/soydeaqui.ddns.net\/pachuca\/index.php\/wp-json\/wp\/v2\/comments?post=119019"}],"wp:featuredmedia":[{"embeddable":true,"href":"https:\/\/soydeaqui.ddns.net\/pachuca\/index.php\/wp-json\/wp\/v2\/media\/119018"}],"wp:attachment":[{"href":"https:\/\/soydeaqui.ddns.net\/pachuca\/index.php\/wp-json\/wp\/v2\/media?parent=119019"}],"wp:term":[{"taxonomy":"product_brand","embeddable":true,"href":"https:\/\/soydeaqui.ddns.net\/pachuca\/index.php\/wp-json\/wp\/v2\/product_brand?post=119019"},{"taxonomy":"product_cat","embeddable":true,"href":"https:\/\/soydeaqui.ddns.net\/pachuca\/index.php\/wp-json\/wp\/v2\/product_cat?post=119019"},{"taxonomy":"product_tag","embeddable":true,"href":"https:\/\/soydeaqui.ddns.net\/pachuca\/index.php\/wp-json\/wp\/v2\/product_tag?post=119019"}],"curies":[{"name":"wp","href":"https:\/\/api.w.org\/{rel}","templated":true}]}}