{"id":119010,"date":"2026-03-24T04:43:12","date_gmt":"2026-03-24T04:43:12","guid":{"rendered":"https:\/\/soydeaqui.ddns.net\/pachuca\/index.php\/producto\/tarjeta-de-administracion-remota-para-ups-cyberpower-modelos-ol-de-6-a-10-kva\/"},"modified":"2026-03-24T04:43:14","modified_gmt":"2026-03-24T04:43:14","slug":"tarjeta-de-administracion-remota-para-ups-cyberpower-modelos-ol-de-6-a-10-kva","status":"publish","type":"product","link":"https:\/\/soydeaqui.ddns.net\/pachuca\/index.php\/producto\/tarjeta-de-administracion-remota-para-ups-cyberpower-modelos-ol-de-6-a-10-kva\/","title":{"rendered":"Tarjeta de Administraci\u00f3n Remota, para UPS CyberPower Modelos OL de 6 a 10 kVA"},"content":{"rendered":"<div style='width: 100%; max-width: 1200px; margin: 0 auto; font-family: sans-serif; line-height: 1.6; color: inherit; background-color: transparent;'> <!-- Secci\u00f3n de contenido con flex\/grid --> <\/p>\n<div style='display: flex; flex-wrap: wrap; gap: 30px; margin-bottom: 30px;'>\n<div style='flex: 1 1 300px; min-width: 280px;'> <img style='width: 100%; height: auto; border: 1px solid rgba(150&comma;150&comma;150&comma;0.3); border-radius: 8px;' src='https:\/\/ftp3.syscom.mx\/usuarios\/fotos\/logotipos\/cyberpower.png' alt=''> <\/p>\n<p style='font-size: 15px; color: inherit; margin-top: 15px;'>CyberPower RMCARD305 es un complemento de administraci\u00f3n opcional para el UPS serie CyberPower espec\u00edfico. Al insertar la tarjeta en la ranura de red SNMP \/ HTTP del UPS&comma; los usuarios pueden monitorear y controlar de forma remota los dispositivos en un back office&comma; sala de servidores o centro de datos mediante navegadores web est\u00e1ndar&comma; sistema de gesti\u00f3n de red (NMS) o interfaz de l\u00ednea de comandos (SSH y Telnet) en su red. Tambi\u00e9n pueden realizar tareas de gesti\u00f3n&comma; incluidos paros programadas&comma; arranques y reinicios.<\/p>\n<p style='font-size: 15px; color: inherit;'>Cuando ocurre un problema de energ\u00eda&comma; los administradores ser\u00e1n notificados inmediatamente por correo electr\u00f3nico&comma; traps de SNMP y SMS. Al utilizar el software de apagado autom\u00e1tico&comma; los servidores y las estaciones de trabajo permanecer\u00e1n protegidos contra la p\u00e9rdida de datos debido a un corte de energ\u00eda. El registro de eventos registra el historial operacional del UPS. Con su capacidad de intercambio en caliente&comma; el sistema puede permanecer encendido para el equipo conectado cuando el personal de servicio realice instalaci\u00f3n o reemplazo en sitio. Con su interfaz multi lenguaje&comma; los usuarios pueden elegir su idioma preferido para una administraci\u00f3n sencilla.<\/p>\n<\/p><\/div>\n<\/p><\/div>\n<p> <!-- Secci\u00f3n de caracter\u00edsticas --> <\/p>\n<div style='display: flex; flex-wrap: wrap; gap: 30px; margin-bottom: 30px;'>\n<div style='flex: 1 1 300px; min-width: 280px;'>\n<h3 style='font-size: 22px; border-bottom: 2px solid currentColor; padding-bottom: 5px; margin-top: 0; color: inherit; opacity: 0.8;'>Caracter\u00edsticas<\/h3>\n<ul style='padding-left: 20px; font-size: 15px; color: inherit;'>\n<li style='margin-bottom: 5px;'>Programaci\u00f3n remota del funcionamiento del UPS<\/li>\n<li style='margin-bottom: 5px;'>Notificaci\u00f3n de Eventos Autom\u00e1tica<\/li>\n<li style='margin-bottom: 5px;'>Actualizaci\u00f3n del Software por el Usuario via FTP<\/li>\n<li style='margin-bottom: 5px;'>TCP\/IP&comma; UDP&comma; SNMP\/HTTP&comma; NTP y SMTP<\/li>\n<li style='margin-bottom: 5px;'>Auto Apagado<\/li>\n<li style='margin-bottom: 5px;'>Configuraci\u00f3n de acciones de eventos flexible<\/li>\n<li style='margin-bottom: 5px;'>Notificaciones de Alerta M\u00faltiples<\/li>\n<li style='margin-bottom: 5px;'>Compatible con Ethernet 10Mbps o 10\/100Mbps<\/li>\n<li style='margin-bottom: 5px;'>Registro de Eventos<\/li>\n<li style='margin-bottom: 5px;'>Instalaci\u00f3n R\u00e1pida<\/li>\n<li style='margin-bottom: 5px;'>Interfaz de Software Amigable<\/li>\n<li style='margin-bottom: 5px;'>Compatible con ENVIROSENSOR<\/li>\n<\/ul><\/div>\n<\/p><\/div>\n<p> <!-- Secci\u00f3n de video --> <\/p>\n<div style='display: flex; flex-wrap: wrap; gap: 30px; margin-bottom: 30px;'>\n<div style='flex: 1 1 300px; min-width: 280px;'>\n<div style='position: relative; padding-bottom: 56.25%; height: 0; overflow: hidden; margin-bottom: 30px;'>   <\/div>\n<\/p><\/div>\n<\/p><\/div>\n<p> <!-- Separador --> <\/p>\n<hr style='border: 0; border-top: 1px solid rgba(150&comma; 150&comma; 150&comma; 0.3); margin: 30px 0;'> <\/div>\n","protected":false},"excerpt":{"rendered":"<p>Tarjeta de Administraci\u00f3n Remota, para UPS CyberPower Modelos OL de 6 a 10 kVA<\/p>\n","protected":false},"featured_media":119009,"comment_status":"open","ping_status":"closed","template":"","meta":[],"product_brand":[],"product_cat":[1231],"product_tag":[677,142,1232],"class_list":{"0":"post-119010","1":"product","2":"type-product","3":"status-publish","4":"has-post-thumbnail","6":"product_cat-ups-no-break-energia-videovigilancia","7":"product_tag-cyberpower","8":"product_tag-energia","9":"product_tag-ups-no-break-2","11":"first","12":"outofstock","13":"sale","14":"shipping-taxable","15":"purchasable","16":"product-type-simple"},"_links":{"self":[{"href":"https:\/\/soydeaqui.ddns.net\/pachuca\/index.php\/wp-json\/wp\/v2\/product\/119010","targetHints":{"allow":["GET"]}}],"collection":[{"href":"https:\/\/soydeaqui.ddns.net\/pachuca\/index.php\/wp-json\/wp\/v2\/product"}],"about":[{"href":"https:\/\/soydeaqui.ddns.net\/pachuca\/index.php\/wp-json\/wp\/v2\/types\/product"}],"replies":[{"embeddable":true,"href":"https:\/\/soydeaqui.ddns.net\/pachuca\/index.php\/wp-json\/wp\/v2\/comments?post=119010"}],"wp:featuredmedia":[{"embeddable":true,"href":"https:\/\/soydeaqui.ddns.net\/pachuca\/index.php\/wp-json\/wp\/v2\/media\/119009"}],"wp:attachment":[{"href":"https:\/\/soydeaqui.ddns.net\/pachuca\/index.php\/wp-json\/wp\/v2\/media?parent=119010"}],"wp:term":[{"taxonomy":"product_brand","embeddable":true,"href":"https:\/\/soydeaqui.ddns.net\/pachuca\/index.php\/wp-json\/wp\/v2\/product_brand?post=119010"},{"taxonomy":"product_cat","embeddable":true,"href":"https:\/\/soydeaqui.ddns.net\/pachuca\/index.php\/wp-json\/wp\/v2\/product_cat?post=119010"},{"taxonomy":"product_tag","embeddable":true,"href":"https:\/\/soydeaqui.ddns.net\/pachuca\/index.php\/wp-json\/wp\/v2\/product_tag?post=119010"}],"curies":[{"name":"wp","href":"https:\/\/api.w.org\/{rel}","templated":true}]}}