{"id":11901,"date":"2026-03-18T07:56:24","date_gmt":"2026-03-18T07:56:24","guid":{"rendered":"https:\/\/soydeaqui.ddns.net\/pachuca\/index.php\/producto\/caja-estanca-de-pvc-para-derivacion-y-conexion-12-entradas-tapa-atornillada-380x300x120-mm-area-interna-uso-exterior-ip55-material-que-no-propaga-el-fuego-y-libre-de-halogenos\/"},"modified":"2026-03-18T07:56:28","modified_gmt":"2026-03-18T07:56:28","slug":"caja-estanca-de-pvc-para-derivacion-y-conexion-12-entradas-tapa-atornillada-380x300x120-mm-area-interna-uso-exterior-ip55-material-que-no-propaga-el-fuego-y-libre-de-halogenos","status":"publish","type":"product","link":"https:\/\/soydeaqui.ddns.net\/pachuca\/index.php\/producto\/caja-estanca-de-pvc-para-derivacion-y-conexion-12-entradas-tapa-atornillada-380x300x120-mm-area-interna-uso-exterior-ip55-material-que-no-propaga-el-fuego-y-libre-de-halogenos\/","title":{"rendered":"Caja Estanca de PVC Para Derivaci\u00f3n y Conexi\u00f3n, 12 Entradas, Tapa Atornillada, 380x300x120 mm (\u00c1rea interna), Uso Exterior IP55, Material que no Propaga el Fuego y Libre de H\u00e1logenos"},"content":{"rendered":"<div style='width: 100%; max-width: 1200px; margin: 0 auto; font-family: sans-serif; line-height: 1.6; color: inherit; background-color: transparent;'> <!-- Secci\u00f3n de logo y caracter\u00edsticas --> <\/p>\n<div style='display: flex; flex-wrap: wrap; gap: 30px; margin-bottom: 30px;'>\n<div style='flex: 1 1 300px; min-width: 280px;'> <img style='width: 100%; height: auto; border: 1px solid rgba(150&comma;150&comma;150&comma;0.3); border-radius: 8px;' src='http:\/\/ftp3.syscom.mx\/usuarios\/acordova\/Charofil\/gewiss-logo.jpg' alt='Logo GEWISS'> <\/div>\n<div style='flex: 2 1 500px; min-width: 300px;'>\n<h3 style='font-size: 22px; border-bottom: 2px solid currentColor; padding-bottom: 5px; margin-top: 0; color: inherit; opacity: 0.8;'>Caracter\u00edsticas Generales<\/h3>\n<ul style='padding-left: 20px; font-size: 15px; color: inherit;'>\n<li>Caja de PVC auto-extinguible libre de hal\u00f3genos<\/li>\n<li>Dimensiones internas 380 x 300 x 120 mm (Ancho x Alto x Profundidad)<\/li>\n<li>N\u00famero de entradas: 12<\/li>\n<li>Temperatura de operaci\u00f3n: -24 a 60\u00b0C<\/li>\n<li>Grado de protecci\u00f3n: IP55<\/li>\n<li>Resistencia de impacto IK08<\/li>\n<\/ul><\/div>\n<\/p><\/div>\n<p> <!-- Secci\u00f3n de aplicaciones --> <\/p>\n<div style='display: flex; flex-wrap: wrap; gap: 30px; margin-bottom: 30px;'>\n<div style='flex: 1 1 300px; min-width: 280px;'>\n<h3 style='font-size: 22px; border-bottom: 2px solid currentColor; padding-bottom: 5px; margin-top: 0; color: inherit; opacity: 0.8;'>Aplicaciones<\/h3>\n<ul style='padding-left: 20px; font-size: 15px; color: inherit;'>\n<li>Energ\u00eda solar<\/li>\n<li>Instalaciones el\u00e9ctricas<\/li>\n<li>Instalaciones de telecomunicaciones (V\u00eddeo&comma; voz&comma; datos).<\/li>\n<li>Instalaciones de seguridad y control (Automatizaci\u00f3n&comma; alarmas)<\/li>\n<li>Usos industriales<\/li>\n<\/ul><\/div>\n<\/p><\/div>\n<p> <!-- Secci\u00f3n de caracter\u00edstica adicional --> <\/p>\n<div style='display: flex; flex-wrap: wrap; gap: 30px; margin-bottom: 30px;'>\n<div style='flex: 1 1 300px; min-width: 280px;'>\n<h3 style='font-size: 22px; border-bottom: 2px solid currentColor; padding-bottom: 5px; margin-top: 0; color: inherit; opacity: 0.8;'>Caracter\u00edstica Adicional<\/h3>\n<ul style='padding-left: 20px; font-size: 15px; color: inherit;'>\n<li>Acepta racores de hasta 40mm<\/li>\n<\/ul><\/div>\n<\/p><\/div>\n<p> <!-- Separador --> <\/p>\n<hr style='border: 0; border-top: 1px solid rgba(150&comma; 150&comma; 150&comma; 0.3); margin: 30px 0;'> <\/div>\n","protected":false},"excerpt":{"rendered":"<p>Caja Estanca de PVC Para Derivaci\u00f3n y Conexi\u00f3n, 12 Entradas, Tapa Atornillada, 380x300x120 mm (\u00c1rea interna), Uso Exterior IP55, Material que no Propaga el Fuego y Libre de H\u00e1logenos<\/p>\n","protected":false},"featured_media":11900,"comment_status":"open","ping_status":"closed","template":"","meta":[],"product_brand":[],"product_cat":[688],"product_tag":[417,689,687],"class_list":{"0":"post-11901","1":"product","2":"type-product","3":"status-publish","4":"has-post-thumbnail","6":"product_cat-cajas-de-interconexion","7":"product_tag-accesorios-generales","8":"product_tag-cajas-de-interconexion","9":"product_tag-gewiss","11":"first","12":"instock","13":"sale","14":"shipping-taxable","15":"purchasable","16":"product-type-simple"},"_links":{"self":[{"href":"https:\/\/soydeaqui.ddns.net\/pachuca\/index.php\/wp-json\/wp\/v2\/product\/11901","targetHints":{"allow":["GET"]}}],"collection":[{"href":"https:\/\/soydeaqui.ddns.net\/pachuca\/index.php\/wp-json\/wp\/v2\/product"}],"about":[{"href":"https:\/\/soydeaqui.ddns.net\/pachuca\/index.php\/wp-json\/wp\/v2\/types\/product"}],"replies":[{"embeddable":true,"href":"https:\/\/soydeaqui.ddns.net\/pachuca\/index.php\/wp-json\/wp\/v2\/comments?post=11901"}],"wp:featuredmedia":[{"embeddable":true,"href":"https:\/\/soydeaqui.ddns.net\/pachuca\/index.php\/wp-json\/wp\/v2\/media\/11900"}],"wp:attachment":[{"href":"https:\/\/soydeaqui.ddns.net\/pachuca\/index.php\/wp-json\/wp\/v2\/media?parent=11901"}],"wp:term":[{"taxonomy":"product_brand","embeddable":true,"href":"https:\/\/soydeaqui.ddns.net\/pachuca\/index.php\/wp-json\/wp\/v2\/product_brand?post=11901"},{"taxonomy":"product_cat","embeddable":true,"href":"https:\/\/soydeaqui.ddns.net\/pachuca\/index.php\/wp-json\/wp\/v2\/product_cat?post=11901"},{"taxonomy":"product_tag","embeddable":true,"href":"https:\/\/soydeaqui.ddns.net\/pachuca\/index.php\/wp-json\/wp\/v2\/product_tag?post=11901"}],"curies":[{"name":"wp","href":"https:\/\/api.w.org\/{rel}","templated":true}]}}