{"id":119007,"date":"2026-03-24T04:43:00","date_gmt":"2026-03-24T04:43:00","guid":{"rendered":"https:\/\/soydeaqui.ddns.net\/pachuca\/index.php\/producto\/dvr-2-megapixel-1080p-lite-8-canales-turbohd-2-canales-ip-1-bahia-de-disco-duro-h-264-1-canal-de-audio-salida-de-video-full-hd\/"},"modified":"2026-03-24T04:43:06","modified_gmt":"2026-03-24T04:43:06","slug":"dvr-2-megapixel-1080p-lite-8-canales-turbohd-2-canales-ip-1-bahia-de-disco-duro-h-264-1-canal-de-audio-salida-de-video-full-hd","status":"publish","type":"product","link":"https:\/\/soydeaqui.ddns.net\/pachuca\/index.php\/producto\/dvr-2-megapixel-1080p-lite-8-canales-turbohd-2-canales-ip-1-bahia-de-disco-duro-h-264-1-canal-de-audio-salida-de-video-full-hd\/","title":{"rendered":"DVR 2 Megapixel (1080P) lite \/ 8 Canales TURBOHD + 2 Canales IP \/ 1 Bah\u00eda de Disco Duro \/ H.264+ \/ 1 Canal de Audio \/ Salida de v\u00eddeo Full HD"},"content":{"rendered":"<div style='width: 100%; max-width: 1200px; margin: 0 auto; font-family: sans-serif; line-height: 1.6; color: inherit; background-color: transparent;'> <!-- Secci\u00f3n de contenido con flex\/grid --> <\/p>\n<div style='display: flex; flex-wrap: wrap; gap: 30px; margin-bottom: 30px;'>\n<div style='flex: 1 1 300px; min-width: 280px;'>\n<h3 style='font-size: 22px; border-bottom: 2px solid currentColor; padding-bottom: 5px; margin-top: 0; color: inherit; opacity: 0.8;'>Firmware y Actualizaciones<\/h3>\n<ul style='padding-left: 20px; font-size: 15px; color: inherit;'>\n<li style='margin-bottom: 5px;'>Firmware para actualizar a 1080P Lite<\/li>\n<li style='margin-bottom: 5px;'>Soporte 1080P Lite TurboHD HD-TVI y HD-CVI<\/li>\n<li style='margin-bottom: 5px;'>Firmware disponible en Descargas<\/li>\n<li style='margin-bottom: 5px;'>HD-TVI 1080P Lite permite c\u00e1maras 1080P con equipos 720P<\/li>\n<li style='margin-bottom: 5px;'>No compatible con c\u00e1mara B7TURBO<\/li>\n<\/ul><\/div>\n<div style='flex: 1 1 300px; min-width: 280px;'>\n<h3 style='font-size: 22px; border-bottom: 2px solid currentColor; padding-bottom: 5px; margin-top: 0; color: inherit; opacity: 0.8;'>Caracter\u00edsticas T\u00e9cnicas<\/h3>\n<ul style='padding-left: 20px; font-size: 15px; color: inherit;'>\n<li style='margin-bottom: 5px;'>Tecnolog\u00eda LEGEND TURBO HD ver. 3.0<\/li>\n<li style='margin-bottom: 5px;'>8 canales anal\u00f3gicos&comma; 2 canales IP<\/li>\n<li style='margin-bottom: 5px;'>Soporte HD-TVI&comma; Anal\u00f3gico&comma; HD-CVI&comma; AHD e IP<\/li>\n<li style='margin-bottom: 5px;'>Acceso remoto: PC (WINDOWS\/MAC)&comma; Smartphones (iPhone&comma; iPad&comma; Android)<\/li>\n<li style='margin-bottom: 5px;'>Compatibilidad con navegadores: Chrome (IE tab)&comma; Safari&comma; Internet Explorer<\/li>\n<li style='margin-bottom: 5px;'>Software cliente multi sitio hasta 64 canales (IVMS4200)<\/li>\n<li style='margin-bottom: 5px;'>Software cliente multi sitio mobile (IVMS4500)<\/li>\n<\/ul><\/div>\n<\/p><\/div>\n<p> <!-- Video --> <\/p>\n<div style='position: relative; padding-bottom: 56.25%; height: 0; overflow: hidden; margin-bottom: 30px;'>   <\/div>\n<p> <!-- Secci\u00f3n de especificaciones --> <\/p>\n<div style='display: flex; flex-wrap: wrap; gap: 20px; margin-bottom: 30px;'>\n<div style='flex: 1 1 250px; border: 1px solid rgba(150&comma; 150&comma; 150&comma; 0.4); border-radius: 8px; overflow: hidden; display: flex; flex-direction: column;'>\n<div style='padding: 15px; border-bottom: 1px solid rgba(150&comma; 150&comma; 150&comma; 0.2); font-weight: bold; font-size: 18px; color: inherit;'>Compresi\u00f3n y Resoluci\u00f3n<\/div>\n<div style='padding: 15px; color: inherit;'>\n<ul style='padding-left: 20px; margin: 0; font-size: 14px; list-style-type: disc;'>\n<li style='margin-bottom: 5px;'>H.264+&comma; H.264<\/li>\n<li style='margin-bottom: 5px;'>Resoluci\u00f3n m\u00e1xima de grabaci\u00f3n:\n<ul style='padding-left: 20px; margin: 0; font-size: 14px;'>\n<li style='margin-bottom: 5px;'>HD-TVI: 720p <a href='http:\/\/www.syscomblog.com\/2017\/01\/actualizacion-de-720p-1080p-en.html' style='color: inherit; text-decoration: underline;'>1080p Lite<\/a><\/li>\n<li style='margin-bottom: 5px;'>HD-CVI: 720P y 1080P<\/li>\n<li style='margin-bottom: 5px;'>ANALOGICO: 1200TVL<\/li>\n<li style='margin-bottom: 5px;'>AHD: 720P\/1080P<\/li>\n<li style='margin-bottom: 5px;'>IP: 1 Megapixel (2 canales)<\/li>\n<\/ul>\n<\/li>\n<li style='margin-bottom: 5px;'>Frame Rate: 1080P&comma; 720P&comma; WD1&comma; 4CIF&comma; VGA&comma; 2CIF&comma; CIF@30IPS<\/li>\n<li style='margin-bottom: 5px;'>Video Bit Rate: 32 Kbps &#8211; 4 Mbps<\/li>\n<li style='margin-bottom: 5px;'>Audio: G.711u<\/li>\n<li style='margin-bottom: 5px;'>Audio Bit Rate: 64Kbps<\/li>\n<\/ul><\/div>\n<\/p><\/div>\n<div style='flex: 1 1 250px; border: 1px solid rgba(150&comma; 150&comma; 150&comma; 0.4); border-radius: 8px; overflow: hidden; display: flex; flex-direction: column;'>\n<div style='padding: 15px; border-bottom: 1px solid rgba(150&comma; 150&comma; 150&comma; 0.2); font-weight: bold; font-size: 18px; color: inherit;'>Funciones<\/div>\n<div style='padding: 15px; color: inherit;'>\n<ul style='padding-left: 20px; margin: 0; font-size: 14px; list-style-type: disc;'>\n<li style='margin-bottom: 5px;'>Detecci\u00f3n de movimiento multi zona<\/li>\n<li style='margin-bottom: 5px;'>Zoom digital en visualizaci\u00f3n y grabaci\u00f3n<\/li>\n<li style='margin-bottom: 5px;'>Soporta m\u00faltiples tipos de grabaci\u00f3n<\/li>\n<li style='margin-bottom: 5px;'>B\u00fasqueda inteligente de grabaciones<\/li>\n<li style='margin-bottom: 5px;'>SDK y c\u00f3digos de demostraci\u00f3n para desarrollo<\/li>\n<\/ul><\/div>\n<\/p><\/div>\n<div style='flex: 1 1 250px; border: 1px solid rgba(150&comma; 150&comma; 150&comma; 0.4); border-radius: 8px; overflow: hidden; display: flex; flex-direction: column;'>\n<div style='padding: 15px; border-bottom: 1px solid rgba(150&comma; 150&comma; 150&comma; 0.2); font-weight: bold; font-size: 18px; color: inherit;'>Red<\/div>\n<div style='padding: 15px; color: inherit;'>\n<ul style='padding-left: 20px; margin: 0; font-size: 14px; list-style-type: disc;'>\n<li style='margin-bottom: 5px;'>Protocolos: TCP\/IP&comma; PPPoE&comma; DHCP&comma; DNS&comma; DDNS&comma; NTP&comma; SADP&comma; SMTP&comma; SNMP&comma; NFS&comma; iSCSI&comma; UPnP&comma; HTTP&comma; HTTPS<\/li>\n<li style='margin-bottom: 5px;'>Compatibilidad DDNS: EZVIZ CLOUD P2P&comma; IP SERVER&comma; DynDNS&comma; PeanutHull&comma; NO-IP&comma; HIDDNS<\/li>\n<li style='margin-bottom: 5px;'>Actualizaci\u00f3n remota de firmware<\/li>\n<li style='margin-bottom: 5px;'>Soporta Doble streaming<\/li>\n<\/ul><\/div>\n<\/p><\/div>\n<div style='flex: 1 1 250px; border: 1px solid rgba(150&comma; 150&comma; 150&comma; 0.4); border-radius: 8px; overflow: hidden; display: flex; flex-direction: column;'>\n<div style='padding: 15px; border-bottom: 1px solid rgba(150&comma; 150&comma; 150&comma; 0.2); font-weight: bold; font-size: 18px; color: inherit;'>Interfaces<\/div>\n<div style='padding: 15px; color: inherit;'>\n<ul style='padding-left: 20px; margin: 0; font-size: 14px; list-style-type: disc;'>\n<li style='margin-bottom: 5px;'>Entrada de video: 8 canales (BNC&comma; 1.0Vp-p&comma; 75\u03a9)<\/li>\n<li style='margin-bottom: 5px;'>Salida de video:\n<ul style='padding-left: 20px; margin: 0; font-size: 14px;'>\n<li style='margin-bottom: 5px;'>HDMI \/ VGA: 1920\u00d71080&comma; 1280\u00d71024&comma; 1280\u00d7720&comma; 1024\u00d7768<\/li>\n<\/ul>\n<\/li>\n<li style='margin-bottom: 5px;'>Entrada de audio: 1 canal (RCA&comma; 2.0 Vp-p&comma; 1K\u03a9)<\/li>\n<li style='margin-bottom: 5px;'>Salida de audio: 1 canal (RCA&comma; 1K\u03a9)<\/li>\n<li style='margin-bottom: 5px;'>Interfaz USB: 2 puertos 2.0<\/li>\n<li style='margin-bottom: 5px;'>Interfaz de red: 1 puerto (RJ-45 10\/100 Mbps)<\/li>\n<li style='margin-bottom: 5px;'>Capacidad de discos SATA: 1 HDD @ 6TB<\/li>\n<li style='margin-bottom: 5px;'>Alimentaci\u00f3n: 12Vcc (Conector Plug 3.5m)<\/li>\n<\/ul><\/div>\n<\/p><\/div>\n<div style='flex: 1 1 250px; border: 1px solid rgba(150&comma; 150&comma; 150&comma; 0.4); border-radius: 8px; overflow: hidden; display: flex; flex-direction: column;'>\n<div style='padding: 15px; border-bottom: 1px solid rgba(150&comma; 150&comma; 150&comma; 0.2); font-weight: bold; font-size: 18px; color: inherit;'>Especificaciones F\u00edsicas y El\u00e9ctricas<\/div>\n<div style='padding: 15px; color: inherit;'>\n<ul style='padding-left: 20px; margin: 0; font-size: 14px; list-style-type: disc;'>\n<li style='margin-bottom: 5px;'>Temperatura de operaci\u00f3n: -10 ~ 55\u00baC<\/li>\n<li style='margin-bottom: 5px;'>Alimentaci\u00f3n: 12Vcc<\/li>\n<li style='margin-bottom: 5px;'>Consumo el\u00e9ctrico m\u00e1ximo: 12W<\/li>\n<li style='margin-bottom: 5px;'>Dimensiones: 200 x 200 x 45mm<\/li>\n<li style='margin-bottom: 5px;'>Peso: 800g (sin discos duros)<\/li>\n<li style='margin-bottom: 5px;'>Garant\u00eda: 4 a\u00f1os<\/li>\n<li style='margin-bottom: 5px;'>No soporta canal cero<\/li>\n<\/ul><\/div>\n<\/p><\/div>\n<\/p><\/div>\n<p> <!-- Im\u00e1genes adicionales --> <\/p>\n<div style='display: flex; flex-wrap: wrap; gap: 20px; margin-bottom: 30px;'>\n<div style='flex: 1 1 300px; min-width: 280px;'> <img style='width: 100%; height: auto; border: 1px solid rgba(150&comma;150&comma;150&comma;0.3); border-radius: 8px;' src='http:\/\/ftp3.syscom.mx\/usuarios\/jdelafuente\/EPCOM\/TURBO%20HD\/100%253.png' alt=''> <\/div>\n<div style='flex: 1 1 300px; min-width: 280px;'> <img style='width: 100%; height: auto; border: 1px solid rgba(150&comma;150&comma;150&comma;0.3); border-radius: 8px;' src='https:\/\/ftp3.syscom.mx\/usuarios\/nicolas.jimenez\/Hikvision\/Banners\/epcom-720p.jpg' alt=''> <\/div>\n<\/p><\/div>\n<p> <!-- Separador final --> <\/p>\n<hr style='border: 0; border-top: 1px solid rgba(150&comma; 150&comma; 150&comma; 0.3); margin: 30px 0;'> <\/div>\n","protected":false},"excerpt":{"rendered":"<p>DVR 2 Megapixel (1080P) lite \/ 8 Canales TURBOHD + 2 Canales IP \/ 1 Bah\u00eda de Disco Duro \/ H.264+ \/ 1 Canal de Audio \/ Salida de v\u00eddeo Full HD<\/p>\n","protected":false},"featured_media":119006,"comment_status":"open","ping_status":"closed","template":"","meta":[],"product_brand":[],"product_cat":[2254],"product_tag":[2255,935,2256],"class_list":{"0":"post-119007","1":"product","2":"type-product","3":"status-publish","4":"has-post-thumbnail","6":"product_cat-videograbadoras-analogicas-turbohd-tvi-ahd-cvi","7":"product_tag-camaras-y-dvrs-hd-turbohd-ahd-hd-tvi","8":"product_tag-epcom","9":"product_tag-videograbadoras-analogicas-turbohd-tvi-ahd-cvi","11":"first","12":"outofstock","13":"sale","14":"shipping-taxable","15":"purchasable","16":"product-type-simple"},"_links":{"self":[{"href":"https:\/\/soydeaqui.ddns.net\/pachuca\/index.php\/wp-json\/wp\/v2\/product\/119007","targetHints":{"allow":["GET"]}}],"collection":[{"href":"https:\/\/soydeaqui.ddns.net\/pachuca\/index.php\/wp-json\/wp\/v2\/product"}],"about":[{"href":"https:\/\/soydeaqui.ddns.net\/pachuca\/index.php\/wp-json\/wp\/v2\/types\/product"}],"replies":[{"embeddable":true,"href":"https:\/\/soydeaqui.ddns.net\/pachuca\/index.php\/wp-json\/wp\/v2\/comments?post=119007"}],"wp:featuredmedia":[{"embeddable":true,"href":"https:\/\/soydeaqui.ddns.net\/pachuca\/index.php\/wp-json\/wp\/v2\/media\/119006"}],"wp:attachment":[{"href":"https:\/\/soydeaqui.ddns.net\/pachuca\/index.php\/wp-json\/wp\/v2\/media?parent=119007"}],"wp:term":[{"taxonomy":"product_brand","embeddable":true,"href":"https:\/\/soydeaqui.ddns.net\/pachuca\/index.php\/wp-json\/wp\/v2\/product_brand?post=119007"},{"taxonomy":"product_cat","embeddable":true,"href":"https:\/\/soydeaqui.ddns.net\/pachuca\/index.php\/wp-json\/wp\/v2\/product_cat?post=119007"},{"taxonomy":"product_tag","embeddable":true,"href":"https:\/\/soydeaqui.ddns.net\/pachuca\/index.php\/wp-json\/wp\/v2\/product_tag?post=119007"}],"curies":[{"name":"wp","href":"https:\/\/api.w.org\/{rel}","templated":true}]}}