{"id":118993,"date":"2026-03-24T04:42:15","date_gmt":"2026-03-24T04:42:15","guid":{"rendered":"https:\/\/soydeaqui.ddns.net\/pachuca\/index.php\/producto\/dvr-2-megapixel-4-canales-turbohd-1-canal-ip-1-bahia-de-disco-duro-h-264-1-canal-de-audio-videoanalisis\/"},"modified":"2026-03-24T04:42:28","modified_gmt":"2026-03-24T04:42:28","slug":"dvr-2-megapixel-4-canales-turbohd-1-canal-ip-1-bahia-de-disco-duro-h-264-1-canal-de-audio-videoanalisis","status":"publish","type":"product","link":"https:\/\/soydeaqui.ddns.net\/pachuca\/index.php\/producto\/dvr-2-megapixel-4-canales-turbohd-1-canal-ip-1-bahia-de-disco-duro-h-264-1-canal-de-audio-videoanalisis\/","title":{"rendered":"DVR 2 Megapixel \/ 4 Canales TURBOHD + 1 Canal IP \/ 1 Bah\u00eda de Disco Duro \/ H.264+ \/ 1 Canal de Audio \/ V\u00eddeoan\u00e1lisis"},"content":{"rendered":"<div style='width: 100%; max-width: 1200px; margin: 0 auto; font-family: sans-serif; line-height: 1.6; color: inherit; background-color: transparent;'> <!-- Im\u00e1genes de banners --> <\/p>\n<div style='display: flex; flex-direction: column; gap: 15px; margin-bottom: 30px;'> <img style='width: 100%; height: auto; border: 1px solid rgba(150&comma;150&comma;150&comma;0.3); border-radius: 8px;' src='https:\/\/ftp3.syscom.mx\/usuarios\/jdelafuente\/EPCOM\/epcom-Video-Surveillance-Solutions.png' alt=''> <img style='width: 100%; height: auto; border: 1px solid rgba(150&comma;150&comma;150&comma;0.3); border-radius: 8px;' src='http:\/\/ftp3.syscom.mx\/usuarios\/fotos\/EV1004TURBOX\/85248-advertencia3mp.png' alt=''> <img style='width: 100%; height: auto; border: 1px solid rgba(150&comma;150&comma;150&comma;0.3); border-radius: 8px;' src='http:\/\/ftp3.syscom.mx\/usuarios\/jdelafuente\/EPCOM\/TURBO%20HD\/100%253.png' alt=''> <img style='width: 100%; height: auto; border: 1px solid rgba(150&comma;150&comma;150&comma;0.3); border-radius: 8px;' src='https:\/\/ftp3.syscom.mx\/usuarios\/nicolas.jimenez\/Hikvision\/Banners\/epcom-1080.jpg' alt=''> <\/div>\n<p> <!-- Videos --> <\/p>\n<div style='display: flex; flex-wrap: wrap; gap: 30px; margin-bottom: 30px;'>\n<div style='flex: 1 1 430px; min-width: 300px;'>\n<div style='position: relative; padding-bottom: 56.25%; height: 0; overflow: hidden;'>   <\/div>\n<\/p><\/div>\n<div style='flex: 1 1 430px; min-width: 300px;'>\n<div style='position: relative; padding-bottom: 56.25%; height: 0; overflow: hidden;'>   <\/div>\n<\/p><\/div>\n<div style='flex: 1 1 430px; min-width: 300px;'>\n<div style='position: relative; padding-bottom: 56.25%; height: 0; overflow: hidden;'>   <\/div>\n<\/p><\/div>\n<div style='flex: 1 1 430px; min-width: 300px;'>\n<div style='position: relative; padding-bottom: 56.25%; height: 0; overflow: hidden;'>   <\/div>\n<\/p><\/div>\n<\/p><\/div>\n<p> <!-- Caracter\u00edsticas principales --> <\/p>\n<div style='display: flex; flex-wrap: wrap; gap: 30px; margin-bottom: 30px;'>\n<div style='flex: 1 1 300px; min-width: 280px;'>\n<h3 style='font-size: 22px; border-bottom: 2px solid currentColor; padding-bottom: 5px; margin-top: 0; color: inherit; opacity: 0.8;'>Caracter\u00edsticas principales<\/h3>\n<ul style='padding-left: 20px; font-size: 15px; color: inherit;'>\n<li style='margin-bottom: 5px;'>Tecnolog\u00eda TURBO HD ver. 3.0<\/li>\n<li style='margin-bottom: 5px;'>N\u00famero de canales: 4 ch. anal\u00f3gicos&comma; 1 ch. IP<\/li>\n<li style='margin-bottom: 5px;'>Soporte de tecnolog\u00edas: AHD (720p)&comma; HD-TVI (1080p)&comma; Anal\u00f3gico e IP (1080p)<\/li>\n<li style='margin-bottom: 5px;'>Acceso remoto: PC (WINDOWS \/ MAC)&comma; Smart Phone (iPhone&comma; iPad&comma; Android)<\/li>\n<li style='margin-bottom: 5px;'>Compatibilidad con navegador Chrome (IE tab)&comma; Safari&comma; Internet Explorer<\/li>\n<li style='margin-bottom: 5px;'>Compatible con Software cliente multi sitio de hasta 64 canales (IVMS4200)<\/li>\n<li style='margin-bottom: 5px;'>Compatible con Software cliente multi sitio mobile (IVMS4500)<\/li>\n<\/ul><\/div>\n<\/p><\/div>\n<p> <!-- Compresi\u00f3n y resoluci\u00f3n --> <\/p>\n<div style='display: flex; flex-wrap: wrap; gap: 30px; margin-bottom: 30px;'>\n<div style='flex: 1 1 300px; min-width: 280px;'>\n<h3 style='font-size: 22px; border-bottom: 2px solid currentColor; padding-bottom: 5px; margin-top: 0; color: inherit; opacity: 0.8;'>Compresi\u00f3n y resoluci\u00f3n<\/h3>\n<ul style='padding-left: 20px; font-size: 15px; color: inherit;'>\n<li style='margin-bottom: 5px;'>H.264+&comma; H.264<\/li>\n<li style='margin-bottom: 5px;'>Resoluci\u00f3n m\u00e1xima de grabaci\u00f3n:<\/li>\n<ul style='padding-left: 20px; margin-top: 5px; margin-bottom: 5px;'>\n<li style='margin-bottom: 5px;'>HD-TVI: 1080P<\/li>\n<li style='margin-bottom: 5px;'>ANAL\u00d3GICO: 1200TVL<\/li>\n<li style='margin-bottom: 5px;'>AHD: 1080p<\/li>\n<li style='margin-bottom: 5px;'>IP: 1080P (1 canal)<\/li>\n<\/ul>\n<li style='margin-bottom: 5px;'>Frame Rate: 1080p@16IPS&comma; 720p&comma; WD1&comma; 4CIF&comma; VGA&comma; 2CIF&comma; CIF@30IPS<\/li>\n<li style='margin-bottom: 5px;'>Video Bit Rate: 32 Kbps &#8211; 6 Mbps<\/li>\n<li style='margin-bottom: 5px;'>Audio: G.711u<\/li>\n<li style='margin-bottom: 5px;'>Audio Bit Rate: 64Kbps<\/li>\n<\/ul><\/div>\n<\/p><\/div>\n<p> <!-- Funciones de Grabaci\u00f3n y Visualizaci\u00f3n --> <\/p>\n<div style='display: flex; flex-wrap: wrap; gap: 30px; margin-bottom: 30px;'>\n<div style='flex: 1 1 300px; min-width: 280px;'>\n<h3 style='font-size: 22px; border-bottom: 2px solid currentColor; padding-bottom: 5px; margin-top: 0; color: inherit; opacity: 0.8;'>Funciones de Grabaci\u00f3n y Visualizaci\u00f3n<\/h3>\n<ul style='padding-left: 20px; font-size: 15px; color: inherit;'>\n<li style='margin-bottom: 5px;'>Detecci\u00f3n de movimiento multi zona<\/li>\n<li style='margin-bottom: 5px;'>Zoom digital en visualizaci\u00f3n y grabaci\u00f3n<\/li>\n<li style='margin-bottom: 5px;'>Soporta m\u00faltiples tipos de grabaci\u00f3n&comma; incluyendo tiempo real&comma; grabaci\u00f3n manual&comma; video sensor<\/li>\n<li style='margin-bottom: 5px;'>B\u00fasqueda inteligente de grabaciones por detecci\u00f3n de movimiento<\/li>\n<li style='margin-bottom: 5px;'>Se proporciona SDK y c\u00f3digos de demostraci\u00f3n para disminuir el tiempo de desarrollo de aplicaciones<\/li>\n<\/ul><\/div>\n<\/p><\/div>\n<p> <!-- Funciones de red --> <\/p>\n<div style='display: flex; flex-wrap: wrap; gap: 30px; margin-bottom: 30px;'>\n<div style='flex: 1 1 300px; min-width: 280px;'>\n<h3 style='font-size: 22px; border-bottom: 2px solid currentColor; padding-bottom: 5px; margin-top: 0; color: inherit; opacity: 0.8;'>Funciones de red<\/h3>\n<ul style='padding-left: 20px; font-size: 15px; color: inherit;'>\n<li style='margin-bottom: 5px;'>Protocolos: TCP\/IP&comma; PPPoE&comma; DHCP&comma; DNS&comma; DDNS&comma; NTP&comma; SADP&comma; SMTP&comma; SNMP&comma; NFS&comma; iSCSI&comma; UPnP&comma; HTTP&comma; HTTPS<\/li>\n<li style='margin-bottom: 5px;'>Compatibilidad DDNS: EZVIZ CLOUD P2P&comma; IP SERVER&comma; DynDNS&comma; PeanutHull&comma; NO-IP&comma; HIDDNS<\/li>\n<li style='margin-bottom: 5px;'>Actualizaci\u00f3n remota de firmware<\/li>\n<li style='margin-bottom: 5px;'>Soporta Doble streaming<\/li>\n<\/ul><\/div>\n<\/p><\/div>\n<p> <!-- Interfaces Entradas \/ Salidas --> <\/p>\n<div style='display: flex; flex-wrap: wrap; gap: 30px; margin-bottom: 30px;'>\n<div style='flex: 1 1 300px; min-width: 280px;'>\n<h3 style='font-size: 22px; border-bottom: 2px solid currentColor; padding-bottom: 5px; margin-top: 0; color: inherit; opacity: 0.8;'>Interfaces Entradas \/ Salidas<\/h3>\n<ul style='padding-left: 20px; font-size: 15px; color: inherit;'>\n<li style='margin-bottom: 5px;'>ENTRADA DE VIDEO: 4 canales (BNC&comma; 1.0Vp-p&comma; 75\u03a9)<\/li>\n<li style='margin-bottom: 5px;'>SALIDA DE VIDEO:\n<ul style='padding-left: 20px; margin-top: 5px; margin-bottom: 5px;'>\n<li style='margin-bottom: 5px;'>HDMI \/ VGA: 1920\u00d71080&comma; 1280\u00d71024&comma; 1280\u00d7720&comma; 1024\u00d7768<\/li>\n<li style='margin-bottom: 5px;'>BNC: 1 Canal (BNC&comma; 1.0Vp-p&comma; 75\u03a9)&comma; resoluci\u00f3n m\u00e1xima: 704&#215;480<\/li>\n<\/ul>\n<\/li>\n<li style='margin-bottom: 5px;'>ENTRADA AUDIO: 1 Canal (RCA&comma; 2.0 Vp-p&comma; 1K\u03a9)<\/li>\n<li style='margin-bottom: 5px;'>SALIDA AUDIO: 1 Canal (RCA&comma; 2.0 Vp-p&comma; 1K\u03a9)<\/li>\n<li style='margin-bottom: 5px;'>INTERFAZ SERIAL: RS-485 (HIKVISION C&comma; PELCO D&comma; PELCO P&comma; etc)<\/li>\n<li style='margin-bottom: 5px;'>INTERFAZ USB: 2 puertos (2.0)<\/li>\n<li style='margin-bottom: 5px;'>INTERFAZ DE RED: 1 puertos (RJ-45 10\/100 Mbps)<\/li>\n<li style='margin-bottom: 5px;'>CAP. DE DISCOS SATA: 1 HDDs \/ 6TB por disco<\/li>\n<\/ul><\/div>\n<\/p><\/div>\n<p> <!-- Caracter\u00edsticas f\u00edsicas y el\u00e9ctricas --> <\/p>\n<div style='display: flex; flex-wrap: wrap; gap: 30px; margin-bottom: 30px;'>\n<div style='flex: 1 1 300px; min-width: 280px;'>\n<h3 style='font-size: 22px; border-bottom: 2px solid currentColor; padding-bottom: 5px; margin-top: 0; color: inherit; opacity: 0.8;'>Caracter\u00edsticas f\u00edsicas y el\u00e9ctricas<\/h3>\n<ul style='padding-left: 20px; font-size: 15px; color: inherit;'>\n<li style='margin-bottom: 5px;'>Temperatura de Operaci\u00f3n: -10 ~ 55\u00baC<\/li>\n<li style='margin-bottom: 5px;'>Alimentaci\u00f3n: 12Vcc<\/li>\n<li style='margin-bottom: 5px;'>Consumo el\u00e9ctrico m\u00e1ximo: 15W<\/li>\n<li style='margin-bottom: 5px;'>Dimensiones: 315 x 242 x 45mm<\/li>\n<li style='margin-bottom: 5px;'>Peso: 2 Kg. (sin discos duros)<\/li>\n<li style='margin-bottom: 5px;'>Garant\u00eda: 4 a\u00f1os<\/li>\n<li style='margin-bottom: 5px;'>Nota: Soporta canal cero<\/li>\n<\/ul><\/div>\n<\/p><\/div>\n<\/p><\/div>\n","protected":false},"excerpt":{"rendered":"<p>DVR 2 Megapixel \/ 4 Canales TURBOHD + 1 Canal IP \/ 1 Bah\u00eda de Disco Duro \/ H.264+ \/ 1 Canal de Audio \/ V\u00eddeoan\u00e1lisis<\/p>\n","protected":false},"featured_media":118992,"comment_status":"open","ping_status":"closed","template":"","meta":[],"product_brand":[],"product_cat":[2254],"product_tag":[2255,935,2256],"class_list":{"0":"post-118993","1":"product","2":"type-product","3":"status-publish","4":"has-post-thumbnail","6":"product_cat-videograbadoras-analogicas-turbohd-tvi-ahd-cvi","7":"product_tag-camaras-y-dvrs-hd-turbohd-ahd-hd-tvi","8":"product_tag-epcom","9":"product_tag-videograbadoras-analogicas-turbohd-tvi-ahd-cvi","11":"first","12":"outofstock","13":"sale","14":"shipping-taxable","15":"purchasable","16":"product-type-simple"},"_links":{"self":[{"href":"https:\/\/soydeaqui.ddns.net\/pachuca\/index.php\/wp-json\/wp\/v2\/product\/118993","targetHints":{"allow":["GET"]}}],"collection":[{"href":"https:\/\/soydeaqui.ddns.net\/pachuca\/index.php\/wp-json\/wp\/v2\/product"}],"about":[{"href":"https:\/\/soydeaqui.ddns.net\/pachuca\/index.php\/wp-json\/wp\/v2\/types\/product"}],"replies":[{"embeddable":true,"href":"https:\/\/soydeaqui.ddns.net\/pachuca\/index.php\/wp-json\/wp\/v2\/comments?post=118993"}],"wp:featuredmedia":[{"embeddable":true,"href":"https:\/\/soydeaqui.ddns.net\/pachuca\/index.php\/wp-json\/wp\/v2\/media\/118992"}],"wp:attachment":[{"href":"https:\/\/soydeaqui.ddns.net\/pachuca\/index.php\/wp-json\/wp\/v2\/media?parent=118993"}],"wp:term":[{"taxonomy":"product_brand","embeddable":true,"href":"https:\/\/soydeaqui.ddns.net\/pachuca\/index.php\/wp-json\/wp\/v2\/product_brand?post=118993"},{"taxonomy":"product_cat","embeddable":true,"href":"https:\/\/soydeaqui.ddns.net\/pachuca\/index.php\/wp-json\/wp\/v2\/product_cat?post=118993"},{"taxonomy":"product_tag","embeddable":true,"href":"https:\/\/soydeaqui.ddns.net\/pachuca\/index.php\/wp-json\/wp\/v2\/product_tag?post=118993"}],"curies":[{"name":"wp","href":"https:\/\/api.w.org\/{rel}","templated":true}]}}