{"id":118984,"date":"2026-03-24T04:41:43","date_gmt":"2026-03-24T04:41:43","guid":{"rendered":"https:\/\/soydeaqui.ddns.net\/pachuca\/index.php\/producto\/kit-extensor-hdmi-de-120-metros-con-loop-hdbitt-cat-5e-6-soporta-hasta-253-rx-protocolo-hdbitt-compatible-con-hdcp\/"},"modified":"2026-03-24T04:41:52","modified_gmt":"2026-03-24T04:41:52","slug":"kit-extensor-hdmi-de-120-metros-con-loop-hdbitt-cat-5e-6-soporta-hasta-253-rx-protocolo-hdbitt-compatible-con-hdcp","status":"publish","type":"product","link":"https:\/\/soydeaqui.ddns.net\/pachuca\/index.php\/producto\/kit-extensor-hdmi-de-120-metros-con-loop-hdbitt-cat-5e-6-soporta-hasta-253-rx-protocolo-hdbitt-compatible-con-hdcp\/","title":{"rendered":"Kit extensor HDMI de 120 metros con loop HDbitT, Cat 5e\/6 \/ Soporta hasta 253 Rx \/ Protocolo HDbitT, compatible con HDCP."},"content":{"rendered":"<div style='width: 100%; max-width: 1200px; margin: 0 auto; font-family: sans-serif; line-height: 1.6; color: inherit; background-color: transparent;'>\n<div style='display: flex; flex-direction: column; align-items: center; text-align: center; margin-bottom: 30px;'>\n<h1 style='font-size: 28px; color: inherit; margin: 0;'><strong>TT-383-PRO<\/strong><\/h1>\n<h3 style='font-size: 20px; color: inherit; margin: 10px 0;'>Extensor HDMI 1080P a 60Hz&comma; placa<\/h3>\n<p style='font-size: 15px; color: inherit; margin: 10px 70px 20px 70px; max-width: 800px;'>Extensor HDMI&comma; extiende su video \/ audio HDMI con la resoluci\u00f3n de 1080p 60Hz hasta 120 m (394 pies) a trav\u00e9s de un solo cable de red. Admite transmisi\u00f3n de se\u00f1al IR y una salida de bucle HDMI.<\/p>\n<\/p><\/div>\n<div style='display: flex; flex-wrap: wrap; gap: 30px; margin-bottom: 30px;'>\n<div style='flex: 1 1 300px; min-width: 280px;'>\n<div style='border: 1px solid rgba(150&comma; 150&comma; 150&comma; 0.3); border-radius: 8px; overflow: hidden; display: flex; flex-direction: column; height: 100%;'>\n<div style='background-color: rgba(238&comma; 238&comma; 238&comma; 0.5); padding: 0;'> <img style='width: 100%; height: auto; border: none; border-radius: 0;' src='http:\/\/ftp3.syscom.mx\/usuarios\/hallende\/EPCOM%20Titanium\/TT-383-PRO\/TT383PRO-h.png' alt='...'> <\/div>\n<div style='border-top: 5px solid #DF001D; padding: 15px; flex-grow: 1; display: flex; flex-direction: column;'>\n<h3 style='font-size: 22px; border-bottom: 2px solid currentColor; padding-bottom: 5px; margin-top: 0; color: inherit; opacity: 0.8;'>Caracter\u00edsticas Principales:<\/h3>\n<ul style='padding-left: 20px; font-size: 14px; color: inherit; flex-grow: 1; margin: 10px 0;'>\n<li style='margin-bottom: 5px;'>Distancia de transmisi\u00f3n : 80 m con CAT5&comma; 100 m con CAT5E y 120 m con cable CAT6 para 1080p Full HD<\/li>\n<li style='margin-bottom: 5px;'><strong>Soporta hasta 253 Receptores<\/strong><\/li>\n<li style='margin-bottom: 5px;'>1080P HDMI y HDCP compatible<\/li>\n<li style='margin-bottom: 5px;'>HDMI salida de la pantalla local para el monitoreo<\/li>\n<li style='margin-bottom: 5px;'>Plug and play sin ning\u00fan ajuste manual<\/li>\n<li style='margin-bottom: 5px;'>Extensor y divisor por LAN para conexi\u00f3n en cascada<\/li>\n<\/ul><\/div>\n<\/p><\/div>\n<\/p><\/div>\n<div style='flex: 1 1 300px; min-width: 280px;'>\n<div style='border: 1px solid rgba(150&comma; 150&comma; 150&comma; 0.3); border-radius: 8px; overflow: hidden; display: flex; flex-direction: column; height: 100%;'>\n<div style='background-color: rgba(238&comma; 238&comma; 238&comma; 0.5); padding: 0;'> <img style='width: 100%; height: auto; border: none; border-radius: 0;' src='http:\/\/ftp3.syscom.mx\/usuarios\/hallende\/EPCOM%20Titanium\/TT-383-PRO\/TT383PRO-AD-1-h.png' alt='...'> <\/div>\n<div style='border-top: 5px solid #DF001D; padding: 15px; flex-grow: 1; display: flex; flex-direction: column;'>\n<h3 style='font-size: 22px; border-bottom: 2px solid currentColor; padding-bottom: 5px; margin-top: 0; color: inherit; opacity: 0.8;'>Caracter\u00edsticas F\u00edsicas y El\u00e9ctricas:<\/h3>\n<ul style='padding-left: 20px; font-size: 14px; color: inherit; flex-grow: 1; margin: 10px 0;'>\n<li style='margin-bottom: 5px;'>Alimentaci\u00f3n incluida de 5 Vcc&comma; 1A<\/li>\n<li style='margin-bottom: 5px;'>Potencia de consumo : TX \u2264 3.5 W; RX \u2264 3W<\/li>\n<li style='margin-bottom: 5px;'><strong>Garant\u00eda contra defecto de fabrica de 1 a\u00f1o<\/strong><\/li>\n<\/ul><\/div>\n<\/p><\/div>\n<\/p><\/div>\n<div style='flex: 1 1 300px; min-width: 280px;'>\n<div style='border: 1px solid rgba(150&comma; 150&comma; 150&comma; 0.3); border-radius: 8px; overflow: hidden; display: flex; flex-direction: column; height: 100%;'>\n<div style='background-color: rgba(238&comma; 238&comma; 238&comma; 0.5); padding: 0;'> <img style='width: 100%; height: auto; border: none; border-radius: 0;' src='http:\/\/ftp3.syscom.mx\/usuarios\/hallende\/EPCOM%20Titanium\/TT-383-PRO\/TT383PRO-AD-2-h.png' alt='...'> <\/div>\n<div style='border-top: 5px solid #DF001D; padding: 15px; flex-grow: 1; display: flex; flex-direction: column;'>\n<h3 style='font-size: 22px; border-bottom: 2px solid currentColor; padding-bottom: 5px; margin-top: 0; color: inherit; opacity: 0.8;'>Caracter\u00edsticas Destacadas:<\/h3>\n<ul style='padding-left: 20px; font-size: 14px; color: inherit; flex-grow: 1; margin: 10px 0;'>\n<li style='margin-bottom: 5px;'>El kit de cables Extender by CAT5 \/ 5e \/ 6 convierte la se\u00f1al Full HD 1080P HDMI en una se\u00f1al de red est\u00e1ndar a una distancia de transmisi\u00f3n de hasta 120 metros (394 pies) con cable CAT6; Este extensor proporciona una salida HDMI de pantalla local para la funci\u00f3n de monitoreo. Es un extensor con bucle HDMI HDMI<\/li>\n<li style='margin-bottom: 5px;'>1 A\u00f1o de Garant\u00eda<\/li>\n<\/ul><\/div>\n<\/p><\/div>\n<\/p><\/div>\n<\/p><\/div>\n<div style='margin: 40px 0;'>\n<div style='position: relative; padding-bottom: 56.25%; height: 0; overflow: hidden;'>   <\/div>\n<\/p><\/div>\n<hr style='border: 0; border-top: 1px solid rgba(150&comma; 150&comma; 150&comma; 0.3); margin: 30px 0;'> <\/div>\n","protected":false},"excerpt":{"rendered":"<p>Kit extensor HDMI de 120 metros con loop HDbitT, Cat 5e\/6 \/ Soporta hasta 253 Rx \/ Protocolo HDbitT, compatible con HDCP.<\/p>\n","protected":false},"featured_media":118983,"comment_status":"open","ping_status":"closed","template":"","meta":[],"product_brand":[],"product_cat":[2073,2074,2077,2075,2072,2076],"product_tag":[417,2079,2080,2083,507,2081,2078,2082],"class_list":{"0":"post-118984","1":"product","2":"type-product","3":"status-publish","4":"has-post-thumbnail","6":"product_cat-convertidores","7":"product_cat-divisores","8":"product_cat-dvi","9":"product_cat-hdmi","10":"product_cat-kits-extensores","11":"product_cat-vga","12":"product_tag-accesorios-generales","13":"product_tag-convertidores","14":"product_tag-divisores","15":"product_tag-dvi","16":"product_tag-epcom-titanium","17":"product_tag-hdmi","18":"product_tag-kits-extensores","19":"product_tag-vga","21":"first","22":"outofstock","23":"sale","24":"shipping-taxable","25":"purchasable","26":"product-type-simple"},"_links":{"self":[{"href":"https:\/\/soydeaqui.ddns.net\/pachuca\/index.php\/wp-json\/wp\/v2\/product\/118984","targetHints":{"allow":["GET"]}}],"collection":[{"href":"https:\/\/soydeaqui.ddns.net\/pachuca\/index.php\/wp-json\/wp\/v2\/product"}],"about":[{"href":"https:\/\/soydeaqui.ddns.net\/pachuca\/index.php\/wp-json\/wp\/v2\/types\/product"}],"replies":[{"embeddable":true,"href":"https:\/\/soydeaqui.ddns.net\/pachuca\/index.php\/wp-json\/wp\/v2\/comments?post=118984"}],"wp:featuredmedia":[{"embeddable":true,"href":"https:\/\/soydeaqui.ddns.net\/pachuca\/index.php\/wp-json\/wp\/v2\/media\/118983"}],"wp:attachment":[{"href":"https:\/\/soydeaqui.ddns.net\/pachuca\/index.php\/wp-json\/wp\/v2\/media?parent=118984"}],"wp:term":[{"taxonomy":"product_brand","embeddable":true,"href":"https:\/\/soydeaqui.ddns.net\/pachuca\/index.php\/wp-json\/wp\/v2\/product_brand?post=118984"},{"taxonomy":"product_cat","embeddable":true,"href":"https:\/\/soydeaqui.ddns.net\/pachuca\/index.php\/wp-json\/wp\/v2\/product_cat?post=118984"},{"taxonomy":"product_tag","embeddable":true,"href":"https:\/\/soydeaqui.ddns.net\/pachuca\/index.php\/wp-json\/wp\/v2\/product_tag?post=118984"}],"curies":[{"name":"wp","href":"https:\/\/api.w.org\/{rel}","templated":true}]}}