{"id":118966,"date":"2026-03-24T04:40:38","date_gmt":"2026-03-24T04:40:38","guid":{"rendered":"https:\/\/soydeaqui.ddns.net\/pachuca\/index.php\/producto\/dvr-4-canales-turbohd-1-canal-ip-2-megapixel-1080p-lite-1-bahia-de-disco-duro-h-264-1-canal-de-audio-salida-de-video-full-hd\/"},"modified":"2026-03-24T04:40:47","modified_gmt":"2026-03-24T04:40:47","slug":"dvr-4-canales-turbohd-1-canal-ip-2-megapixel-1080p-lite-1-bahia-de-disco-duro-h-264-1-canal-de-audio-salida-de-video-full-hd","status":"publish","type":"product","link":"https:\/\/soydeaqui.ddns.net\/pachuca\/index.php\/producto\/dvr-4-canales-turbohd-1-canal-ip-2-megapixel-1080p-lite-1-bahia-de-disco-duro-h-264-1-canal-de-audio-salida-de-video-full-hd\/","title":{"rendered":"DVR 4 Canales TurboHD + 1 Canal IP\/ 2 Megapixel (1080p) lite\/ 1 Bah\u00eda de Disco Duro \/ H.264+ \/ 1 Canal de Audio \/ Salida de video Full HD"},"content":{"rendered":"<div style='width: 100%; max-width: 1200px; margin: 0 auto; font-family: sans-serif; line-height: 1.6; color: inherit; background-color: transparent;'>\n<div style='display: flex; flex-direction: column; gap: 30px;'>\n<div style='width: 100%;'> <img style='width: 100%; height: auto; border: 1px solid rgba(150&comma;150&comma;150&comma;0.3); border-radius: 8px;' src='https:\/\/ftp3.syscom.mx\/usuarios\/jdelafuente\/EPCOM\/actualizaci%C3%B3n-1080p.jpg' alt=''> <\/p>\n<p style='margin-top: 20px; margin-bottom: 20px; font-size: 15px; color: inherit;'><strong>\u00bfQu\u00e9 es HD-TVI 1080P Lite? <\/strong><br \/>Permite a los DVRs 720P adicionar c\u00e1maras 1080P (2 Megapixel) HD-TVI TurboHD y HD-CVI (otros fabricantes) con resolucion de grabacion 960 x 1080. Recordemos que Full HD es 1920 x 1080 y es por es que el DVR no podra grabar a Full HD. Con esta ventaja podemos utilizar camaras de lente motorizado para mover el lente de manera remota.<\/p>\n<div style='position: relative; padding-bottom: 56.25%; height: 0; overflow: hidden; margin-bottom: 30px;'>   <\/div>\n<\/p><\/div>\n<div style='display: flex; flex-wrap: wrap; gap: 30px;'>\n<div style='flex: 1 1 300px; min-width: 280px;'>\n<h3 style='font-size: 22px; border-bottom: 2px solid currentColor; padding-bottom: 5px; margin-top: 0; color: inherit; opacity: 0.8;'>Caracter\u00edsticas principales<\/h3>\n<ul style='padding-left: 20px; font-size: 15px; color: inherit;'>\n<li style='margin-bottom: 5px;'>Tecnolog\u00eda LEGEND TURBO HD ver. 3.0<\/li>\n<li style='margin-bottom: 5px;'>Numero de canales: 4 canales analogicos o TURBOHD + 1 canal IP = 5 canales en total.<\/li>\n<li style='margin-bottom: 5px;'>Soporte de tecnolog\u00edas: HD-TVI \/ Anal\u00f3gico \/ AHD \/ IP \/ CVI.<\/li>\n<li style='margin-bottom: 5px;'>Acceso remoto: PC (WINDOWS \/ MAC)&comma; Smart Phone (iPhone&comma; iPad&comma; Android).<\/li>\n<li style='margin-bottom: 5px;'>Compatibilidad con navegador Chrome (IE tab)&comma; Safari&comma; Internet Explorer.<\/li>\n<li style='margin-bottom: 5px;'>Compatible con Software cliente multi sitio de hasta 64 canales (iVMS-4200).<\/li>\n<li style='margin-bottom: 5px;'>Compatible con la plataforma Hik-Connect P2P.<\/li>\n<\/ul><\/div>\n<div style='flex: 1 1 300px; min-width: 280px;'>\n<h3 style='font-size: 22px; border-bottom: 2px solid currentColor; padding-bottom: 5px; margin-top: 0; color: inherit; opacity: 0.8;'>Compresi\u00f3n y resoluci\u00f3n<\/h3>\n<ul style='padding-left: 20px; font-size: 15px; color: inherit;'>\n<li style='margin-bottom: 5px;'>H.264+ \/ H.264<\/li>\n<li style='margin-bottom: 5px;'>Resoluci\u00f3n m\u00e1xima de grabaci\u00f3n:<\/li>\n<ul style='padding-left: 30px; margin-bottom: 5px; font-size: 14px;'>\n<li style='margin-bottom: 5px;'>HD-TVI: 720p <a style='color: inherit; text-decoration: underline;' href='http:\/\/www.syscomblog.com\/2017\/01\/actualizacion-de-720p-1080p-en.html'>1080p Lite<\/a><\/li>\n<li style='margin-bottom: 5px;'>HD-CVI: 720P y 1080P<\/li>\n<li style='margin-bottom: 5px;'>ANALOGICO: 1200 TVL.<\/li>\n<li style='margin-bottom: 5px;'>AHD: 720P \/ 1080P<\/li>\n<li style='margin-bottom: 5px;'>IP: 2 Megapixel (1 canal)<\/li>\n<\/ul>\n<li style='margin-bottom: 5px;'>Frame Rate: 1080P Lite @ 12 IPS \/ 720P \/ WD1 \/ 4CIF \/ @30IPS<\/li>\n<li style='margin-bottom: 5px;'>Video Bit Rate: 32 Kbps &#8211; 4 Mbps.<\/li>\n<li style='margin-bottom: 5px;'>Audio: G.711u<\/li>\n<li style='margin-bottom: 5px;'>Audio Bit Rate: 64Kbps.<\/li>\n<li style='margin-bottom: 5px;'>Nota: Este grabador no es compatible con la camara B7TURBO<\/li>\n<\/ul><\/div>\n<\/p><\/div>\n<div style='display: flex; flex-wrap: wrap; gap: 30px;'>\n<div style='flex: 1 1 300px; min-width: 280px;'>\n<h3 style='font-size: 22px; border-bottom: 2px solid currentColor; padding-bottom: 5px; margin-top: 0; color: inherit; opacity: 0.8;'>Funciones de Grabaci\u00f3n y Visualizaci\u00f3n<\/h3>\n<ul style='padding-left: 20px; font-size: 15px; color: inherit;'>\n<li style='margin-bottom: 5px;'>Detecci\u00f3n de movimiento multi zona<\/li>\n<li style='margin-bottom: 5px;'>Zoom digital en visualizaci\u00f3n y grabaci\u00f3n<\/li>\n<li style='margin-bottom: 5px;'>Soporta m\u00faltiples tipos de grabaci\u00f3n&comma; incluyendo tiempo real&comma; grabaci\u00f3n manual&comma; video sensor.<\/li>\n<li style='margin-bottom: 5px;'>B\u00fasqueda inteligente de grabaciones por detecci\u00f3n de movimiento.<\/li>\n<li style='margin-bottom: 5px;'>Se proporciona SDK y c\u00f3digos de demostraci\u00f3n para disminuir el tiempo de desarrollo de aplicaciones.<\/li>\n<\/ul><\/div>\n<div style='flex: 1 1 300px; min-width: 280px;'>\n<h3 style='font-size: 22px; border-bottom: 2px solid currentColor; padding-bottom: 5px; margin-top: 0; color: inherit; opacity: 0.8;'>Funciones de red<\/h3>\n<ul style='padding-left: 20px; font-size: 15px; color: inherit;'>\n<li style='margin-bottom: 5px;'>Protocolos: TCP\/IP&comma; PPPoE&comma; DHCP&comma; DNS&comma; DDNS&comma; NTP&comma; SADP&comma; SMTP&comma; SNMP&comma; NFS&comma; iSCSI&comma; UPnP&comma; HTTP&comma; HTTPS.<\/li>\n<li style='margin-bottom: 5px;'>Compatibilidad DDNS: IP SERVER \/ DynDN \/ NO-IP.<\/li>\n<li style='margin-bottom: 5px;'>Soporta Doble streaming.<\/li>\n<li style='margin-bottom: 5px;'>Nota: No soporta canal cero<\/li>\n<\/ul><\/div>\n<\/p><\/div>\n<div style='display: flex; flex-wrap: wrap; gap: 30px;'>\n<div style='flex: 1 1 300px; min-width: 280px;'>\n<h3 style='font-size: 22px; border-bottom: 2px solid currentColor; padding-bottom: 5px; margin-top: 0; color: inherit; opacity: 0.8;'>Interfaces Entradas \/ Salidas<\/h3>\n<ul style='padding-left: 20px; font-size: 15px; color: inherit;'>\n<li style='margin-bottom: 5px;'>Entrada de Video: 4 canales (BNC&comma; 1.0Vp-p&comma; 75\u03a9)<\/li>\n<li style='margin-bottom: 5px;'>Salida de Video Full HD HDMI y VGA (salida simultanea).<\/li>\n<li style='margin-bottom: 5px;'>Entrada de Audio: 1 Canales (RCA&comma; 2.0 Vp-p&comma; 1K\u03a9).<\/li>\n<li style='margin-bottom: 5px;'>Salidad e Audio: 1 Canal (RCA&comma; 1K\u03a9).<\/li>\n<li style='margin-bottom: 5px;'>Interfaz USB: 2 puerto 2.0<\/li>\n<li style='margin-bottom: 5px;'>Interfaz de Red: 1 puertos (RJ-45 10\/100 Mbps).<\/li>\n<li style='margin-bottom: 5px;'>Soporta 1 disco duro de hasta 6 TB.<\/li>\n<\/ul><\/div>\n<div style='flex: 1 1 300px; min-width: 280px;'>\n<h3 style='font-size: 22px; border-bottom: 2px solid currentColor; padding-bottom: 5px; margin-top: 0; color: inherit; opacity: 0.8;'>Caracter\u00edsticas f\u00edsicas y el\u00e9ctricas<\/h3>\n<ul style='padding-left: 20px; font-size: 15px; color: inherit;'>\n<li style='margin-bottom: 5px;'>Temperatura de Operaci\u00f3n: -10 ~ 55\u00baC.<\/li>\n<li style='margin-bottom: 5px;'>Alimentaci\u00f3n: 12 Vcc.<\/li>\n<li style='margin-bottom: 5px;'>Consumo el\u00e9ctrico m\u00e1ximo: 8 Watts.<\/li>\n<li style='margin-bottom: 5px;'>Dimensiones: 200 x 200 x 45 mm.<\/li>\n<li style='margin-bottom: 5px;'>Peso: 800 g. (sin discos duros). <\/li>\n<li style='margin-bottom: 5px;'><strong>Garantia: 4 A\u00f1os.<\/strong><\/li>\n<\/ul><\/div>\n<\/p><\/div>\n<div style='width: 100%;'> <img style='width: 100%; height: auto; border: 1px solid rgba(150&comma;150&comma;150&comma;0.3); border-radius: 8px;' src='http:\/\/ftp3.syscom.mx\/usuarios\/jdelafuente\/EPCOM\/TURBO%20HD\/100%253.png' alt=''> <\/div>\n<\/p><\/div>\n<\/p><\/div>\n","protected":false},"excerpt":{"rendered":"<p>DVR 4 Canales TurboHD + 1 Canal IP\/ 2 Megapixel (1080p) lite\/ 1 Bah\u00eda de Disco Duro \/ H.264+ \/ 1 Canal de Audio \/ Salida de video Full HD<\/p>\n","protected":false},"featured_media":118965,"comment_status":"open","ping_status":"closed","template":"","meta":[],"product_brand":[],"product_cat":[2254],"product_tag":[2255,935,2256],"class_list":{"0":"post-118966","1":"product","2":"type-product","3":"status-publish","4":"has-post-thumbnail","6":"product_cat-videograbadoras-analogicas-turbohd-tvi-ahd-cvi","7":"product_tag-camaras-y-dvrs-hd-turbohd-ahd-hd-tvi","8":"product_tag-epcom","9":"product_tag-videograbadoras-analogicas-turbohd-tvi-ahd-cvi","11":"first","12":"outofstock","13":"sale","14":"shipping-taxable","15":"purchasable","16":"product-type-simple"},"_links":{"self":[{"href":"https:\/\/soydeaqui.ddns.net\/pachuca\/index.php\/wp-json\/wp\/v2\/product\/118966","targetHints":{"allow":["GET"]}}],"collection":[{"href":"https:\/\/soydeaqui.ddns.net\/pachuca\/index.php\/wp-json\/wp\/v2\/product"}],"about":[{"href":"https:\/\/soydeaqui.ddns.net\/pachuca\/index.php\/wp-json\/wp\/v2\/types\/product"}],"replies":[{"embeddable":true,"href":"https:\/\/soydeaqui.ddns.net\/pachuca\/index.php\/wp-json\/wp\/v2\/comments?post=118966"}],"wp:featuredmedia":[{"embeddable":true,"href":"https:\/\/soydeaqui.ddns.net\/pachuca\/index.php\/wp-json\/wp\/v2\/media\/118965"}],"wp:attachment":[{"href":"https:\/\/soydeaqui.ddns.net\/pachuca\/index.php\/wp-json\/wp\/v2\/media?parent=118966"}],"wp:term":[{"taxonomy":"product_brand","embeddable":true,"href":"https:\/\/soydeaqui.ddns.net\/pachuca\/index.php\/wp-json\/wp\/v2\/product_brand?post=118966"},{"taxonomy":"product_cat","embeddable":true,"href":"https:\/\/soydeaqui.ddns.net\/pachuca\/index.php\/wp-json\/wp\/v2\/product_cat?post=118966"},{"taxonomy":"product_tag","embeddable":true,"href":"https:\/\/soydeaqui.ddns.net\/pachuca\/index.php\/wp-json\/wp\/v2\/product_tag?post=118966"}],"curies":[{"name":"wp","href":"https:\/\/api.w.org\/{rel}","templated":true}]}}