{"id":118947,"date":"2026-03-24T04:39:39","date_gmt":"2026-03-24T04:39:39","guid":{"rendered":"https:\/\/soydeaqui.ddns.net\/pachuca\/index.php\/producto\/rail-kit-para-servidor-synology-de-rack-2\/"},"modified":"2026-03-24T04:39:42","modified_gmt":"2026-03-24T04:39:42","slug":"rail-kit-para-servidor-synology-de-rack-2","status":"publish","type":"product","link":"https:\/\/soydeaqui.ddns.net\/pachuca\/index.php\/producto\/rail-kit-para-servidor-synology-de-rack-2\/","title":{"rendered":"Rail kit para servidor Synology de rack"},"content":{"rendered":"<div style='width: 100%; max-width: 1200px; margin: 0 auto; font-family: sans-serif; line-height: 1.6; color: inherit; background-color: transparent;'>\n<div style='margin-bottom: 30px;'> <a href='https:\/\/ftp3.syscom.mx\/usuarios\/ftp\/2018\/10\/17\/be9cb\/PROCEDIMIENTO%20GARANTIA%20SYNOLOGY.pdf'> <img style='width: 100%; height: auto; border: 1px solid rgba(150&comma;150&comma;150&comma;0.3); border-radius: 8px;' src='https:\/\/ftp3.syscom.mx\/usuarios\/nortega\/synology\/imagenes\/cintillo%20garantia.jpg' alt=''> <\/a> <\/div>\n<div style='margin-bottom: 20px; font-size: 15px;'>\n<p style='color: inherit; margin-bottom: 15px;'>Los Synology Rail Kits han sido dise\u00f1ados para instalar su RackStation en un rack. Synology RKS1317 incluye ra\u00edles deslizantes que facilitan la introducci\u00f3n y extracci\u00f3n de la unidad RackStation para su mantenimiento.<\/p>\n<p style='color: inherit; margin-bottom: 15px;'>Los Synology Rail Kits est\u00e1n respaldados por la garant\u00eda limitada de 1 a\u00f1o de Synology.<\/p>\n<\/p><\/div>\n<div style='margin-bottom: 30px;'> <img style='width: 100%; height: auto; border: 1px solid rgba(150&comma;150&comma;150&comma;0.3); border-radius: 8px;' src='https:\/\/ftp3.syscom.mx\/usuarios\/nortega\/synology\/imagenes\/rks1317funcion.JPG' alt=''> <\/div>\n<div style='margin-bottom: 30px;'>\n<h3 style='font-size: 22px; border-bottom: 2px solid currentColor; padding-bottom: 5px; margin-top: 0; color: inherit; opacity: 0.8;'>Especificaciones t\u00e9cnicas<\/h3>\n<\/p><\/div>\n<div style='margin-bottom: 30px;'> <img style='width: 100%; height: auto; border: 1px solid rgba(150&comma;150&comma;150&comma;0.3); border-radius: 8px;' src='https:\/\/ftp3.syscom.mx\/usuarios\/nortega\/synology\/imagenes\/RKS1317_01.jpg' alt=''> <\/div>\n<div style='margin-bottom: 30px;'>\n<ul style='padding-left: 20px; font-size: 15px; color: inherit; list-style-type: upper-alpha;'>\n<li style='margin-bottom: 8px;'>La anchura del pilar de montaje debe ser igual o superior a 451 mm<\/li>\n<li style='margin-bottom: 8px;'>La anchura del panel debe ser igual o superior a 480 mm<\/li>\n<li style='margin-bottom: 8px;'>Profundidad del montaje en rack: 610 mm ~ 890 mm<\/li>\n<li style='margin-bottom: 8px;'>Los orificios de montaje en rack deben ser cuadrados y de al menos 9&comma;5 mm x 9&comma;5 mm<\/li>\n<\/ul><\/div>\n<div style='margin-bottom: 30px;'> <img style='width: 100%; height: auto; border: 1px solid rgba(150&comma;150&comma;150&comma;0.3); border-radius: 8px;' src='http:\/\/148.223.3.132\/usuarios\/nortega\/synology\/imagenes\/rks1317medidas.JPG' alt=''> <\/div>\n<div style='margin-bottom: 30px;'>\n<h3 style='font-size: 22px; border-bottom: 2px solid currentColor; padding-bottom: 5px; margin-top: 0; color: inherit; opacity: 0.8;'>Modelos Compatibles<\/h3>\n<\/p><\/div>\n<div style='margin-bottom: 30px;'>\n<ul style='padding-left: 20px; font-size: 15px; color: inherit;'>\n<li style='margin-bottom: 8px;'>17-series : RS3617xs+&comma; RS3617(RP)xs&comma; RX1217(RP)<\/li>\n<li style='margin-bottom: 8px;'>16-series : RS18016xs+&comma; RS2416(RP)+&comma; RX1216sas&comma; RS816<\/li>\n<li style='margin-bottom: 8px;'>15-series : RC18015xs+&comma; RXD1215sas&comma; RS815(RP)+&comma; RS815&comma; RX415<\/li>\n<li style='margin-bottom: 8px;'>14-series : RS3614xs+&comma; RS3614(RP)xs&comma; RS2414(RP)+&comma; RS814(RP)+&comma; RS814&comma; RX1214(RP)<\/li>\n<li style='margin-bottom: 8px;'>13-series : RS10613xs+&comma; RS3413xs+&comma; RX1213sas<\/li>\n<li style='margin-bottom: 8px;'>12-series : RS3412(RP)xs&comma; RS2212(RP)+&comma; RS812(RP)+&comma; RS812<\/li>\n<li style='margin-bottom: 8px;'>11-series : RS3411(RP)xs&comma; RS2211(RP)+&comma; RS411&comma; RX1211(RP)<\/li>\n<li style='margin-bottom: 8px;'>10-series : RS810(RP)+&comma; RX410<\/li>\n<li style='margin-bottom: 8px;'>9-series : RS409(RP)+&comma; RS409&comma; RX4<\/li>\n<\/ul><\/div>\n<\/p><\/div>\n","protected":false},"excerpt":{"rendered":"<p>Rail kit para servidor Synology de rack<\/p>\n","protected":false},"featured_media":118946,"comment_status":"open","ping_status":"closed","template":"","meta":[],"product_brand":[],"product_cat":[2315],"product_tag":[93,2065,1976],"class_list":{"0":"post-118947","1":"product","2":"type-product","3":"status-publish","4":"has-post-thumbnail","6":"product_cat-accesorios-servidores-almacenamiento","7":"product_tag-accesorios","8":"product_tag-servidores-almacenamiento","9":"product_tag-synology","11":"first","12":"outofstock","13":"sale","14":"shipping-taxable","15":"purchasable","16":"product-type-simple"},"_links":{"self":[{"href":"https:\/\/soydeaqui.ddns.net\/pachuca\/index.php\/wp-json\/wp\/v2\/product\/118947","targetHints":{"allow":["GET"]}}],"collection":[{"href":"https:\/\/soydeaqui.ddns.net\/pachuca\/index.php\/wp-json\/wp\/v2\/product"}],"about":[{"href":"https:\/\/soydeaqui.ddns.net\/pachuca\/index.php\/wp-json\/wp\/v2\/types\/product"}],"replies":[{"embeddable":true,"href":"https:\/\/soydeaqui.ddns.net\/pachuca\/index.php\/wp-json\/wp\/v2\/comments?post=118947"}],"wp:featuredmedia":[{"embeddable":true,"href":"https:\/\/soydeaqui.ddns.net\/pachuca\/index.php\/wp-json\/wp\/v2\/media\/118946"}],"wp:attachment":[{"href":"https:\/\/soydeaqui.ddns.net\/pachuca\/index.php\/wp-json\/wp\/v2\/media?parent=118947"}],"wp:term":[{"taxonomy":"product_brand","embeddable":true,"href":"https:\/\/soydeaqui.ddns.net\/pachuca\/index.php\/wp-json\/wp\/v2\/product_brand?post=118947"},{"taxonomy":"product_cat","embeddable":true,"href":"https:\/\/soydeaqui.ddns.net\/pachuca\/index.php\/wp-json\/wp\/v2\/product_cat?post=118947"},{"taxonomy":"product_tag","embeddable":true,"href":"https:\/\/soydeaqui.ddns.net\/pachuca\/index.php\/wp-json\/wp\/v2\/product_tag?post=118947"}],"curies":[{"name":"wp","href":"https:\/\/api.w.org\/{rel}","templated":true}]}}