{"id":118937,"date":"2026-03-24T04:39:07","date_gmt":"2026-03-24T04:39:07","guid":{"rendered":"https:\/\/soydeaqui.ddns.net\/pachuca\/index.php\/producto\/kit-extensor-hdmi-en-placas-de-pared-para-distancias-de-40-metros-resolucion-1080p-60-hz-cat-6-6a-7-hdr-cero-latencia-soporta-control-remoto-placa-de-pared-de-2-74-x-4-49-taman\/"},"modified":"2026-03-24T04:39:18","modified_gmt":"2026-03-24T04:39:18","slug":"kit-extensor-hdmi-en-placas-de-pared-para-distancias-de-40-metros-resolucion-1080p-60-hz-cat-6-6a-7-hdr-cero-latencia-soporta-control-remoto-placa-de-pared-de-2-74-x-4-49-taman","status":"publish","type":"product","link":"https:\/\/soydeaqui.ddns.net\/pachuca\/index.php\/producto\/kit-extensor-hdmi-en-placas-de-pared-para-distancias-de-40-metros-resolucion-1080p-60-hz-cat-6-6a-7-hdr-cero-latencia-soporta-control-remoto-placa-de-pared-de-2-74-x-4-49-taman\/","title":{"rendered":"Kit Extensor HDMI en PLACAS DE PARED para distancias de 40 metros \/ Resoluci\u00f3n 1080P @ 60 Hz \/ Cat 6\/6A\/ 7 \/ HDR\/ Cero Latencia \/ Soporta Control Remoto \/ Placa de pared de 2.74 x 4.49\u201d (tama\u00f1o est\u00e1ndar de EE.UU.)."},"content":{"rendered":"<div style='width: 100%; max-width: 1200px; margin: 0 auto; font-family: sans-serif; line-height: 1.6; color: inherit; background-color: transparent;'>\n<div style='width: 100%; max-width: 1200px; margin: 0 auto; font-family: sans-serif; line-height: 1.6; color: inherit; background-color: transparent;'>\n<div style='display: flex; flex-direction: column; align-items: center; text-align: center; margin-bottom: 30px;'>\n<h1 style='font-size: 24px; font-weight: bold; margin: 0; color: inherit;'>TT372W<\/h1>\n<h3 style='font-size: 18px; margin: 10px 0 20px; color: inherit;'>Placas de pared de extensi\u00f3n HDMI sobre Cat6 a 40 metros&comma; con control IR&comma; compatible con HDCP<\/h3>\n<p style='font-size: 15px; margin: 0 70px; color: inherit;'>El extensor de placa de pared HDMI es un extensor de tipo enchufe. Est\u00e1 compuesto por un emisor y un receptor fijados por separado en la pared y puede transmitir hasta 40 metros a trav\u00e9s de un solo cable CAT6. La se\u00f1al IR es compatible para permitir el control del dispositivo fuente al final de la pantalla&#8230;<\/p>\n<\/p><\/div>\n<div style='display: flex; flex-wrap: wrap; gap: 30px; margin-bottom: 30px;'>\n<div style='flex: 1 1 300px; min-width: 280px;'>\n<h3 style='font-size: 22px; border-bottom: 2px solid currentColor; padding-bottom: 5px; margin-top: 0; color: inherit; opacity: 0.8;'>Caracter\u00edsticas<\/h3>\n<ul style='padding-left: 20px; font-size: 15px; color: inherit;'>\n<li style='margin-bottom: 5px;'>HDMI sobre Solo CAT a 40M<\/li>\n<li style='margin-bottom: 5px;'>Soporta resoluci\u00f3n de hasta 1080P @ 60Hz<\/li>\n<li style='margin-bottom: 5px;'>Sin comprimir y latencia nula<\/li>\n<li style='margin-bottom: 5px;'>Transmisi\u00f3n IR para control remoto<\/li>\n<\/ul><\/div>\n<div style='flex: 1 1 300px; min-width: 280px;'>\n<h3 style='font-size: 22px; border-bottom: 2px solid currentColor; padding-bottom: 5px; margin-top: 0; color: inherit; opacity: 0.8;'>Especificaciones<\/h3>\n<ul style='padding-left: 20px; font-size: 15px; color: inherit;'>\n<li style='margin-bottom: 5px;'><strong>Requiere alimentaci\u00f3n de:<\/strong> 100-240Vca 50\/60Hz en el Transmisor y Receptor<\/li>\n<li style='margin-bottom: 5px;'>Tama\u00f1o de la placa de pared 69&comma;5 x 114 mm.<\/li>\n<li style='margin-bottom: 5px;'>Peso : 150 g * 2 piezas<\/li>\n<li style='margin-bottom: 5px;'>Dimensiones : 114 ( L ) x 70 ( W ) x 39 ( H ) mm * 2 piezas<\/li>\n<\/ul><\/div>\n<div style='flex: 1 1 300px; min-width: 280px;'>\n<h3 style='font-size: 22px; border-bottom: 2px solid currentColor; padding-bottom: 5px; margin-top: 0; color: inherit; opacity: 0.8;'>Compatibilidad<\/h3>\n<ul style='padding-left: 20px; font-size: 15px; color: inherit;'>\n<li style='margin-bottom: 5px;'>Conformidad HDMI 1.4a<\/li>\n<li style='margin-bottom: 5px;'>Cumplimiento de HDCP 1.2a<\/li>\n<li style='margin-bottom: 5px;'>Ancho de banda de video 225 MHz (10.2 Gbps)<\/li>\n<li style='margin-bottom: 5px;'>Rango de frecuencia de IR 20-60KHz<\/li>\n<li style='margin-bottom: 5px;'>Soporta PCM&comma; AC3&comma; DTS<\/li>\n<li style='margin-bottom: 5px;'><strong>1 A\u00f1o de Garant\u00eda<\/strong><\/li>\n<\/ul><\/div>\n<\/p><\/div>\n<div style='display: flex; flex-direction: column; align-items: center; text-align: center; margin-bottom: 30px;'>\n<h4 style='color: red; margin: 0; font-size: 16px;'>*Requiere alimentaci\u00f3n de:100-240Vca 50 \/ 60Hz<\/h4>\n<\/p><\/div>\n<div style='display: flex; flex-wrap: wrap; gap: 30px; justify-content: center; margin-bottom: 30px;'> <img style='width: 100%; max-width: 600px; height: auto; border: 1px solid rgba(150&comma;150&comma;150&comma;0.3); border-radius: 8px;' src='http:\/\/ftp3.syscom.mx\/usuarios\/hallende\/EPCOM%20Titanium\/TT-372-W\/TT372W-Esp..jpg' alt=''> <img style='width: 100%; max-width: 600px; height: auto; border: 1px solid rgba(150&comma;150&comma;150&comma;0.3); border-radius: 8px;' src='https:\/\/ftp3.syscom.mx\/usuarios\/fotos\/TT372W\/93278-hdmi_extender.gif' alt=''> <\/div>\n<div style='position: relative; padding-bottom: 56.25%; height: 0; overflow: hidden; margin-bottom: 30px;'>   <\/div>\n<hr style='border: 0; border-top: 1px solid rgba(150&comma; 150&comma; 150&comma; 0.3); margin: 30px 0;'> <\/div>\n<\/p><\/div>\n","protected":false},"excerpt":{"rendered":"<p>Kit Extensor HDMI en PLACAS DE PARED para distancias de 40 metros \/ Resoluci\u00f3n 1080P @ 60 Hz \/ Cat 6\/6A\/ 7 \/ HDR\/ Cero Latencia \/ Soporta Control Remoto \/ Placa de pared de 2.74 x 4.49\u201d (tama\u00f1o est\u00e1ndar de EE.UU.).<\/p>\n","protected":false},"featured_media":118936,"comment_status":"open","ping_status":"closed","template":"","meta":[],"product_brand":[],"product_cat":[2073,2074,2077,2075,2072,2076],"product_tag":[417,2079,2080,2083,507,2081,2078,2082],"class_list":{"0":"post-118937","1":"product","2":"type-product","3":"status-publish","4":"has-post-thumbnail","6":"product_cat-convertidores","7":"product_cat-divisores","8":"product_cat-dvi","9":"product_cat-hdmi","10":"product_cat-kits-extensores","11":"product_cat-vga","12":"product_tag-accesorios-generales","13":"product_tag-convertidores","14":"product_tag-divisores","15":"product_tag-dvi","16":"product_tag-epcom-titanium","17":"product_tag-hdmi","18":"product_tag-kits-extensores","19":"product_tag-vga","21":"first","22":"instock","23":"sale","24":"shipping-taxable","25":"purchasable","26":"product-type-simple"},"_links":{"self":[{"href":"https:\/\/soydeaqui.ddns.net\/pachuca\/index.php\/wp-json\/wp\/v2\/product\/118937","targetHints":{"allow":["GET"]}}],"collection":[{"href":"https:\/\/soydeaqui.ddns.net\/pachuca\/index.php\/wp-json\/wp\/v2\/product"}],"about":[{"href":"https:\/\/soydeaqui.ddns.net\/pachuca\/index.php\/wp-json\/wp\/v2\/types\/product"}],"replies":[{"embeddable":true,"href":"https:\/\/soydeaqui.ddns.net\/pachuca\/index.php\/wp-json\/wp\/v2\/comments?post=118937"}],"wp:featuredmedia":[{"embeddable":true,"href":"https:\/\/soydeaqui.ddns.net\/pachuca\/index.php\/wp-json\/wp\/v2\/media\/118936"}],"wp:attachment":[{"href":"https:\/\/soydeaqui.ddns.net\/pachuca\/index.php\/wp-json\/wp\/v2\/media?parent=118937"}],"wp:term":[{"taxonomy":"product_brand","embeddable":true,"href":"https:\/\/soydeaqui.ddns.net\/pachuca\/index.php\/wp-json\/wp\/v2\/product_brand?post=118937"},{"taxonomy":"product_cat","embeddable":true,"href":"https:\/\/soydeaqui.ddns.net\/pachuca\/index.php\/wp-json\/wp\/v2\/product_cat?post=118937"},{"taxonomy":"product_tag","embeddable":true,"href":"https:\/\/soydeaqui.ddns.net\/pachuca\/index.php\/wp-json\/wp\/v2\/product_tag?post=118937"}],"curies":[{"name":"wp","href":"https:\/\/api.w.org\/{rel}","templated":true}]}}