{"id":118918,"date":"2026-03-24T04:38:07","date_gmt":"2026-03-24T04:38:07","guid":{"rendered":"https:\/\/soydeaqui.ddns.net\/pachuca\/index.php\/producto\/transceptor-receptor-de-video-activo-de-largo-alcance-400-metros-con-receptor-activo-tt4501t-resolucion-2-mp-compatible-con-camaras-hd-tvi-cvi-ahd-cvbs-proteccion-interconstruida-contra-sob\/"},"modified":"2026-03-24T04:38:23","modified_gmt":"2026-03-24T04:38:23","slug":"transceptor-receptor-de-video-activo-de-largo-alcance-400-metros-con-receptor-activo-tt4501t-resolucion-2-mp-compatible-con-camaras-hd-tvi-cvi-ahd-cvbs-proteccion-interconstruida-contra-sob","status":"publish","type":"product","link":"https:\/\/soydeaqui.ddns.net\/pachuca\/index.php\/producto\/transceptor-receptor-de-video-activo-de-largo-alcance-400-metros-con-receptor-activo-tt4501t-resolucion-2-mp-compatible-con-camaras-hd-tvi-cvi-ahd-cvbs-proteccion-interconstruida-contra-sob\/","title":{"rendered":"(TRANSCEPTOR) RECEPTOR DE VIDEO ACTIVO DE LARGO ALCANCE \/  400 Metros con RECEPTOR ACTIVO TT4501T \/ Resoluci\u00f3n 2 MP \/ Compatible con c\u00e1maras HD-TVI\/CVI\/AHD\/CVBS \/ Protecci\u00f3n Interconstruida contra sobretensi\u00f3n."},"content":{"rendered":"<div style='width: 100%; max-width: 1200px; margin: 0 auto; font-family: sans-serif; line-height: 1.6; color: inherit; background-color: transparent;'>\n<div style='width: 100%; text-align: center; margin-bottom: 30px;'>\n<h1 style='font-size: 28px; color: inherit; margin: 0 0 10px 0;'><strong>TT-4501R<\/strong><\/h1>\n<h3 style='font-size: 20px; color: inherit; margin: 0 0 20px 0;'>Receptor de Video Activo TurboHD HD-TVI \/ 400 Metros \/ Compatible 2\/1 Megapixel<\/h3>\n<p style='font-size: 15px; color: inherit; margin: 0 10% 30px 10%;'>El balun de video TT4501R es un dispositivo activo (amplificado) que permite la transmisi\u00f3n de se\u00f1al de video CCTV HD en tiempo real a trav\u00e9s de un cable de par trenzado sin blindaje (UTP). El TT4501R se puede utilizar con el transmisor activo de TT4501T que es compatible con todas las c\u00e1maras anal\u00f3gicas HD-TVI&comma; HD-CVI&comma; AHD y CVBS. La distancia de transmisi\u00f3n dentro de un cierto rango se puede ajustar de manera flexible mediante el interruptor de dial del TT4501R. El TT4501R es un supresor de sobretensi\u00f3n integrado para proteger el equipo de video contra picos de voltaje da\u00f1inos. Su inmunidad al ruido y diafon\u00eda aseguran se\u00f1ales de video de calidad.<\/p>\n<\/p><\/div>\n<div style='display: flex; flex-wrap: wrap; gap: 30px; margin-bottom: 30px;'>\n<div style='flex: 1 1 300px; min-width: 280px;'>\n<div style='border: 1px solid rgba(150&comma;150&comma;150&comma;0.3); border-radius: 8px; overflow: hidden; height: 100%; display: flex; flex-direction: column;'>\n<div style='background-color: rgba(150&comma;150&comma;150&comma;0.1); padding: 15px; border-bottom: 1px solid rgba(150&comma;150&comma;150&comma;0.3); font-weight: bold; font-size: 18px; color: inherit;'>Caracter\u00edsticas Principales<\/div>\n<div style='padding: 15px; color: inherit;'> <img style='width: 100%; height: auto; border: 1px solid rgba(150&comma;150&comma;150&comma;0.3); border-radius: 8px;' src='http:\/\/ftp3.syscom.mx\/usuarios\/hallende\/FolkTitanium\/TT-4501R\/TT4501R-h.png' alt=''> <\/p>\n<ul style='padding-left: 20px; margin: 15px 0 0 20px; font-size: 14px; color: inherit;'>\n<li style='margin-bottom: 8px;'>Receptor de video activo TURBOHD<\/li>\n<li style='margin-bottom: 8px;'>Transmisi\u00f3n en tiempo real por cable UTP cat 5e\/6<\/li>\n<li style='margin-bottom: 8px;'>Formatos de video compatibles NTSC&comma; PAL&comma; SECAM<\/li>\n<li style='margin-bottom: 8px;'>Compatible con c\u00e1maras anal\u00f3gicas HD-TVI (TurboHD)&comma; CVI&comma; AHD y CVBS<\/li>\n<li style='margin-bottom: 8px;'>Conectores macho en BNC<\/li>\n<li style='margin-bottom: 8px;'>Terminales tipo pin para cable UTP<\/li>\n<\/ul><\/div>\n<\/p><\/div>\n<\/p><\/div>\n<div style='flex: 1 1 300px; min-width: 280px;'>\n<div style='border: 1px solid rgba(150&comma;150&comma;150&comma;0.3); border-radius: 8px; overflow: hidden; height: 100%; display: flex; flex-direction: column;'>\n<div style='background-color: rgba(150&comma;150&comma;150&comma;0.1); padding: 15px; border-bottom: 1px solid rgba(150&comma;150&comma;150&comma;0.3); font-weight: bold; font-size: 18px; color: inherit;'>Caracter\u00edsticas F\u00edsicas y El\u00e9ctricas<\/div>\n<div style='padding: 15px; color: inherit;'> <img style='width: 100%; height: auto; border: 1px solid rgba(150&comma;150&comma;150&comma;0.3); border-radius: 8px;' src='http:\/\/ftp3.syscom.mx\/usuarios\/hallende\/FolkTitanium\/TT-4501R\/TT4501R-LAT-DER-h.png' alt=''> <\/p>\n<ul style='padding-left: 20px; margin: 15px 0 0 20px; font-size: 14px; color: inherit;'>\n<li style='margin-bottom: 8px;'>Alimentaci\u00f3n del receptor en 12 Vcc<\/li>\n<li style='margin-bottom: 8px;'>Impedancia 75 ohms<\/li>\n<li style='margin-bottom: 8px;'>Color: Negro<\/li>\n<li style='margin-bottom: 8px;'>Temperatura de operaci\u00f3n: -5\u00b0C a 45\u00b0C<\/li>\n<li style='margin-bottom: 8px;'>Dimensiones (L x W x H): 80 x 40 x 24.5 mm<\/li>\n<li style='margin-bottom: 8px;'>Peso: 240 gramos<\/li>\n<\/ul><\/div>\n<\/p><\/div>\n<\/p><\/div>\n<div style='flex: 1 1 300px; min-width: 280px;'>\n<div style='border: 1px solid rgba(150&comma;150&comma;150&comma;0.3); border-radius: 8px; overflow: hidden; height: 100%; display: flex; flex-direction: column;'>\n<div style='background-color: rgba(150&comma;150&comma;150&comma;0.1); padding: 15px; border-bottom: 1px solid rgba(150&comma;150&comma;150&comma;0.3); font-weight: bold; font-size: 18px; color: inherit;'>Caracter\u00edsticas Destacadas<\/div>\n<div style='padding: 15px; color: inherit;'> <img style='width: 100%; height: auto; border: 1px solid rgba(150&comma;150&comma;150&comma;0.3); border-radius: 8px;' src='http:\/\/ftp3.syscom.mx\/usuarios\/hallende\/FolkTitanium\/TT-4501R\/TT4501R-AD-2-h.png' alt=''> <\/p>\n<ul style='padding-left: 20px; margin: 15px 0 0 20px; font-size: 14px; color: inherit;'>\n<li style='margin-bottom: 8px;'>Protecci\u00f3n interconstruida contra sobretensi\u00f3n<\/li>\n<li style='margin-bottom: 8px;'>Dise\u00f1o de filtro de onda anti-est\u00e1tico<\/li>\n<li style='margin-bottom: 8px;'>Inmunidad al ruido de 60 dB<\/li>\n<li style='margin-bottom: 8px;'>Dise\u00f1o de protecci\u00f3n contra rayos Grado: III<\/li>\n<li style='margin-bottom: 8px;'>Carcasa de pl\u00e1stico de ingenier\u00eda ABS<\/li>\n<li style='margin-bottom: 8px;'>Se recomienda el uso del TT4501R con cableado de par trenzado sin blindaje (UTP) de 24AWG a 22AWG<\/li>\n<li style='margin-bottom: 8px;'>*Precio por receptor<\/li>\n<li style='margin-bottom: 8px;'>Nota.- No soporta tecnolog\u00eda coaxitron<\/li>\n<\/ul><\/div>\n<\/p><\/div>\n<\/p><\/div>\n<\/p><\/div>\n<div style='width: 100%; margin: 30px 0;'> <img style='width: 100%; height: auto; border: 1px solid rgba(150&comma;150&comma;150&comma;0.3); border-radius: 8px;' src='http:\/\/ftp3.syscom.mx\/usuarios\/maguilar\/EpcomTitanium\/DISTANCIA-DE-TRANSCEPTORES-ES.jpg' alt=''> <\/div>\n<\/p><\/div>\n","protected":false},"excerpt":{"rendered":"<p>(TRANSCEPTOR) RECEPTOR DE VIDEO ACTIVO DE LARGO ALCANCE \/  400 Metros con RECEPTOR ACTIVO TT4501T \/ Resoluci\u00f3n 2 MP \/ Compatible con c\u00e1maras HD-TVI\/CVI\/AHD\/CVBS \/ Protecci\u00f3n Interconstruida contra sobretensi\u00f3n.<\/p>\n","protected":false},"featured_media":118917,"comment_status":"open","ping_status":"closed","template":"","meta":[],"product_brand":[],"product_cat":[2327],"product_tag":[417,507,2328],"class_list":{"0":"post-118918","1":"product","2":"type-product","3":"status-publish","4":"has-post-thumbnail","6":"product_cat-transceptores-de-video","7":"product_tag-accesorios-generales","8":"product_tag-epcom-titanium","9":"product_tag-transceptores-de-video","11":"first","12":"instock","13":"sale","14":"shipping-taxable","15":"purchasable","16":"product-type-simple"},"_links":{"self":[{"href":"https:\/\/soydeaqui.ddns.net\/pachuca\/index.php\/wp-json\/wp\/v2\/product\/118918","targetHints":{"allow":["GET"]}}],"collection":[{"href":"https:\/\/soydeaqui.ddns.net\/pachuca\/index.php\/wp-json\/wp\/v2\/product"}],"about":[{"href":"https:\/\/soydeaqui.ddns.net\/pachuca\/index.php\/wp-json\/wp\/v2\/types\/product"}],"replies":[{"embeddable":true,"href":"https:\/\/soydeaqui.ddns.net\/pachuca\/index.php\/wp-json\/wp\/v2\/comments?post=118918"}],"wp:featuredmedia":[{"embeddable":true,"href":"https:\/\/soydeaqui.ddns.net\/pachuca\/index.php\/wp-json\/wp\/v2\/media\/118917"}],"wp:attachment":[{"href":"https:\/\/soydeaqui.ddns.net\/pachuca\/index.php\/wp-json\/wp\/v2\/media?parent=118918"}],"wp:term":[{"taxonomy":"product_brand","embeddable":true,"href":"https:\/\/soydeaqui.ddns.net\/pachuca\/index.php\/wp-json\/wp\/v2\/product_brand?post=118918"},{"taxonomy":"product_cat","embeddable":true,"href":"https:\/\/soydeaqui.ddns.net\/pachuca\/index.php\/wp-json\/wp\/v2\/product_cat?post=118918"},{"taxonomy":"product_tag","embeddable":true,"href":"https:\/\/soydeaqui.ddns.net\/pachuca\/index.php\/wp-json\/wp\/v2\/product_tag?post=118918"}],"curies":[{"name":"wp","href":"https:\/\/api.w.org\/{rel}","templated":true}]}}