{"id":118916,"date":"2026-03-24T04:38:02","date_gmt":"2026-03-24T04:38:02","guid":{"rendered":"https:\/\/soydeaqui.ddns.net\/pachuca\/index.php\/producto\/kit-turbohd-1080p-dvr-16-canales-16-camaras-bala-exterior-2-8-mm-transceptores-conectores-fuente-de-poder-profesional\/"},"modified":"2026-03-24T04:38:04","modified_gmt":"2026-03-24T04:38:04","slug":"kit-turbohd-1080p-dvr-16-canales-16-camaras-bala-exterior-2-8-mm-transceptores-conectores-fuente-de-poder-profesional","status":"publish","type":"product","link":"https:\/\/soydeaqui.ddns.net\/pachuca\/index.php\/producto\/kit-turbohd-1080p-dvr-16-canales-16-camaras-bala-exterior-2-8-mm-transceptores-conectores-fuente-de-poder-profesional\/","title":{"rendered":"KIT TurboHD 1080p \/ DVR 16 Canales \/ 16 C\u00e1maras Bala (exterior 2.8 mm) \/ Transceptores \/ Conectores \/ Fuente de Poder Profesional"},"content":{"rendered":"<div style='width: 100%; max-width: 1200px; margin: 0 auto; font-family: sans-serif; line-height: 1.6; color: inherit; background-color: transparent;'>\n<p style='text-align: center;'><img style='width: 45%; height: auto; border: 1px solid rgba(150&comma;150&comma;150&comma;0.3); border-radius: 8px;' src='https:\/\/ftp3.syscom.mx\/usuarios\/jsosa\/HIKVISION\/imagenes\/logo\/hikvision%20see%20far.png' alt='Logo Hikvision'><\/p>\n<div style='display: flex; flex-wrap: wrap; gap: 30px; margin-bottom: 30px;'>\n<div style='flex: 1 1 300px; min-width: 280px;'>\n<h3 style='font-size: 22px; border-bottom: 2px solid currentColor; padding-bottom: 5px; margin-top: 0; color: inherit; opacity: 0.8;'>Incluye<\/h3>\n<ul style='padding-left: 20px; font-size: 15px; color: inherit; list-style-type: disc;'>\n<li style='margin-bottom: 5px;'><a style='color: inherit; text-decoration: none;' href='https:\/\/www.syscom.mx\/producto\/IDS-7216HQHI-M1\/S(C)-HIKVISION-203843.html' target='_blank' rel='noopener'>1 x IDS-7216HQHI-M1\/S(C)<\/a><\/li>\n<li style='margin-bottom: 5px;'><a style='color: inherit; text-decoration: none;' href='https:\/\/www.syscom.mx\/producto\/DS-2CE16D0T-ITF(C)-HIKVISION-197091.html' target='_blank' rel='noopener'>16 x DS-2CE16D0T-ITF(C)<\/a><\/li>\n<li style='margin-bottom: 5px;'><a style='color: inherit; text-decoration: none;' href='https:\/\/www.syscom.mx\/producto\/TT-101-F-TURBO-EPCOM-TITANIUM-75489.html' target='_blank' rel='noopener'>16 x TT-101-F-TURBO<\/a><\/li>\n<li style='margin-bottom: 5px;'><a style='color: inherit; text-decoration: none;' href='https:\/\/www.syscom.mx\/producto\/JR-52-EPCOM-POWERLINE-38012.html' target='_blank' rel='noopener'>16 x JR-52<\/a><\/li>\n<li style='margin-bottom: 5px;'><a style='color: inherit; text-decoration: none;' href='https:\/\/www.syscom.mx\/producto\/XP18DC20HD-EPCOM-POWERLINE-139198.html'>1 x XP18DC20HD<\/a><\/li>\n<\/ul><\/div>\n<\/p><\/div>\n<div style='display: flex; flex-wrap: wrap; gap: 20px; margin-bottom: 30px;'>\n<div style='flex: 1 1 250px; border: 1px solid rgba(150&comma; 150&comma; 150&comma; 0.4); border-radius: 8px; overflow: hidden; display: flex; flex-direction: column;'>\n<div style='padding: 15px; border-bottom: 1px solid rgba(150&comma; 150&comma; 150&comma; 0.2); font-weight: bold; font-size: 18px; color: inherit;'>iDS-7216HQHI-M1\/S(C)<\/div>\n<div style='padding: 15px; color: inherit;'> <img style='width: 100%; height: auto; border: 1px solid rgba(150&comma;150&comma;150&comma;0.3); border-radius: 8px; margin-bottom: 15px;' src='https:\/\/ftp3.syscom.mx\/usuarios\/fotos\/BancoFotografiasSyscom\/HIKVISION\/IDS7216HQHIM1_S\/IDS7216HQHIM1_S-p.PNG' alt='iDS-7216HQHI-M1\/S(C)'> <\/p>\n<ul style='padding-left: 20px; margin: 0; font-size: 14px; list-style-type: disc;'>\n<li style='margin-bottom: 5px;'>Soporta audio en todos sus canales por coaxitron utilizando c\u00e1maras con audio integrado (<a style='color: inherit; text-decoration: none;' href='https:\/\/www.syscom.mx\/principal\/promociones\/camaras_hikvision_-_audio_por_coaxitron-5013.html?ordenar=Relevancia&#038;pag=1' target='_blank' rel='noopener'>ver modelos compatibles<\/a>)<\/li>\n<li style='margin-bottom: 5px;'>Soporta 4MP lite.<\/li>\n<li style='margin-bottom: 5px;'>Visualizaci\u00f3n remota desde HikConnect (<a style='color: inherit; text-decoration: none;' href='https:\/\/appstore.hikvision.com\/' target='_blank' rel='noopener'>descargar aplicaci\u00f3n<\/a>)<\/li>\n<li style='margin-bottom: 5px;'>Cuenta con b\u00fasquedas avanzadas de inteligencia artificial para detectar humanos y veh\u00edculos mucho m\u00e1s r\u00e1pido.<\/li>\n<\/ul><\/div>\n<\/p><\/div>\n<div style='flex: 1 1 250px; border: 1px solid rgba(150&comma; 150&comma; 150&comma; 0.4); border-radius: 8px; overflow: hidden; display: flex; flex-direction: column;'>\n<div style='padding: 15px; border-bottom: 1px solid rgba(150&comma; 150&comma; 150&comma; 0.2); font-weight: bold; font-size: 18px; color: inherit;'>DS-2CE16D0T-ITF(C)<\/div>\n<div style='padding: 15px; color: inherit;'> <img style='width: 100%; height: auto; border: 1px solid rgba(150&comma;150&comma;150&comma;0.3); border-radius: 8px; margin-bottom: 15px;' src='https:\/\/ftp3.syscom.mx\/usuarios\/fotos\/BancoFotografiasSyscom\/HIKVISION\/DS2CE16D0TITF\/DS2CE16D0TITF-p.PNG' alt='DS-2CE16D0T-ITF(C)'> <\/p>\n<ul style='padding-left: 20px; margin: 0; font-size: 14px; list-style-type: disc;'>\n<li style='margin-bottom: 5px;'>Lente fijo: 2.8 mm (\u00e1ngulo de apertura 99\u00b0).<\/li>\n<li style='margin-bottom: 5px;'>30 mts IR EXIR (visi\u00f3n nocturna).<\/li>\n<li style='margin-bottom: 5px;'>Soporta 4 tecnolog\u00edas seleccionables (TVI \/ AHD \/ CVI \/ CVBS).<\/li>\n<\/ul><\/div>\n<\/p><\/div>\n<div style='flex: 1 1 250px; border: 1px solid rgba(150&comma; 150&comma; 150&comma; 0.4); border-radius: 8px; overflow: hidden; display: flex; flex-direction: column;'>\n<div style='padding: 15px; border-bottom: 1px solid rgba(150&comma; 150&comma; 150&comma; 0.2); font-weight: bold; font-size: 18px; color: inherit;'>TT-101-F-TURBO<\/div>\n<div style='padding: 15px; color: inherit;'> <img style='width: 100%; height: auto; border: 1px solid rgba(150&comma;150&comma;150&comma;0.3); border-radius: 8px; margin-bottom: 15px;' src='https:\/\/ftp3.syscom.mx\/usuarios\/fotos\/BancoFotografiasSyscom\/EPCOMTITANIUM\/TT101FTURBO\/TT101FTURBO-p.PNG' alt='TT-101-F-TURBO'> <\/p>\n<ul style='padding-left: 20px; margin: 0; font-size: 14px; list-style-type: disc;'>\n<li style='margin-bottom: 5px;'>Kit de transceptores pasivos TURBOHD<\/li>\n<li style='margin-bottom: 5px;'>Transmisi\u00f3n en tiempo real por cable UTP cat 5e\/6<\/li>\n<\/ul><\/div>\n<\/p><\/div>\n<div style='flex: 1 1 250px; border: 1px solid rgba(150&comma; 150&comma; 150&comma; 0.4); border-radius: 8px; overflow: hidden; display: flex; flex-direction: column;'>\n<div style='padding: 15px; border-bottom: 1px solid rgba(150&comma; 150&comma; 150&comma; 0.2); font-weight: bold; font-size: 18px; color: inherit;'>JR-52<\/div>\n<div style='padding: 15px; color: inherit;'> <img style='width: 100%; height: auto; border: 1px solid rgba(150&comma;150&comma;150&comma;0.3); border-radius: 8px; margin-bottom: 15px;' src='https:\/\/ftp3.syscom.mx\/usuarios\/jsosa\/HIKVISION\/imagenes\/JR52%20copia.png' alt='JR-52'> <\/p>\n<ul style='padding-left: 20px; margin: 0; font-size: 14px; list-style-type: disc;'>\n<li style='margin-bottom: 5px;'>Terminales Positivo- Negativo tipo tornillo.<\/li>\n<li style='margin-bottom: 5px;'>Cable sugerido: calibre 18.<\/li>\n<\/ul><\/div>\n<\/p><\/div>\n<div style='flex: 1 1 250px; border: 1px solid rgba(150&comma; 150&comma; 150&comma; 0.4); border-radius: 8px; overflow: hidden; display: flex; flex-direction: column;'>\n<div style='padding: 15px; border-bottom: 1px solid rgba(150&comma; 150&comma; 150&comma; 0.2); font-weight: bold; font-size: 18px; color: inherit;'>XP18DC20HD<\/div>\n<div style='padding: 15px; color: inherit;'> <img style='width: 100%; height: auto; border: 1px solid rgba(150&comma;150&comma;150&comma;0.3); border-radius: 8px; margin-bottom: 15px;' src='https:\/\/ftp3.syscom.mx\/cdn-cgi\/image\/format=webp&comma;width=800&comma;height=800&comma;quality=95&comma;fit=contain\/usuarios\/fotos\/BancoFotografiasSyscom\/EPCOMPOWERLINE\/XP18DC20HD\/XP18DC20HD-l.PNG' alt='XP18DC20HD'> <\/p>\n<ul style='padding-left: 20px; margin: 0; font-size: 14px; list-style-type: disc;'>\n<li style='margin-bottom: 5px;'>Fuente de poder alto desempe\u00f1o y con potenci\u00f3metro para regular la corriente entre 11 &#8211; 15Vcc&comma; 20A \/ 18 Canales<\/li>\n<li style='margin-bottom: 5px;'>OVP (Over Voltaje Protection): Protecci\u00f3n contra Sobretensi\u00f3n<\/li>\n<li style='margin-bottom: 5px;'>OCP (Over Current Protection): Protecci\u00f3n contra Sobrecorriente<\/li>\n<li style='margin-bottom: 5px;'>OTP (Over Temperature Protection): Protecci\u00f3n contra Sobretemperatura<\/li>\n<li style='margin-bottom: 5px;'>SCP (Short Circuit Protection): Protecci\u00f3n contra Cortocircuito<\/li>\n<li style='margin-bottom: 5px;'><a style='color: inherit; text-decoration: none;' href='https:\/\/www.syscom.mx\/producto\/XP18DC20HD-EPCOM-POWERLINE-139198.html'>M\u00e1s informaci\u00f3n<\/a><\/li>\n<\/ul><\/div>\n<\/p><\/div>\n<\/p><\/div>\n<p style='text-align: center;'><img style='width: 100%; height: auto; border: 1px solid rgba(150&comma;150&comma;150&comma;0.3); border-radius: 8px;' src='https:\/\/ftp3.syscom.mx\/usuarios\/jsosa\/HIKVISION\/imagenes\/banners\/solution%20complete.png' alt='Soluci\u00f3n completa'><\/p>\n<hr style='border: 0; border-top: 1px solid rgba(150&comma; 150&comma; 150&comma; 0.3); margin: 30px 0;'> <\/div>\n","protected":false},"excerpt":{"rendered":"<p>KIT TurboHD 1080p \/ DVR 16 Canales \/ 16 C\u00e1maras Bala (exterior 2.8 mm) \/ Transceptores \/ Conectores \/ Fuente de Poder Profesional<\/p>\n","protected":false},"featured_media":118915,"comment_status":"open","ping_status":"closed","template":"","meta":[],"product_brand":[],"product_cat":[2246],"product_tag":[54,2232,2247],"class_list":{"0":"post-118916","1":"product","2":"type-product","3":"status-publish","4":"has-post-thumbnail","6":"product_cat-turbohd-de-16-canales","7":"product_tag-hikvision","8":"product_tag-kits-sistemas-completos","9":"product_tag-turbohd-de-16-canales","11":"first","12":"instock","13":"sale","14":"shipping-taxable","15":"purchasable","16":"product-type-simple"},"_links":{"self":[{"href":"https:\/\/soydeaqui.ddns.net\/pachuca\/index.php\/wp-json\/wp\/v2\/product\/118916","targetHints":{"allow":["GET"]}}],"collection":[{"href":"https:\/\/soydeaqui.ddns.net\/pachuca\/index.php\/wp-json\/wp\/v2\/product"}],"about":[{"href":"https:\/\/soydeaqui.ddns.net\/pachuca\/index.php\/wp-json\/wp\/v2\/types\/product"}],"replies":[{"embeddable":true,"href":"https:\/\/soydeaqui.ddns.net\/pachuca\/index.php\/wp-json\/wp\/v2\/comments?post=118916"}],"wp:featuredmedia":[{"embeddable":true,"href":"https:\/\/soydeaqui.ddns.net\/pachuca\/index.php\/wp-json\/wp\/v2\/media\/118915"}],"wp:attachment":[{"href":"https:\/\/soydeaqui.ddns.net\/pachuca\/index.php\/wp-json\/wp\/v2\/media?parent=118916"}],"wp:term":[{"taxonomy":"product_brand","embeddable":true,"href":"https:\/\/soydeaqui.ddns.net\/pachuca\/index.php\/wp-json\/wp\/v2\/product_brand?post=118916"},{"taxonomy":"product_cat","embeddable":true,"href":"https:\/\/soydeaqui.ddns.net\/pachuca\/index.php\/wp-json\/wp\/v2\/product_cat?post=118916"},{"taxonomy":"product_tag","embeddable":true,"href":"https:\/\/soydeaqui.ddns.net\/pachuca\/index.php\/wp-json\/wp\/v2\/product_tag?post=118916"}],"curies":[{"name":"wp","href":"https:\/\/api.w.org\/{rel}","templated":true}]}}