{"id":118909,"date":"2026-03-24T04:37:38","date_gmt":"2026-03-24T04:37:38","guid":{"rendered":"https:\/\/soydeaqui.ddns.net\/pachuca\/index.php\/producto\/microfono-omnidireccional-para-uso-en-captura-de-conversaciones-para-interior-con-distancia-de-recepcion-de-10-50-m-cuadrados\/"},"modified":"2026-03-24T04:37:52","modified_gmt":"2026-03-24T04:37:52","slug":"microfono-omnidireccional-para-uso-en-captura-de-conversaciones-para-interior-con-distancia-de-recepcion-de-10-50-m-cuadrados","status":"publish","type":"product","link":"https:\/\/soydeaqui.ddns.net\/pachuca\/index.php\/producto\/microfono-omnidireccional-para-uso-en-captura-de-conversaciones-para-interior-con-distancia-de-recepcion-de-10-50-m-cuadrados\/","title":{"rendered":"Micr\u00f3fono omnidireccional para uso en &#8221; CAPTURA DE CONVERSACIONES &#8221; para interior, con distancia de recepci\u00f3n de 10-50 m cuadrados"},"content":{"rendered":"<div style='width: 100%; max-width: 1200px; margin: 0 auto; font-family: sans-serif; line-height: 1.6; color: inherit; background-color: transparent;'>\n<div style='display: flex; flex-wrap: wrap; gap: 30px; margin-bottom: 30px;'>\n<div style='flex: 1 1 300px; min-width: 280px;'>\n<h3 style='font-size: 22px; border-bottom: 2px solid currentColor; padding-bottom: 5px; margin-top: 0; color: inherit; opacity: 0.8;'>Introducci\u00f3n<\/h3>\n<p><strong>EPCOM TITANIUM<\/strong> presenta su gama de micr\u00f3fonos de alta tecnolog\u00eda de f\u00e1cil interconexi\u00f3n en sistemas de seguridad profesional.<\/p>\n<h4 style='font-size: 18px; margin-top: 20px; margin-bottom: 10px; color: inherit;'>\u00c1reas de aplicaci\u00f3n:<\/h4>\n<ul style='padding-left: 20px; font-size: 15px; color: inherit;'>\n<li style='margin-bottom: 5px;'>Juicios orales<\/li>\n<li style='margin-bottom: 5px;'>Educaci\u00f3n<\/li>\n<li style='margin-bottom: 5px;'>Bancos<\/li>\n<li style='margin-bottom: 5px;'>Transporte<\/li>\n<li style='margin-bottom: 5px;'>Conferencias<\/li>\n<li style='margin-bottom: 5px;'>Casas de cambio<\/li>\n<li style='margin-bottom: 5px;'>Cl\u00ednicas de salud<\/li>\n<\/ul>\n<div style='background-color: rgba(255&comma; 235&comma; 59&comma; 0.1); border-left: 4px solid #f1c40f; padding: 15px; margin: 20px 0;'>\n<p style='margin: 0; color: inherit; font-size: 14px;'> <strong style='color: #e74c3c;'>Nota:<\/strong> Para obtener la mejor calidad de sonido&comma; se recomienda el uso de cables de audio de alta calidad como el modelo <a href='https:\/\/www.syscom.mx\/producto\/PRO-AUDIO-LINKEDPRO-BY-EPCOM-166947.html' target='_blank' rel='noopener' style='color: #3498db; text-decoration: none;'>PRO-AUDIO.<\/a> <\/p>\n<\/p><\/div>\n<h4 style='font-size: 18px; margin-top: 20px; margin-bottom: 10px; color: inherit;'>Certificaciones<\/h4>\n<ul style='padding-left: 20px; font-size: 15px; color: inherit;'>\n<li style='margin-bottom: 5px;'>Estos micr\u00f3fonos tienen certificaci\u00f3n CE&comma; FCC y RoHS.<\/li>\n<\/ul><\/div>\n<\/p><\/div>\n<div style='display: flex; flex-wrap: wrap; gap: 20px; margin-bottom: 30px;'>\n<div style='flex: 1 1 250px; border: 1px solid rgba(150&comma; 150&comma; 150&comma; 0.4); border-radius: 8px; overflow: hidden; display: flex; flex-direction: column;'>\n<div style='padding: 15px; border-bottom: 1px solid rgba(150&comma; 150&comma; 150&comma; 0.2); font-weight: bold; font-size: 18px; color: inherit;'>Caracter\u00edsticas principales<\/div>\n<div style='padding: 15px; color: inherit;'>\n<ul style='padding-left: 20px; margin: 0; font-size: 14px; list-style-type: disc;'>\n<li style='margin-bottom: 5px;'><strong>Descripci\u00f3n:<\/strong> Micr\u00f3fono omnidireccional para exterior con distancia de recepci\u00f3n de 10-50 m\u00b2 tipo ovni<\/li>\n<li style='margin-bottom: 5px;'><strong>Distancia:<\/strong> 10 &#8211; 50 m\u00b2<\/li>\n<li style='margin-bottom: 5px;'><strong>Sensibilidad:<\/strong> -35 dB<\/li>\n<li style='margin-bottom: 5px;'><strong>Directividad:<\/strong> Omnidireccional<\/li>\n<li style='margin-bottom: 5px;'><strong>Relaci\u00f3n se\u00f1al ruido (SNR):<\/strong> 70 dB (1.40m dB audio SPL)&comma; 28 dB (10.40m dB audio SPL) 1KHz a 1 Pa<\/li>\n<li style='margin-bottom: 5px;'><strong>M\u00e1xima presi\u00f3n al sonido:<\/strong> 120 dB SPL (1KHz&comma; THD 1%)<\/li>\n<li style='margin-bottom: 5px;'><strong>Amplitud de se\u00f1al de salida:<\/strong> 2.5 Vpp \/-25 dB<\/li>\n<\/ul><\/div>\n<\/p><\/div>\n<div style='flex: 1 1 250px; border: 1px solid rgba(150&comma; 150&comma; 150&comma; 0.4); border-radius: 8px; overflow: hidden; display: flex; flex-direction: column;'>\n<div style='padding: 15px; border-bottom: 1px solid rgba(150&comma; 150&comma; 150&comma; 0.2); font-weight: bold; font-size: 18px; color: inherit;'>Especificaciones t\u00e9cnicas<\/div>\n<div style='padding: 15px; color: inherit;'>\n<ul style='padding-left: 20px; margin: 0; font-size: 14px; list-style-type: disc;'>\n<li style='margin-bottom: 5px;'><strong>Tipo de micr\u00f3fono:<\/strong> Diafragma tipo condensador<\/li>\n<li style='margin-bottom: 5px;'><strong>Circuito procesador:<\/strong> Alta fidelidad con reducci\u00f3n de ruido<\/li>\n<li style='margin-bottom: 5px;'><strong>Uso:<\/strong> Interior<\/li>\n<li style='margin-bottom: 5px;'><strong>Protecci\u00f3n del circuito:<\/strong> 8KV Contacto de aire ESD&comma; protecci\u00f3n contra descargas el\u00e9ctricas&comma; protecci\u00f3n contra polaridad inversa<\/li>\n<li style='margin-bottom: 5px;'><strong>Voltaje:<\/strong> Alimentaci\u00f3n de 9V-18Vcc<\/li>\n<li style='margin-bottom: 5px;'><strong>Consumo de corriente:<\/strong> 40 mA<\/li>\n<li style='margin-bottom: 5px;'><strong>Temperatura de operaci\u00f3n:<\/strong> -30 \u00b0C ~ 70 \u00b0C<\/li>\n<li style='margin-bottom: 5px;'><strong>Color:<\/strong> Negro<\/li>\n<li style='margin-bottom: 5px;'><strong>Material exterior:<\/strong> Aluminio<\/li>\n<li style='margin-bottom: 5px;'><strong>Dimensiones:<\/strong> 16 mm \u00d7 60 mm<\/li>\n<li style='margin-bottom: 5px;'><strong>Peso:<\/strong> 75 g<\/li>\n<\/ul><\/div>\n<\/p><\/div>\n<\/p><\/div>\n<div style='display: flex; justify-content: center; align-items: center; flex-wrap: wrap; gap: 30px; margin: 30px 0;'> <img style='width: 100%; max-width: 400px; height: auto; border: 1px solid rgba(150&comma;150&comma;150&comma;0.3); border-radius: 8px;' src='https:\/\/ftp3.syscom.mx\/usuarios\/fotos\/MIC026\/93208-mic026_(gif_).gif' alt=''> <\/p>\n<div style='position: relative; padding-bottom: 56.25%; width: 100%; max-width: 560px; height: 0; overflow: hidden;'>   <\/div>\n<\/p><\/div>\n<hr style='border: 0; border-top: 1px solid rgba(150&comma; 150&comma; 150&comma; 0.3); margin: 30px 0;'> <\/div>\n","protected":false},"excerpt":{"rendered":"<p>Micr\u00f3fono omnidireccional para uso en &#8221; CAPTURA DE CONVERSACIONES &#8221; para interior, con distancia de recepci\u00f3n de 10-50 m cuadrados<\/p>\n","protected":false},"featured_media":118908,"comment_status":"open","ping_status":"closed","template":"","meta":[],"product_brand":[],"product_cat":[2301],"product_tag":[417,507,2302],"class_list":{"0":"post-118909","1":"product","2":"type-product","3":"status-publish","4":"has-post-thumbnail","6":"product_cat-microfonos","7":"product_tag-accesorios-generales","8":"product_tag-epcom-titanium","9":"product_tag-microfonos","11":"first","12":"outofstock","13":"sale","14":"shipping-taxable","15":"purchasable","16":"product-type-simple"},"_links":{"self":[{"href":"https:\/\/soydeaqui.ddns.net\/pachuca\/index.php\/wp-json\/wp\/v2\/product\/118909","targetHints":{"allow":["GET"]}}],"collection":[{"href":"https:\/\/soydeaqui.ddns.net\/pachuca\/index.php\/wp-json\/wp\/v2\/product"}],"about":[{"href":"https:\/\/soydeaqui.ddns.net\/pachuca\/index.php\/wp-json\/wp\/v2\/types\/product"}],"replies":[{"embeddable":true,"href":"https:\/\/soydeaqui.ddns.net\/pachuca\/index.php\/wp-json\/wp\/v2\/comments?post=118909"}],"wp:featuredmedia":[{"embeddable":true,"href":"https:\/\/soydeaqui.ddns.net\/pachuca\/index.php\/wp-json\/wp\/v2\/media\/118908"}],"wp:attachment":[{"href":"https:\/\/soydeaqui.ddns.net\/pachuca\/index.php\/wp-json\/wp\/v2\/media?parent=118909"}],"wp:term":[{"taxonomy":"product_brand","embeddable":true,"href":"https:\/\/soydeaqui.ddns.net\/pachuca\/index.php\/wp-json\/wp\/v2\/product_brand?post=118909"},{"taxonomy":"product_cat","embeddable":true,"href":"https:\/\/soydeaqui.ddns.net\/pachuca\/index.php\/wp-json\/wp\/v2\/product_cat?post=118909"},{"taxonomy":"product_tag","embeddable":true,"href":"https:\/\/soydeaqui.ddns.net\/pachuca\/index.php\/wp-json\/wp\/v2\/product_tag?post=118909"}],"curies":[{"name":"wp","href":"https:\/\/api.w.org\/{rel}","templated":true}]}}