{"id":118903,"date":"2026-03-24T04:37:17","date_gmt":"2026-03-24T04:37:17","guid":{"rendered":"https:\/\/soydeaqui.ddns.net\/pachuca\/index.php\/producto\/inyector-hub-adminsitrable-ultra-poe-802-3af-at-8-puertos-gigabit-potencia-400w\/"},"modified":"2026-03-24T04:37:34","modified_gmt":"2026-03-24T04:37:34","slug":"inyector-hub-adminsitrable-ultra-poe-802-3af-at-8-puertos-gigabit-potencia-400w","status":"publish","type":"product","link":"https:\/\/soydeaqui.ddns.net\/pachuca\/index.php\/producto\/inyector-hub-adminsitrable-ultra-poe-802-3af-at-8-puertos-gigabit-potencia-400w\/","title":{"rendered":"Inyector HUB Adminsitrable Ultra PoE 802.3af\/at 8 Puertos Gigabit, Potencia 400W"},"content":{"rendered":"<div style='width: 100%; max-width: 1200px; margin: 0 auto; font-family: sans-serif; line-height: 1.6; color: inherit; background-color: transparent;'> <!-- Descripci\u00f3n principal --> <\/p>\n<div style='margin-bottom: 30px;'>\n<p style='margin-top: 0; margin-bottom: 15px; color: inherit;'>La serie de concentrador de inyector administrado Ultra PoE de Planet&comma; una soluci\u00f3n Ultra PoE rentable y r\u00e1pida&comma; est\u00e1 dise\u00f1ada para actualizar perfectamente una infraestructura de red existente a un sistema de red Ultra Power sobre Ethernet sin reemplazar el conmutador Ethernet existente.<\/p>\n<h3 style='font-size: 20px; border-bottom: 2px solid currentColor; padding-bottom: 5px; margin-top: 25px; margin-bottom: 15px; color: inherit; opacity: 0.8;'>Despliegue r\u00e1pido y f\u00e1cil de la red PoE<\/h3>\n<p style='margin-top: 0; margin-bottom: 15px; color: inherit;'>El UPOE-800G se instala entre un conmutador Ethernet regular y los PD. Hay 16 puertos RJ45 STP en el panel frontal de la UPOE-800G&comma; de los cuales los 8 puertos est\u00e1n en la pila inferior funcionan como <strong style='color: inherit;'>Entrada de datos<\/strong>. Mientras que los otros 8 puertos est\u00e1n en la pila superior funcionan como <strong style='color: inherit;'>PoE (datos y potencia)<\/strong>. Tanto la potencia como los datos se transfieren simult\u00e1neamente a trav\u00e9s de los cables UTP a las PD sin afectar el rendimiento y las funciones de la red existente.<\/p>\n<\/p><\/div>\n<p> <!-- Im\u00e1genes --> <\/p>\n<div style='display: flex; flex-wrap: wrap; gap: 20px; margin-bottom: 30px; justify-content: center;'> <img style='width: 100%; max-width: 600px; height: auto; border: 1px solid rgba(150&comma;150&comma;150&comma;0.3); border-radius: 8px;' src='https:\/\/ftp3.syscom.mx\/usuarios\/fotos\/UPOE800G\/93164-upoe-800g.png' alt=''> <img style='width: 100%; max-width: 600px; height: auto; border: 1px solid rgba(150&comma;150&comma;150&comma;0.3); border-radius: 8px;' src='https:\/\/ftp3.syscom.mx\/usuarios\/fotos\/UPOE800G\/93164-gs-4210-24up4c-3_l.png' alt=''> <\/div>\n<p> <!-- Secciones de especificaciones --> <\/p>\n<div style='display: flex; flex-wrap: wrap; gap: 20px; margin-bottom: 30px;'>\n<div style='flex: 1 1 250px; border: 1px solid rgba(150&comma; 150&comma; 150&comma; 0.4); border-radius: 8px; overflow: hidden; display: flex; flex-direction: column;'>\n<div style='padding: 15px; border-bottom: 1px solid rgba(150&comma; 150&comma; 150&comma; 0.2); font-weight: bold; font-size: 18px; color: inherit;'>Interface<\/div>\n<div style='padding: 15px; color: inherit;'>\n<ul style='padding-left: 20px; margin: 0; font-size: 14px; list-style-type: disc;'>\n<li style='margin-bottom: 5px;'><strong style='color: inherit;'>8-puertos<\/strong> 10\/100\/1000Mbps &#8216;Data input&#8217;<\/li>\n<li style='margin-bottom: 5px;'><strong style='color: inherit;'>8-puertos<\/strong> 10\/100\/1000Mbps &#8216;Data + Power output&#8217;<\/li>\n<li style='margin-bottom: 5px;'>Cumple con los est\u00e1ndares Ethernet IEEE 802.3&comma; IEEE 802.3u y IEEE 802.3ab<\/li>\n<li style='margin-bottom: 5px;'><strong style='color: inherit;'>1 puerto de gesti\u00f3n<\/strong> 10\/100\/1000BASE-T<\/li>\n<\/ul><\/div>\n<\/p><\/div>\n<div style='flex: 1 1 250px; border: 1px solid rgba(150&comma; 150&comma; 150&comma; 0.4); border-radius: 8px; overflow: hidden; display: flex; flex-direction: column;'>\n<div style='padding: 15px; border-bottom: 1px solid rgba(150&comma; 150&comma; 150&comma; 0.2); font-weight: bold; font-size: 18px; color: inherit;'>Power over Ethernet<\/div>\n<div style='padding: 15px; color: inherit;'>\n<ul style='padding-left: 20px; margin: 0; font-size: 14px; list-style-type: disc;'>\n<li style='margin-bottom: 5px;'>Ultra Power over Ethernet end-span\/mid-span PSE<\/li>\n<li style='margin-bottom: 5px;'>Hasta 60 watts de potencia en 4-pares UTP<\/li>\n<li style='margin-bottom: 5px;'>Compatible con dispositivos PD IEEE 802.3at\/af<\/li>\n<li style='margin-bottom: 5px;'>54V DC&comma; 60-watt PoE power output at maximum on each port<\/li>\n<li style='margin-bottom: 5px;'>Presupuesto de PoE de 400W<\/li>\n<li style='margin-bottom: 5px;'>Detecci\u00f3n autom\u00e1tica de equipos y dispositivos PoE IEEE 802.3at\/af<\/li>\n<li style='margin-bottom: 5px;'>Protecci\u00f3n de circuito contra interferencias entre puertos<\/li>\n<li style='margin-bottom: 5px;'>Alimentaci\u00f3n remota hasta 100 metros<\/li>\n<\/ul><\/div>\n<\/p><\/div>\n<div style='flex: 1 1 250px; border: 1px solid rgba(150&comma; 150&comma; 150&comma; 0.4); border-radius: 8px; overflow: hidden; display: flex; flex-direction: column;'>\n<div style='padding: 15px; border-bottom: 1px solid rgba(150&comma; 150&comma; 150&comma; 0.2); font-weight: bold; font-size: 18px; color: inherit;'>PoE Management<\/div>\n<div style='padding: 15px; color: inherit;'>\n<ul style='padding-left: 20px; margin: 0; font-size: 14px; list-style-type: disc;'>\n<li style='margin-bottom: 5px;'>Programaci\u00f3n de energ\u00eda PoE por puerto<\/li>\n<li style='margin-bottom: 5px;'>Activaci\u00f3n\/desactivaci\u00f3n de la funci\u00f3n PoE<\/li>\n<li style='margin-bottom: 5px;'>Activaci\u00f3n\/desactivaci\u00f3n por puerto<\/li>\n<li style='margin-bottom: 5px;'>Prioridad de alimentaci\u00f3n por puerto<\/li>\n<li style='margin-bottom: 5px;'>Detecci\u00f3n de clasificaci\u00f3n de PD<\/li>\n<li style='margin-bottom: 5px;'>Protecci\u00f3n contra sobrecalentamiento<\/li>\n<li style='margin-bottom: 5px;'>Verificaci\u00f3n de estado de PD<\/li>\n<li style='margin-bottom: 5px;'>Programaci\u00f3n de PoE<\/li>\n<\/ul><\/div>\n<\/p><\/div>\n<div style='flex: 1 1 250px; border: 1px solid rgba(150&comma; 150&comma; 150&comma; 0.4); border-radius: 8px; overflow: hidden; display: flex; flex-direction: column;'>\n<div style='padding: 15px; border-bottom: 1px solid rgba(150&comma; 150&comma; 150&comma; 0.2); font-weight: bold; font-size: 18px; color: inherit;'>Management<\/div>\n<div style='padding: 15px; color: inherit;'>\n<ul style='padding-left: 20px; margin: 0; font-size: 14px; list-style-type: disc;'>\n<li style='margin-bottom: 5px;'>Interfaz web para gesti\u00f3n remota<\/li>\n<li style='margin-bottom: 5px;'>Soporte para Network Time Protocol (NTP)<\/li>\n<li style='margin-bottom: 5px;'>Actualizaci\u00f3n de firmware a trav\u00e9s de interfaz web<\/li>\n<li style='margin-bottom: 5px;'>Utilidad PLANET Smart Discovery para localizar dispositivos PLANET en la red<\/li>\n<li style='margin-bottom: 5px;'>SNMP trap para notificaci\u00f3n de eventos<\/li>\n<li style='margin-bottom: 5px;'>Registro del sistema\/syslog remoto<\/li>\n<\/ul><\/div>\n<\/p><\/div>\n<div style='flex: 1 1 250px; border: 1px solid rgba(150&comma; 150&comma; 150&comma; 0.4); border-radius: 8px; overflow: hidden; display: flex; flex-direction: column;'>\n<div style='padding: 15px; border-bottom: 1px solid rgba(150&comma; 150&comma; 150&comma; 0.2); font-weight: bold; font-size: 18px; color: inherit;'>Hardware<\/div>\n<div style='padding: 15px; color: inherit;'>\n<ul style='padding-left: 20px; margin: 0; font-size: 14px; list-style-type: disc;'>\n<li style='margin-bottom: 5px;'>Montaje en rack de 19 pulgadas; altura de 1U<\/li>\n<li style='margin-bottom: 5px;'>Bot\u00f3n de reinicio para restaurar valores predeterminados<\/li>\n<li style='margin-bottom: 5px;'>Indicadores LED para &#8216;PoE ready&#8217; y &#8216;PoE activity&#8217;<\/li>\n<li style='margin-bottom: 5px;'>Indicadores LED para alerta de potencia y alerta de ventilador<\/li>\n<li style='margin-bottom: 5px;'>Indicadores LED para estado de uso de potencia PoE (watts)<\/li>\n<li style='margin-bottom: 5px;'>Certificaciones FCC Part 15 Clase A&comma; CE<\/li>\n<\/ul><\/div>\n<\/p><\/div>\n<\/p><\/div>\n<p> <!-- Tabla de especificaciones --> <\/p>\n<div style='margin-bottom: 30px; overflow-x: auto;'>\n<table style='width: 100%; border-collapse: collapse; color: inherit;'>\n<thead style='background-color: #7f9cd3; color: white;'>\n<tr>\n<th style='padding: 8px; border: 1px solid rgba(150&comma; 150&comma; 150&comma; 0.3); border-right: none; border-left: none;' colspan='2'>Power over Ethernet<\/th>\n<\/tr>\n<\/thead>\n<tbody>\n<tr>\n<td style='padding: 8px; border: 1px solid rgba(150&comma; 150&comma; 150&comma; 0.3); border-right: none; border-left: none; width: 228px; min-width: 150px; max-width: 300px; font-weight: bold; color: inherit;'>PoE Standard<\/td>\n<td style='padding: 8px; border: 1px solid rgba(150&comma; 150&comma; 150&comma; 0.3); border-left: 1px solid rgba(150&comma; 150&comma; 150&comma; 0.3);'>IEEE 802.3af Power over Ethernet<br \/>IEEE 802.3at Power over Ethernet Plus<br \/>4-pair Ultra PoE<\/td>\n<\/tr>\n<tr style='background-color: #edf0f7;'>\n<td style='padding: 8px; border: 1px solid rgba(150&comma; 150&comma; 150&comma; 0.3); border-right: none; border-left: none; width: 228px; min-width: 150px; max-width: 300px; font-weight: bold; color: inherit;'>PoE Power Supply Type<\/td>\n<td style='padding: 8px; border: 1px solid rgba(150&comma; 150&comma; 150&comma; 0.3); border-left: 1px solid rgba(150&comma; 150&comma; 150&comma; 0.3);'>End-span\/Mid-span\/UPoE(Ultra PoE)<\/td>\n<\/tr>\n<tr>\n<td style='padding: 8px; border: 1px solid rgba(150&comma; 150&comma; 150&comma; 0.3); border-right: none; border-left: none; width: 228px; min-width: 150px; max-width: 300px; font-weight: bold; color: inherit;'>Power Pin Assignment<\/td>\n<td style='padding: 8px; border: 1px solid rgba(150&comma; 150&comma; 150&comma; 0.3); border-left: 1px solid rgba(150&comma; 150&comma; 150&comma; 0.3);'>Par 1 end-span: 1\/2(-)&comma; 3\/6(+)<br \/>Par 2 mid-span: 4\/5(+)&comma; 7\/8(-)<br \/>UPoE: 1\/2(-)&comma; 3\/6(+)&comma;4\/5(+)&comma; 7\/8(-)<\/td>\n<\/tr>\n<tr style='background-color: #edf0f7;'>\n<td style='padding: 8px; border: 1px solid rgba(150&comma; 150&comma; 150&comma; 0.3); border-right: none; border-left: none; width: 228px; min-width: 150px; max-width: 300px; font-weight: bold; color: inherit;'>PoE Power Output<\/td>\n<td style='padding: 8px; border: 1px solid rgba(150&comma; 150&comma; 150&comma; 0.3); border-left: 1px solid rgba(150&comma; 150&comma; 150&comma; 0.3);'>DC 54V\/60-watt PoE via 4-pair<br \/>DC 54V\/30-watt PoE via 2-pair<\/td>\n<\/tr>\n<tr>\n<td style='padding: 8px; border: 1px solid rgba(150&comma; 150&comma; 150&comma; 0.3); border-right: none; border-left: none; width: 228px; min-width: 150px; max-width: 300px; font-weight: bold; color: inherit;'>PoE Power Budget<\/td>\n<td style='padding: 8px; border: 1px solid rgba(150&comma; 150&comma; 150&comma; 0.3); border-left: 1px solid rgba(150&comma; 150&comma; 150&comma; 0.3);'>400 watts\/1364BTU<\/td>\n<\/tr>\n<tr style='background-color: #edf0f7;'>\n<td style='padding: 8px; border: 1px solid rgba(150&comma; 150&comma; 150&comma; 0.3); border-right: none; border-left: none; width: 228px; min-width: 150px; max-width: 300px; font-weight: bold; color: inherit;'>N\u00famero de PDs de 60W que se pueden alimentar<\/td>\n<td style='padding: 8px; border: 1px solid rgba(150&comma; 150&comma; 150&comma; 0.3); border-left: 1px solid rgba(150&comma; 150&comma; 150&comma; 0.3);'>6<\/td>\n<\/tr>\n<tr>\n<td style='padding: 8px; border: 1px solid rgba(150&comma; 150&comma; 150&comma; 0.3); border-right: none; border-left: none; width: 228px; min-width: 150px; max-width: 300px; font-weight: bold; color: inherit;'>N\u00famero de PDs 802.3af (Clase 0&comma; 1&comma; 2&comma; 3) que se pueden alimentar<\/td>\n<td style='padding: 8px; border: 1px solid rgba(150&comma; 150&comma; 150&comma; 0.3); border-left: 1px solid rgba(150&comma; 150&comma; 150&comma; 0.3);'>8<\/td>\n<\/tr>\n<tr style='background-color: #edf0f7;'>\n<td style='padding: 8px; border: 1px solid rgba(150&comma; 150&comma; 150&comma; 0.3); border-right: none; border-left: none; width: 228px; min-width: 150px; max-width: 300px; font-weight: bold; color: inherit;'>N\u00famero de PDs 802.3at (Clase 1&comma; 2&comma; 3) que se pueden alimentar<\/td>\n<td style='padding: 8px; border: 1px solid rgba(150&comma; 150&comma; 150&comma; 0.3); border-left: 1px solid rgba(150&comma; 150&comma; 150&comma; 0.3);'>8<\/td>\n<\/tr>\n<tr>\n<td style='padding: 8px; border: 1px solid rgba(150&comma; 150&comma; 150&comma; 0.3); border-right: none; border-left: none; width: 228px; min-width: 150px; max-width: 300px; font-weight: bold; color: inherit;'>N\u00famero de PDs 802.3at (Clase 0&comma; 4) que se pueden alimentar<\/td>\n<td style='padding: 8px; border: 1px solid rgba(150&comma; 150&comma; 150&comma; 0.3); border-left: 1px solid rgba(150&comma; 150&comma; 150&comma; 0.3);'>8<\/td>\n<\/tr>\n<\/tbody>\n<\/table><\/div>\n<p> <!-- Segunda tabla de especificaciones --> <\/p>\n<div style='margin-bottom: 30px; overflow-x: auto;'>\n<table style='width: 100%; border-collapse: collapse; color: inherit;'>\n<tbody>\n<tr style='background-color: #edf0f7;'>\n<td style='padding: 8px; border: 1px solid rgba(150&comma; 150&comma; 150&comma; 0.3); border-right: none; border-left: none; width: 228px; min-width: 150px; max-width: 300px; font-weight: bold; color: inherit;'>Requisitos de alimentaci\u00f3n<\/td>\n<td style='padding: 8px; border: 1px solid rgba(150&comma; 150&comma; 150&comma; 0.3); border-left: 1px solid rgba(150&comma; 150&comma; 150&comma; 0.3);'>100-240V AC&comma; 50\/60 Hz&comma; 6.5A<\/td>\n<\/tr>\n<tr>\n<td style='padding: 8px; border: 1px solid rgba(150&comma; 150&comma; 150&comma; 0.3); border-right: none; border-left: none; width: 228px; min-width: 150px; max-width: 300px; font-weight: bold; color: inherit;'>Consumo de energ\u00eda<\/td>\n<td style='padding: 8px; border: 1px solid rgba(150&comma; 150&comma; 150&comma; 0.3); border-left: 1px solid rgba(150&comma; 150&comma; 150&comma; 0.3);'>520 watts (m\u00e1x.)\/1774BTU<\/td>\n<\/tr>\n<tr style='background-color: #edf0f7;'>\n<td style='padding: 8px; border: 1px solid rgba(150&comma; 150&comma; 150&comma; 0.3); border-right: none; border-left: none; width: 228px; min-width: 150px; max-width: 300px; font-weight: bold; color: inherit;'>Ventilaci\u00f3n<\/td>\n<td style='padding: 8px; border: 1px solid rgba(150&comma; 150&comma; 150&comma; 0.3); border-left: 1px solid rgba(150&comma; 150&comma; 150&comma; 0.3);'>3 ventiladores<\/td>\n<\/tr>\n<tr>\n<td style='padding: 8px; border: 1px solid rgba(150&comma; 150&comma; 150&comma; 0.3); border-right: none; border-left: none; width: 228px; min-width: 150px; max-width: 300px; font-weight: bold; color: inherit;'>Dimensiones (An x Pr x Al)<\/td>\n<td style='padding: 8px; border: 1px solid rgba(150&comma; 150&comma; 150&comma; 0.3); border-left: 1px solid rgba(150&comma; 150&comma; 150&comma; 0.3);'>440 x 300 x 44.5 mm&comma; altura de 1U<\/td>\n<\/tr>\n<tr style='background-color: #edf0f7;'>\n<td style='padding: 8px; border: 1px solid rgba(150&comma; 150&comma; 150&comma; 0.3); border-right: none; border-left: none; width: 228px; min-width: 150px; max-width: 300px; font-weight: bold; color: inherit;'>Carcaza<\/td>\n<td style='padding: 8px; border: 1px solid rgba(150&comma; 150&comma; 150&comma; 0.3); border-left: 1px solid rgba(150&comma; 150&comma; 150&comma; 0.3);'>Metal<\/td>\n<\/tr>\n<tr>\n<td style='padding: 8px; border: 1px solid rgba(150&comma; 150&comma; 150&comma; 0.3); border-right: none; border-left: none; width: 228px; min-width: 150px; max-width: 300px; font-weight: bold; color: inherit;'>Peso<\/td>\n<td style='padding: 8px; border: 1px solid rgba(150&comma; 150&comma; 150&comma; 0.3); border-left: 1px solid rgba(150&comma; 150&comma; 150&comma; 0.3);'>4.2kg<\/td>\n<\/tr>\n<\/tbody>\n<\/table><\/div>\n<p> <!-- Separador final --> <\/p>\n<hr style='border: 0; border-top: 1px solid rgba(150&comma; 150&comma; 150&comma; 0.3); margin: 30px 0;'> <\/div>\n","protected":false},"excerpt":{"rendered":"<p>Inyector HUB Adminsitrable Ultra PoE 802.3af\/at 8 Puertos Gigabit, Potencia 400W<\/p>\n","protected":false},"featured_media":118902,"comment_status":"open","ping_status":"closed","template":"","meta":[],"product_brand":[],"product_cat":[1260],"product_tag":[1261,664,2033],"class_list":{"0":"post-118903","1":"product","2":"type-product","3":"status-publish","4":"has-post-thumbnail","6":"product_cat-inyectores-poe","7":"product_tag-inyectores-poe","8":"product_tag-networking","9":"product_tag-planet","11":"first","12":"outofstock","13":"sale","14":"shipping-taxable","15":"purchasable","16":"product-type-simple"},"_links":{"self":[{"href":"https:\/\/soydeaqui.ddns.net\/pachuca\/index.php\/wp-json\/wp\/v2\/product\/118903","targetHints":{"allow":["GET"]}}],"collection":[{"href":"https:\/\/soydeaqui.ddns.net\/pachuca\/index.php\/wp-json\/wp\/v2\/product"}],"about":[{"href":"https:\/\/soydeaqui.ddns.net\/pachuca\/index.php\/wp-json\/wp\/v2\/types\/product"}],"replies":[{"embeddable":true,"href":"https:\/\/soydeaqui.ddns.net\/pachuca\/index.php\/wp-json\/wp\/v2\/comments?post=118903"}],"wp:featuredmedia":[{"embeddable":true,"href":"https:\/\/soydeaqui.ddns.net\/pachuca\/index.php\/wp-json\/wp\/v2\/media\/118902"}],"wp:attachment":[{"href":"https:\/\/soydeaqui.ddns.net\/pachuca\/index.php\/wp-json\/wp\/v2\/media?parent=118903"}],"wp:term":[{"taxonomy":"product_brand","embeddable":true,"href":"https:\/\/soydeaqui.ddns.net\/pachuca\/index.php\/wp-json\/wp\/v2\/product_brand?post=118903"},{"taxonomy":"product_cat","embeddable":true,"href":"https:\/\/soydeaqui.ddns.net\/pachuca\/index.php\/wp-json\/wp\/v2\/product_cat?post=118903"},{"taxonomy":"product_tag","embeddable":true,"href":"https:\/\/soydeaqui.ddns.net\/pachuca\/index.php\/wp-json\/wp\/v2\/product_tag?post=118903"}],"curies":[{"name":"wp","href":"https:\/\/api.w.org\/{rel}","templated":true}]}}