{"id":118893,"date":"2026-03-24T04:36:42","date_gmt":"2026-03-24T04:36:42","guid":{"rendered":"https:\/\/soydeaqui.ddns.net\/pachuca\/index.php\/producto\/transceptor-transmisor-de-video-activo-de-largo-alcance-400-metros-con-receptor-activo-tt4501r-resolucion-2-mp-compatible-con-camaras-hd-tvi-cvi-ahd-cvbs-proteccion-interconstruida-contra-s\/"},"modified":"2026-03-24T04:37:10","modified_gmt":"2026-03-24T04:37:10","slug":"transceptor-transmisor-de-video-activo-de-largo-alcance-400-metros-con-receptor-activo-tt4501r-resolucion-2-mp-compatible-con-camaras-hd-tvi-cvi-ahd-cvbs-proteccion-interconstruida-contra-s","status":"publish","type":"product","link":"https:\/\/soydeaqui.ddns.net\/pachuca\/index.php\/producto\/transceptor-transmisor-de-video-activo-de-largo-alcance-400-metros-con-receptor-activo-tt4501r-resolucion-2-mp-compatible-con-camaras-hd-tvi-cvi-ahd-cvbs-proteccion-interconstruida-contra-s\/","title":{"rendered":"(TRANSCEPTOR) TRANSMISOR DE VIDEO ACTIVO DE LARGO ALCANCE \/  400 Metros con RECEPTOR ACTIVO TT4501R \/ Resoluci\u00f3n 2 MP \/ Compatible con c\u00e1maras HD-TVI\/CVI\/AHD\/CVBS \/ Protecci\u00f3n Interconstruida contra sobretensi\u00f3n."},"content":{"rendered":"<div style='width: 100%; max-width: 1200px; margin: 0 auto; font-family: sans-serif; line-height: 1.6; color: inherit;'>\n<div style='display: flex; flex-direction: column; align-items: center; text-align: center; margin-bottom: 30px;'>\n<h1 style='font-size: 28px; margin: 0; color: inherit;'><strong>TT-4501T<\/strong><\/h1>\n<h3 style='font-size: 18px; margin: 10px 0 20px; color: inherit;'>Transmisor ACTIVO TurboHD HD-TVI \/ AHD \/ HD-CVI \/Video de Hasta 2MP a 400 Metros con receptor Activo<\/h3>\n<p style='max-width: 800px; margin: 0 70px 30px; font-size: 15px; color: inherit;'>El balun de video TT4501T es un dispositivo activo (amplificado) que permite la transmisi\u00f3n de se\u00f1al de video CCTV HD en tiempo real a trav\u00e9s de un cable de par trenzado sin blindaje (UTP). El TT4501T se puede utilizar con el transmisor activo de TT4501R que es compatible con todas las c\u00e1maras anal\u00f3gicas HD-TVI&comma; HD-CVI&comma; AHD y CVBS. La distancia de transmisi\u00f3n dentro de un cierto rango se puede ajustar de manera flexible mediante el interruptor de dial del TT4501R. El TT4501R es un supresor de sobretensi\u00f3n integrado para proteger el equipo de video contra picos de voltaje da\u00f1inos. Su inmunidad al ruido y diafon\u00eda aseguran se\u00f1ales de video de calidad.<\/p>\n<\/p><\/div>\n<div style='display: flex; flex-wrap: wrap; gap: 30px; margin-bottom: 30px;'>\n<div style='flex: 1 1 300px; min-width: 280px;'>\n<div style='display: flex; flex-direction: column; height: 100%;'>\n<div style='width: 100%; max-width: 100%;'> <img style='width: 100%; height: auto; border: 1px solid rgba(150&comma;150&comma;150&comma;0.3); border-radius: 8px;' src='http:\/\/ftp3.syscom.mx\/usuarios\/hallende\/FolkTitanium\/TT-4501T\/TT4501T-FRENTE-h.png' alt=''> <\/div>\n<div style='flex: 1; border-top: 5px solid #DF001D; padding: 15px; background-color: rgba(150&comma;150&comma;150&comma;0.05); margin-top: 15px;'>\n<h3 style='font-size: 20px; border-bottom: 2px solid currentColor; padding-bottom: 5px; margin-top: 0; margin-bottom: 15px; color: inherit; opacity: 0.8;'>Caracter\u00edsticas Principales:<\/h3>\n<ul style='padding-left: 20px; font-size: 14px; color: inherit; list-style-position: outside;'>\n<li style='margin-bottom: 8px;'>Transmisor de video activo TURBOHD<\/li>\n<li style='margin-bottom: 8px;'>Transmisi\u00f3n en tiempo real por cable UTP cat 5e\/6<\/li>\n<li style='margin-bottom: 8px;'>Formatos de video compatibles NTSC&comma; PAL&comma; SECAM<\/li>\n<li style='margin-bottom: 8px;'>Compatible con c\u00e1maras anal\u00f3gicas HD-TVI (TurboHD)&comma; CVI&comma; AHD y CVBS<\/li>\n<li style='margin-bottom: 8px;'>Conectores macho en BNC<\/li>\n<li style='margin-bottom: 8px;'>Terminales tipo pin para cable UTP<\/li>\n<\/ul><\/div>\n<\/p><\/div>\n<\/p><\/div>\n<div style='flex: 1 1 300px; min-width: 280px;'>\n<div style='display: flex; flex-direction: column; height: 100%;'>\n<div style='width: 100%; max-width: 100%;'> <img style='width: 100%; height: auto; border: 1px solid rgba(150&comma;150&comma;150&comma;0.3); border-radius: 8px;' src='http:\/\/ftp3.syscom.mx\/usuarios\/hallende\/FolkTitanium\/TT-4501T\/TT4501T-1.png' alt=''> <\/div>\n<div style='flex: 1; border-top: 5px solid #DF001D; padding: 15px; background-color: rgba(150&comma;150&comma;150&comma;0.05); margin-top: 15px;'>\n<h3 style='font-size: 20px; border-bottom: 2px solid currentColor; padding-bottom: 5px; margin-top: 0; margin-bottom: 15px; color: inherit; opacity: 0.8;'>Caracter\u00edsticas F\u00edsicas y El\u00e9ctricas:<\/h3>\n<ul style='padding-left: 20px; font-size: 14px; color: inherit; list-style-position: outside;'>\n<li style='margin-bottom: 8px;'>Alimentaci\u00f3n del receptor en 12 Vcc<\/li>\n<li style='margin-bottom: 8px;'>Impedancia 75 ohms<\/li>\n<li style='margin-bottom: 8px;'>Color: Negro<\/li>\n<li style='margin-bottom: 8px;'>Temperatura de operaci\u00f3n: -5\u00b0C a 45\u00b0C<\/li>\n<li style='margin-bottom: 8px;'>Dimensiones (L x W x H): 60 x 30 x 24.5 mm<\/li>\n<li style='margin-bottom: 8px;'>Peso: 50 gramos.<\/li>\n<\/ul><\/div>\n<\/p><\/div>\n<\/p><\/div>\n<div style='flex: 1 1 300px; min-width: 280px;'>\n<div style='display: flex; flex-direction: column; height: 100%;'>\n<div style='width: 100%; max-width: 100%;'> <img style='width: 100%; height: auto; border: 1px solid rgba(150&comma;150&comma;150&comma;0.3); border-radius: 8px;' src='http:\/\/ftp3.syscom.mx\/usuarios\/hallende\/FolkTitanium\/TT-4501T\/TT4501T-AD-2.png' alt=''> <\/div>\n<div style='flex: 1; border-top: 5px solid #DF001D; padding: 15px; background-color: rgba(150&comma;150&comma;150&comma;0.05); margin-top: 15px;'>\n<h3 style='font-size: 20px; border-bottom: 2px solid currentColor; padding-bottom: 5px; margin-top: 0; margin-bottom: 15px; color: inherit; opacity: 0.8;'>Caracter\u00edsticas Destacadas:<\/h3>\n<ul style='padding-left: 20px; font-size: 14px; color: inherit; list-style-position: outside;'>\n<li style='margin-bottom: 8px;'>Protecci\u00f3n interconstruida contra sobretensi\u00f3n<\/li>\n<li style='margin-bottom: 8px;'>Dise\u00f1o de filtro de onda anti-est\u00e1tico<\/li>\n<li style='margin-bottom: 8px;'>Inmunidad al ruido de 60 dB<\/li>\n<li style='margin-bottom: 8px;'>Dise\u00f1o de protecci\u00f3n contra rayos Grado: III<\/li>\n<li style='margin-bottom: 8px;'>Carcasa de pl\u00e1stico de ingenier\u00eda ABS<\/li>\n<li style='margin-bottom: 8px;'>Se recomienda el uso del TT4501R con cableado de par trenzado sin blindaje (UTP) de 24AWG a 22AWG<\/li>\n<li style='margin-bottom: 8px;'>*Precio por transmisor<\/li>\n<li style='margin-bottom: 8px;'>Nota.- No soporta tecnolog\u00eda coaxitron<\/li>\n<\/ul><\/div>\n<\/p><\/div>\n<\/p><\/div>\n<\/p><\/div>\n<div style='width: 100%; margin: 30px 0;'>\n<div style='width: 100%; max-width: 100%;'> <img style='width: 100%; height: auto; border: 1px solid rgba(150&comma;150&comma;150&comma;0.3); border-radius: 8px;' src='http:\/\/ftp3.syscom.mx\/usuarios\/maguilar\/EpcomTitanium\/DISTANCIA-DE-TRANSCEPTORES-ES.jpg' alt=''> <\/div>\n<\/p><\/div>\n<\/p><\/div>\n","protected":false},"excerpt":{"rendered":"<p>(TRANSCEPTOR) TRANSMISOR DE VIDEO ACTIVO DE LARGO ALCANCE \/  400 Metros con RECEPTOR ACTIVO TT4501R \/ Resoluci\u00f3n 2 MP \/ Compatible con c\u00e1maras HD-TVI\/CVI\/AHD\/CVBS \/ Protecci\u00f3n Interconstruida contra sobretensi\u00f3n.<\/p>\n","protected":false},"featured_media":118892,"comment_status":"open","ping_status":"closed","template":"","meta":[],"product_brand":[],"product_cat":[2327],"product_tag":[417,507,2328],"class_list":{"0":"post-118893","1":"product","2":"type-product","3":"status-publish","4":"has-post-thumbnail","6":"product_cat-transceptores-de-video","7":"product_tag-accesorios-generales","8":"product_tag-epcom-titanium","9":"product_tag-transceptores-de-video","11":"first","12":"instock","13":"sale","14":"shipping-taxable","15":"purchasable","16":"product-type-simple"},"_links":{"self":[{"href":"https:\/\/soydeaqui.ddns.net\/pachuca\/index.php\/wp-json\/wp\/v2\/product\/118893","targetHints":{"allow":["GET"]}}],"collection":[{"href":"https:\/\/soydeaqui.ddns.net\/pachuca\/index.php\/wp-json\/wp\/v2\/product"}],"about":[{"href":"https:\/\/soydeaqui.ddns.net\/pachuca\/index.php\/wp-json\/wp\/v2\/types\/product"}],"replies":[{"embeddable":true,"href":"https:\/\/soydeaqui.ddns.net\/pachuca\/index.php\/wp-json\/wp\/v2\/comments?post=118893"}],"wp:featuredmedia":[{"embeddable":true,"href":"https:\/\/soydeaqui.ddns.net\/pachuca\/index.php\/wp-json\/wp\/v2\/media\/118892"}],"wp:attachment":[{"href":"https:\/\/soydeaqui.ddns.net\/pachuca\/index.php\/wp-json\/wp\/v2\/media?parent=118893"}],"wp:term":[{"taxonomy":"product_brand","embeddable":true,"href":"https:\/\/soydeaqui.ddns.net\/pachuca\/index.php\/wp-json\/wp\/v2\/product_brand?post=118893"},{"taxonomy":"product_cat","embeddable":true,"href":"https:\/\/soydeaqui.ddns.net\/pachuca\/index.php\/wp-json\/wp\/v2\/product_cat?post=118893"},{"taxonomy":"product_tag","embeddable":true,"href":"https:\/\/soydeaqui.ddns.net\/pachuca\/index.php\/wp-json\/wp\/v2\/product_tag?post=118893"}],"curies":[{"name":"wp","href":"https:\/\/api.w.org\/{rel}","templated":true}]}}