{"id":118885,"date":"2026-03-24T04:36:16","date_gmt":"2026-03-24T04:36:16","guid":{"rendered":"https:\/\/soydeaqui.ddns.net\/pachuca\/index.php\/producto\/plug-rj45-cat5e-para-cable-utp-calibre-22-a-26-awg-chapado-en-oro-de-50-micras\/"},"modified":"2026-03-24T04:36:21","modified_gmt":"2026-03-24T04:36:21","slug":"plug-rj45-cat5e-para-cable-utp-calibre-22-a-26-awg-chapado-en-oro-de-50-micras","status":"publish","type":"product","link":"https:\/\/soydeaqui.ddns.net\/pachuca\/index.php\/producto\/plug-rj45-cat5e-para-cable-utp-calibre-22-a-26-awg-chapado-en-oro-de-50-micras\/","title":{"rendered":"Plug RJ45 Cat5e, Para Cable UTP Calibre 22 a 26 AWG, Chapado en Oro de 50 Micras"},"content":{"rendered":"<div style='width: 100%; max-width: 1200px; margin: 0 auto; font-family: sans-serif; line-height: 1.6; color: inherit; background-color: transparent;'>\n<div style='display: flex; flex-direction: column; gap: 20px;'>\n<div style='width: 100%;'> <img style='width: 100%; height: auto; border: 1px solid rgba(150&comma;150&comma;150&comma;0.3); border-radius: 8px;' src='https:\/\/ftp3.syscom.mx\/usuarios\/fotos\/P88\/91459-siemonarriba.jpg' alt=''> <\/div>\n<div style='font-size: 15px;'>\n<p style='margin: 0 0 15px 0; color: inherit;'>Siemon ofrece Plugs Modulares en configuraciones est\u00e1ndar para aplicaciones de Parcheo en \u00e1reas de trabajo. Estos conectores pueden ser terminados en longitudes exactas para mantener la instalaci\u00f3n m\u00e1s organizada. Los plugs se pueden terminar en cable solido de 26 a 22 AWG&comma; de di\u00e1metro m\u00e1ximo de 5.08 mm.<\/p>\n<p style='margin: 0 0 15px 0; color: inherit;'>Todos los Plugs cuentan con contactos de 50 micropulgadas de chapeado en oro sobre n\u00edquel y cumplen con las normas TIA-968-A y IEC 60603-7<\/p>\n<p style='margin: 0 0 15px 0; color: inherit;'><strong style='color: inherit;'>Tip t\u00e9cnico:<\/strong><\/p>\n<ul style='padding-left: 20px; margin: 0 0 15px 0; color: inherit;'>\n<li style='margin-bottom: 5px; color: inherit;'><span style='color: inherit;'>Los cables terminados en f\u00e1brica y los cables modulares requieren ser probados para lograr un rendimiento de canal consistente. No se recomienda la terminaci\u00f3n de campo.<\/span><\/li>\n<\/ul>\n<p style='margin: 0 0 15px 0; color: inherit;'><strong style='color: inherit;'>Informaci\u00f3n t\u00e9cnica:<\/strong><\/p>\n<ul style='padding-left: 20px; margin: 0 0 15px 0; color: inherit;'>\n<li style='margin-bottom: 5px; color: inherit;'><strong style='color: inherit;'>Bobinas de cable recomendadas:<\/strong> <a style='color: #005cb9; text-decoration: none; font-weight: 600;' href='https:\/\/www.syscom.mx\/producto\/9C5R4-E2-SIEMON-88289.html'>9C5R4-E2<\/a>&comma; <a style='color: #005cb9; text-decoration: none; font-weight: 600;' href='https:\/\/www.syscom.mx\/producto\/9C5M4-E2-SIEMON-88288.html'>9C5M4-E2<\/a><\/li>\n<\/ul><\/div>\n<div style='width: 100%;'> <img style='width: 100%; height: auto; border: 1px solid rgba(150&comma;150&comma;150&comma;0.3); border-radius: 8px;' src='https:\/\/ftp3.syscom.mx\/usuarios\/fotos\/P88\/91459-siemonabajo.png' alt=''> <\/div>\n<\/p><\/div>\n<\/p><\/div>\n","protected":false},"excerpt":{"rendered":"<p>Plug RJ45 Cat5e, Para Cable UTP Calibre 22 a 26 AWG, Chapado en Oro de 50 Micras<\/p>\n","protected":false},"featured_media":118884,"comment_status":"open","ping_status":"closed","template":"","meta":[],"product_brand":[],"product_cat":[595],"product_tag":[586,596,600],"class_list":{"0":"post-118885","1":"product","2":"type-product","3":"status-publish","4":"has-post-thumbnail","6":"product_cat-jacks-plugs","7":"product_tag-cableado-de-cobre","8":"product_tag-jacks-plugs","9":"product_tag-siemon","11":"first","12":"instock","13":"sale","14":"shipping-taxable","15":"purchasable","16":"product-type-simple"},"_links":{"self":[{"href":"https:\/\/soydeaqui.ddns.net\/pachuca\/index.php\/wp-json\/wp\/v2\/product\/118885","targetHints":{"allow":["GET"]}}],"collection":[{"href":"https:\/\/soydeaqui.ddns.net\/pachuca\/index.php\/wp-json\/wp\/v2\/product"}],"about":[{"href":"https:\/\/soydeaqui.ddns.net\/pachuca\/index.php\/wp-json\/wp\/v2\/types\/product"}],"replies":[{"embeddable":true,"href":"https:\/\/soydeaqui.ddns.net\/pachuca\/index.php\/wp-json\/wp\/v2\/comments?post=118885"}],"wp:featuredmedia":[{"embeddable":true,"href":"https:\/\/soydeaqui.ddns.net\/pachuca\/index.php\/wp-json\/wp\/v2\/media\/118884"}],"wp:attachment":[{"href":"https:\/\/soydeaqui.ddns.net\/pachuca\/index.php\/wp-json\/wp\/v2\/media?parent=118885"}],"wp:term":[{"taxonomy":"product_brand","embeddable":true,"href":"https:\/\/soydeaqui.ddns.net\/pachuca\/index.php\/wp-json\/wp\/v2\/product_brand?post=118885"},{"taxonomy":"product_cat","embeddable":true,"href":"https:\/\/soydeaqui.ddns.net\/pachuca\/index.php\/wp-json\/wp\/v2\/product_cat?post=118885"},{"taxonomy":"product_tag","embeddable":true,"href":"https:\/\/soydeaqui.ddns.net\/pachuca\/index.php\/wp-json\/wp\/v2\/product_tag?post=118885"}],"curies":[{"name":"wp","href":"https:\/\/api.w.org\/{rel}","templated":true}]}}