{"id":118829,"date":"2026-03-24T04:33:06","date_gmt":"2026-03-24T04:33:06","guid":{"rendered":"https:\/\/soydeaqui.ddns.net\/pachuca\/index.php\/producto\/nvr-12-megapixel-4k-256-canales-ip-24-bahias-de-disco-duro-4-puertos-de-red-soporta-raid-con-hot-swap-nvr\/"},"modified":"2026-03-24T04:33:26","modified_gmt":"2026-03-24T04:33:26","slug":"nvr-12-megapixel-4k-256-canales-ip-24-bahias-de-disco-duro-4-puertos-de-red-soporta-raid-con-hot-swap-nvr","status":"publish","type":"product","link":"https:\/\/soydeaqui.ddns.net\/pachuca\/index.php\/producto\/nvr-12-megapixel-4k-256-canales-ip-24-bahias-de-disco-duro-4-puertos-de-red-soporta-raid-con-hot-swap-nvr\/","title":{"rendered":"NVR 12 Megapixel (4K) \/ 256 canales IP \/ 24 Bah\u00edas de Disco Duro \/ 4 Puertos de Red \/ Soporta RAID con Hot Swap \/ NVR"},"content":{"rendered":"<div style='width: 100%; max-width: 1200px; margin: 0 auto; font-family: sans-serif; line-height: 1.6; color: inherit; background-color: transparent;'>\n<p style='text-align: center; margin: 0;'><img style='width: 45%; height: auto; border: 1px solid rgba(150&comma;150&comma;150&comma;0.3); border-radius: 8px;' src='https:\/\/ftp3.syscom.mx\/usuarios\/jsosa\/HIKVISION\/imagenes\/logo\/hikvision%20see%20far.png' alt='Logo Hikvision'><\/p>\n<div style='display: flex; flex-wrap: wrap; gap: 30px; margin-top: 30px; margin-bottom: 30px;'>\n<div style='flex: 1 1 300px; min-width: 280px;'>\n<h3 style='font-size: 22px; border-bottom: 2px solid currentColor; padding-bottom: 5px; margin-top: 0; color: inherit; opacity: 0.8;'>Caracter\u00edsticas Principales<\/h3>\n<ul style='padding-left: 20px; font-size: 15px; color: inherit;'>\n<li style='margin-bottom: 5px;'><strong>Compresi\u00f3n:<\/strong> H.265+ \/ H.265 \/ H.264+ \/ H.264<\/li>\n<li style='margin-bottom: 5px;'><strong>Soporte:<\/strong> Mouse USB para operar el NVR (Incluido)<\/li>\n<li style='margin-bottom: 5px;'><strong>Grabaci\u00f3n:<\/strong> Redundante<\/li>\n<li style='margin-bottom: 5px;'><strong>B\u00fasqueda:<\/strong> De agenda en forma local o remota<\/li>\n<li style='margin-bottom: 5px;'><strong>Hot Swap con RAID:<\/strong> 0&comma;1&comma;5&comma;6&comma;10 (Capacidad de disco duro m\u00ednima de 4 TB para RAID)<\/li>\n<li style='margin-bottom: 5px;'><strong>Hot Spare:<\/strong> Para que nunca se pierda la grabaci\u00f3n en caso de fallo (requiere otro NVR compatible)<\/li>\n<li style='margin-bottom: 5px;'><strong>Compatibilidad:<\/strong> Navegadores IE&comma; Safari y Chrome (ietab)<\/li>\n<li style='margin-bottom: 5px;'><strong>Software:<\/strong> Cliente multi sitio IVMS-4200 (gratuito)<\/li>\n<li style='margin-bottom: 5px;'><strong>Almacenamiento:<\/strong> Sistema DAS de 24 bah\u00edas internas de hasta 10 TB c\/u (240 TB en total)<\/li>\n<li style='margin-bottom: 5px;'><strong>ONVIF:<\/strong> Versi\u00f3n 2.5<\/li>\n<li style='margin-bottom: 5px;'><strong>Compatibilidad:<\/strong> M\u00faltiples marcas (HIKVISION&comma; ACTi&comma; ARECONT&comma; AXIS&comma; BOSCH&comma; BRICKCOM&comma; CANON&comma; HUNT&comma; PANASONIC&comma; PELCO&comma; PSIA&comma; RTSP&comma; SAMSUNG&comma; SONY&comma; VIVOTEK&comma; ZAVIO)<\/li>\n<\/ul><\/div>\n<div style='flex: 1 1 300px; min-width: 280px;'>\n<h3 style='font-size: 22px; border-bottom: 2px solid currentColor; padding-bottom: 5px; margin-top: 0; color: inherit; opacity: 0.8;'>Interfaces Entradas y Salidas<\/h3>\n<ul style='padding-left: 20px; font-size: 15px; color: inherit;'>\n<li style='margin-bottom: 5px;'><strong>HDMI:<\/strong> 2 salidas independientes (4K \/ 1080p \/ 720p)<\/li>\n<li style='margin-bottom: 5px;'><strong>VGA:<\/strong> 1080p \/ 720p<\/li>\n<li style='margin-bottom: 5px;'><strong>Entradas de alarma:<\/strong> 16<\/li>\n<li style='margin-bottom: 5px;'><strong>Salidas de alarma:<\/strong> 8<\/li>\n<li style='margin-bottom: 5px;'><strong>Audio:<\/strong> Entrada y salida en RCA (bidireccional)<\/li>\n<li style='margin-bottom: 5px;'><strong>Funciones de Grabaci\u00f3n:<\/strong><\/li>\n<li style='margin-bottom: 5px;'>Detecci\u00f3n de movimiento multizona<\/li>\n<li style='margin-bottom: 5px;'>Zoom digital en visualizaci\u00f3n y grabaci\u00f3n<\/li>\n<li style='margin-bottom: 5px;'>Soporta m\u00faltiples tipos de grabaci\u00f3n (tiempo real&comma; manual&comma; video sensor&comma; alarma externa&comma; video sensor y alarma&comma; video sensor o alarma)<\/li>\n<li style='margin-bottom: 5px;'><strong>Reproducci\u00f3n:<\/strong> Hasta 16 canales simult\u00e1neos<\/li>\n<li style='margin-bottom: 5px;'><strong>Grabaci\u00f3n:<\/strong> Hasta 12 MP por canal<\/li>\n<\/ul><\/div>\n<div style='flex: 1 1 300px; min-width: 280px;'>\n<h3 style='font-size: 22px; border-bottom: 2px solid currentColor; padding-bottom: 5px; margin-top: 0; color: inherit; opacity: 0.8;'>Caracter\u00edsticas F\u00edsicas y El\u00e9ctricas<\/h3>\n<ul style='padding-left: 20px; font-size: 15px; color: inherit;'>\n<li style='margin-bottom: 5px;'><strong>Soporte:<\/strong> Fuentes redundantes y ventilador para enfriamiento (incluidos)<\/li>\n<li style='margin-bottom: 5px;'><strong>Dimensiones:<\/strong> 447 \u00d7 528 \u00d7 172 mm (4U rack)<\/li>\n<li style='margin-bottom: 5px;'><strong>Consumo:<\/strong> 140 W sin discos duros<\/li>\n<li style='margin-bottom: 5px;'><strong>Alimentaci\u00f3n:<\/strong> 100 a 240 Vca&comma; 550 W<\/li>\n<li style='margin-bottom: 5px;'><strong>Temperatura de operaci\u00f3n:<\/strong> 0 a 50 \u00b0C<\/li>\n<li style='margin-bottom: 5px;'><strong>Peso:<\/strong> 23 Kg sin discos duros<\/li>\n<\/ul><\/div>\n<div style='flex: 1 1 300px; min-width: 280px;'>\n<h3 style='font-size: 22px; border-bottom: 2px solid currentColor; padding-bottom: 5px; margin-top: 0; color: inherit; opacity: 0.8;'>Capacidad de red y funciones<\/h3>\n<ul style='padding-left: 20px; font-size: 15px; color: inherit;'>\n<li style='margin-bottom: 5px;'><strong>Throughput entrada:<\/strong> 768 Mbps (768 Mbps en modo RAID)<\/li>\n<li style='margin-bottom: 5px;'><strong>Throughput salida:<\/strong> 768 Mbps (768 Mbps en modo RAID)<\/li>\n<li style='margin-bottom: 5px;'><strong>Tarjetas de red:<\/strong> 4 interfaces 10\/100\/1000 Mbps<\/li>\n<li style='margin-bottom: 5px;'><strong>Red:<\/strong> Soporta Failover (tolerancia a fallos)&comma; Multi address y Balanceo de cargas<\/li>\n<li style='margin-bottom: 5px;'><strong>Protocolos:<\/strong> IPv6&comma; HTTPS&comma; UPnP&comma; SNMP&comma; NTP&comma; SADP&comma; SMTP&comma; NFS&comma; iSCSI&comma; PPPoE<\/li>\n<li style='margin-bottom: 5px;'><strong>DDNS:<\/strong> Soporta DynDNS&comma; No-IP&comma; entre otros<\/li>\n<\/ul><\/div>\n<div style='flex: 1 1 300px; min-width: 280px;'>\n<h3 style='font-size: 22px; border-bottom: 2px solid currentColor; padding-bottom: 5px; margin-top: 0; color: inherit; opacity: 0.8;'>Resoluci\u00f3n de Grabaci\u00f3n por Canal (H.265)<\/h3>\n<ul style='padding-left: 20px; font-size: 15px; color: inherit;'>\n<li style='margin-bottom: 5px;'>1 Megapixel: 256 canales @ 30 IPS<\/li>\n<li style='margin-bottom: 5px;'>2 Megapixel: 256 canales @ 30 IPS<\/li>\n<li style='margin-bottom: 5px;'>5 Megapixel: 256 canales @ 15 IPS<\/li>\n<li style='margin-bottom: 5px;'>8 Megapixel (4K): 200 canales @ 10IPS<\/li>\n<\/ul>\n<p style='font-size: 14px; color: inherit; margin-top: 15px;'><strong>Nota:<\/strong> El n\u00famero de canales en grabaci\u00f3n puede variar dependiendo de la resoluci\u00f3n de las c\u00e1maras&comma; IPS y bit rate. Consulte con el departamento de Ingenier\u00eda SYSCOM para m\u00e1s informaci\u00f3n.<\/p>\n<\/p><\/div>\n<div style='flex: 1 1 300px; min-width: 280px;'>\n<h3 style='font-size: 22px; border-bottom: 2px solid currentColor; padding-bottom: 5px; margin-top: 0; color: inherit; opacity: 0.8;'>Caracter\u00edsticas destacadas<\/h3>\n<p style='font-weight: bold; margin-top: 15px; color: inherit;'><strong>ACUSENSE (Filtro de Falsas Alarmas)<\/strong><\/p>\n<ul style='padding-left: 20px; font-size: 15px; color: inherit;'>\n<li style='margin-bottom: 5px;'>Tecnolog\u00eda ACUSENSE para evitar falsas alarmas por movimiento de \u00e1rboles&comma; animales&comma; etc.<\/li>\n<li style='margin-bottom: 5px;'>Detecta cuerpo humano y veh\u00edculos para eventos importantes<\/li>\n<li style='margin-bottom: 5px;'>Soporta hasta 256 canales con tecnolog\u00eda ACUSENSE (c\u00e1maras compatibles: DS-2CD3XX \/ DS-2CD2XX3G2 \/ DS-2CD2XX3G7)<\/li>\n<\/ul>\n<p style='font-size: 14px; color: inherit; margin-top: 15px;'><strong>Nota:<\/strong> La serie DS96XXX requiere workstation para funcionamiento (arquitectura cliente servidor). Consulte con el departamento de ingenier\u00eda seguridad.<\/p>\n<\/p><\/div>\n<\/p><\/div>\n<div style='margin: 30px 0;'> <img style='width: 100%; height: auto; border: 1px solid rgba(150&comma;150&comma;150&comma;0.3); border-radius: 8px;' src='https:\/\/ftp3.syscom.mx\/usuarios\/jsosa\/HIKVISION\/imagenes\/banners\/solution%20complete.png' alt='Banner Hikvision'> <\/div>\n<\/p><\/div>\n","protected":false},"excerpt":{"rendered":"<p>NVR 12 Megapixel (4K) \/ 256 canales IP \/ 24 Bah\u00edas de Disco Duro \/ 4 Puertos de Red \/ Soporta RAID con Hot Swap \/ NVR<\/p>\n","protected":false},"featured_media":118828,"comment_status":"open","ping_status":"closed","template":"","meta":[],"product_brand":[],"product_cat":[2234],"product_tag":[122,54,2235],"class_list":{"0":"post-118829","1":"product","2":"type-product","3":"status-publish","4":"has-post-thumbnail","6":"product_cat-nvrs-network-video-recorders","7":"product_tag-camaras-ip-y-nvrs","8":"product_tag-hikvision","9":"product_tag-nvrs-network-video-recorders","11":"first","12":"outofstock","13":"sale","14":"shipping-taxable","15":"purchasable","16":"product-type-simple"},"_links":{"self":[{"href":"https:\/\/soydeaqui.ddns.net\/pachuca\/index.php\/wp-json\/wp\/v2\/product\/118829","targetHints":{"allow":["GET"]}}],"collection":[{"href":"https:\/\/soydeaqui.ddns.net\/pachuca\/index.php\/wp-json\/wp\/v2\/product"}],"about":[{"href":"https:\/\/soydeaqui.ddns.net\/pachuca\/index.php\/wp-json\/wp\/v2\/types\/product"}],"replies":[{"embeddable":true,"href":"https:\/\/soydeaqui.ddns.net\/pachuca\/index.php\/wp-json\/wp\/v2\/comments?post=118829"}],"wp:featuredmedia":[{"embeddable":true,"href":"https:\/\/soydeaqui.ddns.net\/pachuca\/index.php\/wp-json\/wp\/v2\/media\/118828"}],"wp:attachment":[{"href":"https:\/\/soydeaqui.ddns.net\/pachuca\/index.php\/wp-json\/wp\/v2\/media?parent=118829"}],"wp:term":[{"taxonomy":"product_brand","embeddable":true,"href":"https:\/\/soydeaqui.ddns.net\/pachuca\/index.php\/wp-json\/wp\/v2\/product_brand?post=118829"},{"taxonomy":"product_cat","embeddable":true,"href":"https:\/\/soydeaqui.ddns.net\/pachuca\/index.php\/wp-json\/wp\/v2\/product_cat?post=118829"},{"taxonomy":"product_tag","embeddable":true,"href":"https:\/\/soydeaqui.ddns.net\/pachuca\/index.php\/wp-json\/wp\/v2\/product_tag?post=118829"}],"curies":[{"name":"wp","href":"https:\/\/api.w.org\/{rel}","templated":true}]}}