{"id":118823,"date":"2026-03-24T04:32:45","date_gmt":"2026-03-24T04:32:45","guid":{"rendered":"https:\/\/soydeaqui.ddns.net\/pachuca\/index.php\/producto\/nvr-12-megapixel-4k-128-canales-ip-24-bahias-de-disco-duro-4-puertos-de-red-soporta-raid-con-hot-swap-nvr-de-alto-desempeno\/"},"modified":"2026-03-24T04:33:00","modified_gmt":"2026-03-24T04:33:00","slug":"nvr-12-megapixel-4k-128-canales-ip-24-bahias-de-disco-duro-4-puertos-de-red-soporta-raid-con-hot-swap-nvr-de-alto-desempeno","status":"publish","type":"product","link":"https:\/\/soydeaqui.ddns.net\/pachuca\/index.php\/producto\/nvr-12-megapixel-4k-128-canales-ip-24-bahias-de-disco-duro-4-puertos-de-red-soporta-raid-con-hot-swap-nvr-de-alto-desempeno\/","title":{"rendered":"NVR 12 Megapixel (4K) \/ 128 canales IP \/ 24 Bah\u00edas de Disco Duro \/ 4 Puertos de Red \/ Soporta RAID con Hot Swap \/ NVR de Alto Desempe\u00f1o"},"content":{"rendered":"<div style='width: 100%; max-width: 1200px; margin: 0 auto; font-family: sans-serif; line-height: 1.6; color: inherit; background-color: transparent;'> <!-- Logo Hikvision --> <\/p>\n<p style='text-align: center; margin: 0 0 30px 0;'><img style='width: 100%; max-width: 300px; height: auto; border: 1px solid rgba(150&comma;150&comma;150&comma;0.3); border-radius: 8px;' src='https:\/\/ftp3.syscom.mx\/usuarios\/jsosa\/HIKVISION\/imagenes\/logo\/hikvision%20see%20far.png' alt='Logo Hikvision'><\/p>\n<p> <!-- Grid principal --> <\/p>\n<div style='display: flex; flex-wrap: wrap; gap: 30px;'> <!-- Columna izquierda --> <\/p>\n<div style='flex: 1 1 400px; min-width: 300px;'> <!-- Caracter\u00edsticas Principales --> <\/p>\n<div style='margin-bottom: 30px;'>\n<h3 style='font-size: 22px; border-bottom: 2px solid currentColor; padding-bottom: 5px; margin-top: 0; color: inherit; opacity: 0.8;'>Caracter\u00edsticas Principales<\/h3>\n<ul style='padding-left: 20px; font-size: 15px; color: inherit;'>\n<li style='margin-bottom: 5px;'><span style='color: inherit; font-family: sans-serif;'>Compresi\u00f3n: H.265&comma; H.264+&comma; H.264&comma; MJPEG.<\/span><\/li>\n<li style='margin-bottom: 5px;'><span style='color: inherit; font-family: sans-serif;'>Soporta mouse USB para operar el NVR (Incluido).<\/span><\/li>\n<li style='margin-bottom: 5px;'><span style='color: inherit; font-family: sans-serif;'>Soporta grabaci\u00f3n redundante.<\/span><\/li>\n<li style='margin-bottom: 5px;'><span style='color: inherit; font-family: sans-serif;'>Soporta b\u00fasqueda de agenda en forma local o remota.<\/span><\/li>\n<li style='margin-bottom: 5px;'><span style='color: inherit; font-family: sans-serif;'>Soporta Hot Swap con RAID: 0&comma;1&comma;5&comma;6&comma;10. (Capacidad de disco duro m\u00ednima de 4 TB para RAID)<\/span><\/li>\n<li style='margin-bottom: 5px;'><span style='color: inherit; font-family: sans-serif;'>Soporta Hot Spare para que nunca se pierda la grabaci\u00f3n en caso de que el NVR este fallando (se requiere otro NVR que tambi\u00e9n soporte la funci\u00f3n).<\/span><\/li>\n<li style='margin-bottom: 5px;'><span style='color: inherit; font-family: sans-serif;'>Soporta acceso remoto v\u00eda tel\u00e9fono: Android&comma; iPhone&comma; iPad (app IVMS-4500).<\/span><\/li>\n<li style='margin-bottom: 5px;'><span style='color: inherit; font-family: sans-serif;'>Software cliente multi sitio IVMS-4200 (gratuito).<\/span><\/li>\n<li style='margin-bottom: 5px;'><strong><span style='color: inherit; font-family: sans-serif;'>Cuenta con sistema DAS de 24 bah\u00edas internas de hasta 10 TB c\/u (240 TB en total).<\/span><\/strong><\/li>\n<li style='margin-bottom: 5px;'><span style='color: inherit; font-family: sans-serif;'>Soporta ONVIF (Versi\u00f3n 2.5).<\/span><\/li>\n<li style='margin-bottom: 5px;'><span style='color: inherit; font-family: sans-serif;'>Soporta m\u00faltiples marcas como: HIKVISION&comma; ACTi&comma; ARECONT&comma; AXIS&comma; BOSCH&comma; BRICKCOM&comma; CANON&comma; HUNT&comma; PANASONIC&comma; PELCO&comma; PSIA&comma; RTSP&comma; SAMSUNG&comma; SONY&comma; VIVOTEK&comma; ZAVIO.<\/span><\/li>\n<\/ul><\/div>\n<p> <!-- Interfaces Entradas y Salidas --> <\/p>\n<div style='margin-bottom: 30px;'>\n<h3 style='font-size: 22px; border-bottom: 2px solid currentColor; padding-bottom: 5px; margin-top: 0; color: inherit; opacity: 0.8;'>Interfaces Entradas y Salidas<\/h3>\n<ul style='padding-left: 20px; font-size: 15px; color: inherit;'>\n<li style='margin-bottom: 5px;'><span style='color: inherit; font-family: sans-serif;'>HDMI 1 y HDMI 2 (salidas independientes): 4K \/ 1080p \/ 720p.<\/span><\/li>\n<li style='margin-bottom: 5px;'><span style='color: inherit; font-family: sans-serif;'>VGA: 1080p \/ 720p.<\/span><\/li>\n<li style='margin-bottom: 5px;'><span style='color: inherit; font-family: sans-serif;'>Entradas de alarma: 16<\/span><\/li>\n<li style='margin-bottom: 5px;'><span style='color: inherit; font-family: sans-serif;'>Salidas de alarma: 8<\/span><\/li>\n<li style='margin-bottom: 5px;'><span style='color: inherit; font-family: sans-serif;'>Soporta entrada y salida de audio en RCA (audio bidireccional).<\/span><\/li>\n<\/ul><\/div>\n<p> <!-- Capacidad de procesamiento y funciones de red --> <\/p>\n<div style='margin-bottom: 30px;'>\n<h3 style='font-size: 22px; border-bottom: 2px solid currentColor; padding-bottom: 5px; margin-top: 0; color: inherit; opacity: 0.8;'>Capacidad de procesamiento y funciones de red<\/h3>\n<ul style='padding-left: 20px; font-size: 15px; color: inherit;'>\n<li style='margin-bottom: 5px;'><span style='color: inherit; font-family: sans-serif;'>Throughput entrada: 576 Mbps (576 Mbps en modo RAID)<\/span><\/li>\n<li style='margin-bottom: 5px;'><span style='color: inherit; font-family: sans-serif;'>Throughput salida: 512 Mbps (512 Mbps en modo RAID)<\/span><\/li>\n<li style='margin-bottom: 5px;'><span style='color: inherit; font-family: sans-serif;'>Soporta 4 tarjetas de red 10 \/ 100 \/ 1000 Mbps.<\/span><\/li>\n<li style='margin-bottom: 5px;'><span style='color: inherit; font-family: sans-serif;'>Soporta Fail lover (tolerancia a fallos)&comma; Multi address y Balanceo de cargas.<\/span><\/li>\n<li style='margin-bottom: 5px;'><span style='color: inherit; font-family: sans-serif;'>Protocolos: IPv6&comma; HTTPS&comma; UPnP&comma; SNMP&comma; NTP&comma; SADP&comma; SMTP&comma; NFS&comma; iSCSI&comma; PPPoE.<\/span><\/li>\n<li style='margin-bottom: 5px;'><span style='color: inherit; font-family: sans-serif;'>Soporta DDNS: DynDNS&comma; No-IP.<\/span><\/li>\n<\/ul><\/div>\n<\/p><\/div>\n<p> <!-- Columna derecha --> <\/p>\n<div style='flex: 1 1 400px; min-width: 300px;'> <!-- Caracter\u00edsticas F\u00edsicas y El\u00e9ctricas --> <\/p>\n<div style='margin-bottom: 30px;'>\n<h3 style='font-size: 22px; border-bottom: 2px solid currentColor; padding-bottom: 5px; margin-top: 0; color: inherit; opacity: 0.8;'>Caracter\u00edsticas F\u00edsicas y El\u00e9ctricas<\/h3>\n<ul style='padding-left: 20px; font-size: 15px; color: inherit;'>\n<li style='margin-bottom: 5px;'><span style='color: inherit; font-family: sans-serif;'>Soporta fuentes redundante y ventilador para enfriamiento (inclu\u00eddos).<\/span><\/li>\n<li style='margin-bottom: 5px;'><span style='color: inherit; font-family: sans-serif;'>Dimensiones: 447 \u00d7 528 \u00d7 172 mm (4U rack).<\/span><\/li>\n<li style='margin-bottom: 5px;'><span style='color: inherit; font-family: sans-serif;'>Consumo: 140 W sin discos duros.<\/span><\/li>\n<li style='margin-bottom: 5px;'><span style='color: inherit; font-family: sans-serif;'>Alimentaci\u00f3n: 100 a 240 Vca.<\/span><\/li>\n<li style='margin-bottom: 5px;'><span style='color: inherit; font-family: sans-serif;'>Temperatura de operaci\u00f3n: 0 a 50 \u00b0C.<\/span><\/li>\n<li style='margin-bottom: 5px;'><span style='color: inherit; font-family: sans-serif;'>Peso: 23 Kg sin discos duros.<\/span><\/li>\n<\/ul><\/div>\n<p> <!-- Funci\u00f3n de Grabaci\u00f3n y Visualizaci\u00f3n --> <\/p>\n<div style='margin-bottom: 30px;'>\n<h3 style='font-size: 22px; border-bottom: 2px solid currentColor; padding-bottom: 5px; margin-top: 0; color: inherit; opacity: 0.8;'>Funci\u00f3n de Grabaci\u00f3n y Visualizaci\u00f3n<\/h3>\n<ul style='padding-left: 20px; font-size: 15px; color: inherit;'>\n<li style='margin-bottom: 5px;'><span style='color: inherit; font-family: sans-serif;'>Detecci\u00f3n de movimiento multizona.<\/span><\/li>\n<li style='margin-bottom: 5px;'><span style='color: inherit; font-family: sans-serif;'>Zoom digital en visualizaci\u00f3n y grabaci\u00f3n.<\/span><\/li>\n<li style='margin-bottom: 5px;'><span style='color: inherit; font-family: sans-serif;'>Soporta m\u00faltiples tipos de grabaci\u00f3n&comma; incluyendo tiempo real&comma; grabaci\u00f3n manual&comma; v\u00eddeo sensor&comma; alarma externa&comma; video sensor y alarma&comma; video sensor o alarma.<\/span><\/li>\n<li style='margin-bottom: 5px;'><span style='color: inherit; font-family: sans-serif;'>Reproducci\u00f3n de grabacion hasta 16 canales simult\u00e1neos.<\/span><\/li>\n<li style='margin-bottom: 5px;'><span style='color: inherit; font-family: sans-serif;'>Soporta grabacion de hasta 12 MP por canal.<\/span><\/li>\n<\/ul><\/div>\n<p> <!-- Resoluci\u00f3n de Grabaci\u00f3n por Canal --> <\/p>\n<div style='margin-bottom: 30px;'>\n<h3 style='font-size: 22px; border-bottom: 2px solid currentColor; padding-bottom: 5px; margin-top: 0; color: inherit; opacity: 0.8;'>Resoluci\u00f3n de Grabaci\u00f3n por Canal (recomendado con H.265)<\/h3>\n<ul style='padding-left: 20px; font-size: 15px; color: inherit;'>\n<li style='margin-bottom: 5px;'><span style='color: inherit; font-family: sans-serif;'>1 Megapixel: 128 canales @ 30 IPS.<\/span><\/li>\n<li style='margin-bottom: 5px;'><span style='color: inherit; font-family: sans-serif;'>2 Megapixel: 128 canales @ 30 IPS.<\/span><\/li>\n<li style='margin-bottom: 5px;'><span style='color: inherit; font-family: sans-serif;'>5 Megapixel: 128 canales @ 15 IPS.<\/span><\/li>\n<li style='margin-bottom: 5px;'><span style='color: inherit; font-family: sans-serif;'>8 Megapixel (4K): 128 canales @ 10 IPS.<\/span><\/li>\n<li style='margin-bottom: 5px;'><strong style='color: inherit;'><span style='font-family: sans-serif;'>Nota:<\/span><\/strong><span style='font-family: sans-serif;'> El n\u00famero de canales en grabaci\u00f3n puede variar dependiendo de la resoluci\u00f3n de las c\u00e1maras&comma; IPS y bit rate&comma; para mayor informaci\u00f3n consulte con el departamento de Ingenier\u00eda SYSCOM.<\/span><\/li>\n<\/ul><\/div>\n<\/p><\/div>\n<\/p><\/div>\n<p> <!-- Caracter\u00edsticas destacadas --> <\/p>\n<div style='margin-bottom: 30px;'>\n<h3 style='font-size: 22px; border-bottom: 2px solid currentColor; padding-bottom: 5px; margin-top: 0; color: inherit; opacity: 0.8;'>Caracter\u00edsticas destacadas<\/h3>\n<div style='padding-left: 20px; font-size: 15px; color: inherit;'>\n<p style='margin: 0;'><strong style='color: inherit;'><span style='font-family: sans-serif;'>Nota:<\/span><\/strong><span style='font-family: sans-serif;'> La serie de grabadores DS96XXX trabaja bajo una arquitectura cliente servidor&comma; por lo que es necesario workstation para su correcto funcionamiento&comma; cualquier duda favor de comunicarse al departamento de ingenier\u00eda seguridad.<\/span><\/p>\n<\/p><\/div>\n<\/p><\/div>\n<p> <!-- Banner Solution Complete --> <\/p>\n<div style='margin: 30px 0 0 0;'> <img style='width: 100%; height: auto; border: 1px solid rgba(150&comma;150&comma;150&comma;0.3); border-radius: 8px;' src='https:\/\/ftp3.syscom.mx\/usuarios\/jsosa\/HIKVISION\/imagenes\/banners\/solution%20complete.png' alt='Solution Complete'> <\/div>\n<\/p><\/div>\n","protected":false},"excerpt":{"rendered":"<p>NVR 12 Megapixel (4K) \/ 128 canales IP \/ 24 Bah\u00edas de Disco Duro \/ 4 Puertos de Red \/ Soporta RAID con Hot Swap \/ NVR de Alto Desempe\u00f1o<\/p>\n","protected":false},"featured_media":118822,"comment_status":"open","ping_status":"closed","template":"","meta":[],"product_brand":[],"product_cat":[2234],"product_tag":[122,54,2235],"class_list":{"0":"post-118823","1":"product","2":"type-product","3":"status-publish","4":"has-post-thumbnail","6":"product_cat-nvrs-network-video-recorders","7":"product_tag-camaras-ip-y-nvrs","8":"product_tag-hikvision","9":"product_tag-nvrs-network-video-recorders","11":"first","12":"instock","13":"sale","14":"shipping-taxable","15":"purchasable","16":"product-type-simple"},"_links":{"self":[{"href":"https:\/\/soydeaqui.ddns.net\/pachuca\/index.php\/wp-json\/wp\/v2\/product\/118823","targetHints":{"allow":["GET"]}}],"collection":[{"href":"https:\/\/soydeaqui.ddns.net\/pachuca\/index.php\/wp-json\/wp\/v2\/product"}],"about":[{"href":"https:\/\/soydeaqui.ddns.net\/pachuca\/index.php\/wp-json\/wp\/v2\/types\/product"}],"replies":[{"embeddable":true,"href":"https:\/\/soydeaqui.ddns.net\/pachuca\/index.php\/wp-json\/wp\/v2\/comments?post=118823"}],"wp:featuredmedia":[{"embeddable":true,"href":"https:\/\/soydeaqui.ddns.net\/pachuca\/index.php\/wp-json\/wp\/v2\/media\/118822"}],"wp:attachment":[{"href":"https:\/\/soydeaqui.ddns.net\/pachuca\/index.php\/wp-json\/wp\/v2\/media?parent=118823"}],"wp:term":[{"taxonomy":"product_brand","embeddable":true,"href":"https:\/\/soydeaqui.ddns.net\/pachuca\/index.php\/wp-json\/wp\/v2\/product_brand?post=118823"},{"taxonomy":"product_cat","embeddable":true,"href":"https:\/\/soydeaqui.ddns.net\/pachuca\/index.php\/wp-json\/wp\/v2\/product_cat?post=118823"},{"taxonomy":"product_tag","embeddable":true,"href":"https:\/\/soydeaqui.ddns.net\/pachuca\/index.php\/wp-json\/wp\/v2\/product_tag?post=118823"}],"curies":[{"name":"wp","href":"https:\/\/api.w.org\/{rel}","templated":true}]}}