{"id":118811,"date":"2026-03-24T04:32:06","date_gmt":"2026-03-24T04:32:06","guid":{"rendered":"https:\/\/soydeaqui.ddns.net\/pachuca\/index.php\/producto\/licencia-de-visualizacion-cliente-maxpro-1-licencia-por-estacion-de-trabajo-1-cliente\/"},"modified":"2026-03-24T04:32:08","modified_gmt":"2026-03-24T04:32:08","slug":"licencia-de-visualizacion-cliente-maxpro-1-licencia-por-estacion-de-trabajo-1-cliente","status":"publish","type":"product","link":"https:\/\/soydeaqui.ddns.net\/pachuca\/index.php\/producto\/licencia-de-visualizacion-cliente-maxpro-1-licencia-por-estacion-de-trabajo-1-cliente\/","title":{"rendered":"Licencia de Visualizaci\u00f3n Cliente MAXPRO \/ 1 Licencia por Estaci\u00f3n de Trabajo \/ 1 Cliente"},"content":{"rendered":"<div style='width: 100%; max-width: 1200px; margin: 0 auto; font-family: sans-serif; line-height: 1.6; color: inherit; background-color: transparent;'> <!-- Secci\u00f3n de descripci\u00f3n general --> <\/p>\n<div style='margin-bottom: 30px;'>\n<h3 style='font-size: 22px; border-bottom: 2px solid currentColor; padding-bottom: 5px; margin-top: 0; color: inherit; opacity: 0.8;'>Descripci\u00f3n General<\/h3>\n<p style='font-size: 15px; color: inherit; margin-bottom: 15px;'>MAXPRO VMS (Sistema de Gesti\u00f3n de Video) controla m\u00faltiples fuentes de video para recopilar&comma; gestionar y presentar video de manera clara y concisa. El sistema determina inteligentemente las capacidades de cada subsistema permitiendo la gesti\u00f3n de dispositivos de video anal\u00f3gicos o digitales a trav\u00e9s de una configuraci\u00f3n unificada y visor \u00fanico.<\/p>\n<p style='font-size: 15px; color: inherit; margin-bottom: 15px;'>Soporta integraci\u00f3n con sistemas anal\u00f3gicos y digitales&comma; permitiendo el uso simult\u00e1neo de ambos para maximizar la inversi\u00f3n existente. Soporta c\u00e1maras Honeywell equIP\u00ae y ADPRO NVR&comma; con funciones avanzadas como control PTZ 3D&comma; reconocimiento de matr\u00edculas y eventos inteligentes.<\/p>\n<\/p><\/div>\n<p> <!-- Secci\u00f3n de caracter\u00edsticas principales --> <\/p>\n<div style='margin-bottom: 30px;'>\n<h3 style='font-size: 22px; border-bottom: 2px solid currentColor; padding-bottom: 5px; margin-top: 0; color: inherit; opacity: 0.8;'>Caracter\u00edsticas Principales<\/h3>\n<ul style='padding-left: 20px; font-size: 15px; color: inherit;'>\n<li style='margin-bottom: 5px;'>Soporte para m\u00faltiples fuentes de video simult\u00e1neas<\/li>\n<li style='margin-bottom: 5px;'>Integraci\u00f3n con sistemas de seguridad avanzados<\/li>\n<li style='margin-bottom: 5px;'>Interfaz de usuario intuitiva y personalizable<\/li>\n<li style='margin-bottom: 5px;'>Compatibilidad con c\u00e1maras IP de alta definici\u00f3n<\/li>\n<li style='margin-bottom: 5px;'>An\u00e1lisis de video en tiempo real incluido<\/li>\n<\/ul><\/div>\n<p> <!-- Secci\u00f3n de especificaciones t\u00e9cnicas --> <\/p>\n<div style='margin-bottom: 30px;'>\n<h3 style='font-size: 22px; border-bottom: 2px solid currentColor; padding-bottom: 5px; margin-top: 0; color: inherit; opacity: 0.8;'>Especificaciones T\u00e9cnicas<\/h3>\n<div style='display: flex; flex-wrap: wrap; gap: 20px;'> <!-- Secci\u00f3n de escalabilidad --> <\/p>\n<div style='flex: 1 1 250px; border: 1px solid rgba(150&comma; 150&comma; 150&comma; 0.4); border-radius: 8px; overflow: hidden; display: flex; flex-direction: column;'>\n<div style='padding: 15px; border-bottom: 1px solid rgba(150&comma; 150&comma; 150&comma; 0.2); font-weight: bold; font-size: 18px; color: inherit;'>Escalabilidad<\/div>\n<div style='padding: 15px; color: inherit;'>\n<ul style='padding-left: 20px; margin: 0; font-size: 14px; list-style-type: disc;'>\n<li style='margin-bottom: 5px;'>Soporta desde peque\u00f1as instalaciones hasta sistemas empresariales con miles de dispositivos<\/li>\n<li style='margin-bottom: 5px;'>Arquitectura distribuida con servidores MAXPRO en topolog\u00eda Padre-Hijo<\/li>\n<li style='margin-bottom: 5px;'>Soporta m\u00faltiples subsistemas de grabaci\u00f3n (NVR\/DVRs) desde un solo servidor<\/li>\n<\/ul><\/div>\n<\/p><\/div>\n<p> <!-- Secci\u00f3n de rendimiento --> <\/p>\n<div style='flex: 1 1 250px; border: 1px solid rgba(150&comma; 150&comma; 150&comma; 0.4); border-radius: 8px; overflow: hidden; display: flex; flex-direction: column;'>\n<div style='padding: 15px; border-bottom: 1px solid rgba(150&comma; 150&comma; 150&comma; 0.2); font-weight: bold; font-size: 18px; color: inherit;'>Rendimiento<\/div>\n<div style='padding: 15px; color: inherit;'>\n<ul style='padding-left: 20px; margin: 0; font-size: 14px; list-style-type: disc;'>\n<li style='margin-bottom: 5px;'>Soporte para resoluci\u00f3n 4K con 4 veces m\u00e1s detalle que 1080p HD<\/li>\n<li style='margin-bottom: 5px;'>Compresi\u00f3n H.265 con 30-50% menos almacenamiento que H.264<\/li>\n<li style='margin-bottom: 5px;'>Decodificaci\u00f3n GPU para H.264 y H.265 hasta 60 fps (1080p)<\/li>\n<\/ul><\/div>\n<\/p><\/div>\n<p> <!-- Secci\u00f3n de redundancia --> <\/p>\n<div style='flex: 1 1 250px; border: 1px solid rgba(150&comma; 150&comma; 150&comma; 0.4); border-radius: 8px; overflow: hidden; display: flex; flex-direction: column;'>\n<div style='padding: 15px; border-bottom: 1px solid rgba(150&comma; 150&comma; 150&comma; 0.2); font-weight: bold; font-size: 18px; color: inherit;'>Redundancia<\/div>\n<div style='padding: 15px; color: inherit;'>\n<ul style='padding-left: 20px; margin: 0; font-size: 14px; list-style-type: disc;'>\n<li style='margin-bottom: 5px;'>Soporta redundancia de servidores y grabadores NVR<\/li>\n<li style='margin-bottom: 5px;'>Funci\u00f3n de failover 1+1\/N+M para NVRs<\/li>\n<li style='margin-bottom: 5px;'>Soporta m\u00faltiples estaciones de trabajo y sitios<\/li>\n<\/ul><\/div>\n<\/p><\/div>\n<p> <!-- Secci\u00f3n de seguridad --> <\/p>\n<div style='flex: 1 1 250px; border: 1px solid rgba(150&comma; 150&comma; 150&comma; 0.4); border-radius: 8px; overflow: hidden; display: flex; flex-direction: column;'>\n<div style='padding: 15px; border-bottom: 1px solid rgba(150&comma; 150&comma; 150&comma; 0.2); font-weight: bold; font-size: 18px; color: inherit;'>Seguridad<\/div>\n<div style='padding: 15px; color: inherit;'>\n<ul style='padding-left: 20px; margin: 0; font-size: 14px; list-style-type: disc;'>\n<li style='margin-bottom: 5px;'>Contrase\u00f1as no recuperables con pol\u00edticas de complejidad<\/li>\n<li style='margin-bottom: 5px;'>Soporte para autenticaci\u00f3n Digest en streams multicast<\/li>\n<li style='margin-bottom: 5px;'>Comunicaci\u00f3n segura con c\u00e1maras Honeywell usando protocolo propietario<\/li>\n<\/ul><\/div>\n<\/p><\/div>\n<\/p><\/div>\n<\/p><\/div>\n<p> <!-- Secci\u00f3n de licencias --> <\/p>\n<div style='margin-bottom: 30px;'>\n<h3 style='font-size: 22px; border-bottom: 2px solid currentColor; padding-bottom: 5px; margin-top: 0; color: inherit; opacity: 0.8;'>Licencias<\/h3>\n<div style='display: flex; flex-wrap: wrap; gap: 20px;'> <!-- Secci\u00f3n de licencias base --> <\/p>\n<div style='flex: 1 1 250px; border: 1px solid rgba(150&comma; 150&comma; 150&comma; 0.4); border-radius: 8px; overflow: hidden; display: flex; flex-direction: column;'>\n<div style='padding: 15px; border-bottom: 1px solid rgba(150&comma; 150&comma; 150&comma; 0.2); font-weight: bold; font-size: 18px; color: inherit;'>Licencias Base<\/div>\n<div style='padding: 15px; color: inherit;'>\n<ul style='padding-left: 20px; margin: 0; font-size: 14px; list-style-type: disc;'>\n<li style='margin-bottom: 5px;'><strong>HNMSWVMS:<\/strong> Software base MAXPRO VMS<\/li>\n<li style='margin-bottom: 5px;'><strong>HNMSWVMS-B:<\/strong> Licencia de servidor redundante<\/li>\n<li style='margin-bottom: 5px;'><strong>HNM64:<\/strong> 64 canales base adicionales<\/li>\n<li style='margin-bottom: 5px;'><strong>HNM128:<\/strong> 128 canales base adicionales<\/li>\n<\/ul><\/div>\n<\/p><\/div>\n<p> <!-- Secci\u00f3n de licencias de cliente --> <\/p>\n<div style='flex: 1 1 250px; border: 1px solid rgba(150&comma; 150&comma; 150&comma; 0.4); border-radius: 8px; overflow: hidden; display: flex; flex-direction: column;'>\n<div style='padding: 15px; border-bottom: 1px solid rgba(150&comma; 150&comma; 150&comma; 0.2); font-weight: bold; font-size: 18px; color: inherit;'>Licencias de Cliente<\/div>\n<div style='padding: 15px; color: inherit;'>\n<ul style='padding-left: 20px; margin: 0; font-size: 14px; list-style-type: disc;'>\n<li style='margin-bottom: 5px;'><strong>HNMSWCL:<\/strong> Licencia de cliente MAXPRO View (1 por estaci\u00f3n de trabajo)<\/li>\n<li style='margin-bottom: 5px;'><strong>HNMSWVMSLT:<\/strong> MAXPRO VMS Lite con licencia para 64 canales<\/li>\n<li style='margin-bottom: 5px;'><strong>HNMUG:<\/strong> Actualizaci\u00f3n de MAXPRO VMS Lite a MAXPRO VMS<\/li>\n<\/ul><\/div>\n<\/p><\/div>\n<\/p><\/div>\n<\/p><\/div>\n<p> <!-- Secci\u00f3n de aplicaciones --> <\/p>\n<div style='margin-bottom: 30px;'>\n<h3 style='font-size: 22px; border-bottom: 2px solid currentColor; padding-bottom: 5px; margin-top: 0; color: inherit; opacity: 0.8;'>Aplicaciones<\/h3>\n<p style='font-size: 15px; color: inherit; margin-bottom: 15px;'>MAXPRO VMS es ideal para instalaciones que requieren protecci\u00f3n de infraestructura cr\u00edtica como aeropuertos&comma; puertos mar\u00edtimos&comma; edificios comerciales de m\u00faltiples sitios&comma; casinos y otras instalaciones de alto perfil. Es la soluci\u00f3n perfecta para clientes que necesitan utilizar tanto tecnolog\u00edas digitales como anal\u00f3gicas.<\/p>\n<p style='font-size: 15px; color: inherit; margin-bottom: 15px;'>Soporta integraci\u00f3n con el sistema de control de acceso Pro-Watch\u00ae de Honeywell&comma; Active Alert\u00ae y People Counter&comma; as\u00ed como otros productos y soluciones de Honeywell. La interfaz rica en funciones ofrece una plataforma de gesti\u00f3n unificada para m\u00faltiples sistemas.<\/p>\n<\/p><\/div>\n<p> <!-- Secci\u00f3n de soporte y asistencia --> <\/p>\n<div style='margin-bottom: 30px;'>\n<h3 style='font-size: 22px; border-bottom: 2px solid currentColor; padding-bottom: 5px; margin-top: 0; color: inherit; opacity: 0.8;'>Soporte y Asistencia<\/h3>\n<div style='display: flex; flex-wrap: wrap; gap: 20px;'> <!-- Secci\u00f3n de soporte --> <\/p>\n<div style='flex: 1 1 250px; border: 1px solid rgba(150&comma; 150&comma; 150&comma; 0.4); border-radius: 8px; overflow: hidden; display: flex; flex-direction: column;'>\n<div style='padding: 15px; border-bottom: 1px solid rgba(150&comma; 150&comma; 150&comma; 0.2); font-weight: bold; font-size: 18px; color: inherit;'>Soporte T\u00e9cnico<\/div>\n<div style='padding: 15px; color: inherit;'>\n<ul style='padding-left: 20px; margin: 0; font-size: 14px; list-style-type: disc;'>\n<li style='margin-bottom: 5px;'><strong>SSAHNMVMS:<\/strong> Acuerdo anual de soporte de software &#8211; MAXPRO VMS<\/li>\n<li style='margin-bottom: 5px;'><strong>SSA24HNMVMS:<\/strong> Soporte 24\/7 anual &#8211; MAXPRO VMS<\/li>\n<li style='margin-bottom: 5px;'><strong>SSAEUHNMVMS:<\/strong> Soporte 24\/7 anual para usuarios finales &#8211; MAXPRO VMS<\/li>\n<\/ul><\/div>\n<\/p><\/div>\n<p> <!-- Secci\u00f3n de redundancia y failover --> <\/p>\n<div style='flex: 1 1 250px; border: 1px solid rgba(150&comma; 150&comma; 150&comma; 0.4); border-radius: 8px; overflow: hidden; display: flex; flex-direction: column;'>\n<div style='padding: 15px; border-bottom: 1px solid rgba(150&comma; 150&comma; 150&comma; 0.2); font-weight: bold; font-size: 18px; color: inherit;'>Redundancia y Failover<\/div>\n<div style='padding: 15px; color: inherit;'>\n<ul style='padding-left: 20px; margin: 0; font-size: 14px; list-style-type: disc;'>\n<li style='margin-bottom: 5px;'>Soporta redundancia de base de datos<\/li>\n<li style='margin-bottom: 5px;'>Funci\u00f3n de failover 1+1\/N+M para NVRs<\/li>\n<li style='margin-bottom: 5px;'>Soporta failover autom\u00e1tico o manual<\/li>\n<\/ul><\/div>\n<\/p><\/div>\n<\/p><\/div>\n<\/p><\/div>\n<p> <!-- Separador --> <\/p>\n<hr style='border: 0; border-top: 1px solid rgba(150&comma; 150&comma; 150&comma; 0.3); margin: 30px 0;'> <\/div>\n","protected":false},"excerpt":{"rendered":"<p>Licencia de Visualizaci\u00f3n Cliente MAXPRO \/ 1 Licencia por Estaci\u00f3n de Trabajo \/ 1 Cliente<\/p>\n","protected":false},"featured_media":118810,"comment_status":"open","ping_status":"closed","template":"","meta":[],"product_brand":[],"product_cat":[2357],"product_tag":[209,2263],"class_list":{"0":"post-118811","1":"product","2":"type-product","3":"status-publish","4":"has-post-thumbnail","6":"product_cat-honeywell-software-vms-y-analiticas","7":"product_tag-honeywell","8":"product_tag-software-vms-y-analiticas","10":"first","11":"outofstock","12":"sale","13":"shipping-taxable","14":"purchasable","15":"product-type-simple"},"_links":{"self":[{"href":"https:\/\/soydeaqui.ddns.net\/pachuca\/index.php\/wp-json\/wp\/v2\/product\/118811","targetHints":{"allow":["GET"]}}],"collection":[{"href":"https:\/\/soydeaqui.ddns.net\/pachuca\/index.php\/wp-json\/wp\/v2\/product"}],"about":[{"href":"https:\/\/soydeaqui.ddns.net\/pachuca\/index.php\/wp-json\/wp\/v2\/types\/product"}],"replies":[{"embeddable":true,"href":"https:\/\/soydeaqui.ddns.net\/pachuca\/index.php\/wp-json\/wp\/v2\/comments?post=118811"}],"wp:featuredmedia":[{"embeddable":true,"href":"https:\/\/soydeaqui.ddns.net\/pachuca\/index.php\/wp-json\/wp\/v2\/media\/118810"}],"wp:attachment":[{"href":"https:\/\/soydeaqui.ddns.net\/pachuca\/index.php\/wp-json\/wp\/v2\/media?parent=118811"}],"wp:term":[{"taxonomy":"product_brand","embeddable":true,"href":"https:\/\/soydeaqui.ddns.net\/pachuca\/index.php\/wp-json\/wp\/v2\/product_brand?post=118811"},{"taxonomy":"product_cat","embeddable":true,"href":"https:\/\/soydeaqui.ddns.net\/pachuca\/index.php\/wp-json\/wp\/v2\/product_cat?post=118811"},{"taxonomy":"product_tag","embeddable":true,"href":"https:\/\/soydeaqui.ddns.net\/pachuca\/index.php\/wp-json\/wp\/v2\/product_tag?post=118811"}],"curies":[{"name":"wp","href":"https:\/\/api.w.org\/{rel}","templated":true}]}}