{"id":118776,"date":"2026-03-24T04:30:06","date_gmt":"2026-03-24T04:30:06","guid":{"rendered":"https:\/\/soydeaqui.ddns.net\/pachuca\/index.php\/producto\/bobina-de-cable-de-305-metros-1000-pies-cat5e-alto-rendimiento-color-blanco-ul-para-aplicaciones-en-video-vigilancia-redes-de-datos-uso-en-interior\/"},"modified":"2026-03-24T04:30:14","modified_gmt":"2026-03-24T04:30:14","slug":"bobina-de-cable-de-305-metros-1000-pies-cat5e-alto-rendimiento-color-blanco-ul-para-aplicaciones-en-video-vigilancia-redes-de-datos-uso-en-interior","status":"publish","type":"product","link":"https:\/\/soydeaqui.ddns.net\/pachuca\/index.php\/producto\/bobina-de-cable-de-305-metros-1000-pies-cat5e-alto-rendimiento-color-blanco-ul-para-aplicaciones-en-video-vigilancia-redes-de-datos-uso-en-interior\/","title":{"rendered":"Bobina de Cable de 305 Metros (1000 Pies), Cat5e, Alto Rendimiento, Color Blanco, UL, para Aplicaciones en Video Vigilancia, Redes de Datos. Uso en Interior"},"content":{"rendered":"<div style='width: 100%; max-width: 1200px; margin: 0 auto; font-family: sans-serif; line-height: 1.6; color: inherit; background-color: transparent;'> <!-- Imagen de marca --> <\/p>\n<div style='text-align: center; margin-bottom: 30px;'> <img style='width: 100%; max-width: 535px; height: auto; border: 1px solid rgba(150&comma;150&comma;150&comma;0.3); border-radius: 8px;' src='https:\/\/ftp3.syscom.mx\/usuarios\/jmolinar\/JonathanMolinar\/Camaras\/Ocultas\/LINKEDPROUL.jpg' alt='Logo de LINKEDPRO'> <\/div>\n<p> <!-- Descripci\u00f3n principal --> <\/p>\n<div style='text-align: center; margin-bottom: 30px;'>\n<p style='font-size: 16px; margin: 0; color: inherit;'><strong>Cable de alto rendimiento&comma; dise\u00f1ado para voz&comma; seguridad en datos (Megapixel) y aplicaciones de video.<\/strong><\/p>\n<\/p><\/div>\n<p> <!-- Secci\u00f3n de caracter\u00edsticas --> <\/p>\n<div style='display: flex; flex-wrap: wrap; gap: 30px; margin-bottom: 30px;'>\n<div style='flex: 1 1 300px; min-width: 280px;'>\n<h3 style='font-size: 22px; border-bottom: 2px solid currentColor; padding-bottom: 5px; margin-top: 0; color: inherit; opacity: 0.8;'>Caracter\u00edsticas<\/h3>\n<ul style='padding-left: 20px; font-size: 15px; color: inherit;'>\n<li style='margin-bottom: 5px;'>Video vigilancia IP Megapixel \/ Instalaciones de video an\u00e1logo \/ Redes locales de alta velocidad.<\/li>\n<li style='margin-bottom: 5px;'>Redes inal\u00e1mbricas.<\/li>\n<li style='margin-bottom: 5px;'>Instalaciones Gigabit de voz\/datos.<\/li>\n<li style='margin-bottom: 5px;'>Envio de PoE en largas distancias.<\/li>\n<li style='margin-bottom: 5px;'>Para aplicaciones de alta velocidad de datos&comma; Fast Ethernet y Gigabit Ethernet.<\/li>\n<\/ul><\/div>\n<div style='flex: 1 1 300px; min-width: 280px;'>\n<h3 style='font-size: 22px; border-bottom: 2px solid currentColor; padding-bottom: 5px; margin-top: 0; color: inherit; opacity: 0.8;'>Caracter\u00edsticas f\u00edsicas y el\u00e9ctricas<\/h3>\n<ul style='padding-left: 20px; font-size: 15px; color: inherit;'>\n<li style='margin-bottom: 5px;'><strong>Conductor:<\/strong> 100% Cobre<\/li>\n<li style='margin-bottom: 5px;'><strong>Color Exterior:<\/strong> Blanco<\/li>\n<li style='margin-bottom: 5px;'><strong>Calibre:<\/strong> 24<\/li>\n<li style='margin-bottom: 5px;'><strong>Aislamiento:<\/strong> PVC<\/li>\n<li style='margin-bottom: 5px;'><strong>Blindaje:<\/strong> Sin blindaje<\/li>\n<li style='margin-bottom: 5px;'><strong>Di\u00e1metro nominal:<\/strong> 5.1 \u00b1 0.2 mm<\/li>\n<li style='margin-bottom: 5px;'><strong>Aplicaci\u00f3n:<\/strong> Interior<\/li>\n<li style='margin-bottom: 5px;'><strong>Frecuencia:<\/strong> 100 MHz<\/li>\n<li style='margin-bottom: 5px;'><strong>Tipo:<\/strong> UTP5 (4 pares)<\/li>\n<\/ul><\/div>\n<div style='flex: 1 1 300px; min-width: 280px;'>\n<h3 style='font-size: 22px; border-bottom: 2px solid currentColor; padding-bottom: 5px; margin-top: 0; color: inherit; opacity: 0.8;'>Est\u00e1ndares y certificaciones<\/h3>\n<ul style='padding-left: 20px; font-size: 15px; color: inherit;'>\n<li style='margin-bottom: 5px;'>UL: E488955<\/li>\n<li style='margin-bottom: 5px;'>CM<\/li>\n<li style='margin-bottom: 5px;'>ANSI\/TIA 568 C.2<\/li>\n<li style='margin-bottom: 5px;'>ISO\/IEC 11801 2nd Ed.<\/li>\n<li style='margin-bottom: 5px;'>CENELEC EN.<\/li>\n<li style='margin-bottom: 5px;'>Cumple con las Pruebas de Rendimiento para Enlace Permanente a 90 metros<\/li>\n<\/ul><\/div>\n<\/p><\/div>\n<p> <!-- Nota de precio --> <\/p>\n<div style='margin-bottom: 30px;'>\n<p style='font-size: 15px; color: inherit; text-align: center;'><strong>* Precio por bobina de 305 metros.<\/strong><\/p>\n<\/p><\/div>\n<p> <!-- Gu\u00eda de selecci\u00f3n de cable --> <\/p>\n<div style='margin-bottom: 30px;'> <img style='width: 100%; height: auto; border: 1px solid rgba(150&comma;150&comma;150&comma;0.3); border-radius: 8px;' src='https:\/\/ftp3.syscom.mx\/usuarios\/ccasares\/CCTV\/Guia%20rapida%20de%20seleccion%20de%20cable.jpg' alt='Gu\u00eda r\u00e1pida de selecci\u00f3n de cable'> <\/div>\n<p> <!-- V\u00eddeos de demostraci\u00f3n --> <\/p>\n<div style='display: flex; flex-wrap: wrap; gap: 30px; margin-bottom: 30px;'>\n<div style='flex: 1 1 560px; min-width: 300px;'>\n<div style='position: relative; padding-bottom: 56.25%; height: 0; overflow: hidden;'>   <\/div>\n<\/p><\/div>\n<div style='flex: 1 1 560px; min-width: 300px;'>\n<div style='position: relative; padding-bottom: 56.25%; height: 0; overflow: hidden;'>   <\/div>\n<\/p><\/div>\n<\/p><\/div>\n<p> <!-- Separador final --> <\/p>\n<hr style='border: 0; border-top: 1px solid rgba(150&comma; 150&comma; 150&comma; 0.3); margin: 30px 0;'> <\/div>\n","protected":false},"excerpt":{"rendered":"<p>Bobina de Cable de 305 Metros (1000 Pies), Cat5e, Alto Rendimiento, Color Blanco, UL, para Aplicaciones en Video Vigilancia, Redes de Datos. Uso en Interior<\/p>\n","protected":false},"featured_media":118775,"comment_status":"open","ping_status":"closed","template":"","meta":[],"product_brand":[],"product_cat":[619],"product_tag":[488,620,435],"class_list":{"0":"post-118776","1":"product","2":"type-product","3":"status-publish","4":"has-post-thumbnail","6":"product_cat-categoria-5e","7":"product_tag-cables-y-conectores","8":"product_tag-categoria-5e","9":"product_tag-linkedpro-by-epcom","11":"first","12":"instock","13":"sale","14":"shipping-taxable","15":"purchasable","16":"product-type-simple"},"_links":{"self":[{"href":"https:\/\/soydeaqui.ddns.net\/pachuca\/index.php\/wp-json\/wp\/v2\/product\/118776","targetHints":{"allow":["GET"]}}],"collection":[{"href":"https:\/\/soydeaqui.ddns.net\/pachuca\/index.php\/wp-json\/wp\/v2\/product"}],"about":[{"href":"https:\/\/soydeaqui.ddns.net\/pachuca\/index.php\/wp-json\/wp\/v2\/types\/product"}],"replies":[{"embeddable":true,"href":"https:\/\/soydeaqui.ddns.net\/pachuca\/index.php\/wp-json\/wp\/v2\/comments?post=118776"}],"wp:featuredmedia":[{"embeddable":true,"href":"https:\/\/soydeaqui.ddns.net\/pachuca\/index.php\/wp-json\/wp\/v2\/media\/118775"}],"wp:attachment":[{"href":"https:\/\/soydeaqui.ddns.net\/pachuca\/index.php\/wp-json\/wp\/v2\/media?parent=118776"}],"wp:term":[{"taxonomy":"product_brand","embeddable":true,"href":"https:\/\/soydeaqui.ddns.net\/pachuca\/index.php\/wp-json\/wp\/v2\/product_brand?post=118776"},{"taxonomy":"product_cat","embeddable":true,"href":"https:\/\/soydeaqui.ddns.net\/pachuca\/index.php\/wp-json\/wp\/v2\/product_cat?post=118776"},{"taxonomy":"product_tag","embeddable":true,"href":"https:\/\/soydeaqui.ddns.net\/pachuca\/index.php\/wp-json\/wp\/v2\/product_tag?post=118776"}],"curies":[{"name":"wp","href":"https:\/\/api.w.org\/{rel}","templated":true}]}}