{"id":118764,"date":"2026-03-24T04:29:27","date_gmt":"2026-03-24T04:29:27","guid":{"rendered":"https:\/\/soydeaqui.ddns.net\/pachuca\/index.php\/producto\/bobina-de-cable-de-152-metros-499-pies-cat5e-ftp-blindado-para-intemperie-color-negro-ul-color-negro-para-aplicaciones-en-video-vigilancia-redes-de-datos\/"},"modified":"2026-03-24T04:29:35","modified_gmt":"2026-03-24T04:29:35","slug":"bobina-de-cable-de-152-metros-499-pies-cat5e-ftp-blindado-para-intemperie-color-negro-ul-color-negro-para-aplicaciones-en-video-vigilancia-redes-de-datos","status":"publish","type":"product","link":"https:\/\/soydeaqui.ddns.net\/pachuca\/index.php\/producto\/bobina-de-cable-de-152-metros-499-pies-cat5e-ftp-blindado-para-intemperie-color-negro-ul-color-negro-para-aplicaciones-en-video-vigilancia-redes-de-datos\/","title":{"rendered":"Bobina de Cable de 152 Metros (499 Pies), Cat5e, FTP, Blindado, para Intemperie, Color Negro, UL, Color Negro, para Aplicaciones en Video Vigilancia, Redes de Datos"},"content":{"rendered":"<div style='width: 100%; max-width: 1200px; margin: 0 auto; font-family: sans-serif; line-height: 1.6; color: inherit; background-color: transparent;'>\n<p style='text-align: justify; font-size: 16px; margin-bottom: 20px;'><strong>Cable de alto rendimiento&comma; dise\u00f1ado para voz&comma; seguridad en datos (Megapixel) y aplicaciones de video.<\/strong><\/p>\n<p> <!-- Imagen de marca --> <\/p>\n<div style='margin: 20px 0;'> <img style='width: 100%; max-width: 535px; height: auto; border: 1px solid rgba(150&comma;150&comma;150&comma;0.3); border-radius: 8px; display: block; margin: 0 auto;' src='https:\/\/ftp3.syscom.mx\/usuarios\/jmolinar\/JonathanMolinar\/Camaras\/Ocultas\/LINKEDPROUL.jpg' alt=''> <\/div>\n<p> <!-- Secci\u00f3n de caracter\u00edsticas --> <\/p>\n<div style='display: flex; flex-wrap: wrap; gap: 20px; margin-top: 30px;'>\n<div style='flex: 1 1 300px; min-width: 280px;'>\n<div style='border-left: 5px solid #F52207; border-radius: 5px; padding: 15px; box-shadow: 2px 2px 10px rgba(0&comma;0&comma;0&comma;0.1);'>\n<h3 style='font-size: 18px; margin-top: 0; margin-bottom: 15px; color: inherit;'><strong>Caracter\u00edsticas principales:<\/strong><\/h3>\n<ul style='padding-left: 20px; font-size: 15px; color: inherit; list-style-type: disc;'>\n<li style='margin-bottom: 8px;'>CCTV IP Megapixel \/ Instalaciones de video an\u00e1logo \/ Redes locales de alta velocidad<\/li>\n<li style='margin-bottom: 8px;'>Redes inal\u00e1mbricas<\/li>\n<li style='margin-bottom: 8px;'>Para aplicaciones de alta velocidad de datos&comma; Fast Ethernet y Gigabit Ethernet<\/li>\n<li style='margin-bottom: 8px;'>Instalaciones Gigabit de voz\/datos<\/li>\n<li style='margin-bottom: 8px;'>Envio de PoE en largas distancias<\/li>\n<li style='margin-bottom: 8px;'>Conductores de puro cobre<\/li>\n<li style='margin-bottom: 8px;'>Para instalaciones en exterior (CMX) y protecci\u00f3n UV<\/li>\n<li style='margin-bottom: 8px;'>Dise\u00f1ado para: Aplicaciones de datos de alta velocidad&comma; Fast Ethernet y Gigabit Ethernet<\/li>\n<\/ul><\/div>\n<\/p><\/div>\n<div style='flex: 1 1 300px; min-width: 280px;'>\n<div style='border-left: 5px solid #F52207; border-radius: 5px; padding: 15px; box-shadow: 2px 2px 10px rgba(0&comma;0&comma;0&comma;0.1);'>\n<h3 style='font-size: 18px; margin-top: 0; margin-bottom: 15px; color: inherit;'><strong>Caracter\u00edsticas F\u00edsicas y El\u00e9ctricas:<\/strong><\/h3>\n<ul style='padding-left: 20px; font-size: 15px; color: inherit; list-style-type: disc;'>\n<li style='margin-bottom: 8px;'>Con blindaje: (Poli\u00e9ster Aluminizado) Mayor protecci\u00f3n contra interferencias El\u00e9ctricas&comma; contra Propagaci\u00f3n a la flama<\/li>\n<li style='margin-bottom: 8px;'>Di\u00e1metro: 6.2 mm<\/li>\n<li style='margin-bottom: 8px;'>Aplicaci\u00f3n : Intemperie<\/li>\n<li style='margin-bottom: 8px;'>Frecuencia: 100 MHz<\/li>\n<li style='margin-bottom: 8px;'>Conductor: 100% Cobre<\/li>\n<li style='margin-bottom: 8px;'>Color Exterior: Negro<\/li>\n<li style='margin-bottom: 8px;'>Calibre: 24<\/li>\n<li style='margin-bottom: 8px;'>Aislamiento PVC<\/li>\n<li style='margin-bottom: 8px;'>Cable de drenado a tierra<\/li>\n<\/ul><\/div>\n<\/p><\/div>\n<div style='flex: 1 1 300px; min-width: 280px;'>\n<div style='border-left: 5px solid #F52207; border-radius: 5px; padding: 15px; box-shadow: 2px 2px 10px rgba(0&comma;0&comma;0&comma;0.1);'>\n<h3 style='font-size: 18px; margin-top: 0; margin-bottom: 15px; color: inherit;'><strong>Est\u00e1ndares:<\/strong><\/h3>\n<ul style='padding-left: 20px; font-size: 15px; color: inherit; list-style-type: disc;'>\n<li style='margin-bottom: 8px;'>UL (E488955) CMX<\/li>\n<li style='margin-bottom: 8px;'>ANSI\/TIA 568 C.2<\/li>\n<li style='margin-bottom: 8px;'>ISO\/IEC 11801 2nd Ed; IEC 61156-5<\/li>\n<li style='margin-bottom: 8px;'>CENELEC EN<\/li>\n<li style='margin-bottom: 8px;'>RoHS<\/li>\n<li style='margin-bottom: 8px;'>Cumple con las Pruebas de Rendimiento para Enlace Permanente a 90 metros<\/li>\n<\/ul><\/div>\n<\/p><\/div>\n<\/p><\/div>\n<p> <!-- Informaci\u00f3n adicional --> <\/p>\n<div style='margin-top: 30px;'>\n<p style='font-size: 15px; margin-bottom: 15px;'><strong>Compatible \u00fanicamente con plugs<\/strong> <a style='color: inherit; text-decoration: underline; font-weight: 600;' href='https:\/\/www.syscom.mx\/producto\/TC5SG-100-LINKEDPRO-161920.html'>TC5SG-100<\/a><\/p>\n<p style='font-size: 15px; margin-bottom: 15px;'><strong>*Precio por bobina de 152m<\/strong><\/p>\n<\/p><\/div>\n<p> <!-- Imagen gu\u00eda r\u00e1pida --> <\/p>\n<div style='margin: 30px 0;'> <img style='width: 100%; max-width: 1200px; height: auto; border: 1px solid rgba(150&comma;150&comma;150&comma;0.3); border-radius: 8px; display: block; margin: 0 auto;' src='https:\/\/ftp3.syscom.mx\/usuarios\/ccasares\/CCTV\/Guia%20rapida%20de%20seleccion%20de%20cable.jpg' alt=''> <\/div>\n<p> <!-- Videos de YouTube --> <\/p>\n<div style='margin: 30px 0;'>\n<div style='position: relative; padding-bottom: 56.25%; height: 0; overflow: hidden; margin-bottom: 30px;'>   <\/div>\n<div style='position: relative; padding-bottom: 56.25%; height: 0; overflow: hidden; margin-bottom: 30px;'>   <\/div>\n<\/p><\/div>\n<\/p><\/div>\n","protected":false},"excerpt":{"rendered":"<p>Bobina de Cable de 152 Metros (499 Pies), Cat5e, FTP, Blindado, para Intemperie, Color Negro, UL, Color Negro, para Aplicaciones en Video Vigilancia, Redes de Datos<\/p>\n","protected":false},"featured_media":118763,"comment_status":"open","ping_status":"closed","template":"","meta":[],"product_brand":[],"product_cat":[619],"product_tag":[488,620,435],"class_list":{"0":"post-118764","1":"product","2":"type-product","3":"status-publish","4":"has-post-thumbnail","6":"product_cat-categoria-5e","7":"product_tag-cables-y-conectores","8":"product_tag-categoria-5e","9":"product_tag-linkedpro-by-epcom","11":"first","12":"instock","13":"sale","14":"shipping-taxable","15":"purchasable","16":"product-type-simple"},"_links":{"self":[{"href":"https:\/\/soydeaqui.ddns.net\/pachuca\/index.php\/wp-json\/wp\/v2\/product\/118764","targetHints":{"allow":["GET"]}}],"collection":[{"href":"https:\/\/soydeaqui.ddns.net\/pachuca\/index.php\/wp-json\/wp\/v2\/product"}],"about":[{"href":"https:\/\/soydeaqui.ddns.net\/pachuca\/index.php\/wp-json\/wp\/v2\/types\/product"}],"replies":[{"embeddable":true,"href":"https:\/\/soydeaqui.ddns.net\/pachuca\/index.php\/wp-json\/wp\/v2\/comments?post=118764"}],"wp:featuredmedia":[{"embeddable":true,"href":"https:\/\/soydeaqui.ddns.net\/pachuca\/index.php\/wp-json\/wp\/v2\/media\/118763"}],"wp:attachment":[{"href":"https:\/\/soydeaqui.ddns.net\/pachuca\/index.php\/wp-json\/wp\/v2\/media?parent=118764"}],"wp:term":[{"taxonomy":"product_brand","embeddable":true,"href":"https:\/\/soydeaqui.ddns.net\/pachuca\/index.php\/wp-json\/wp\/v2\/product_brand?post=118764"},{"taxonomy":"product_cat","embeddable":true,"href":"https:\/\/soydeaqui.ddns.net\/pachuca\/index.php\/wp-json\/wp\/v2\/product_cat?post=118764"},{"taxonomy":"product_tag","embeddable":true,"href":"https:\/\/soydeaqui.ddns.net\/pachuca\/index.php\/wp-json\/wp\/v2\/product_tag?post=118764"}],"curies":[{"name":"wp","href":"https:\/\/api.w.org\/{rel}","templated":true}]}}