{"id":118742,"date":"2026-03-24T04:28:07","date_gmt":"2026-03-24T04:28:07","guid":{"rendered":"https:\/\/soydeaqui.ddns.net\/pachuca\/index.php\/producto\/cable-cat6-calibre-23-utp-intemperie-con-gel-doble-chaqueta-etl-ul-color-negro-de-305-metros-1000-pies-para-climas-extremos\/"},"modified":"2026-03-24T04:28:15","modified_gmt":"2026-03-24T04:28:15","slug":"cable-cat6-calibre-23-utp-intemperie-con-gel-doble-chaqueta-etl-ul-color-negro-de-305-metros-1000-pies-para-climas-extremos","status":"publish","type":"product","link":"https:\/\/soydeaqui.ddns.net\/pachuca\/index.php\/producto\/cable-cat6-calibre-23-utp-intemperie-con-gel-doble-chaqueta-etl-ul-color-negro-de-305-metros-1000-pies-para-climas-extremos\/","title":{"rendered":"Cable Cat6+ Calibre 23, UTP, Intemperie con Gel Doble Chaqueta, ETL, UL, Color Negro de 305 Metros (1000 Pies), para Climas Extremos"},"content":{"rendered":"<div style='width: 100%; max-width: 1200px; margin: 0 auto; font-family: sans-serif; line-height: 1.6; color: inherit; background-color: transparent;'>\n<p style='margin: 0 0 15px 0; padding: 0;'><strong style='font-size: 16px; color: inherit;'>Cable con gel para exterior con doble chaqueta de alto desempe\u00f1o.<\/strong><\/p>\n<div style='margin: 30px 0;'> <img style='width: 100%; height: auto; border: 1px solid rgba(150&comma;150&comma;150&comma;0.3); border-radius: 8px;' src='https:\/\/ftp3.syscom.mx\/usuarios\/jmolinar\/Jmolinar\/Camaras\/Ocultas\/LINKEDPROUL.jpg' alt=''><\/div>\n<div style='display: flex; flex-wrap: wrap; gap: 30px; margin: 30px 0;'>\n<div style='flex: 1 1 300px; min-width: 280px;'>\n<h3 style='font-size: 22px; border-bottom: 2px solid currentColor; padding-bottom: 5px; margin-top: 0; color: inherit; opacity: 0.8;'>Caracter\u00edsticas principales<\/h3>\n<ul style='padding-left: 20px; font-size: 15px; color: inherit;'>\n<li style='margin-bottom: 5px;'>Video vigilancia IP Megapixel \/ Instalaciones de video an\u00e1logo \/ Redes locales de alta velocidad.<\/li>\n<li style='margin-bottom: 5px;'>Redes inal\u00e1mbricas.<\/li>\n<li style='margin-bottom: 5px;'>Para aplicaciones de alta velocidad de datos&comma; Fast Ethernet y Gigabit Ethernet.<\/li>\n<li style='margin-bottom: 5px;'>Instalaciones Gigabit de voz\/datos.<\/li>\n<\/ul><\/div>\n<div style='flex: 1 1 300px; min-width: 280px;'>\n<h3 style='font-size: 22px; border-bottom: 2px solid currentColor; padding-bottom: 5px; margin-top: 0; color: inherit; opacity: 0.8;'>Caracter\u00edsticas F\u00edsicas y El\u00e9ctricas<\/h3>\n<ul style='padding-left: 20px; font-size: 15px; color: inherit;'>\n<li style='margin-bottom: 5px;'><strong>Conductor:<\/strong> Cobre.<\/li>\n<li style='margin-bottom: 5px;'><strong>Para instalaciones en exterior:<\/strong> UV&comma; LDPE.<\/li>\n<li style='margin-bottom: 5px;'><strong>Dise\u00f1ado para:<\/strong> Aplicaciones de datos de alta velocidad&comma; Fast Ethernet y Gigabit Ethernet.<\/li>\n<li style='margin-bottom: 5px;'><strong>Color Exterior:<\/strong> Negro.<\/li>\n<li style='margin-bottom: 5px;'><strong>AWG:<\/strong> 23.<\/li>\n<li style='margin-bottom: 5px;'><strong>Aislamiento:<\/strong> HDPE.<\/li>\n<li style='margin-bottom: 5px;'><strong>Di\u00e1metro:<\/strong> 7.6 mm \u00b1 0.2 mm.<\/li>\n<\/ul><\/div>\n<div style='flex: 1 1 300px; min-width: 280px;'>\n<h3 style='font-size: 22px; border-bottom: 2px solid currentColor; padding-bottom: 5px; margin-top: 0; color: inherit; opacity: 0.8;'>Caracter\u00edsticas Destacadas<\/h3>\n<ul style='padding-left: 20px; font-size: 15px; color: inherit;'>\n<li style='margin-bottom: 5px;'>UL : E472815<\/li>\n<li style='margin-bottom: 5px;'>ANSI\/TIA 560-C.2<\/li>\n<li style='margin-bottom: 5px;'>ISO\/IEC<\/li>\n<li style='margin-bottom: 5px;'>CENELEC EN.<\/li>\n<li style='margin-bottom: 5px;'>RoHS<\/li>\n<li style='margin-bottom: 5px;'>Cumple con las Pruebas de Rendimiento para Enlace Permanente a 90 metros<\/li>\n<\/ul><\/div>\n<\/p><\/div>\n<div style='margin: 30px 0;'>\n<div style='padding: 15px; border: 1px solid rgba(150&comma; 150&comma; 150&comma; 0.3); border-radius: 8px; font-size: 15px; color: inherit;'> *Compatible \u00fanicamente con plugs <a style='color: inherit; text-decoration: underline; font-weight: bold;' href='https:\/\/www.syscom.mx\/producto\/LPKJ6A17S-LINKEDPRO-164474.html'>LPKJ6A17S<\/a> <\/div>\n<\/p><\/div>\n<div style='margin: 30px 0;'>\n<div style='padding: 15px; border: 1px solid rgba(150&comma; 150&comma; 150&comma; 0.3); border-radius: 8px; font-size: 15px; color: inherit;'> <strong>* Precio por carrete de 305 mts.<\/strong> <\/div>\n<\/p><\/div>\n<div style='margin: 30px 0;'>\n<div style='position: relative; padding-bottom: 56.25%; height: 0; overflow: hidden; margin-bottom: 30px;'>   <\/div>\n<\/p><\/div>\n<\/p><\/div>\n","protected":false},"excerpt":{"rendered":"<p>Cable Cat6+ Calibre 23, UTP, Intemperie con Gel Doble Chaqueta, ETL, UL, Color Negro de 305 Metros (1000 Pies), para Climas Extremos<\/p>\n","protected":false},"featured_media":118741,"comment_status":"open","ping_status":"closed","template":"","meta":[],"product_brand":[],"product_cat":[576],"product_tag":[488,577,435],"class_list":{"0":"post-118742","1":"product","2":"type-product","3":"status-publish","4":"has-post-thumbnail","6":"product_cat-categoria-6","7":"product_tag-cables-y-conectores","8":"product_tag-categoria-6","9":"product_tag-linkedpro-by-epcom","11":"first","12":"instock","13":"sale","14":"shipping-taxable","15":"purchasable","16":"product-type-simple"},"_links":{"self":[{"href":"https:\/\/soydeaqui.ddns.net\/pachuca\/index.php\/wp-json\/wp\/v2\/product\/118742","targetHints":{"allow":["GET"]}}],"collection":[{"href":"https:\/\/soydeaqui.ddns.net\/pachuca\/index.php\/wp-json\/wp\/v2\/product"}],"about":[{"href":"https:\/\/soydeaqui.ddns.net\/pachuca\/index.php\/wp-json\/wp\/v2\/types\/product"}],"replies":[{"embeddable":true,"href":"https:\/\/soydeaqui.ddns.net\/pachuca\/index.php\/wp-json\/wp\/v2\/comments?post=118742"}],"wp:featuredmedia":[{"embeddable":true,"href":"https:\/\/soydeaqui.ddns.net\/pachuca\/index.php\/wp-json\/wp\/v2\/media\/118741"}],"wp:attachment":[{"href":"https:\/\/soydeaqui.ddns.net\/pachuca\/index.php\/wp-json\/wp\/v2\/media?parent=118742"}],"wp:term":[{"taxonomy":"product_brand","embeddable":true,"href":"https:\/\/soydeaqui.ddns.net\/pachuca\/index.php\/wp-json\/wp\/v2\/product_brand?post=118742"},{"taxonomy":"product_cat","embeddable":true,"href":"https:\/\/soydeaqui.ddns.net\/pachuca\/index.php\/wp-json\/wp\/v2\/product_cat?post=118742"},{"taxonomy":"product_tag","embeddable":true,"href":"https:\/\/soydeaqui.ddns.net\/pachuca\/index.php\/wp-json\/wp\/v2\/product_tag?post=118742"}],"curies":[{"name":"wp","href":"https:\/\/api.w.org\/{rel}","templated":true}]}}