{"id":118704,"date":"2026-03-24T04:25:57","date_gmt":"2026-03-24T04:25:57","guid":{"rendered":"https:\/\/soydeaqui.ddns.net\/pachuca\/index.php\/producto\/herramienta-de-terminacin-para-conectores-z-max\/"},"modified":"2026-03-24T04:26:12","modified_gmt":"2026-03-24T04:26:12","slug":"herramienta-de-terminacin-para-conectores-z-max","status":"publish","type":"product","link":"https:\/\/soydeaqui.ddns.net\/pachuca\/index.php\/producto\/herramienta-de-terminacin-para-conectores-z-max\/","title":{"rendered":"Herramienta de Terminaci?n para Conectores Z-MAX"},"content":{"rendered":"<div style='width: 100%; max-width: 1200px; margin: 0 auto; font-family: sans-serif; line-height: 1.6; color: inherit; background-color: transparent;'>\n<div style='display: flex; flex-wrap: wrap; gap: 30px; margin-bottom: 30px;'>\n<div style='flex: 1 1 300px; min-width: 280px;'>\n<h3 style='font-size: 22px; border-bottom: 2px solid currentColor; padding-bottom: 5px; margin-top: 0; color: inherit; opacity: 0.8;'>Descripci\u00f3n<\/h3>\n<p style='font-size: 15px; color: inherit; margin-top: 15px;'>La Herramienta Z-TOOL forma parte del proceso integral de terminaci\u00f3n exclusivo Z-MAX y se utiliza tanto para conectores Z-MAX blindados como UTP. Esta herramienta f\u00e1cil de usar de dise\u00f1o ergon\u00f3mico se utiliza para fijar el clip de retenci\u00f3n y de conexi\u00f3n a tierra del cable&comma; y para acoplar completamente el m\u00f3dulo en la parte posterior de la toma.<\/p>\n<ul style='padding-left: 20px; font-size: 15px; color: inherit; margin-top: 20px;'>\n<li style='margin-bottom: 5px;'><strong>Ergon\u00f3mico:<\/strong> Esfuerzo manual m\u00ednimo&comma; presi\u00f3n limitada e impacto nulo para asegurar una c\u00f3moda repetibilidad<\/li>\n<li style='margin-bottom: 5px;'><strong>Ayuda con alineaci\u00f3n:<\/strong> Guia con la forma adecuada que asegura la correcta inserci\u00f3n en la toma durante la terminaci\u00f3n<\/li>\n<li style='margin-bottom: 5px;'><strong>Terminado con una sola mano:<\/strong> Permite realizar el paso final de terminaci\u00f3n Z-MAX con una mano para \u00e1reas de trabajo con limitaci\u00f3n de espacio<\/li>\n<li style='margin-bottom: 5px;'><strong>Bloqueo del clip de retenci\u00f3n:<\/strong> Funci\u00f3n adicional que cierra y bloquea el clip articulado de retenci\u00f3n\/conexi\u00f3n a tierra del cable<\/li>\n<li style='margin-bottom: 5px;'><strong>Perfil delgado:<\/strong> Para guardarlo en un bolsillo o en la caja de herramientas<\/li>\n<li style='margin-bottom: 5px;'><strong>Punto de fijaci\u00f3n:<\/strong> Para llavero o cord\u00f3n y posibilidad de montaje en Rack.<\/li>\n<\/ul><\/div>\n<\/p><\/div>\n<div style='display: flex; flex-wrap: wrap; gap: 30px; margin-bottom: 30px;'>\n<div style='flex: 1 1 300px; min-width: 280px;'>\n<h3 style='font-size: 22px; border-bottom: 2px solid currentColor; padding-bottom: 5px; margin-top: 0; color: inherit; opacity: 0.8;'>Terminaci\u00f3n de Conectores Z-MAX<\/h3>\n<div style='position: relative; padding-bottom: 56.25%; height: 0; overflow: hidden; margin-top: 20px;'>   <\/div>\n<\/p><\/div>\n<\/p><\/div>\n<\/p><\/div>\n","protected":false},"excerpt":{"rendered":"<p>Herramienta de Terminaci?n para Conectores Z-MAX<\/p>\n","protected":false},"featured_media":118703,"comment_status":"open","ping_status":"closed","template":"","meta":[],"product_brand":[],"product_cat":[608],"product_tag":[586,25,600],"class_list":{"0":"post-118704","1":"product","2":"type-product","3":"status-publish","4":"has-post-thumbnail","6":"product_cat-herramientas-cableado-de-cobre","7":"product_tag-cableado-de-cobre","8":"product_tag-herramientas","9":"product_tag-siemon","11":"first","12":"instock","13":"sale","14":"shipping-taxable","15":"purchasable","16":"product-type-simple"},"_links":{"self":[{"href":"https:\/\/soydeaqui.ddns.net\/pachuca\/index.php\/wp-json\/wp\/v2\/product\/118704","targetHints":{"allow":["GET"]}}],"collection":[{"href":"https:\/\/soydeaqui.ddns.net\/pachuca\/index.php\/wp-json\/wp\/v2\/product"}],"about":[{"href":"https:\/\/soydeaqui.ddns.net\/pachuca\/index.php\/wp-json\/wp\/v2\/types\/product"}],"replies":[{"embeddable":true,"href":"https:\/\/soydeaqui.ddns.net\/pachuca\/index.php\/wp-json\/wp\/v2\/comments?post=118704"}],"wp:featuredmedia":[{"embeddable":true,"href":"https:\/\/soydeaqui.ddns.net\/pachuca\/index.php\/wp-json\/wp\/v2\/media\/118703"}],"wp:attachment":[{"href":"https:\/\/soydeaqui.ddns.net\/pachuca\/index.php\/wp-json\/wp\/v2\/media?parent=118704"}],"wp:term":[{"taxonomy":"product_brand","embeddable":true,"href":"https:\/\/soydeaqui.ddns.net\/pachuca\/index.php\/wp-json\/wp\/v2\/product_brand?post=118704"},{"taxonomy":"product_cat","embeddable":true,"href":"https:\/\/soydeaqui.ddns.net\/pachuca\/index.php\/wp-json\/wp\/v2\/product_cat?post=118704"},{"taxonomy":"product_tag","embeddable":true,"href":"https:\/\/soydeaqui.ddns.net\/pachuca\/index.php\/wp-json\/wp\/v2\/product_tag?post=118704"}],"curies":[{"name":"wp","href":"https:\/\/api.w.org\/{rel}","templated":true}]}}