{"id":118697,"date":"2026-03-24T04:25:33","date_gmt":"2026-03-24T04:25:33","guid":{"rendered":"https:\/\/soydeaqui.ddns.net\/pachuca\/index.php\/producto\/ups-de-650-va-400-w-topologia-standby-compacto-entrada-120-vca-nema-5-15p-con-3-tomas-respaldo-proteccion-y-3-tomas-solo-proteccion-nema-5-15r\/"},"modified":"2026-03-24T04:25:46","modified_gmt":"2026-03-24T04:25:46","slug":"ups-de-650-va-400-w-topologia-standby-compacto-entrada-120-vca-nema-5-15p-con-3-tomas-respaldo-proteccion-y-3-tomas-solo-proteccion-nema-5-15r","status":"publish","type":"product","link":"https:\/\/soydeaqui.ddns.net\/pachuca\/index.php\/producto\/ups-de-650-va-400-w-topologia-standby-compacto-entrada-120-vca-nema-5-15p-con-3-tomas-respaldo-proteccion-y-3-tomas-solo-proteccion-nema-5-15r\/","title":{"rendered":"UPS de 650 VA\/400 W, Topolog\u00eda Standby, Compacto, Entrada 120 Vca NEMA 5-15P, Con 3 Tomas Respaldo\/Protecci\u00f3n y 3 Tomas Solo Protecci\u00f3n NEMA 5-15R"},"content":{"rendered":"<div style='width: 100%; max-width: 1200px; margin: 0 auto; font-family: sans-serif; line-height: 1.6; color: inherit; background-color: transparent;'> <!-- Logo --> <\/p>\n<div style='width: 100%; text-align: center; margin: 20px 0;'> <img style='width: 100%; max-width: 300px; height: auto; border: 1px solid rgba(150&comma;150&comma;150&comma;0.3); border-radius: 8px;' src='https:\/\/ftp3.syscom.mx\/usuarios\/fotos\/logotipos\/cyberpower.png' alt=''> <\/div>\n<p> <!-- Descripci\u00f3n principal --> <\/p>\n<div style='width: 100%; margin-bottom: 30px;'>\n<p style='font-size: 15px; margin-bottom: 15px; color: inherit;'>El UPS RT650 de CyberPower provee respaldo (usando onda senoidal simulada a la salida) y protecci\u00f3n contra sobretensiones para sistemas de computadoras en kioskos&comma; m\u00e1quinas de tarjetas de cr\u00e9dito e impresoras de recibos. El tama\u00f1o del RT650 lo permite ajustarse f\u00e1cilmente debajo de escritorios u otros espacios apretados pero a pesar de su chassis compacto la bater\u00eda interna proveer\u00e1 larga duraci\u00f3n de respaldo de potencia al equipo conectado.<\/p>\n<p style='font-size: 15px; margin-bottom: 15px; color: inherit;'>Este sistema de UPS est\u00e1 calificado ENERGY STAR\u00ae con circuiter\u00eda de alta eficiencia patentada GreenPower UPS\u2122 para ahorrar energ\u00eda en costos de energ\u00eda reduciendo el consumo de energ\u00eda y acumulaci\u00f3n de calor.<\/p>\n<p style='font-size: 15px; margin-bottom: 0; color: inherit;'>La asegura que \u00e9ste UPS ha pasado nuestros m\u00e1s altos est\u00e1ndares de calidad en dise\u00f1o&comma; ensamble&comma; material y mano de obra.<\/p>\n<\/p><\/div>\n<p> <!-- Secci\u00f3n de caracter\u00edsticas --> <\/p>\n<div style='display: flex; flex-wrap: wrap; gap: 30px; margin-bottom: 30px;'>\n<div style='flex: 1 1 300px; min-width: 280px;'>\n<h3 style='font-size: 22px; border-bottom: 2px solid currentColor; padding-bottom: 5px; margin-top: 0; color: inherit; opacity: 0.8;'>Caracter\u00edsticas<\/h3>\n<ul style='padding-left: 20px; font-size: 15px; color: inherit;'>\n<li style='margin-bottom: 5px;'>Topolog\u00eda de UPS Standby<\/li>\n<li style='margin-bottom: 5px;'>Tecnolog\u00eda de ahorro de energ\u00eda<\/li>\n<li style='margin-bottom: 5px;'>Salida de onda sinusoidal simulada<\/li>\n<li style='margin-bottom: 5px;'>Protecci\u00f3n contra sobretensiones y picos<\/li>\n<li style='margin-bottom: 5px;'>Instalaci\u00f3n de montaje en pared<\/li>\n<\/ul><\/div>\n<\/p><\/div>\n<p> <!-- Secci\u00f3n de especificaciones --> <\/p>\n<div style='display: flex; flex-wrap: wrap; gap: 30px; margin-bottom: 30px;'>\n<div style='flex: 1 1 300px; min-width: 280px;'>\n<h3 style='font-size: 22px; border-bottom: 2px solid currentColor; padding-bottom: 5px; margin-top: 0; color: inherit; opacity: 0.8;'>Especificaciones t\u00e9cnicas<\/h3>\n<ul style='padding-left: 20px; font-size: 15px; color: inherit;'>\n<li style='margin-bottom: 5px;'><strong style='color: inherit;'>Topolog\u00eda:<\/strong> Standby<\/li>\n<li style='margin-bottom: 5px;'><strong style='color: inherit;'>Voltaje de entrada:<\/strong> 96Vac &#8211; 141 Vac<\/li>\n<li style='margin-bottom: 5px;'><strong style='color: inherit;'>Frecuencia de salida:<\/strong> 50Hz\/60Hz<\/li>\n<li style='margin-bottom: 5px;'><strong style='color: inherit;'>Tipo de enchufe:<\/strong> NEMA 5-15P\n<div style='margin-top: 8px; margin-left: 20px;'> <img style='width: 40px; height: 40px; border: 1px solid rgba(150&comma;150&comma;150&comma;0.3); border-radius: 4px;' src='https:\/\/www.cyberpower.com\/mx\/es\/File\/GetImageByDocId\/GeneralAttribute-235' alt=''> <\/div>\n<\/li>\n<li style='margin-bottom: 5px;'><strong style='color: inherit;'>Longitud del cable:<\/strong> 1.8 m<\/li>\n<li style='margin-bottom: 5px;'><strong style='color: inherit;'>Salida VA:<\/strong> 650<\/li>\n<li style='margin-bottom: 5px;'><strong style='color: inherit;'>Watts:<\/strong> 400<\/li>\n<li style='margin-bottom: 5px;'><strong style='color: inherit;'>Tipo de Bater\u00edas:<\/strong> 1 x 12V\/7Ah<\/li>\n<li style='margin-bottom: 5px;'><strong style='color: inherit;'>Tomas de salida:<\/strong> 6 (3 Bater\u00eda y picos de energ\u00eda&comma; y 3 solo picos de energ\u00eda)<\/li>\n<li style='margin-bottom: 5px;'><strong style='color: inherit;'>Tipos de Salida:<\/strong> NEMA 5-15R\n<div style='margin-top: 8px; margin-left: 20px;'> <img style='width: 40px; height: 40px; border: 1px solid rgba(150&comma;150&comma;150&comma;0.3); border-radius: 4px;' src='https:\/\/www.cyberpower.com\/mx\/es\/File\/GetImageByDocId\/GeneralAttribute-238' alt=''> <\/div>\n<\/li>\n<li style='margin-bottom: 5px;'><strong style='color: inherit;'>Protecci\u00f3n de picos:<\/strong> 480 Joules<\/li>\n<li style='margin-bottom: 5px;'><strong style='color: inherit;'>LEDs indicadores:<\/strong> Encendido&comma; Modo de l\u00ednea&comma; Modo de bater\u00eda&comma; Sobrecarga&comma; Fallo del cableado y Sustituir bater\u00eda<\/li>\n<li style='margin-bottom: 5px;'><strong style='color: inherit;'>Alarmas audibles:<\/strong> Bater\u00eda encendida&comma; baja y sobrecarga<\/li>\n<li style='margin-bottom: 5px;'><strong style='color: inherit;'>Dimensiones:<\/strong> 91.4 x 165.1 x 279.4 mm (Ancho x Alto x Profundidad)<\/li>\n<li style='margin-bottom: 5px;'><strong style='color: inherit;'>Peso:<\/strong> 4.08 Kg<\/li>\n<li style='margin-bottom: 5px;'><strong style='color: inherit;'>Certificaciones:<\/strong> FCC Clase B&comma; UL<\/li>\n<li style='margin-bottom: 5px;'><strong style='color: inherit;'>Bater\u00eda:<\/strong> Incluida<\/li>\n<li style='margin-bottom: 5px;'><strong style='color: inherit;'>Compatibilidad:<\/strong> No compatible con generador de energ\u00eda (plantas de respaldo)<\/li>\n<\/ul><\/div>\n<\/p><\/div>\n<p> <!-- Separador --> <\/p>\n<hr style='border: 0; border-top: 1px solid rgba(150&comma; 150&comma; 150&comma; 0.3); margin: 30px 0;'> <\/div>\n","protected":false},"excerpt":{"rendered":"<p>UPS de 650 VA\/400 W, Topolog\u00eda Standby, Compacto, Entrada 120 Vca NEMA 5-15P, Con 3 Tomas Respaldo\/Protecci\u00f3n y 3 Tomas Solo Protecci\u00f3n NEMA 5-15R<\/p>\n","protected":false},"featured_media":118696,"comment_status":"open","ping_status":"closed","template":"","meta":[],"product_brand":[],"product_cat":[1231],"product_tag":[677,142,1232],"class_list":{"0":"post-118697","1":"product","2":"type-product","3":"status-publish","4":"has-post-thumbnail","6":"product_cat-ups-no-break-energia-videovigilancia","7":"product_tag-cyberpower","8":"product_tag-energia","9":"product_tag-ups-no-break-2","11":"first","12":"outofstock","13":"sale","14":"shipping-taxable","15":"purchasable","16":"product-type-simple"},"_links":{"self":[{"href":"https:\/\/soydeaqui.ddns.net\/pachuca\/index.php\/wp-json\/wp\/v2\/product\/118697","targetHints":{"allow":["GET"]}}],"collection":[{"href":"https:\/\/soydeaqui.ddns.net\/pachuca\/index.php\/wp-json\/wp\/v2\/product"}],"about":[{"href":"https:\/\/soydeaqui.ddns.net\/pachuca\/index.php\/wp-json\/wp\/v2\/types\/product"}],"replies":[{"embeddable":true,"href":"https:\/\/soydeaqui.ddns.net\/pachuca\/index.php\/wp-json\/wp\/v2\/comments?post=118697"}],"wp:featuredmedia":[{"embeddable":true,"href":"https:\/\/soydeaqui.ddns.net\/pachuca\/index.php\/wp-json\/wp\/v2\/media\/118696"}],"wp:attachment":[{"href":"https:\/\/soydeaqui.ddns.net\/pachuca\/index.php\/wp-json\/wp\/v2\/media?parent=118697"}],"wp:term":[{"taxonomy":"product_brand","embeddable":true,"href":"https:\/\/soydeaqui.ddns.net\/pachuca\/index.php\/wp-json\/wp\/v2\/product_brand?post=118697"},{"taxonomy":"product_cat","embeddable":true,"href":"https:\/\/soydeaqui.ddns.net\/pachuca\/index.php\/wp-json\/wp\/v2\/product_cat?post=118697"},{"taxonomy":"product_tag","embeddable":true,"href":"https:\/\/soydeaqui.ddns.net\/pachuca\/index.php\/wp-json\/wp\/v2\/product_tag?post=118697"}],"curies":[{"name":"wp","href":"https:\/\/api.w.org\/{rel}","templated":true}]}}