{"id":118692,"date":"2026-03-24T04:25:17","date_gmt":"2026-03-24T04:25:17","guid":{"rendered":"https:\/\/soydeaqui.ddns.net\/pachuca\/index.php\/producto\/kit-extensor-hdmi-hasta-700-metros-con-conexion-en-cascada-4k-60-hz-70-metros-ptp-con-cat-6-6a-y-7-ipcolor-cero-latencia-sin-comprimir-salida-loop-ir-bidireccional-puerto-s-pdif-so\/"},"modified":"2026-03-24T04:25:29","modified_gmt":"2026-03-24T04:25:29","slug":"kit-extensor-hdmi-hasta-700-metros-con-conexion-en-cascada-4k-60-hz-70-metros-ptp-con-cat-6-6a-y-7-ipcolor-cero-latencia-sin-comprimir-salida-loop-ir-bidireccional-puerto-s-pdif-so","status":"publish","type":"product","link":"https:\/\/soydeaqui.ddns.net\/pachuca\/index.php\/producto\/kit-extensor-hdmi-hasta-700-metros-con-conexion-en-cascada-4k-60-hz-70-metros-ptp-con-cat-6-6a-y-7-ipcolor-cero-latencia-sin-comprimir-salida-loop-ir-bidireccional-puerto-s-pdif-so\/","title":{"rendered":"Kit Extensor HDMI hasta 700 metros con Conexi\u00f3n en Cascada \/ 4K @ 60 Hz\/ 70 metros PTP con Cat 6, 6a y 7 \/ IPCOLOR \/ CERO LATENCIA \/ SIN COMPRIMIR \/ Salida Loop \/ IR bidireccional \/ Puerto S\/PDIF \/ Soporta ARC \/ Soporta 10 TT-676-Rx."},"content":{"rendered":"<div style='width: 100%; max-width: 1200px; margin: 0 auto; font-family: sans-serif; line-height: 1.6; color: inherit; background-color: transparent;'> <!-- T\u00edtulos principales --> <\/p>\n<div style='width: 100%;'>\n<h1 style='color: inherit; text-align: center; font-size: 28px; margin: 0 0 10px 0;'><strong>TT676<\/strong><\/h1>\n<h3 style='color: inherit; text-align: center; font-size: 18px; margin: 0 0 20px 0; opacity: 0.8;'>Kit extensor HDMI ipcolor @ 700 Metros con conexi\u00f3n en cascada \/ 70 metros entre cada punto<\/h3>\n<p style='text-align: center; margin: 10px 70px 50px 70px; font-size: 15px; color: inherit;'>Adopta la tecnolog\u00eda ipcolor&comma; la cual es una tecnolog\u00eda innovadora y l\u00edder mundial para transmisi\u00f3n digital de video de ultra alta definici\u00f3n&comma; se centra en la transmisi\u00f3n 4K @ 60Hz SIN COMPRIMIR Y CON CERO LATENCIA&comma; en comparaci\u00f3n con otros los productos ipcolor tienen una mayor calidad en video y mayor distancia. Admite transferencia de infrarrojos para el control de su dispositivo fuente si este cuenta con control remoto. Est\u00e1 dise\u00f1ado para operar 24\/7. Por lo tanto&comma; es ampliamente utilizado en centros de comando&comma; centros de control de datos&comma; bancos&comma; gobiernos&comma; empresas&comma; trenes &comma; autobuses &comma;centros de entretenimiento.<\/p>\n<\/p><\/div>\n<p> <!-- Secci\u00f3n de caracter\u00edsticas --> <\/p>\n<div style='width: 100%; margin: 40px 0;'>\n<h2 style='text-align: center; font-size: 24px; margin-bottom: 30px; color: inherit; opacity: 0.8;'>Caracter\u00edsticas<\/h2>\n<div style='display: flex; flex-wrap: wrap; gap: 30px; justify-content: center;'> <!-- Columna 1 --> <\/p>\n<div style='flex: 1 1 300px; min-width: 280px;'>\n<div style='border-left: 5px double #439cc7; border-radius: 5px; padding: 0px 5px; margin-bottom: 25px; min-height: 220px;'>\n<ul style='padding-left: 20px; font-size: 14px; color: inherit; list-style-type: disc;'>\n<li style='margin-bottom: 8px;'>Soporta conexi\u00f3n en cascada de hasta 10 receptores alcanzando una distancia de 700 metros modelo: <a href='https:\/\/www.syscom.mx\/producto\/TT-676RX-EPCOM-TITANIUM-189594.html' style='color: #439cc7; text-decoration: none;'>TT676RX<\/a><\/li>\n<li style='margin-bottom: 8px;'><strong>Resoluci\u00f3n:<\/strong> 4K a 60 Hz (3840&#215;2160 a 24\/25\/30\/50\/60 Hz)<\/li>\n<li style='margin-bottom: 8px;'>HDR10 para un rango din\u00e1mico y una gama de colores m\u00e1s amplia<\/li>\n<li style='margin-bottom: 8px;'>Extiende la se\u00f1al HDMI hasta 70m\/229 pies usando un solo cable de red<\/li>\n<li style='margin-bottom: 8px;'>IR Bidireccional&comma; El equipo puede enviar se\u00f1al de TX a RX y de RX a TX.<\/li>\n<li style='margin-bottom: 8px;'>Compatible con cables de red UTP CAT6\/6A\/7.<\/li>\n<\/ul><\/div>\n<\/p><\/div>\n<p> <!-- Columna 2 --> <\/p>\n<div style='flex: 1 1 300px; min-width: 280px;'>\n<div style='border-left: 5px double #439cc7; border-radius: 5px; padding: 0px 5px; margin-bottom: 25px; min-height: 220px;'>\n<ul style='padding-left: 20px; font-size: 14px; color: inherit; list-style-type: disc;'>\n<li style='margin-bottom: 8px;'><strong>Formatos de audio:<\/strong> LPCM\/DTS-HD\/DTS-Audio\/Dolby TrueHD 7.1CH\/Dolby Digital 5.1CH<\/li>\n<li style='margin-bottom: 8px;'><strong>Alimentaci\u00f3n:<\/strong> 5 Vcc&comma; 2 A (Fuentes de alimentaci\u00f3n incluidas)<\/li>\n<li style='margin-bottom: 8px;'><strong>Potencia de consumo:<\/strong> TX:4 W RX:4 W<\/li>\n<li style='margin-bottom: 8px;'><strong>Dimensiones TX;RX<\/strong> 106 (L) x 99 (W) x 26&comma;2 (H) mm<\/li>\n<li style='margin-bottom: 8px;'><strong>Peso<\/strong> TX: 210 g; RX: 210 g<\/li>\n<li style='margin-bottom: 8px;'><strong>Temperatura de funcionamiento:<\/strong> 0~60\u00b0C<\/li>\n<li style='margin-bottom: 8px;'><strong>Temperatura de almacenamiento:<\/strong> -30~70\u00b0C<\/li>\n<li style='margin-bottom: 8px;'>Color Negro<\/li>\n<li style='margin-bottom: 8px;'>1 A\u00f1o de garantia por defectos de f\u00e1brica<\/li>\n<li style='margin-bottom: 8px;'>El receptor puede extraer el audio digital del transmisor a trav\u00e9s del puerto S\/PDIF. Soporta ARC<\/li>\n<\/ul><\/div>\n<\/p><\/div>\n<p> <!-- Columna 3 --> <\/p>\n<div style='flex: 1 1 300px; min-width: 280px;'>\n<div style='border-left: 5px double #439cc7; border-radius: 5px; padding: 0px 5px; margin-bottom: 25px; min-height: 220px;'>\n<ul style='padding-left: 20px; font-size: 14px; color: inherit; list-style-type: disc;'>\n<li style='margin-bottom: 8px;'>El transmisor admite una salida de bucle (Loop) HDMI.<\/li>\n<li style='margin-bottom: 8px;'>Soporte HDCP 2.2 \/ HDMI 2.0<\/li>\n<li style='margin-bottom: 8px;'>Admita la funci\u00f3n de transferencia de infrarrojos bidireccional (20 &#8211; 60 KHz).<\/li>\n<li style='margin-bottom: 8px;'>Bajo consumo de energ\u00eda<\/li>\n<li style='margin-bottom: 8px;'>Dise\u00f1o de carcasa de aleaci\u00f3n de aluminio&comma; estable y duradero.<\/li>\n<li style='margin-bottom: 8px;'>Protecci\u00f3n contra rayos&comma; sobretensiones y ESD.<\/li>\n<li style='margin-bottom: 8px;'>En conexi\u00f3n en cascada cada salida HDMI se adapta a la resoluci\u00f3n de cada monitor<\/li>\n<\/ul><\/div>\n<\/p><\/div>\n<\/p><\/div>\n<\/p><\/div>\n<p> <!-- Imagen principal --> <\/p>\n<div style='width: 100%; margin: 30px 0;'> <img style='width: 100%; height: auto; border: 1px solid rgba(150&comma;150&comma;150&comma;0.3); border-radius: 8px;' src='http:\/\/ftp3.syscom.mx\/usuarios\/hallende\/EPCOM%20Titanium\/TT-676\/TT-676%20Esp..jpg' alt=''> <\/div>\n<p> <!-- Folleto interactivo --> <\/p>\n<div style='width: 100%; margin: 30px 0;'>   <\/div>\n<p> <!-- V\u00eddeos de YouTube --> <\/p>\n<div style='display: flex; flex-wrap: wrap; gap: 30px; justify-content: center; margin: 40px 0;'>\n<div style='flex: 1 1 300px; min-width: 280px;'>\n<h3 style='text-align: center; font-size: 20px; margin-bottom: 15px; color: inherit; opacity: 0.8;'>ipcolor epcom TITANIUM<\/h3>\n<div style='position: relative; padding-bottom: 56.25%; height: 0; overflow: hidden;'>   <\/div>\n<\/p><\/div>\n<div style='flex: 1 1 300px; min-width: 280px;'>\n<h3 style='text-align: center; font-size: 20px; margin-bottom: 15px; color: inherit; opacity: 0.8;'>ipcolor Testing<\/h3>\n<div style='position: relative; padding-bottom: 56.25%; height: 0; overflow: hidden;'>   <\/div>\n<\/p><\/div>\n<div style='flex: 1 1 300px; min-width: 280px;'>\n<h3 style='text-align: center; font-size: 20px; margin-bottom: 15px; color: inherit; opacity: 0.8;'>ipcolor UHD<\/h3>\n<div style='position: relative; padding-bottom: 56.25%; height: 0; overflow: hidden;'>   <\/div>\n<\/p><\/div>\n<\/p><\/div>\n<\/p><\/div>\n","protected":false},"excerpt":{"rendered":"<p>Kit Extensor HDMI hasta 700 metros con Conexi\u00f3n en Cascada \/ 4K @ 60 Hz\/ 70 metros PTP con Cat 6, 6a y 7 \/ IPCOLOR \/ CERO LATENCIA \/ SIN COMPRIMIR \/ Salida Loop \/ IR bidireccional \/ Puerto S\/PDIF \/ Soporta ARC \/ Soporta 10 TT-676-Rx.<\/p>\n","protected":false},"featured_media":118691,"comment_status":"open","ping_status":"closed","template":"","meta":[],"product_brand":[],"product_cat":[2073,2074,2077,2075,2072,2076],"product_tag":[417,2079,2080,2083,507,2081,2078,2082],"class_list":{"0":"post-118692","1":"product","2":"type-product","3":"status-publish","4":"has-post-thumbnail","6":"product_cat-convertidores","7":"product_cat-divisores","8":"product_cat-dvi","9":"product_cat-hdmi","10":"product_cat-kits-extensores","11":"product_cat-vga","12":"product_tag-accesorios-generales","13":"product_tag-convertidores","14":"product_tag-divisores","15":"product_tag-dvi","16":"product_tag-epcom-titanium","17":"product_tag-hdmi","18":"product_tag-kits-extensores","19":"product_tag-vga","21":"first","22":"instock","23":"sale","24":"shipping-taxable","25":"purchasable","26":"product-type-simple"},"_links":{"self":[{"href":"https:\/\/soydeaqui.ddns.net\/pachuca\/index.php\/wp-json\/wp\/v2\/product\/118692","targetHints":{"allow":["GET"]}}],"collection":[{"href":"https:\/\/soydeaqui.ddns.net\/pachuca\/index.php\/wp-json\/wp\/v2\/product"}],"about":[{"href":"https:\/\/soydeaqui.ddns.net\/pachuca\/index.php\/wp-json\/wp\/v2\/types\/product"}],"replies":[{"embeddable":true,"href":"https:\/\/soydeaqui.ddns.net\/pachuca\/index.php\/wp-json\/wp\/v2\/comments?post=118692"}],"wp:featuredmedia":[{"embeddable":true,"href":"https:\/\/soydeaqui.ddns.net\/pachuca\/index.php\/wp-json\/wp\/v2\/media\/118691"}],"wp:attachment":[{"href":"https:\/\/soydeaqui.ddns.net\/pachuca\/index.php\/wp-json\/wp\/v2\/media?parent=118692"}],"wp:term":[{"taxonomy":"product_brand","embeddable":true,"href":"https:\/\/soydeaqui.ddns.net\/pachuca\/index.php\/wp-json\/wp\/v2\/product_brand?post=118692"},{"taxonomy":"product_cat","embeddable":true,"href":"https:\/\/soydeaqui.ddns.net\/pachuca\/index.php\/wp-json\/wp\/v2\/product_cat?post=118692"},{"taxonomy":"product_tag","embeddable":true,"href":"https:\/\/soydeaqui.ddns.net\/pachuca\/index.php\/wp-json\/wp\/v2\/product_tag?post=118692"}],"curies":[{"name":"wp","href":"https:\/\/api.w.org\/{rel}","templated":true}]}}