{"id":118675,"date":"2026-03-24T04:24:19","date_gmt":"2026-03-24T04:24:19","guid":{"rendered":"https:\/\/soydeaqui.ddns.net\/pachuca\/index.php\/producto\/poe-600-metros-transmisor-para-extensor-poe-tt-8001r-1-puerto-para-recepcion-de-video-y-alimentacion-poe-ideal-para-domos-y-camaras-ip-conexion-en-cascada-soporta-ptzs-de-60-w-so\/"},"modified":"2026-03-24T04:24:35","modified_gmt":"2026-03-24T04:24:35","slug":"poe-600-metros-transmisor-para-extensor-poe-tt-8001r-1-puerto-para-recepcion-de-video-y-alimentacion-poe-ideal-para-domos-y-camaras-ip-conexion-en-cascada-soporta-ptzs-de-60-w-so","status":"publish","type":"product","link":"https:\/\/soydeaqui.ddns.net\/pachuca\/index.php\/producto\/poe-600-metros-transmisor-para-extensor-poe-tt-8001r-1-puerto-para-recepcion-de-video-y-alimentacion-poe-ideal-para-domos-y-camaras-ip-conexion-en-cascada-soporta-ptzs-de-60-w-so\/","title":{"rendered":"(POE 600 METROS) Transmisor para Extensor PoE TT-8001R  \/ 1 Puerto  para recepci\u00f3n de video y alimentaci\u00f3n (PoE) \/ IDEAL PARA DOMOS Y CAMARAS IP \/ Conexi\u00f3n en Cascada \/ Soporta PTZ\u00b4s de 60 W \/ Soporta IEEE802.3af\/at"},"content":{"rendered":"<div style='width: 100%; max-width: 1200px; margin: 0 auto; font-family: sans-serif; line-height: 1.6; color: inherit; background-color: transparent;'> <!-- Video Section --> <\/p>\n<div style='display: flex; justify-content: center; margin-bottom: 30px;'>\n<div style='position: relative; padding-bottom: 56.25%; height: 0; overflow: hidden; width: 100%; max-width: 800px;'>   <\/div>\n<\/p><\/div>\n<p> <!-- Main Description --> <\/p>\n<h2 style='font-size: 24px; color: inherit; margin-bottom: 20px;'>Extensores POE de hasta 600 metros para transmisi\u00f3n de video y alimentacion de camaras y domos IP<\/h2>\n<p style='color: inherit; font-size: 15px;'>Gracias a sus sugerencias Epcom TITANUM ha desarrollado equipos que pueden energizar domos y c\u00e1maras PoE a trav\u00e9s de un cable de red a largas distancias. El TT-8001T-PoE es un transmisor de energ\u00eda (PoE) y Ethernet sobre cable Cat 5e\/6 con una salida de hasta 60W. El TT-8001T-PoE se utiliza en conjunto con equipo TT-8001R para alcanzar una distancia m\u00e1xima de 600m ya sea en conexi\u00f3n punto a punto o en cascada. Con ello puede resolver las limitaciones de distancias de transmisi\u00f3n de DOMOS y C\u00c1MARAS de red.<\/p>\n<p style='color: inherit; font-size: 15px;'>Cuenta con tecnolog\u00eda de alta velocidad&comma; el ancho de banda f\u00edsico alcanza hasta 100 Mbps (bidireccional). El TT-8001T-PoE tiene una protecci\u00f3n integrada contra sobretensiones y rayos de m\u00faltiples etapas para proteger el equipo de video contra picos de voltaje da\u00f1inos y proporcionar inmunidad al ruido para garantizar se\u00f1ales de calidad.<\/p>\n<p> <!-- Features Grid --> <\/p>\n<div style='display: flex; flex-wrap: wrap; gap: 30px; margin-bottom: 30px;'> <!-- Caracter\u00edsticas Principales --> <\/p>\n<div style='flex: 1 1 300px; min-width: 280px;'>\n<h3 style='font-size: 22px; border-bottom: 2px solid currentColor; padding-bottom: 5px; margin-top: 0; color: inherit; opacity: 0.8;'>Caracter\u00edsticas Principales<\/h3>\n<p> <img style='width: 100%; height: auto; border: 1px solid rgba(150&comma;150&comma;150&comma;0.3); border-radius: 8px; margin-bottom: 15px;' src='http:\/\/ftp3.syscom.mx\/usuarios\/hallende\/FolkTitanium\/TT-8001T-PoE\/TT8001TPOE-1.png' alt=''> <\/p>\n<ul style='padding-left: 20px; font-size: 15px; color: inherit;'>\n<li style='margin-bottom: 5px;'><strong>Inyecta la alimentaci\u00f3n a dispositivos PoE por el mismo cable de datos<\/strong><\/li>\n<li style='margin-bottom: 5px;'><strong>Modo en cascada; m\u00e1ximo hasta cuatro transmisores<\/strong><\/li>\n<li style='margin-bottom: 5px;'><strong>Distancia m\u00e1xima de transmici\u00f3n de potencia hasta 600 metros con una salida m\u00e1xima de 23 W<\/strong><\/li>\n<li style='margin-bottom: 5px;'><strong>Tecnolog\u00eda de alta velocidad&comma; el ancho de banda alcanza hasta 100Mbps (bidireccional).<\/strong><\/li>\n<li style='margin-bottom: 5px;'><strong>Bajo consumo de energ\u00eda&comma; tecnolog\u00eda de codificaci\u00f3n autom\u00e1tica de correcci\u00f3n de errores<\/strong><\/li>\n<li style='margin-bottom: 5px;'>Dise\u00f1o de protecci\u00f3n contra rayos y sobretensiones fuertes en varias etapas<\/li>\n<li style='margin-bottom: 5px;'>F\u00e1cil de instalar&comma; modo plug &#038; play&comma; conexi\u00f3n de red r\u00e1pida<\/li>\n<li style='margin-bottom: 5px;'><strong>Nota:<\/strong> Si requiere adaptador de alimentaci\u00f3n&comma; puede usar el modelo PLDC4830 vealo dando click <a style='color: #fc1e0a; text-decoration: none;' href='https:\/\/www.syscom.mx\/producto\/PL-DC48-30-EPCOM-POWERLINE-201317.html' target='_blank' rel='noopener'>aqu\u00ed<\/a><\/li>\n<\/ul><\/div>\n<p> <!-- Caracter\u00edsticas F\u00edsicas y El\u00e9ctricas --> <\/p>\n<div style='flex: 1 1 300px; min-width: 280px;'>\n<h3 style='font-size: 22px; border-bottom: 2px solid currentColor; padding-bottom: 5px; margin-top: 0; color: inherit; opacity: 0.8;'>Caracter\u00edsticas F\u00edsicas y El\u00e9ctricas<\/h3>\n<p> <img style='width: 100%; height: auto; border: 1px solid rgba(150&comma;150&comma;150&comma;0.3); border-radius: 8px; margin-bottom: 15px;' src='http:\/\/ftp3.syscom.mx\/usuarios\/hallende\/FolkTitanium\/TT-8001T-PoE\/TT8001TPOE-2.png' alt=''> <\/p>\n<ul style='padding-left: 20px; font-size: 15px; color: inherit;'>\n<li style='margin-bottom: 5px;'><strong>No incluye la alimentaci\u00f3n&comma; la suministra el receptor<\/strong>\n<div style='color: blue; display: inline-block; margin-left: 5px;'>(Fuente de alimentaci\u00f3n opcional)<\/div>\n<\/li>\n<li style='margin-bottom: 5px;'><strong>Cumple con los est\u00e1ndares de IEEE802.3 10BASE-T&comma; IEEE802.3u 100BASE-TX<\/strong><\/li>\n<li style='margin-bottom: 5px;'><strong>Soporta el est\u00e1ndar IEEE802.3af\/at\/bt; detecta y reconoce autom\u00e1ticamente el equipo PD est\u00e1ndar y porporciona alimentaci\u00f3n al equipo PD&comma; m\u00e1ximo 60 watts de salida.<\/strong><\/li>\n<li style='margin-bottom: 5px;'>Dimensiones TX 123 mm (L) \u00d7 54 mm (W) \u00d7 24 mm (H)<\/li>\n<li style='margin-bottom: 5px;'>Peso TX : 129g<\/li>\n<li style='margin-bottom: 5px;'>Temperatura de Operaci\u00f3n: 0 a 55\u00b0C<\/li>\n<li style='margin-bottom: 5px;'>Humedad: 0 ~ 95% (sin condensaci\u00f3n)<\/li>\n<li style='margin-bottom: 5px;'><strong>1 A\u00f1o de Garant\u00eda por defectos de f\u00e1brica<\/strong><\/li>\n<\/ul><\/div>\n<p> <!-- Consideraciones en distancias --> <\/p>\n<div style='flex: 1 1 300px; min-width: 280px;'>\n<h3 style='font-size: 22px; border-bottom: 2px solid currentColor; padding-bottom: 5px; margin-top: 0; color: inherit; opacity: 0.8;'>Consideraciones en distancias<\/h3>\n<p> <img style='width: 100%; height: auto; border: 1px solid rgba(150&comma;150&comma;150&comma;0.3); border-radius: 8px; margin-bottom: 15px;' src='http:\/\/ftp3.syscom.mx\/usuarios\/hallende\/FolkTitanium\/TT-8001T-PoE\/TT8001TPOE-3.png' alt=''> <\/p>\n<ul style='padding-left: 20px; font-size: 15px; color: inherit;'>\n<li style='margin-bottom: 5px;'><strong>La distancia entre el switch y el receptor es de 100 metros como m\u00e1ximo.<\/strong><\/li>\n<li style='margin-bottom: 5px;'><strong>La distancia entre la c\u00e1mara IP y el transmisor es de 100 metros como m\u00e1ximo<\/strong><\/li>\n<li style='margin-bottom: 5px;'><strong>La distancia entre el transmisor y el receptor es de 600 metros como m\u00e1ximo<\/strong><\/li>\n<li style='margin-bottom: 5px;'>Si se conectan en cascada 4 transmisores&comma; la distancia m\u00e1xima desde el receptor hasta el \u00faltimo transmisor es de 600 m como m\u00e1ximo&comma; sin importar la distancia entre cada transmisor.<\/li>\n<li style='margin-bottom: 5px;'>Si la primera c\u00e1mara usa 60W&comma; entonces otras c\u00e1maras tendr\u00e1n un menor consumo de energ\u00eda.<\/li>\n<li style='margin-bottom: 5px;'>Se requerir\u00e1 energ\u00eda adicional&comma; si la potencia de la c\u00e1mara IP POE supera los 38 W dentro de una distancia de 600 metros<\/li>\n<li style='margin-bottom: 5px;'>Mas informacion click <a style='color: #fc1e0a; text-decoration: none;' href='https:\/\/ftp3.syscom.mx\/usuarios\/hallende\/FolkTitanium\/TT-8001T-PoE\/Manual%20de%20usuario%20TT-8001T-PoE%20Rev2.0.pdf' target='_blank' rel='noopener'>aqu\u00ed<\/a><\/li>\n<\/ul><\/div>\n<\/p><\/div>\n<p> <!-- Additional Image --> <\/p>\n<div style='margin-top: 30px;'> <img style='width: 100%; height: auto; border: 1px solid rgba(150&comma;150&comma;150&comma;0.3); border-radius: 8px;' src='http:\/\/ftp3.syscom.mx\/usuarios\/hallende\/FolkTitanium\/TT-8001R\/TT8001TR%20Rev.2.0.jpg' alt=''> <\/div>\n<p> <!-- Price Note --> <\/p>\n<div style='margin-top: 20px; font-size: 15px; color: inherit;'> <strong>*Precio por Kit<\/strong> <\/div>\n<\/p><\/div>\n","protected":false},"excerpt":{"rendered":"<p>(POE 600 METROS) Transmisor para Extensor PoE TT-8001R  \/ 1 Puerto  para recepci\u00f3n de video y alimentaci\u00f3n (PoE) \/ IDEAL PARA DOMOS Y CAMARAS IP \/ Conexi\u00f3n en Cascada \/ Soporta PTZ\u00b4s de 60 W \/ Soporta IEEE802.3af\/at<\/p>\n","protected":false},"featured_media":118674,"comment_status":"open","ping_status":"closed","template":"","meta":[],"product_brand":[],"product_cat":[1260],"product_tag":[507,1261,664],"class_list":{"0":"post-118675","1":"product","2":"type-product","3":"status-publish","4":"has-post-thumbnail","6":"product_cat-inyectores-poe","7":"product_tag-epcom-titanium","8":"product_tag-inyectores-poe","9":"product_tag-networking","11":"first","12":"instock","13":"sale","14":"shipping-taxable","15":"purchasable","16":"product-type-simple"},"_links":{"self":[{"href":"https:\/\/soydeaqui.ddns.net\/pachuca\/index.php\/wp-json\/wp\/v2\/product\/118675","targetHints":{"allow":["GET"]}}],"collection":[{"href":"https:\/\/soydeaqui.ddns.net\/pachuca\/index.php\/wp-json\/wp\/v2\/product"}],"about":[{"href":"https:\/\/soydeaqui.ddns.net\/pachuca\/index.php\/wp-json\/wp\/v2\/types\/product"}],"replies":[{"embeddable":true,"href":"https:\/\/soydeaqui.ddns.net\/pachuca\/index.php\/wp-json\/wp\/v2\/comments?post=118675"}],"wp:featuredmedia":[{"embeddable":true,"href":"https:\/\/soydeaqui.ddns.net\/pachuca\/index.php\/wp-json\/wp\/v2\/media\/118674"}],"wp:attachment":[{"href":"https:\/\/soydeaqui.ddns.net\/pachuca\/index.php\/wp-json\/wp\/v2\/media?parent=118675"}],"wp:term":[{"taxonomy":"product_brand","embeddable":true,"href":"https:\/\/soydeaqui.ddns.net\/pachuca\/index.php\/wp-json\/wp\/v2\/product_brand?post=118675"},{"taxonomy":"product_cat","embeddable":true,"href":"https:\/\/soydeaqui.ddns.net\/pachuca\/index.php\/wp-json\/wp\/v2\/product_cat?post=118675"},{"taxonomy":"product_tag","embeddable":true,"href":"https:\/\/soydeaqui.ddns.net\/pachuca\/index.php\/wp-json\/wp\/v2\/product_tag?post=118675"}],"curies":[{"name":"wp","href":"https:\/\/api.w.org\/{rel}","templated":true}]}}