{"id":118612,"date":"2026-03-24T04:20:45","date_gmt":"2026-03-24T04:20:45","guid":{"rendered":"https:\/\/soydeaqui.ddns.net\/pachuca\/index.php\/producto\/kit-extensor-kvm-hdmi-y-usb-hasta-120-metros-resolucion-1080p-60-hz-soporta-cables-de-red-stp-y-utp-cat5-5e-6-hdmi-1-3-hdcp-1-2-pcm-transmite-el-video-mouse-teclado-y-controla-tu-dvr\/"},"modified":"2026-03-24T04:21:11","modified_gmt":"2026-03-24T04:21:11","slug":"kit-extensor-kvm-hdmi-y-usb-hasta-120-metros-resolucion-1080p-60-hz-soporta-cables-de-red-stp-y-utp-cat5-5e-6-hdmi-1-3-hdcp-1-2-pcm-transmite-el-video-mouse-teclado-y-controla-tu-dvr","status":"publish","type":"product","link":"https:\/\/soydeaqui.ddns.net\/pachuca\/index.php\/producto\/kit-extensor-kvm-hdmi-y-usb-hasta-120-metros-resolucion-1080p-60-hz-soporta-cables-de-red-stp-y-utp-cat5-5e-6-hdmi-1-3-hdcp-1-2-pcm-transmite-el-video-mouse-teclado-y-controla-tu-dvr\/","title":{"rendered":"Kit extensor KVM (HDMI y USB) hasta 120 metros \/ Resoluci\u00f3n 1080P @ 60 Hz\/ Soporta Cables de red STP y UTP CAT5\/5E\/6 \/  HDMI 1.3 \/ HDCP 1.2 \/ PCM \/ Transmite el Video, Mouse, Teclado y Controla tu DVR v\u00eda USB a distancia"},"content":{"rendered":"<div style='width: 100%; max-width: 1200px; margin: 0 auto; font-family: sans-serif; line-height: 1.6; color: inherit; background-color: transparent;'>\n<div style='width: 100%; margin-bottom: 30px;'>\n<h1 style='font-size: 28px; color: inherit; text-align: center; margin: 0 0 10px 0;'>TT-373-KVM<\/h1>\n<h3 style='font-size: 18px; color: inherit; text-align: center; margin: 0 0 20px 0;'>Kit extensor KVM (Teclado&comma; video&comma; Mouse) HDMI 1080P @ 60 Hz&comma; 120 metros con cable CAT5e\/6<\/h3>\n<p style='text-align: center; font-size: 15px; margin: 0 70px; color: inherit;'>Este EXTENSOR KVM HDMI est\u00e1 compuesto por una unidad transmisora y una unidad receptora. La se\u00f1al HDMI se puede extender hasta 120 metros mediante un cable de red&comma; y la resoluci\u00f3n admitida es de hasta 1080p a 60Hz. Permite el acceso a un sistema inform\u00e1tico&comma; DVR&comma; NVR desde una consola remota mediante conectores USB (teclado y mouse USB) KVM significa mouse de video con teclado&comma; le permite controlar un sistema de computadora usando un mouse\/teclado. Al transmitir datos de teclado y mouse a trav\u00e9s de LAN&comma; el interruptor KV de la computadora agrega un elemento de control a la se\u00f1al HDMI&#8230;<\/p>\n<\/p><\/div>\n<div style='display: flex; flex-wrap: wrap; gap: 30px; margin-bottom: 30px;'>\n<div style='flex: 1 1 300px; min-width: 280px;'>\n<div style='background-color: rgba(238&comma; 238&comma; 238&comma; 0.5); border: 1px solid rgba(150&comma; 150&comma; 150&comma; 0.3); border-radius: 8px; overflow: hidden;'> <img style='width: 100%; height: auto; border: 1px solid rgba(150&comma;150&comma;150&comma;0.3); border-radius: 8px;' src='http:\/\/ftp3.syscom.mx\/usuarios\/hallende\/EPCOM%20Titanium\/TT-373-KVM\/TT373KVM-LAT-IZQ-h.png' alt=''> <\/p>\n<div style='padding: 15px;'>\n<h3 style='font-size: 22px; border-bottom: 2px solid currentColor; padding-bottom: 5px; margin-top: 0; color: inherit; opacity: 0.8;'>Caracter\u00edsticas Principales:<\/h3>\n<ul style='padding-left: 20px; font-size: 15px; color: inherit;'>\n<li style='margin-bottom: 5px;'>Extiende la se\u00f1al HDMI hasta 120 metros a trav\u00e9s de un solo cable de red<\/li>\n<li style='margin-bottom: 5px;'>Soporte de resoluci\u00f3n 640*480@60Hz&comma; 800*600@60Hz&comma; 1024*768@60Hz 1280*720@60Hz&comma; 1360*768@60Hz&comma; 1440*900@60Hz 1400*1050@60Hz&comma; 1680*1050@60Hz&comma; 1920*1080@60Hz<\/li>\n<li style='margin-bottom: 5px;'>Admite la funci\u00f3n KVM (Teclado &comma; Mouse&comma; Video)<\/li>\n<li style='margin-bottom: 5px;'>Se\u00f1al HDMI compatible con HDCP<\/li>\n<li style='margin-bottom: 5px;'>Soporta el mayor ancho de banda \u226470Mbps<\/li>\n<li style='margin-bottom: 5px;'>Plug and play&comma; f\u00e1cil de usar<\/li>\n<\/ul><\/div>\n<\/p><\/div>\n<\/p><\/div>\n<div style='flex: 1 1 300px; min-width: 280px;'>\n<div style='background-color: rgba(238&comma; 238&comma; 238&comma; 0.5); border: 1px solid rgba(150&comma; 150&comma; 150&comma; 0.3); border-radius: 8px; overflow: hidden;'> <img style='width: 100%; height: auto; border: 1px solid rgba(150&comma;150&comma;150&comma;0.3); border-radius: 8px;' src='http:\/\/ftp3.syscom.mx\/usuarios\/hallende\/EPCOM%20Titanium\/TT-373-KVM\/TT373KVM-FRENTE-h.png' alt=''> <\/p>\n<div style='padding: 15px;'>\n<h3 style='font-size: 22px; border-bottom: 2px solid currentColor; padding-bottom: 5px; margin-top: 0; color: inherit; opacity: 0.8;'>Caracter\u00edsticas F\u00edsicas y El\u00e9ctricas:<\/h3>\n<ul style='padding-left: 20px; font-size: 15px; color: inherit;'>\n<li style='margin-bottom: 5px;'>Alimentaci\u00f3n incluida de 5 Vcc&comma; 1 A * 2pcs<\/li>\n<li style='margin-bottom: 5px;'>Dimensiones Tx; Rx 109.6 (L) 89.5 (W) 26.3 (H) mm<\/li>\n<li style='margin-bottom: 5px;'>Consumo Tx 3.5W ; Rx 3.5 W<\/li>\n<li style='margin-bottom: 5px;'>Peso neto TX: 240g RX: 240g<\/li>\n<li style='margin-bottom: 5px;'>Temperatura de operaci\u00f3n 0~50\u00b0<\/li>\n<li style='margin-bottom: 5px;'>Humedad relativa 0~95 % (sin condensaci\u00f3n)<\/li>\n<\/ul><\/div>\n<\/p><\/div>\n<\/p><\/div>\n<div style='flex: 1 1 300px; min-width: 280px;'>\n<div style='background-color: rgba(238&comma; 238&comma; 238&comma; 0.5); border: 1px solid rgba(150&comma; 150&comma; 150&comma; 0.3); border-radius: 8px; overflow: hidden;'> <img style='width: 100%; height: auto; border: 1px solid rgba(150&comma;150&comma;150&comma;0.3); border-radius: 8px;' src='http:\/\/ftp3.syscom.mx\/usuarios\/hallende\/EPCOM%20Titanium\/TT-373-KVM\/TT373KVM-AD-3-h.png' alt=''> <\/p>\n<div style='padding: 15px;'>\n<h3 style='font-size: 22px; border-bottom: 2px solid currentColor; padding-bottom: 5px; margin-top: 0; color: inherit; opacity: 0.8;'>Caracter\u00edsticas Destacadas:<\/h3>\n<ul style='padding-left: 20px; font-size: 15px; color: inherit;'>\n<li style='margin-bottom: 5px;'>Indicadores LED&comma; conocen f\u00e1cilmente el estado de la alimentaci\u00f3n y la conexi\u00f3n USB<\/li>\n<li style='margin-bottom: 5px;'>Soporta LAN est\u00e1ndar 802.3 ethernet 10\/100\/1000Mbps<\/li>\n<li style='margin-bottom: 5px;'>Cables de red STP y UTP CAT5\/5E\/6 compatibles<\/li>\n<li style='margin-bottom: 5px;'>Dise\u00f1o de carcasa de aleaci\u00f3n de aluminio&comma; estable y duradero.<\/li>\n<li style='margin-bottom: 5px;'>Soporta HDMI1.0&comma;HDMI 1.3<\/li>\n<li style='margin-bottom: 5px;'>Soporta HDCP 1.2<\/li>\n<li style='margin-bottom: 5px;'>Soporta PCM (44.1KHz &comma; 48kHz)<\/li>\n<li style='margin-bottom: 5px;'>1 A\u00f1o de Garant\u00eda<\/li>\n<\/ul><\/div>\n<\/p><\/div>\n<\/p><\/div>\n<\/p><\/div>\n<div style='width: 100%; margin-bottom: 30px;'> <img style='width: 100%; height: auto; border: 1px solid rgba(150&comma;150&comma;150&comma;0.3); border-radius: 8px;' src='http:\/\/ftp3.syscom.mx\/usuarios\/hallende\/EPCOM%20Titanium\/TT-373-KVM\/TT373KVM%20Esp..jpg' alt=''> <\/div>\n<div style='width: 100%; margin-bottom: 30px;'>\n<div style='position: relative; padding-bottom: 56.25%; height: 0; overflow: hidden; margin-bottom: 30px;'>   <\/div>\n<\/p><\/div>\n<div style='width: 100%; margin-bottom: 30px;'> <img style='width: 100%; height: auto; border: 1px solid rgba(150&comma;150&comma;150&comma;0.3); border-radius: 8px;' src='https:\/\/ftp3.syscom.mx\/usuarios\/ftp\/single_page\/epcomtitanium\/diagrama-et.jpg' alt=''> <\/div>\n<\/p><\/div>\n","protected":false},"excerpt":{"rendered":"<p>Kit extensor KVM (HDMI y USB) hasta 120 metros \/ Resoluci\u00f3n 1080P @ 60 Hz\/ Soporta Cables de red STP y UTP CAT5\/5E\/6 \/  HDMI 1.3 \/ HDCP 1.2 \/ PCM \/ Transmite el Video, Mouse, Teclado y Controla tu DVR v\u00eda USB a distancia<\/p>\n","protected":false},"featured_media":118611,"comment_status":"open","ping_status":"closed","template":"","meta":[],"product_brand":[],"product_cat":[2073,2074,2077,2075,2072,2076],"product_tag":[417,2079,2080,2083,507,2081,2078,2082],"class_list":{"0":"post-118612","1":"product","2":"type-product","3":"status-publish","4":"has-post-thumbnail","6":"product_cat-convertidores","7":"product_cat-divisores","8":"product_cat-dvi","9":"product_cat-hdmi","10":"product_cat-kits-extensores","11":"product_cat-vga","12":"product_tag-accesorios-generales","13":"product_tag-convertidores","14":"product_tag-divisores","15":"product_tag-dvi","16":"product_tag-epcom-titanium","17":"product_tag-hdmi","18":"product_tag-kits-extensores","19":"product_tag-vga","21":"first","22":"outofstock","23":"sale","24":"shipping-taxable","25":"purchasable","26":"product-type-simple"},"_links":{"self":[{"href":"https:\/\/soydeaqui.ddns.net\/pachuca\/index.php\/wp-json\/wp\/v2\/product\/118612","targetHints":{"allow":["GET"]}}],"collection":[{"href":"https:\/\/soydeaqui.ddns.net\/pachuca\/index.php\/wp-json\/wp\/v2\/product"}],"about":[{"href":"https:\/\/soydeaqui.ddns.net\/pachuca\/index.php\/wp-json\/wp\/v2\/types\/product"}],"replies":[{"embeddable":true,"href":"https:\/\/soydeaqui.ddns.net\/pachuca\/index.php\/wp-json\/wp\/v2\/comments?post=118612"}],"wp:featuredmedia":[{"embeddable":true,"href":"https:\/\/soydeaqui.ddns.net\/pachuca\/index.php\/wp-json\/wp\/v2\/media\/118611"}],"wp:attachment":[{"href":"https:\/\/soydeaqui.ddns.net\/pachuca\/index.php\/wp-json\/wp\/v2\/media?parent=118612"}],"wp:term":[{"taxonomy":"product_brand","embeddable":true,"href":"https:\/\/soydeaqui.ddns.net\/pachuca\/index.php\/wp-json\/wp\/v2\/product_brand?post=118612"},{"taxonomy":"product_cat","embeddable":true,"href":"https:\/\/soydeaqui.ddns.net\/pachuca\/index.php\/wp-json\/wp\/v2\/product_cat?post=118612"},{"taxonomy":"product_tag","embeddable":true,"href":"https:\/\/soydeaqui.ddns.net\/pachuca\/index.php\/wp-json\/wp\/v2\/product_tag?post=118612"}],"curies":[{"name":"wp","href":"https:\/\/api.w.org\/{rel}","templated":true}]}}