{"id":118597,"date":"2026-03-24T04:19:53","date_gmt":"2026-03-24T04:19:53","guid":{"rendered":"https:\/\/soydeaqui.ddns.net\/pachuca\/index.php\/producto\/nvr-12-megapixel-4k-reconocimiento-facial-8-canales-ip-base-de-datos-hasta-100000-fotografias-2-bahias-de-disco-duro-bases-de-datos-hdmi-en-4k\/"},"modified":"2026-03-24T04:20:10","modified_gmt":"2026-03-24T04:20:10","slug":"nvr-12-megapixel-4k-reconocimiento-facial-8-canales-ip-base-de-datos-hasta-100000-fotografias-2-bahias-de-disco-duro-bases-de-datos-hdmi-en-4k","status":"publish","type":"product","link":"https:\/\/soydeaqui.ddns.net\/pachuca\/index.php\/producto\/nvr-12-megapixel-4k-reconocimiento-facial-8-canales-ip-base-de-datos-hasta-100000-fotografias-2-bahias-de-disco-duro-bases-de-datos-hdmi-en-4k\/","title":{"rendered":"NVR 12 Megapixel (4K) \/ Reconocimiento Facial \/ 8 Canales IP \/ Base de Datos \/ Hasta 100,000 Fotograf\u00edas \/ 2 Bah\u00edas de Disco Duro \/ Bases de Datos \/ HDMI en 4K"},"content":{"rendered":"<div style='width: 100%; max-width: 1200px; margin: 0 auto; font-family: sans-serif; line-height: 1.6; color: inherit; background-color: transparent;'>\n<p style='text-align: center;'><img style='width: 45%; height: auto; border: 1px solid rgba(150&comma;150&comma;150&comma;0.3); border-radius: 8px;' src='http:\/\/ftp3.syscom.mx\/usuarios\/jdelafuente\/HIKVISION\/hikvision%20logo%20complete.png' alt='Logo Hikvision'><\/p>\n<div style='display: flex; flex-wrap: wrap; gap: 30px; margin: 30px 0;'>\n<div style='flex: 1 1 300px; min-width: 280px;'>\n<h3 style='font-size: 22px; border-bottom: 2px solid currentColor; padding-bottom: 5px; margin-top: 0; color: inherit; opacity: 0.8;'>Caracter\u00edsticas principales<\/h3>\n<ul style='padding-left: 20px; font-size: 15px; color: inherit;'>\n<li style='margin-bottom: 5px;'>Gesti\u00f3n de almacenamiento de im\u00e1genes (rostros) de gran capacidad.<\/li>\n<li style='margin-bottom: 5px;'>Comparaci\u00f3n de rostros (base de datos) y acci\u00f3n de evento (alarmas).<\/li>\n<li style='margin-bottom: 5px;'>Reconocimiento f\u00e1cil y an\u00e1lisis m\u00e1s precisos basados en algoritmos de Deep Learning (algoritmo de aprendizaje).<\/li>\n<li style='margin-bottom: 5px;'>Alarmas de audio&comma; aviso al centro de monitoreo (iVMS-4200&comma; env\u00edo de correo electr\u00f3nico y salidas de alarma).<\/li>\n<li style='margin-bottom: 5px;'>Compatible con Hik-Connect (P2P).<\/li>\n<\/ul>\n<h3 style='font-size: 22px; border-bottom: 2px solid currentColor; padding-bottom: 5px; margin-top: 25px; color: inherit; opacity: 0.8;'>Capacidad de procesamiento y funciones de red<\/h3>\n<ul style='padding-left: 20px; font-size: 15px; color: inherit;'>\n<li style='margin-bottom: 5px;'><strong>Throughput entrada:<\/strong> 80 Mbps.<\/li>\n<li style='margin-bottom: 5px;'><strong>Throughput salida:<\/strong> 256 Mbps.<\/li>\n<li style='margin-bottom: 5px;'><strong>Puerto de red:<\/strong> 10 \/ 100 \/ 1000 Mbps (LAN).<\/li>\n<li style='margin-bottom: 5px;'><strong>Compresi\u00f3n soportada:<\/strong> H.265+ \/ H.265 \/ H.264+ \/ H.264.<\/li>\n<li style='margin-bottom: 5px;'><strong>Resoluciones soportadas:<\/strong> 12MP \/ 8 MP \/ 6 MP \/ 5 MP \/ 4 MP \/ 3 MP \/ 1080p \/ 720p.<\/li>\n<li style='margin-bottom: 5px;'><strong>Entrada y salida de alarmas:<\/strong> 4 \/ 1.<\/li>\n<\/ul><\/div>\n<div style='flex: 1 1 300px; min-width: 280px;'>\n<h3 style='font-size: 22px; border-bottom: 2px solid currentColor; padding-bottom: 5px; margin-top: 0; color: inherit; opacity: 0.8;'>Caracter\u00edsticas F\u00edsicas y El\u00e9ctricas<\/h3>\n<ul style='padding-left: 20px; font-size: 15px; color: inherit;'>\n<li style='margin-bottom: 5px;'><strong>Alimentaci\u00f3n y consumo:<\/strong> 12 Vcc \/ 40 Watts.<\/li>\n<li style='margin-bottom: 5px;'><strong>Temperatura de operaci\u00f3n:<\/strong> -10\u00ba a 55\u00ba C.<\/li>\n<li style='margin-bottom: 5px;'><strong>Dimensiones:<\/strong> 385 x 315 x 52 mm.<\/li>\n<li style='margin-bottom: 5px;'><strong>Peso:<\/strong> 1 kg.<\/li>\n<li style='margin-bottom: 5px;'><strong>Soporte de almacenamiento:<\/strong> 2 HDD\u00b4s de hasta 6 TB (no incluido).<\/li>\n<li style='margin-bottom: 5px;'><strong>Salida de video:<\/strong> HDMI y VGA independientes.<\/li>\n<li style='margin-bottom: 5px;'><strong>Entrada de audio:<\/strong> 1 canal.<\/li>\n<li style='margin-bottom: 5px;'><strong>Salida de audio:<\/strong> 1 canal.<\/li>\n<li style='margin-bottom: 5px;'><strong>Audio bidireccional:<\/strong> Soporta (audio de dos v\u00edas).<\/li>\n<\/ul><\/div>\n<div style='flex: 1 1 300px; min-width: 280px;'>\n<h3 style='font-size: 22px; border-bottom: 2px solid currentColor; padding-bottom: 5px; margin-top: 0; color: inherit; opacity: 0.8;'>Caracter\u00edsticas Destacadas<\/h3>\n<ul style='padding-left: 20px; font-size: 15px; color: inherit;'>\n<li style='margin-bottom: 5px;'><strong>Librer\u00edas:<\/strong> Hasta 16.<\/li>\n<li style='margin-bottom: 5px;'><strong>Almacenamiento de im\u00e1genes:<\/strong> Hasta 100&comma;000 fotos.<\/li>\n<li style='margin-bottom: 5px;'><strong>Canales de video con reconocimiento:<\/strong> 8 canales.<\/li>\n<li style='margin-bottom: 5px;'>Al detectar un rostro que coincida con la base de datos se pueden activar: grabaci\u00f3n&comma; notificaci\u00f3n al software (iVMS-4200)&comma; env\u00edo de email&comma; activaci\u00f3n de salidas de alarma&comma; etc.<\/li>\n<li style='margin-bottom: 5px;'>Se recomienda usar c\u00e1maras modelo IDS-2CD7 para tener los 8 canales con funci\u00f3n de reconocimiento facial (cada c\u00e1mara permite un canal con reconocimiento facial).<\/li>\n<li style='margin-bottom: 5px;'>Soporta hasta 4 canales de reconocimiento facial con c\u00e1maras de la serie DS-2CD2XX3G0 \/ DS-2CD2XX3G1 \/ DS-2CD2XX3G2 \/ DS-2CD2XX7G2.<\/li>\n<\/ul><\/div>\n<\/p><\/div>\n<hr style='border: 0; border-top: 1px solid rgba(150&comma; 150&comma; 150&comma; 0.3); margin: 30px 0;'>\n<div style='margin-top: 30px;'>\n<p>&#8212;<\/p>\n<p style='text-align: center;'><img style='width: 100%; height: auto; border: 1px solid rgba(150&comma;150&comma;150&comma;0.3); border-radius: 8px;' src='https:\/\/ftp3.syscom.mx\/usuarios\/jsosa\/HIKVISION\/imagenes\/banners\/solution%20complete.png' alt='Soluci\u00f3n completa'><\/p>\n<\/p><\/div>\n<\/p><\/div>\n","protected":false},"excerpt":{"rendered":"<p>NVR 12 Megapixel (4K) \/ Reconocimiento Facial \/ 8 Canales IP \/ Base de Datos \/ Hasta 100,000 Fotograf\u00edas \/ 2 Bah\u00edas de Disco Duro \/ Bases de Datos \/ HDMI en 4K<\/p>\n","protected":false},"featured_media":118596,"comment_status":"open","ping_status":"closed","template":"","meta":[],"product_brand":[],"product_cat":[2234],"product_tag":[122,54,2235],"class_list":{"0":"post-118597","1":"product","2":"type-product","3":"status-publish","4":"has-post-thumbnail","6":"product_cat-nvrs-network-video-recorders","7":"product_tag-camaras-ip-y-nvrs","8":"product_tag-hikvision","9":"product_tag-nvrs-network-video-recorders","11":"first","12":"outofstock","13":"sale","14":"shipping-taxable","15":"purchasable","16":"product-type-simple"},"_links":{"self":[{"href":"https:\/\/soydeaqui.ddns.net\/pachuca\/index.php\/wp-json\/wp\/v2\/product\/118597","targetHints":{"allow":["GET"]}}],"collection":[{"href":"https:\/\/soydeaqui.ddns.net\/pachuca\/index.php\/wp-json\/wp\/v2\/product"}],"about":[{"href":"https:\/\/soydeaqui.ddns.net\/pachuca\/index.php\/wp-json\/wp\/v2\/types\/product"}],"replies":[{"embeddable":true,"href":"https:\/\/soydeaqui.ddns.net\/pachuca\/index.php\/wp-json\/wp\/v2\/comments?post=118597"}],"wp:featuredmedia":[{"embeddable":true,"href":"https:\/\/soydeaqui.ddns.net\/pachuca\/index.php\/wp-json\/wp\/v2\/media\/118596"}],"wp:attachment":[{"href":"https:\/\/soydeaqui.ddns.net\/pachuca\/index.php\/wp-json\/wp\/v2\/media?parent=118597"}],"wp:term":[{"taxonomy":"product_brand","embeddable":true,"href":"https:\/\/soydeaqui.ddns.net\/pachuca\/index.php\/wp-json\/wp\/v2\/product_brand?post=118597"},{"taxonomy":"product_cat","embeddable":true,"href":"https:\/\/soydeaqui.ddns.net\/pachuca\/index.php\/wp-json\/wp\/v2\/product_cat?post=118597"},{"taxonomy":"product_tag","embeddable":true,"href":"https:\/\/soydeaqui.ddns.net\/pachuca\/index.php\/wp-json\/wp\/v2\/product_tag?post=118597"}],"curies":[{"name":"wp","href":"https:\/\/api.w.org\/{rel}","templated":true}]}}