{"id":118575,"date":"2026-03-24T04:18:43","date_gmt":"2026-03-24T04:18:43","guid":{"rendered":"https:\/\/soydeaqui.ddns.net\/pachuca\/index.php\/producto\/dvr-8-megapixel-8-canales-4k-turbohd-8-canales-ip-1-bahia-de-disco-duro-4-canales-de-audio-audio-por-coaxitron-8-entradas-de-alarma-videoanalisis\/"},"modified":"2026-03-24T04:18:46","modified_gmt":"2026-03-24T04:18:46","slug":"dvr-8-megapixel-8-canales-4k-turbohd-8-canales-ip-1-bahia-de-disco-duro-4-canales-de-audio-audio-por-coaxitron-8-entradas-de-alarma-videoanalisis","status":"publish","type":"product","link":"https:\/\/soydeaqui.ddns.net\/pachuca\/index.php\/producto\/dvr-8-megapixel-8-canales-4k-turbohd-8-canales-ip-1-bahia-de-disco-duro-4-canales-de-audio-audio-por-coaxitron-8-entradas-de-alarma-videoanalisis\/","title":{"rendered":"DVR 8 Megapixel \/ 8 Canales 4K TURBOHD + 8 Canales IP \/ 1 Bah\u00eda de Disco Duro \/ 4 Canales de Audio \/ Audio por coaxitron \/ 8 Entradas de alarma \/ V\u00eddeoan\u00e1lisis"},"content":{"rendered":"<div style='width: 100%; max-width: 1200px; margin: 0 auto; font-family: sans-serif; line-height: 1.6; color: inherit; background-color: transparent;'>\n<p style='text-align: center; margin: 0 0 15px 0;'><img style='width: 100%; height: auto; border: 1px solid rgba(150&comma;150&comma;150&comma;0.3); border-radius: 8px;' src='http:\/\/ftp3.syscom.mx\/usuarios\/emendoza\/elesbanmch\/HIKVISON\/IMAGENES\/epcom.png' alt='Logo EPCOM'><\/p>\n<h2 style='text-align: center; font-size: 20px; margin: 20px 0; color: inherit;'>Audio&comma; Video y Datos por el Mismo Cable<\/h2>\n<p style='margin: 15px 0;'><img style='width: 100%; height: auto; border: 1px solid rgba(150&comma;150&comma;150&comma;0.3); border-radius: 8px;' src='https:\/\/ftp3.syscom.mx\/usuarios\/jsosa\/HIKVISION\/imagenes\/coaxitron\/coaxitron.jpg' alt='Coaxitron'><\/p>\n<div style='display: grid; grid-template-columns: repeat(auto-fill&comma; minmax(280px&comma; 1fr)); gap: 20px; margin: 30px 0;'> <img style='width: 100%; height: auto; border: 1px solid rgba(150&comma;150&comma;150&comma;0.3); border-radius: 8px;' src='https:\/\/ftp3.syscom.mx\/usuarios\/paginaweb\/Gifs\/primero.jpg' alt='Caracter\u00edstica 1'> <img style='width: 100%; height: auto; border: 1px solid rgba(150&comma;150&comma;150&comma;0.3); border-radius: 8px;' src='https:\/\/ftp3.syscom.mx\/usuarios\/paginaweb\/Gifs\/tercero.jpg' alt='Caracter\u00edstica 2'> <img style='width: 100%; height: auto; border: 1px solid rgba(150&comma;150&comma;150&comma;0.3); border-radius: 8px;' src='https:\/\/ftp3.syscom.mx\/usuarios\/jsosa\/GIF\/-H265%2B.gif' alt='H.265+'> <img style='width: 100%; height: auto; border: 1px solid rgba(150&comma;150&comma;150&comma;0.3); border-radius: 8px;' src='https:\/\/ftp3.syscom.mx\/usuarios\/paginaweb\/Gifs\/Zi7LTq5.gif' alt='Visualizaci\u00f3n'> <img style='width: 100%; height: auto; border: 1px solid rgba(150&comma;150&comma;150&comma;0.3); border-radius: 8px;' src='https:\/\/ftp3.syscom.mx\/usuarios\/paginaweb\/Gifs\/tq5yYz4.gif' alt='Control'> <img style='width: 100%; height: auto; border: 1px solid rgba(150&comma;150&comma;150&comma;0.3); border-radius: 8px;' src='https:\/\/s3-us-west-2.amazonaws.com\/syscomftp\/usuarios\/paginaweb\/Gifs\/HIK-CONNECT.gif' alt='HIK-Connect'> <\/div>\n<div style='display: flex; flex-wrap: wrap; gap: 30px; margin: 30px 0;'>\n<div style='flex: 1 1 300px; min-width: 280px;'>\n<h3 style='font-size: 22px; border-bottom: 2px solid currentColor; padding-bottom: 5px; margin-top: 0; color: inherit; opacity: 0.8;'>Caracter\u00edsticas principales<\/h3>\n<ul style='padding-left: 20px; font-size: 15px; color: inherit;'>\n<li style='margin-bottom: 5px;'>Permite apagar canales anal\u00f3gicos TURBOHD y poder colocar c\u00e1maras IP en todos sus canales&comma; podemos colocar hasta 16 c\u00e1maras IP en total. Por cada canal anal\u00f3gico TURBOHD que se apague se genera una canal IP adicional.<\/li>\n<li>Grabador PENTAH\u00cdBRIDO: HD-TVI \/ HD-CVI \/ Analogico \/ IP \/ AHD.<\/li>\n<li>Software cliente multi sitio de hasta 256 canales (iVMS-4200).<\/li>\n<li>Compatible con Hik-Connect P2P \/ DynDNS \/ No-IP.<\/li>\n<li>Funciones Avanzadas: Detecci\u00f3n por cruce de linea &#038; detecci\u00f3n de intrusi\u00f3n.<\/li>\n<\/ul>\n<h3 style='font-size: 20px; border-bottom: 2px solid currentColor; padding-bottom: 5px; margin-top: 20px; margin-bottom: 10px; color: inherit; opacity: 0.8;'>Compresi\u00f3n y resoluci\u00f3n<\/h3>\n<ul style='padding-left: 20px; font-size: 15px; color: inherit;'>\n<li>Compresi\u00f3n: H.265+ \/ H.265 \/ H.264+ \/ H.264.<\/li>\n<li>Soporta 8 canales TURBOHD \/ analogicos + 8 canal IP = 16 canales en total.<\/li>\n<li>HD-TVI: 8 Megap\u00edxel(8fps) \/ 5 Megapixel (12fps)<\/li>\n<li>4 Megapixel(15fps) \/ 3 Megapixel(18fps) \/ 1080p \/ 720p.(30fps)<\/li>\n<li>CVI: 5 Megapixel \/ 4 Megapixel \/ 1080p \/ 720p.<\/li>\n<li>ANAL\u00d3GICO (CVBS): 1200 TVL.<\/li>\n<li>AHD: 5 Megapixel \/ 4 Megapixel \/ 1080p \/ 720p.<\/li>\n<li>IP: 8 Megapixel.<\/li>\n<\/ul>\n<p style='margin-top: 15px;'>El audio se recibe por la se\u00f1al TVI<\/p>\n<\/p><\/div>\n<div style='flex: 1 1 300px; min-width: 280px;'>\n<h3 style='font-size: 22px; border-bottom: 2px solid currentColor; padding-bottom: 5px; margin-top: 0; color: inherit; opacity: 0.8;'>Caracter\u00edsticas F\u00edsicas y El\u00e9ctricas<\/h3>\n<ul style='padding-left: 20px; font-size: 15px; color: inherit;'>\n<li>Alimentaci\u00f3n: 12 Vcc (fuente incluida 4 pines)<\/li>\n<li>Consumo sin HDD: 20 watts.<\/li>\n<li>Temperatura de operacion: -10 \u00baC hasta 55 \u00baC<\/li>\n<li>Dimensiones: 380 \u00d7 320 \u00d7 48 mm (W \u00d7 D \u00d7 H)<\/li>\n<li>Peso: 1.78 Kg sin HDD.<\/li>\n<li>No incluye disco duro<\/li>\n<li>Garant\u00eda: 4 A\u00f1os.<\/li>\n<li>Compatible con gabinete met\u00e1lico GAB-VID2-R2.<\/li>\n<\/ul>\n<p style='text-align: center; margin: 20px 0;'><img style='width: 50%; height: auto; border: 1px solid rgba(150&comma;150&comma;150&comma;0.3); border-radius: 8px;' src='https:\/\/ftp3.syscom.mx\/usuarios\/fotos\/DS7208HQHIK1\/97560-pentahi.jpg' alt='Pentah\u00edbrido'><\/p>\n<\/p><\/div>\n<div style='flex: 1 1 300px; min-width: 280px;'>\n<h3 style='font-size: 22px; border-bottom: 2px solid currentColor; padding-bottom: 5px; margin-top: 0; color: inherit; opacity: 0.8;'>Funciones de Grabaci\u00f3n y visualizaci\u00f3n<\/h3>\n<ul style='padding-left: 20px; font-size: 15px; color: inherit;'>\n<li>Detecci\u00f3n de movimiento multi zona.<\/li>\n<li>Zoom digital en visualizaci\u00f3n y grabaci\u00f3n.<\/li>\n<li>Soporta m\u00faltiples tipos de grabaci\u00f3n&comma; incluyendo tiempo real&comma; grabaci\u00f3n manual.<\/li>\n<li>B\u00fasqueda inteligente de grabaciones por detecci\u00f3n de movimiento.<\/li>\n<li>Se proporciona SDK y c\u00f3digos de demostraci\u00f3n para disminuir el tiempo de desarrollo de aplicaciones.<\/li>\n<li>Grabaci\u00f3n con Sobre-escritura autom\u00e1tica.<\/li>\n<\/ul>\n<h3 style='font-size: 20px; border-bottom: 2px solid currentColor; padding-bottom: 5px; margin-top: 20px; margin-bottom: 10px; color: inherit; opacity: 0.8;'>Interfaces Entradas \/ Salidas<\/h3>\n<ul style='padding-left: 20px; font-size: 15px; color: inherit;'>\n<li>Salida de v\u00eddeo\n<ul style='padding-left: 20px; margin-top: 5px;'>\n<li>HDMI: 4K (3840\u00d72160)&comma; 2K (2560\u00d71440)&comma; 1920\u00d71080&comma; 1280\u00d71024&comma; 1280\u00d7720&comma; 1024\u00d7768<\/li>\n<li>VGA: 1920\u00d71080&comma; 1280\u00d71024&comma; 1280\u00d7720&comma; 1024\u00d7768.<\/li>\n<\/ul>\n<\/li>\n<li>Salida de v\u00eddeo en BNC: 1 Canal (BNC&comma; 1.0Vp-p&comma; 75\u03a9)&comma; resoluci\u00f3n m\u00e1xima: 704 x 480.<\/li>\n<li>HDMI y VGA: salida simultanea.<\/li>\n<li>8 Entradas de alarma \/ 4 Salida de alarma.<\/li>\n<li><strong>Soporta audio en todos sus canales por coaxitron utilizando c\u00e1maras con audio integrado <a style='color: #2baadf; text-decoration: none;' href='https:\/\/www.syscom.mx\/principal\/promociones\/camaras_con_audio_por_coaxitron_2_mp_y_5_mp-5478.html?ordenar=Relevancia&#038;pag=1' target='_blank' rel='noopener'>[ver modelos compatibles]<\/a><\/strong><\/li>\n<li>Entrada audio: 4 (RCA&comma; 2.0 Vp-p&comma; 1K\u03a9).<\/li>\n<li>Salida audio: 1 (RCA&comma; 2.0 Vp-p&comma; 1K\u03a9).<\/li>\n<li>Interfaz serial: RS-485 (HIKVISION C&comma; COAXITRON&comma; PELCO D&comma; PELCO P&comma; etc).<\/li>\n<li>Interfaz USB: 1 puerto USB 2.0&comma; 1 puerto USB 3.0<\/li>\n<li>Interfaz red: 1 puertos (RJ-45 10\/100\/1000 Mbps).<\/li>\n<li>Capacidad HDD: 1 @ 10 TB.<\/li>\n<\/ul>\n<p style='margin-top: 15px;'><strong>Para utilizar audio de 2 v\u00edas se recomienda colocar un micr\u00f3fono en la entrada de audio&comma; no se recomienda para audio de 2 v\u00edas una c\u00e1mara con audio por coaxitron.<\/strong><\/p>\n<p style='margin-top: 15px; padding: 10px; background-color: rgba(32&comma;32&comma;32&comma;0.05); border-left: 5px solid #2880b9; color: inherit; font-size: 14px;'>Para conectar los canales IP requiere utilizar un switch\/switch poe (no incluido)<\/p>\n<\/p><\/div>\n<\/p><\/div>\n<hr style='border: 0; border-top: 1px solid rgba(150&comma; 150&comma; 150&comma; 0.3); margin: 30px 0;'>\n<div style='margin: 30px 0;'>\n<h3 style='font-size: 20px; margin-top: 0; color: inherit; opacity: 0.8;'>\u00bfQu\u00e9 es H.265+<\/h3>\n<p>H.265+ es el m\u00e9todo de compresi\u00f3n de DVRs&comma; C\u00e1maras IP y NVRs Hikvision \/ EPCOM&comma; permite ahorrar hasta 80% de almacenamiento y ancho de banda&comma; ver el siguiente comparativo.<\/p>\n<p><a style='color: #2baadf; text-decoration: none;' href='http:\/\/syscom.us1.list-manage1.com\/track\/click?u=2b3e9128678b450bb748bf973&#038;id=963d566a70&#038;e=bc82a6439b' target='_blank' rel='noopener'>Ver presentaci\u00f3n de H.265+<\/a><\/p>\n<\/p><\/div>\n<hr style='border: 0; border-top: 1px solid rgba(150&comma; 150&comma; 150&comma; 0.3); margin: 30px 0;'>\n<div style='display: flex; flex-wrap: wrap; gap: 30px; align-items: center; margin: 30px 0;'>\n<div style='flex: 1 1 300px; min-width: 280px;'>\n<h3 style='font-size: 20px; margin-top: 0; color: inherit; opacity: 0.8;'>Administraci\u00f3n r\u00e1pida de m\u00faltiples ubicaciones<\/h3>\n<p>El <a style='color: #2baadf; text-decoration: none;' href='https:\/\/www.syscom.mx\/producto\/IVMS-4200-HIKVISION-76556.html' target='_blank' rel='noopener'>nuevo IVMS-4200 Lite<\/a> permite trabajar video Megapixel con mucho menores recursos&comma; video m\u00e1s fluido y operaci\u00f3n r\u00e1pida.<\/p>\n<\/p><\/div>\n<div style='flex: 1 1 300px; min-width: 280px;'> <img style='width: 100%; height: auto; border: 1px solid rgba(150&comma;150&comma;150&comma;0.3); border-radius: 8px;' src='https:\/\/ftp3.syscom.mx\/usuarios\/fotos\/EV4016TURBO\/97555-ivms4200.jpg' alt='IVMS-4200 Lite'> <\/div>\n<\/p><\/div>\n<hr style='border: 0; border-top: 1px solid rgba(150&comma; 150&comma; 150&comma; 0.3); margin: 30px 0;'>\n<div style='display: flex; flex-wrap: wrap; gap: 30px; align-items: center; margin: 30px 0;'>\n<div style='flex: 1 1 300px; min-width: 280px;'> <img style='width: 100%; height: auto; border: 1px solid rgba(150&comma;150&comma;150&comma;0.3); border-radius: 8px;' src='https:\/\/ftp3.syscom.mx\/usuarios\/fotos\/THCD320VF\/162360-epcom_08.jpg' alt='Compresi\u00f3n H.265+'> <\/div>\n<div style='flex: 1 1 300px; min-width: 280px;'>\n<h3 style='font-size: 20px; margin-top: 0; color: inherit; opacity: 0.8;'>Compresiones Inteligentes que le permitir\u00e1n Almacenar M\u00e1s tiempo por Menos Consumo de Disco Duro<\/h3>\n<p>Con el protocolo <strong style='color: #2880b9;'>H.265+<\/strong> podr\u00e1 <strong style='color: #2880b9;'>reducir<\/strong> el consumo de disco duro y ancho de banda de sus dispositivos <strong style='color: #2880b9;'>EPCOM<\/strong> para tener evidencia de sus eventos por mucho mas tiempo.<\/p>\n<\/p><\/div>\n<\/p><\/div>\n<\/p><\/div>\n","protected":false},"excerpt":{"rendered":"<p>DVR 8 Megapixel \/ 8 Canales 4K TURBOHD + 8 Canales IP \/ 1 Bah\u00eda de Disco Duro \/ 4 Canales de Audio \/ Audio por coaxitron \/ 8 Entradas de alarma \/ V\u00eddeoan\u00e1lisis<\/p>\n","protected":false},"featured_media":118574,"comment_status":"open","ping_status":"closed","template":"","meta":[],"product_brand":[],"product_cat":[2254],"product_tag":[2255,935,2256],"class_list":{"0":"post-118575","1":"product","2":"type-product","3":"status-publish","4":"has-post-thumbnail","6":"product_cat-videograbadoras-analogicas-turbohd-tvi-ahd-cvi","7":"product_tag-camaras-y-dvrs-hd-turbohd-ahd-hd-tvi","8":"product_tag-epcom","9":"product_tag-videograbadoras-analogicas-turbohd-tvi-ahd-cvi","11":"first","12":"outofstock","13":"sale","14":"shipping-taxable","15":"purchasable","16":"product-type-simple"},"_links":{"self":[{"href":"https:\/\/soydeaqui.ddns.net\/pachuca\/index.php\/wp-json\/wp\/v2\/product\/118575","targetHints":{"allow":["GET"]}}],"collection":[{"href":"https:\/\/soydeaqui.ddns.net\/pachuca\/index.php\/wp-json\/wp\/v2\/product"}],"about":[{"href":"https:\/\/soydeaqui.ddns.net\/pachuca\/index.php\/wp-json\/wp\/v2\/types\/product"}],"replies":[{"embeddable":true,"href":"https:\/\/soydeaqui.ddns.net\/pachuca\/index.php\/wp-json\/wp\/v2\/comments?post=118575"}],"wp:featuredmedia":[{"embeddable":true,"href":"https:\/\/soydeaqui.ddns.net\/pachuca\/index.php\/wp-json\/wp\/v2\/media\/118574"}],"wp:attachment":[{"href":"https:\/\/soydeaqui.ddns.net\/pachuca\/index.php\/wp-json\/wp\/v2\/media?parent=118575"}],"wp:term":[{"taxonomy":"product_brand","embeddable":true,"href":"https:\/\/soydeaqui.ddns.net\/pachuca\/index.php\/wp-json\/wp\/v2\/product_brand?post=118575"},{"taxonomy":"product_cat","embeddable":true,"href":"https:\/\/soydeaqui.ddns.net\/pachuca\/index.php\/wp-json\/wp\/v2\/product_cat?post=118575"},{"taxonomy":"product_tag","embeddable":true,"href":"https:\/\/soydeaqui.ddns.net\/pachuca\/index.php\/wp-json\/wp\/v2\/product_tag?post=118575"}],"curies":[{"name":"wp","href":"https:\/\/api.w.org\/{rel}","templated":true}]}}