{"id":118571,"date":"2026-03-24T04:18:32","date_gmt":"2026-03-24T04:18:32","guid":{"rendered":"https:\/\/soydeaqui.ddns.net\/pachuca\/index.php\/producto\/dvr-4-megapixel-16-canales-turbohd-8-canales-ip-1-bahias-de-disco-duro-1-canal-de-audio-audio-por-coaxitron-salida-de-video-en-4k\/"},"modified":"2026-03-24T04:18:34","modified_gmt":"2026-03-24T04:18:34","slug":"dvr-4-megapixel-16-canales-turbohd-8-canales-ip-1-bahias-de-disco-duro-1-canal-de-audio-audio-por-coaxitron-salida-de-video-en-4k","status":"publish","type":"product","link":"https:\/\/soydeaqui.ddns.net\/pachuca\/index.php\/producto\/dvr-4-megapixel-16-canales-turbohd-8-canales-ip-1-bahias-de-disco-duro-1-canal-de-audio-audio-por-coaxitron-salida-de-video-en-4k\/","title":{"rendered":"DVR 4 Megapixel \/ 16 Canales TURBOHD + 8 Canales IP \/ 1 Bah\u00edas de Disco Duro \/ 1 Canal de Audio \/ Audio por coaxitron \/ Salida de V\u00eddeo en 4K"},"content":{"rendered":"<div style='width: 100%; max-width: 1200px; margin: 0 auto; font-family: sans-serif; line-height: 1.6; color: inherit; background-color: transparent;'> <!-- Logo del fabricante --> <\/p>\n<div style='width: 100%; margin-bottom: 30px;'> <img style='width: 100%; height: auto; border: 1px solid rgba(150&comma;150&comma;150&comma;0.3); border-radius: 8px;' src='http:\/\/ftp3.syscom.mx\/usuarios\/emendoza\/elesbanmch\/HIKVISON\/IMAGENES\/epcom.png' alt='Logo Epcom'> <\/div>\n<p> <!-- Im\u00e1genes del producto --> <\/p>\n<div style='display: grid; grid-template-columns: repeat(auto-fill&comma; minmax(280px&comma; 1fr)); gap: 20px; margin-bottom: 30px;'> <img style='width: 100%; height: auto; border: 1px solid rgba(150&comma;150&comma;150&comma;0.3); border-radius: 8px;' src='https:\/\/ftp3.syscom.mx\/usuarios\/paginaweb\/Gifs\/primero.jpg' alt='Producto vista 1'> <img style='width: 100%; height: auto; border: 1px solid rgba(150&comma;150&comma;150&comma;0.3); border-radius: 8px;' src='https:\/\/ftp3.syscom.mx\/usuarios\/paginaweb\/Gifs\/tercero.jpg' alt='Producto vista 2'> <img style='width: 100%; height: auto; border: 1px solid rgba(150&comma;150&comma;150&comma;0.3); border-radius: 8px;' src='https:\/\/ftp3.syscom.mx\/usuarios\/jsosa\/GIF\/-H265%2B.gif' alt='Compresi\u00f3n H.265+'> <img style='width: 100%; height: auto; border: 1px solid rgba(150&comma;150&comma;150&comma;0.3); border-radius: 8px;' src='https:\/\/ftp3.syscom.mx\/usuarios\/paginaweb\/Gifs\/Zi7LTq5.gif' alt='Visualizaci\u00f3n'> <img style='width: 100%; height: auto; border: 1px solid rgba(150&comma;150&comma;150&comma;0.3); border-radius: 8px;' src='https:\/\/ftp3.syscom.mx\/usuarios\/paginaweb\/Gifs\/tq5yYz4.gif' alt='Configuraci\u00f3n'> <img style='width: 100%; height: auto; border: 1px solid rgba(150&comma;150&comma;150&comma;0.3); border-radius: 8px;' src='https:\/\/s3-us-west-2.amazonaws.com\/syscomftp\/usuarios\/paginaweb\/Gifs\/HIK-CONNECT.gif' alt='Conexi\u00f3n remota'> <\/div>\n<p> <!-- Nota importante --> <\/p>\n<div style='background-color: rgba(255&comma;0&comma;0&comma;0.05); border-left: 4px solid #ff0000; padding: 15px; margin-bottom: 30px; border-radius: 4px;'>\n<h3 style='margin-top: 0; color: #ff0000; font-size: 18px;'>Nota importante:<\/h3>\n<p>Gracias a las nuevas actualizaciones (mejoras) ahora el DVR permite aceptar c\u00e1maras TURBOHD de 4 Megapixel que originalmente estaba dedicado a soportar 3 Megapixel&comma; el DVR podr\u00e1 grabar a 4 Megapixel Lite&comma; quiere decir que es un acoplamiento de se\u00f1al que permite aceptar c\u00e1maras de 4 Megapixel TURBOHD con grabaci\u00f3n Lite.<\/p>\n<ul style='padding-left: 20px; margin-top: 15px;'>\n<li style='margin-bottom: 5px; color: #ff0000;'><strong>4 Megapixel Real = 2560 X 1440.<\/strong><\/li>\n<li style='margin-bottom: 5px; color: #ff0000;'><strong>4 Megapixel Lite = 1280 X 1440.<\/strong><\/li>\n<\/ul><\/div>\n<p> <!-- Secci\u00f3n de caracter\u00edsticas principales --> <\/p>\n<div style='display: flex; flex-wrap: wrap; gap: 30px; margin-bottom: 30px;'>\n<div style='flex: 1 1 300px; min-width: 280px;'>\n<h3 style='font-size: 22px; border-bottom: 2px solid currentColor; padding-bottom: 5px; margin-top: 0; color: inherit; opacity: 0.8;'>Caracter\u00edsticas principales<\/h3>\n<ul style='padding-left: 20px; font-size: 15px; color: inherit;'>\n<li style='margin-bottom: 5px;'>Permite apagar canales anal\u00f3gicos TURBOHD y poder colocar c\u00e1maras IP en todos sus canales&comma; podemos colocar hasta 24 c\u00e1maras IP en total. Por cada canal anal\u00f3gico TURBOHD que se apague se genera una canal IP adicional.<\/li>\n<li>Grabador PENTAH\u00cdBRIDO: HD-TVI \/ HD-CVI \/ Analogico \/ IP \/ AHD.<\/li>\n<li>Software cliente multi sitio de hasta 64 canales (iVMS-4200).<\/li>\n<li>Compatible con Hik-Connect P2P \/ DynDNS \/ No-IP.<\/li>\n<li>Funciones Avanzadas: Detecci\u00f3n por cruce de linea &#038; detecci\u00f3n de intrusi\u00f3n.<\/li>\n<\/ul><\/div>\n<p> <!-- Secci\u00f3n de compresi\u00f3n y resoluci\u00f3n --> <\/p>\n<div style='flex: 1 1 300px; min-width: 280px;'>\n<h3 style='font-size: 22px; border-bottom: 2px solid currentColor; padding-bottom: 5px; margin-top: 0; color: inherit; opacity: 0.8;'>Compresi\u00f3n y resoluci\u00f3n<\/h3>\n<ul style='padding-left: 20px; font-size: 15px; color: inherit;'>\n<li>Compresi\u00f3n: H.265+ \/ H.265 \/ H.264+ \/ H.264.<\/li>\n<li>Soporta 16 canales TURBOHD \/ anal\u00f3gicos + 8 canal IP = 24 canales en total.<\/li>\n<li><a href='http:\/\/soporte.syscom.mx\/es\/articles\/2554985-hikvision-configuracion-para-activar-videoanaliticos-en-todos-los-canales-de-los-dvr' style='color: inherit; text-decoration: underline;' target='_blank' rel='noopener'>Ver procedimiento<\/a><\/li>\n<li>HD-TVI: 4 Megapixel Lite \/ 3 Megapixel \/ 1080p \/ 720p.\n<ul style='margin-top: 10px;'>\n<li style='color: #ff0000;'><strong>Nota:<\/strong> Acepta c\u00e1maras de 4MP&comma; 2MP y 1MP en todos sus canales BNC (C\u00e1maras de 3MP solo en el canal 1&comma; 2&comma; 3 y 4)<\/li>\n<\/ul>\n<\/li>\n<li>CVI:4 Megapixel Lite \/ 3 Megapixel \/ 1080p \/ 720p.<\/li>\n<li>ANAL\u00d3GICO (CVBS): 1200 TVL.<\/li>\n<li>AHD: 4 Megapixel Lite \/ 3 Megapixel \/ 1080p \/ 720p.<\/li>\n<li>IP: 6 Megapixel.<\/li>\n<\/ul><\/div>\n<p> <!-- Secci\u00f3n de caracter\u00edsticas f\u00edsicas y el\u00e9ctricas --> <\/p>\n<div style='flex: 1 1 300px; min-width: 280px;'>\n<h3 style='font-size: 22px; border-bottom: 2px solid currentColor; padding-bottom: 5px; margin-top: 0; color: inherit; opacity: 0.8;'>Caracter\u00edsticas F\u00edsicas y El\u00e9ctricas<\/h3>\n<ul style='padding-left: 20px; font-size: 15px; color: inherit;'>\n<li>Alimentaci\u00f3n: 12 Vcc (fuente incluida 4 pines)<\/li>\n<li>Consumo sin HDD: 25 watts.<\/li>\n<li>Temperatura de operaci\u00f3n: -10 \u00baC hasta 55 \u00baC<\/li>\n<li>Dimensiones: 315 \u00d7 242 \u00d7 45 mm (W \u00d7 D \u00d7 H)<\/li>\n<li>Peso: 2 Kg sin HDD.<\/li>\n<li>No incluye disco duro<\/li>\n<li>Garant\u00eda: 4 A\u00f1os.<\/li>\n<\/ul>\n<p> <img style='width: 100%; height: auto; border: 1px solid rgba(150&comma;150&comma;150&comma;0.3); border-radius: 8px; margin-top: 15px;' src='https:\/\/ftp3.syscom.mx\/usuarios\/fotos\/DS7208HQHIK1\/97560-pentahi.jpg' alt='Vista interna'> <\/div>\n<p> <!-- Secci\u00f3n de funciones de grabaci\u00f3n y visualizaci\u00f3n --> <\/p>\n<div style='flex: 1 1 300px; min-width: 280px;'>\n<h3 style='font-size: 22px; border-bottom: 2px solid currentColor; padding-bottom: 5px; margin-top: 0; color: inherit; opacity: 0.8;'>Funciones de Grabaci\u00f3n y visualizaci\u00f3n<\/h3>\n<ul style='padding-left: 20px; font-size: 15px; color: inherit;'>\n<li>Detecci\u00f3n de movimiento multi zona.<\/li>\n<li>Zoom digital en visualizaci\u00f3n y grabaci\u00f3n.<\/li>\n<li>Soporta m\u00faltiples tipos de grabaci\u00f3n&comma; incluyendo tiempo real&comma; grabaci\u00f3n manual.<\/li>\n<li>B\u00fasqueda inteligente de grabaciones por detecci\u00f3n de movimiento.<\/li>\n<li>Se proporciona SDK y c\u00f3digos de demostraci\u00f3n para disminuir el tiempo de desarrollo de aplicaciones.<\/li>\n<li>Grabaci\u00f3n con Sobre-escritura autom\u00e1tica.<\/li>\n<\/ul><\/div>\n<p> <!-- Secci\u00f3n de interfaces --> <\/p>\n<div style='flex: 1 1 300px; min-width: 280px;'>\n<h3 style='font-size: 22px; border-bottom: 2px solid currentColor; padding-bottom: 5px; margin-top: 0; color: inherit; opacity: 0.8;'>Interfaces Entradas \/ Salidas<\/h3>\n<ul style='padding-left: 20px; font-size: 15px; color: inherit;'>\n<li>Salida de v\u00eddeo:\n<ul style='margin-top: 10px;'>\n<li>HDMI: 4K (3840\u00d72160)&comma; 2K (2560\u00d71440)&comma; 1920\u00d71080&comma; 1280\u00d71024&comma; 1280\u00d7720&comma; 1024\u00d7768<\/li>\n<li>VGA: 1920\u00d71080&comma; 1280\u00d71024&comma; 1280\u00d7720&comma; 1024\u00d7768.<\/li>\n<\/ul>\n<\/li>\n<li>Salida de v\u00eddeo en BNC: 1 Canal (BNC&comma; 1.0Vp-p&comma; 75\u03a9)&comma; resoluci\u00f3n m\u00e1xima: 704 x 480.<\/li>\n<li>HDMI y VGA: salida simult\u00e1nea.<\/li>\n<li>Soporta audio en todos sus canales por coaxitron utilizando c\u00e1maras con audio integrado <a href='https:\/\/www.syscom.mx\/principal\/promociones\/camaras_epcom_-_audio_por_coaxitron-5015.html?ordenar=Relevancia&#038;pag=1' style='color: inherit; text-decoration: underline;' target='_blank' rel='noopener'>ver modelos compatibles<\/a>.<\/li>\n<li>Entrada audio: 1 (RCA&comma; 2.0 Vp-p&comma; 1K\u03a9).<\/li>\n<li>Salida audio: 1 (RCA&comma; 2.0 Vp-p&comma; 1K\u03a9).<\/li>\n<li>Interfaz serial: RS-485 (HIKVISION C&comma; COAXITRON&comma; PELCO D&comma; PELCO P&comma; etc).<\/li>\n<li>Interfaz USB: 1 puerto USB 2.0&comma; 1 puerto USB 3.0.<\/li>\n<li>Interfaz red: 1 puertos (RJ-45 10\/100\/1000 Mbps).<\/li>\n<li>Capacidad HDD: 1 @ 10 TB.<\/li>\n<li style='margin-top: 10px;'>Para utilizar audio de 2 v\u00edas se recomienda colocar un micr\u00f3fono en la entrada de audio&comma; no se recomienda para audio de 2 v\u00edas una c\u00e1mara con audio por coaxitron.<\/li>\n<\/ul><\/div>\n<\/p><\/div>\n<p> <!-- Secci\u00f3n H.265+ --> <\/p>\n<div style='width: 100%; margin-bottom: 30px;'>\n<h3 style='font-size: 22px; border-bottom: 2px solid currentColor; padding-bottom: 5px; margin-top: 0; color: inherit; opacity: 0.8;'>\u00bfQu\u00e9 es H.265+?<\/h3>\n<p>H.265+ es el m\u00e9todo de compresi\u00f3n de DVRs&comma; C\u00e1maras IP y NVRs Hikvision \/ EPCOM&comma; permite ahorrar hasta 80% de almacenamiento y ancho de banda&comma; ver el siguiente comparativo.<\/p>\n<p style='text-align: center; margin: 20px 0;'> <a href='http:\/\/syscom.us1.list-manage1.com\/track\/click?u=2b3e9128678b450bb748bf973&#038;id=963d566a70&#038;e=bc82a6439b' style='color: inherit; text-decoration: underline;' target='_blank' rel='noopener'>Ver presentaci\u00f3n de H.265+<\/a> <\/p>\n<p> <a href='https:\/\/www.syscomblog.com\/2017\/10\/el-h265-de-hikvision-en-que-nos-ayudac.html' style='display: block; margin: 20px 0;' target='_blank' rel='noopener'> <img style='width: 100%; height: auto; border: 1px solid rgba(150&comma;150&comma;150&comma;0.3); border-radius: 8px;' src='https:\/\/ftp3.syscom.mx\/usuarios\/jsosa\/josesosa\/Imagenes\/menosconsumoha.jpg' alt='Comparativo H.265+'> <\/a> <\/div>\n<p> <!-- Garant\u00eda --> <\/p>\n<div style='width: 100%; margin-bottom: 30px;'>\n<h3 style='font-size: 22px; border-bottom: 2px solid currentColor; padding-bottom: 5px; margin-top: 0; color: inherit; opacity: 0.8;'>4 A\u00f1os de Garant\u00eda Sin-Complicaciones<\/h3>\n<p>Garant\u00eda l\u00edder en la industria&comma; r\u00e1pida y efectiva&comma; disponible con empresas profesionales autorizadas**<\/p>\n<p> <a href='http:\/\/soporte.syscom.mx\/es\/articles\/1560082-politica-de-garantia-syscom-sin-complicaciones-resumida' style='display: block; margin: 20px 0;' target='_blank' rel='noopener'> <img style='width: 100%; height: auto; border: 1px solid rgba(150&comma;150&comma;150&comma;0.3); border-radius: 8px;' src='http:\/\/ftp3.syscom.mx\/usuarios\/jdelafuente\/HIKVISION\/4year.png' alt='Garant\u00eda 4 a\u00f1os'> <\/a> <\/div>\n<p> <!-- Separador final --> <\/p>\n<hr style='border: 0; border-top: 1px solid rgba(150&comma; 150&comma; 150&comma; 0.3); margin: 30px 0;'> <\/div>\n","protected":false},"excerpt":{"rendered":"<p>DVR 4 Megapixel \/ 16 Canales TURBOHD + 8 Canales IP \/ 1 Bah\u00edas de Disco Duro \/ 1 Canal de Audio \/ Audio por coaxitron \/ Salida de V\u00eddeo en 4K<\/p>\n","protected":false},"featured_media":118570,"comment_status":"open","ping_status":"closed","template":"","meta":[],"product_brand":[],"product_cat":[2254],"product_tag":[2255,935,2256],"class_list":{"0":"post-118571","1":"product","2":"type-product","3":"status-publish","4":"has-post-thumbnail","6":"product_cat-videograbadoras-analogicas-turbohd-tvi-ahd-cvi","7":"product_tag-camaras-y-dvrs-hd-turbohd-ahd-hd-tvi","8":"product_tag-epcom","9":"product_tag-videograbadoras-analogicas-turbohd-tvi-ahd-cvi","11":"first","12":"outofstock","13":"sale","14":"shipping-taxable","15":"purchasable","16":"product-type-simple"},"_links":{"self":[{"href":"https:\/\/soydeaqui.ddns.net\/pachuca\/index.php\/wp-json\/wp\/v2\/product\/118571","targetHints":{"allow":["GET"]}}],"collection":[{"href":"https:\/\/soydeaqui.ddns.net\/pachuca\/index.php\/wp-json\/wp\/v2\/product"}],"about":[{"href":"https:\/\/soydeaqui.ddns.net\/pachuca\/index.php\/wp-json\/wp\/v2\/types\/product"}],"replies":[{"embeddable":true,"href":"https:\/\/soydeaqui.ddns.net\/pachuca\/index.php\/wp-json\/wp\/v2\/comments?post=118571"}],"wp:featuredmedia":[{"embeddable":true,"href":"https:\/\/soydeaqui.ddns.net\/pachuca\/index.php\/wp-json\/wp\/v2\/media\/118570"}],"wp:attachment":[{"href":"https:\/\/soydeaqui.ddns.net\/pachuca\/index.php\/wp-json\/wp\/v2\/media?parent=118571"}],"wp:term":[{"taxonomy":"product_brand","embeddable":true,"href":"https:\/\/soydeaqui.ddns.net\/pachuca\/index.php\/wp-json\/wp\/v2\/product_brand?post=118571"},{"taxonomy":"product_cat","embeddable":true,"href":"https:\/\/soydeaqui.ddns.net\/pachuca\/index.php\/wp-json\/wp\/v2\/product_cat?post=118571"},{"taxonomy":"product_tag","embeddable":true,"href":"https:\/\/soydeaqui.ddns.net\/pachuca\/index.php\/wp-json\/wp\/v2\/product_tag?post=118571"}],"curies":[{"name":"wp","href":"https:\/\/api.w.org\/{rel}","templated":true}]}}