{"id":118569,"date":"2026-03-24T04:18:26","date_gmt":"2026-03-24T04:18:26","guid":{"rendered":"https:\/\/soydeaqui.ddns.net\/pachuca\/index.php\/producto\/dvr-4-megapixel-8-canales-turbohd-4-canales-ip-1-bahia-de-disco-duro-1-canal-de-audio-audio-por-coaxitron-videoanalisis-2\/"},"modified":"2026-03-24T04:18:28","modified_gmt":"2026-03-24T04:18:28","slug":"dvr-4-megapixel-8-canales-turbohd-4-canales-ip-1-bahia-de-disco-duro-1-canal-de-audio-audio-por-coaxitron-videoanalisis-2","status":"publish","type":"product","link":"https:\/\/soydeaqui.ddns.net\/pachuca\/index.php\/producto\/dvr-4-megapixel-8-canales-turbohd-4-canales-ip-1-bahia-de-disco-duro-1-canal-de-audio-audio-por-coaxitron-videoanalisis-2\/","title":{"rendered":"DVR 4 Megapixel \/ 8 Canales TURBOHD + 4 Canales IP \/ 1 Bah\u00eda de Disco Duro \/ 1 Canal de Audio \/ Audio por coaxitron \/ V\u00eddeoan\u00e1lisis"},"content":{"rendered":"<div style='width: 100%; max-width: 1200px; margin: 0 auto; font-family: sans-serif; line-height: 1.6; color: inherit; background-color: transparent;'>\n<p style='text-align: center;'><img style='width: 100%; height: auto; border: 1px solid rgba(150&comma;150&comma;150&comma;0.3); border-radius: 8px;' src='http:\/\/ftp3.syscom.mx\/usuarios\/emendoza\/elesbanmch\/HIKVISON\/IMAGENES\/epcom.png' alt=''><\/p>\n<div style='display: flex; flex-wrap: wrap; gap: 20px; margin: 30px 0;'>\n<div style='flex: 1 1 300px; min-width: 280px;'> <img style='width: 100%; height: auto; border: 1px solid rgba(150&comma;150&comma;150&comma;0.3); border-radius: 8px;' src='https:\/\/ftp3.syscom.mx\/usuarios\/paginaweb\/Gifs\/primero.jpg' alt=''> <\/div>\n<div style='flex: 1 1 300px; min-width: 280px;'> <img style='width: 100%; height: auto; border: 1px solid rgba(150&comma;150&comma;150&comma;0.3); border-radius: 8px;' src='https:\/\/ftp3.syscom.mx\/usuarios\/paginaweb\/Gifs\/tercero.jpg' alt=''> <\/div>\n<div style='flex: 1 1 300px; min-width: 280px;'> <img style='width: 100%; height: auto; border: 1px solid rgba(150&comma;150&comma;150&comma;0.3); border-radius: 8px;' src='https:\/\/ftp3.syscom.mx\/usuarios\/jsosa\/GIF\/-H265%2B.gif' alt=''> <\/div>\n<div style='flex: 1 1 300px; min-width: 280px;'> <img style='width: 100%; height: auto; border: 1px solid rgba(150&comma;150&comma;150&comma;0.3); border-radius: 8px;' src='https:\/\/ftp3.syscom.mx\/usuarios\/paginaweb\/Gifs\/Zi7LTq5.gif' alt=''> <\/div>\n<div style='flex: 1 1 300px; min-width: 280px;'> <img style='width: 100%; height: auto; border: 1px solid rgba(150&comma;150&comma;150&comma;0.3); border-radius: 8px;' src='https:\/\/ftp3.syscom.mx\/usuarios\/paginaweb\/Gifs\/tq5yYz4.gif' alt=''> <\/div>\n<div style='flex: 1 1 300px; min-width: 280px;'> <img style='width: 100%; height: auto; border: 1px solid rgba(150&comma;150&comma;150&comma;0.3); border-radius: 8px;' src='https:\/\/s3-us-west-2.amazonaws.com\/syscomftp\/usuarios\/paginaweb\/Gifs\/HIK-CONNECT.gif' alt=''> <\/div>\n<\/p><\/div>\n<div style='margin: 30px 0; padding: 20px; border-left: 5px solid #0091ff; background-color: rgba(150&comma;150&comma;150&comma;0.05);'>\n<p><strong style='color: #ff0000;'>Nota importante:<\/strong><\/p>\n<p>Gracias a las nuevas actualizaciones (mejoras) ahora el DVR permite aceptar c\u00e1maras TURBOHD de 4 Megapixel que originalmente estaba dedicado a soportar 3 Megapixel&comma; el DVR podr\u00e1 grabar a 4 Megapixel Lite&comma; quiere decir que es un acoplamiento de se\u00f1al que permite aceptar c\u00e1maras de 4 Megapixel TURBOHD con grabacion Lite.<\/p>\n<ul style='padding-left: 20px; font-size: 15px; color: inherit;'>\n<li style='margin-bottom: 5px;'><span style='color: #ff0000;'><strong>4 Megapixel Real = 2560 X 1440.<\/strong><\/span><\/li>\n<li style='margin-bottom: 5px;'><span style='color: #ff0000;'><strong>4 Megapixel Lite = 1280 X 1440.<\/strong><\/span><\/li>\n<\/ul><\/div>\n<div style='display: flex; flex-wrap: wrap; gap: 30px; margin: 30px 0;'>\n<div style='flex: 1 1 300px; min-width: 280px; border: 1px solid rgba(150&comma; 150&comma; 150&comma; 0.4); border-radius: 8px; overflow: hidden; display: flex; flex-direction: column;'>\n<div style='padding: 15px; border-bottom: 1px solid rgba(150&comma; 150&comma; 150&comma; 0.2); font-weight: bold; font-size: 18px; color: inherit;'>Caracter\u00edsticas principales<\/div>\n<div style='padding: 15px; color: inherit;'>\n<ul style='padding-left: 20px; margin: 0; font-size: 14px; list-style-type: disc;'>\n<li style='margin-bottom: 5px;'>Permite apagar canales anal\u00f3gicos TURBOHD y poder colocar c\u00e1maras IP en todos sus canales&comma; podemos colocar hasta 12 c\u00e1maras IP en total. Por cada canal anal\u00f3gico TURBOHD que se apague se genera una canal IP adicional.<\/li>\n<li style='margin-bottom: 5px;'>Grabador PENTAH\u00cdBRIDO: HD-TVI \/ HD-CVI \/ Analogico \/ IP \/ AHD.<\/li>\n<li style='margin-bottom: 5px;'>Software cliente multi sitio de hasta 64 canales (iVMS-4200).<\/li>\n<li style='margin-bottom: 5px;'>Compatible con Hik-Connect P2P \/ DynDNS \/ No-IP.<\/li>\n<li style='margin-bottom: 5px;'>Funciones Avanzadas: Detecci\u00f3n por cruce de linea &#038; detecci\u00f3n de intrusi\u00f3n.<\/li>\n<\/ul>\n<p style='margin: 15px 0 5px 0; font-weight: bold;'>Compresi\u00f3n y resoluci\u00f3n<\/p>\n<ul style='padding-left: 20px; margin: 0; font-size: 14px; list-style-type: disc;'>\n<li style='margin-bottom: 5px;'>Compresi\u00f3n: H.265+ \/ H.265 \/ H.264+ \/ H.264.<\/li>\n<li style='margin-bottom: 5px;'>Soporta 8 canales TURBOHD \/ analogicos + 4 canal IP = 12 canales en total.<\/li>\n<li style='margin-bottom: 5px;'><a href='http:\/\/soporte.syscom.mx\/es\/articles\/2554985-hikvision-configuracion-para-activar-videoanaliticos-en-todos-los-canales-de-los-dvr' style='color: #2baadf; text-decoration: none;'>(Ver procedimiento)<\/a><\/li>\n<li style='margin-bottom: 5px;'>HD-TVI: 4 Megapixel Lite \/ 3 Megapixel \/ 1080p \/ 720p.\n<ul style='padding-left: 20px; margin: 5px 0;'>\n<li style='color: #ff0000; margin-bottom: 5px;'><strong>Acepta c\u00e1maras de 4MP&comma; 2MP y 1MP en todos sus canales BNC (C\u00e1maras de 3MP solo en el canal 1 y 2)<\/strong>.<\/li>\n<\/ul>\n<\/li>\n<li style='margin-bottom: 5px;'>CVI:4 Megapixel Lite \/ 3 Megapixel \/ 1080p \/ 720p.<\/li>\n<li style='margin-bottom: 5px;'>ANAL\u00d3GICO (CVBS): 1200 TVL.<\/li>\n<li style='margin-bottom: 5px;'>AHD: 4 Megapixel Lite \/ 3 Megapixel \/ 1080p \/ 720p.<\/li>\n<li style='margin-bottom: 5px;'>IP: 6 Megapixel.<\/li>\n<\/ul>\n<p style='margin-top: 15px; font-size: 14px; background-color: rgba(32&comma; 33&comma; 36&comma; 0.04);'>Para conectar los canales IP requiere utilizar un switch\/switch poe (no incluido<\/p>\n<\/p><\/div>\n<\/p><\/div>\n<div style='flex: 1 1 300px; min-width: 280px; border: 1px solid rgba(150&comma; 150&comma; 150&comma; 0.4); border-radius: 8px; overflow: hidden; display: flex; flex-direction: column;'>\n<div style='padding: 15px; border-bottom: 1px solid rgba(150&comma; 150&comma; 150&comma; 0.2); font-weight: bold; font-size: 18px; color: inherit;'>Caracter\u00edsticas F\u00edsicas y El\u00e9ctricas<\/div>\n<div style='padding: 15px; color: inherit;'>\n<ul style='padding-left: 20px; margin: 0; font-size: 14px; list-style-type: disc;'>\n<li style='margin-bottom: 5px;'>Alimentaci\u00f3n: 12 Vcc (fuente incluida 4 pines)<\/li>\n<li style='margin-bottom: 5px;'>Consumo sin HDD: 7.5 watts.<\/li>\n<li style='margin-bottom: 5px;'>Temperatura de operacion: -10 \u00baC hasta 55 \u00baC<\/li>\n<li style='margin-bottom: 5px;'>Dimensiones: 315 \u00d7 242 \u00d7 45 mm (W \u00d7 D \u00d7 H)<\/li>\n<li style='margin-bottom: 5px;'>Peso: 1.78 Kg sin HDD.<\/li>\n<li style='margin-bottom: 5px;'>No incluye disco duro<\/li>\n<li style='margin-bottom: 5px;'>Garant\u00eda: 5 A\u00f1os.<\/li>\n<\/ul>\n<p style='text-align: center; margin: 20px 0 0 0;'><img style='width: 50%; height: auto; border: 1px solid rgba(150&comma;150&comma;150&comma;0.3); border-radius: 8px;' src='https:\/\/ftp3.syscom.mx\/usuarios\/fotos\/DS7208HQHIK1\/97560-pentahi.jpg' alt=''><\/p>\n<\/p><\/div>\n<\/p><\/div>\n<div style='flex: 1 1 300px; min-width: 280px; border: 1px solid rgba(150&comma; 150&comma; 150&comma; 0.4); border-radius: 8px; overflow: hidden; display: flex; flex-direction: column;'>\n<div style='padding: 15px; border-bottom: 1px solid rgba(150&comma; 150&comma; 150&comma; 0.2); font-weight: bold; font-size: 18px; color: inherit;'>Funciones de Grabaci\u00f3n y visualizaci\u00f3n<\/div>\n<div style='padding: 15px; color: inherit;'>\n<ul style='padding-left: 20px; margin: 0; font-size: 14px; list-style-type: disc;'>\n<li style='margin-bottom: 5px;'>Detecci\u00f3n de movimiento multi zona.<\/li>\n<li style='margin-bottom: 5px;'>Zoom digital en visualizaci\u00f3n y grabaci\u00f3n.<\/li>\n<li style='margin-bottom: 5px;'>Soporta m\u00faltiples tipos de grabaci\u00f3n&comma; incluyendo tiempo real&comma; grabaci\u00f3n manual.<\/li>\n<li style='margin-bottom: 5px;'>B\u00fasqueda inteligente de grabaciones por detecci\u00f3n de movimiento.<\/li>\n<li style='margin-bottom: 5px;'>Se proporciona SDK y c\u00f3digos de demostraci\u00f3n para disminuir el tiempo de desarrollo de aplicaciones.<\/li>\n<li style='margin-bottom: 5px;'>Grabaci\u00f3n con Sobre-escritura autom\u00e1tica.<\/li>\n<\/ul>\n<p style='margin: 15px 0 5px 0; font-weight: bold;'>Interfaces Entradas \/ Salidas<\/p>\n<ul style='padding-left: 20px; margin: 0; font-size: 14px; list-style-type: disc;'>\n<li style='margin-bottom: 5px;'>Salida de v\u00eddeo en HDMI \/ VGA: 1920\u00d71080&comma; 1280\u00d71024&comma; 1280\u00d7720&comma; 1024\u00d7768.<\/li>\n<li style='margin-bottom: 5px;'>Salida de v\u00eddeo en BNC: 1 Canal (BNC&comma; 1.0Vp-p&comma; 75\u03a9)&comma; resoluci\u00f3n m\u00e1xima: 704 x 480.<\/li>\n<li style='margin-bottom: 5px;'>HDMI y VGA: salida simultanea.<\/li>\n<li style='margin-bottom: 5px;'><strong>Soporta audio en todos sus canales por coaxitron utilizando camaras con audio integrado (<a href='https:\/\/www.syscom.mx\/principal\/promociones\/camaras_epcom_-_audio_por_coaxitron-5015.html?ordenar=Relevancia&#038;pag=1' style='color: #2baadf; text-decoration: none;' target='_blank' rel='noopener'>ver modelos compatibles<\/a>).<\/strong><\/li>\n<li style='margin-bottom: 5px;'>Entrada audio: 1 (RCA&comma; 2.0 Vp-p&comma; 1K\u03a9).<\/li>\n<li style='margin-bottom: 5px;'>Salida audio: 1 (RCA&comma; 2.0 Vp-p&comma; 1K\u03a9).<\/li>\n<li style='margin-bottom: 5px;'>Interfaz serial: RS-485 (HIKVISION C&comma; COAXITRON&comma; PELCO D&comma; PELCO P&comma; etc).<\/li>\n<li style='margin-bottom: 5px;'>Interfaz USB: 2 puertos (2.0).<\/li>\n<li style='margin-bottom: 5px;'>Interfaz red: 1 puertos (RJ-45 10\/100 Mbps).<\/li>\n<li style='margin-bottom: 5px;'>Capacidad HDD: 1 @ 10 TB.<\/li>\n<\/ul><\/div>\n<\/p><\/div>\n<\/p><\/div>\n<div style='margin: 30px 0; padding: 20px; border-left: 5px solid #0091ff; background-color: rgba(150&comma;150&comma;150&comma;0.05);'>\n<h3 style='font-size: 22px; border-bottom: 2px solid currentColor; padding-bottom: 5px; margin-top: 0; color: inherit; opacity: 0.8;'>\u00bfQu\u00e9 es H.265+?<\/h3>\n<p>H.265+ es el m\u00e9todo de compresi\u00f3n de DVRs&comma; C\u00e1maras IP y NVRs Hikvision \/ EPCOM&comma; permite ahorrar hasta 80% de almacenamiento y ancho de banda&comma; ver el siguiente comparativo.<\/p>\n<p><a href='http:\/\/syscom.us1.list-manage1.com\/track\/click?u=2b3e9128678b450bb748bf973&#038;id=963d566a70&#038;e=bc82a6439b' style='color: #2baadf; text-decoration: none;' target='_blank' rel='noopener'>Ver presentaci\u00f3n de H.265+<\/a><\/p>\n<p style='text-align: center;'><a href='https:\/\/www.syscomblog.com\/2017\/10\/el-h265-de-hikvision-en-que-nos-ayudac.html' target='_blank' rel='noopener'><img style='width: 100%; height: auto; border: 1px solid rgba(150&comma;150&comma;150&comma;0.3); border-radius: 8px;' src='https:\/\/ftp3.syscom.mx\/usuarios\/jsosa\/josesosa\/Imagenes\/menosconsumoha.jpg' alt=''><\/a><\/p>\n<\/p><\/div>\n<div style='margin: 30px 0; padding: 20px; border-left: 5px solid #0091ff; background-color: rgba(150&comma;150&comma;150&comma;0.05);'>\n<h3 style='font-size: 22px; border-bottom: 2px solid currentColor; padding-bottom: 5px; margin-top: 0; color: inherit; opacity: 0.8;'>5 A\u00f1os de Garant\u00eda Sin-Complicaciones<\/h3>\n<p style='margin: 0;'>Garant\u00eda l\u00edder en la industria&comma; r\u00e1pida y efectiva&comma; disponible con empresas profesionales autorizadas**<\/p>\n<p style='text-align: center; margin-top: 15px;'><img style='width: 100%; height: auto; border: 1px solid rgba(150&comma;150&comma;150&comma;0.3); border-radius: 8px;' src='https:\/\/ftp3.syscom.mx\/usuarios\/fotos\/B8TURBOC\/189682-5-year-epcom-es_(2).png' alt=''><\/p>\n<\/p><\/div>\n<\/p><\/div>\n","protected":false},"excerpt":{"rendered":"<p>DVR 4 Megapixel \/ 8 Canales TURBOHD + 4 Canales IP \/ 1 Bah\u00eda de Disco Duro \/ 1 Canal de Audio \/ Audio por coaxitron \/ V\u00eddeoan\u00e1lisis<\/p>\n","protected":false},"featured_media":118568,"comment_status":"open","ping_status":"closed","template":"","meta":[],"product_brand":[],"product_cat":[2254],"product_tag":[2255,935,2256],"class_list":{"0":"post-118569","1":"product","2":"type-product","3":"status-publish","4":"has-post-thumbnail","6":"product_cat-videograbadoras-analogicas-turbohd-tvi-ahd-cvi","7":"product_tag-camaras-y-dvrs-hd-turbohd-ahd-hd-tvi","8":"product_tag-epcom","9":"product_tag-videograbadoras-analogicas-turbohd-tvi-ahd-cvi","11":"first","12":"outofstock","13":"sale","14":"shipping-taxable","15":"purchasable","16":"product-type-simple"},"_links":{"self":[{"href":"https:\/\/soydeaqui.ddns.net\/pachuca\/index.php\/wp-json\/wp\/v2\/product\/118569","targetHints":{"allow":["GET"]}}],"collection":[{"href":"https:\/\/soydeaqui.ddns.net\/pachuca\/index.php\/wp-json\/wp\/v2\/product"}],"about":[{"href":"https:\/\/soydeaqui.ddns.net\/pachuca\/index.php\/wp-json\/wp\/v2\/types\/product"}],"replies":[{"embeddable":true,"href":"https:\/\/soydeaqui.ddns.net\/pachuca\/index.php\/wp-json\/wp\/v2\/comments?post=118569"}],"wp:featuredmedia":[{"embeddable":true,"href":"https:\/\/soydeaqui.ddns.net\/pachuca\/index.php\/wp-json\/wp\/v2\/media\/118568"}],"wp:attachment":[{"href":"https:\/\/soydeaqui.ddns.net\/pachuca\/index.php\/wp-json\/wp\/v2\/media?parent=118569"}],"wp:term":[{"taxonomy":"product_brand","embeddable":true,"href":"https:\/\/soydeaqui.ddns.net\/pachuca\/index.php\/wp-json\/wp\/v2\/product_brand?post=118569"},{"taxonomy":"product_cat","embeddable":true,"href":"https:\/\/soydeaqui.ddns.net\/pachuca\/index.php\/wp-json\/wp\/v2\/product_cat?post=118569"},{"taxonomy":"product_tag","embeddable":true,"href":"https:\/\/soydeaqui.ddns.net\/pachuca\/index.php\/wp-json\/wp\/v2\/product_tag?post=118569"}],"curies":[{"name":"wp","href":"https:\/\/api.w.org\/{rel}","templated":true}]}}