{"id":118543,"date":"2026-03-24T04:17:03","date_gmt":"2026-03-24T04:17:03","guid":{"rendered":"https:\/\/soydeaqui.ddns.net\/pachuca\/index.php\/producto\/fuente-de-poder-con-gabinete-de-4-salidas-de-11-15-vcc-5-amper-soporta-bateria-de-respaldo-voltaje-de-entrada-96-264-vca-soporta-proteccion-contra-sobrecorriente-de-salida-proteccion-co\/"},"modified":"2026-03-24T04:17:25","modified_gmt":"2026-03-24T04:17:25","slug":"fuente-de-poder-con-gabinete-de-4-salidas-de-11-15-vcc-5-amper-soporta-bateria-de-respaldo-voltaje-de-entrada-96-264-vca-soporta-proteccion-contra-sobrecorriente-de-salida-proteccion-co","status":"publish","type":"product","link":"https:\/\/soydeaqui.ddns.net\/pachuca\/index.php\/producto\/fuente-de-poder-con-gabinete-de-4-salidas-de-11-15-vcc-5-amper-soporta-bateria-de-respaldo-voltaje-de-entrada-96-264-vca-soporta-proteccion-contra-sobrecorriente-de-salida-proteccion-co\/","title":{"rendered":"Fuente de Poder con Gabinete de 4 Salidas de 11 &#8211; 15 Vcc \/ 5 Amper \/  Soporta Bater\u00eda de Respaldo \/ Voltaje de Entrada: 96 &#8211; 264 Vca \/ Soporta Protecci\u00f3n contra Sobrecorriente de Salida, Protecci\u00f3n contra Cortocircuito \/"},"content":{"rendered":"<div style='width: 100%; max-width: 1200px; margin: 0 auto; font-family: sans-serif; line-height: 1.6; color: inherit; background-color: transparent;'>\n<div style='display: flex; flex-wrap: wrap; gap: 30px; margin-bottom: 30px;'>\n<div style='flex: 1 1 300px; min-width: 280px;'>\n<h3 style='font-size: 22px; border-bottom: 2px solid currentColor; padding-bottom: 5px; margin-top: 0; color: inherit; opacity: 0.8;'>Descripci\u00f3n<\/h3>\n<p style='text-align: center; font-size: 15px; color: inherit;'><strong>La luz verde enciende cuando la fuente cuenta con su entrada de alimentaci\u00f3n de 100-240 Vca&comma; suministrando as\u00ed tanto a la carga de la bater\u00eda como la requerida. Cuando falla la energ\u00eda&comma; la bater\u00eda proporciona el voltaje&comma; el led en rojo enciende&comma; y al mismo tiempo entra en la etapa de monitoreo del voltaje de la bater\u00eda. Cuando detecta que el voltaje de la bater\u00eda cae a 10.5 Volts&comma; el circuito cortar\u00e1 la carga&comma; la fuente de alimentaci\u00f3n ya no cargar\u00e1&comma; para evitar que la bater\u00eda se descargue&comma; protegiendo as\u00ed la vida \u00fatil de la bater\u00eda. El sistema se reiniciar\u00e1 autom\u00e1ticamente cuando vuelva la alimentaci\u00f3n de la red a su estado normal.<\/strong><\/p>\n<\/p><\/div>\n<\/p><\/div>\n<div style='display: flex; flex-wrap: wrap; gap: 20px; margin-bottom: 30px;'>\n<div style='flex: 1 1 250px; border: 1px solid rgba(150&comma; 150&comma; 150&comma; 0.4); border-radius: 8px; overflow: hidden; display: flex; flex-direction: column;'>\n<div style='padding: 15px; border-bottom: 1px solid rgba(150&comma; 150&comma; 150&comma; 0.2); font-weight: bold; font-size: 18px; color: inherit;'>Caracter\u00edsticas<\/div>\n<div style='padding: 15px; color: inherit;'>\n<ul style='padding-left: 20px; margin: 0; font-size: 14px; list-style-type: disc;'>\n<li style='margin-bottom: 5px;'><strong>Voltaje de salida:<\/strong> 11-15 Vcc<\/li>\n<li style='margin-bottom: 5px;'><strong>Salida de corriente total:<\/strong> 5 A<\/li>\n<li style='margin-bottom: 5px;'><strong>Salida de corriente m\u00e1xima por canal:<\/strong> 2 A<\/li>\n<li style='margin-bottom: 5px;'><strong>Capacidad de bater\u00edas de respaldo en 12 Vcd<\/strong><\/li>\n<li style='margin-bottom: 5px;'><strong>No se incluye la bater\u00eda<\/strong><\/li>\n<\/ul><\/div>\n<\/p><\/div>\n<div style='flex: 1 1 250px; border: 1px solid rgba(150&comma; 150&comma; 150&comma; 0.4); border-radius: 8px; overflow: hidden; display: flex; flex-direction: column;'>\n<div style='padding: 15px; border-bottom: 1px solid rgba(150&comma; 150&comma; 150&comma; 0.2); font-weight: bold; font-size: 18px; color: inherit;'>Caracter\u00edsticas F\u00edsicas y El\u00e9ctricas<\/div>\n<div style='padding: 15px; color: inherit;'>\n<ul style='padding-left: 20px; margin: 0; font-size: 14px; list-style-type: disc;'>\n<li style='margin-bottom: 5px;'><strong>Voltaje de entrada:<\/strong> 96-264 Vca<\/li>\n<li style='margin-bottom: 5px;'><strong>Temperatura de operaci\u00f3n:<\/strong> -20\u00b0C a 45 \u00b0C<\/li>\n<li style='margin-bottom: 5px;'><strong>Dimensiones:<\/strong> 187 mm \u00d7 193 mm \u00d7 90 mm (L \u00d7 W \u00d7 H)<\/li>\n<li style='margin-bottom: 5px;'><strong>Garant\u00eda:<\/strong> 1 a\u00f1o<\/li>\n<\/ul><\/div>\n<\/p><\/div>\n<div style='flex: 1 1 250px; border: 1px solid rgba(150&comma; 150&comma; 150&comma; 0.4); border-radius: 8px; overflow: hidden; display: flex; flex-direction: column;'>\n<div style='padding: 15px; border-bottom: 1px solid rgba(150&comma; 150&comma; 150&comma; 0.2); font-weight: bold; font-size: 18px; color: inherit;'>Modelos Relacionados<\/div>\n<div style='padding: 15px; color: inherit;'>\n<ul style='padding-left: 20px; margin: 0; font-size: 14px; list-style-type: disc;'>\n<li style='margin-bottom: 5px;'><strong>En CCTV (4.5 &#8211; 9.5 Ah):<\/strong><\/li>\n<li style='margin-bottom: 5px;'><span style='color: #3598db;'><strong>PS12DC4PBK<\/strong><\/span><\/li>\n<li style='margin-bottom: 5px;'><span style='color: #3598db;'><strong>PLK12DC8ABK<\/strong><\/span><\/li>\n<li style='margin-bottom: 5px;'><span style='color: #3598db;'><strong>PLK12DC4ABK<\/strong><\/span><\/li>\n<li style='margin-bottom: 5px;'><span style='color: #3598db;'><strong>PLK12DC20ABK<\/strong><\/span><\/li>\n<li style='margin-bottom: 5px;'><span style='color: #3598db;'><strong>PLK12DC16ABK<\/strong><\/span><\/li>\n<li style='margin-bottom: 5px;'><span style='color: #3598db;'><strong>P13DC3BK<\/strong><\/span><\/li>\n<li style='margin-bottom: 5px;'><span style='color: #3598db;'><strong>P13DC5BK<\/strong><\/span><\/li>\n<li style='margin-bottom: 5px;'><strong>En Control de Acceso (4.5 &#8211; 9.5 Ah):<\/strong><\/li>\n<li style='margin-bottom: 5px;'><span style='color: #3598db;'><strong>PL12DC3ABK<\/strong><\/span><\/li>\n<li style='margin-bottom: 5px;'><span style='color: #3598db;'><strong>PL12DC5ABK<\/strong><\/span><\/li>\n<li style='margin-bottom: 5px;'><strong>En CCTV \/ CA (4.5 &#8211; 18 Ah):<\/strong><\/li>\n<li style='margin-bottom: 5px;'><span style='color: #3598db;'><strong>XP15DC6BK<\/strong><\/span><\/li>\n<li style='margin-bottom: 5px;'><span style='color: #3598db;'><strong>XP15DC10BK<\/strong><\/span><\/li>\n<li style='margin-bottom: 5px;'><span style='color: #3598db;'><strong>XP15DC30BK<\/strong><\/span><\/li>\n<li style='margin-bottom: 5px;'><strong>Requerimiento de gabinete para bater\u00eda:<\/strong><\/li>\n<li style='margin-bottom: 5px;'><span style='color: #3598db;'><strong>P24350BK<\/strong><\/span><\/li>\n<li style='margin-bottom: 5px;'><span style='color: #3598db;'><strong>PSR30A<\/strong><\/span><\/li>\n<\/ul><\/div>\n<\/p><\/div>\n<\/p><\/div>\n<div style='display: flex; flex-wrap: wrap; gap: 30px; margin-bottom: 30px;'>\n<div style='flex: 1 1 300px; min-width: 280px;'>\n<div style='display: flex; flex-direction: column; gap: 15px;'> <img style='width: 100%; height: auto; border: 1px solid rgba(150&comma;150&comma;150&comma;0.3); border-radius: 8px;' src='https:\/\/ftp3.syscom.mx\/usuarios\/fotos\/BancoFotografiasSyscom\/EPCOMPOWERLINE\/PS12DC4PBK\/PS12DC4PBK-FRENTE-p.PNG' alt=''> <img style='width: 100%; height: auto; border: 1px solid rgba(150&comma;150&comma;150&comma;0.3); border-radius: 8px;' src='https:\/\/ftp3.syscom.mx\/usuarios\/fotos\/BancoFotografiasSyscom\/EPCOMPOWERLINE\/PS12DC4PBK\/PS12DC4PBK-AD-1-p.PNG' alt=''> <img style='width: 100%; height: auto; border: 1px solid rgba(150&comma;150&comma;150&comma;0.3); border-radius: 8px;' src='https:\/\/ftp3.syscom.mx\/usuarios\/fotos\/BancoFotografiasSyscom\/EPCOMPOWERLINE\/PS12DC4PBK\/PS12DC4PBK-p.PNG' alt=''> <\/div>\n<\/p><\/div>\n<div style='flex: 1 1 300px; min-width: 280px;'>\n<div style='position: relative; padding-bottom: 56.25%; height: 0; overflow: hidden; margin-bottom: 30px;'>   <\/div>\n<\/p><\/div>\n<\/p><\/div>\n<hr style='border: 0; border-top: 1px solid rgba(150&comma; 150&comma; 150&comma; 0.3); margin: 30px 0;'> <\/div>\n","protected":false},"excerpt":{"rendered":"<p>Fuente de Poder con Gabinete de 4 Salidas de 11 &#8211; 15 Vcc \/ 5 Amper \/  Soporta Bater\u00eda de Respaldo \/ Voltaje de Entrada: 96 &#8211; 264 Vca \/ Soporta Protecci\u00f3n contra Sobrecorriente de Salida, Protecci\u00f3n contra Cortocircuito \/<\/p>\n","protected":false},"featured_media":118542,"comment_status":"open","ping_status":"closed","template":"","meta":[],"product_brand":[],"product_cat":[1103],"product_tag":[142,454,457],"class_list":{"0":"post-118543","1":"product","2":"type-product","3":"status-publish","4":"has-post-thumbnail","6":"product_cat-fuentes-de-alimentacion-energia-videovigilancia","7":"product_tag-energia","8":"product_tag-epcom-powerline","9":"product_tag-fuentes-de-alimentacion","11":"first","12":"instock","13":"sale","14":"shipping-taxable","15":"purchasable","16":"product-type-simple"},"_links":{"self":[{"href":"https:\/\/soydeaqui.ddns.net\/pachuca\/index.php\/wp-json\/wp\/v2\/product\/118543","targetHints":{"allow":["GET"]}}],"collection":[{"href":"https:\/\/soydeaqui.ddns.net\/pachuca\/index.php\/wp-json\/wp\/v2\/product"}],"about":[{"href":"https:\/\/soydeaqui.ddns.net\/pachuca\/index.php\/wp-json\/wp\/v2\/types\/product"}],"replies":[{"embeddable":true,"href":"https:\/\/soydeaqui.ddns.net\/pachuca\/index.php\/wp-json\/wp\/v2\/comments?post=118543"}],"wp:featuredmedia":[{"embeddable":true,"href":"https:\/\/soydeaqui.ddns.net\/pachuca\/index.php\/wp-json\/wp\/v2\/media\/118542"}],"wp:attachment":[{"href":"https:\/\/soydeaqui.ddns.net\/pachuca\/index.php\/wp-json\/wp\/v2\/media?parent=118543"}],"wp:term":[{"taxonomy":"product_brand","embeddable":true,"href":"https:\/\/soydeaqui.ddns.net\/pachuca\/index.php\/wp-json\/wp\/v2\/product_brand?post=118543"},{"taxonomy":"product_cat","embeddable":true,"href":"https:\/\/soydeaqui.ddns.net\/pachuca\/index.php\/wp-json\/wp\/v2\/product_cat?post=118543"},{"taxonomy":"product_tag","embeddable":true,"href":"https:\/\/soydeaqui.ddns.net\/pachuca\/index.php\/wp-json\/wp\/v2\/product_tag?post=118543"}],"curies":[{"name":"wp","href":"https:\/\/api.w.org\/{rel}","templated":true}]}}