{"id":118527,"date":"2026-03-24T04:16:09","date_gmt":"2026-03-24T04:16:09","guid":{"rendered":"https:\/\/soydeaqui.ddns.net\/pachuca\/index.php\/producto\/ups-de-1000-va-1000-w-topologia-linea-interactiva-entrada-120-vca-nema-5-15p-onda-senoidal-pura-torre-o-rack-2-ur-con-8-tomas-nema-5-15r-2\/"},"modified":"2026-03-24T04:16:36","modified_gmt":"2026-03-24T04:16:36","slug":"ups-de-1000-va-1000-w-topologia-linea-interactiva-entrada-120-vca-nema-5-15p-onda-senoidal-pura-torre-o-rack-2-ur-con-8-tomas-nema-5-15r-2","status":"publish","type":"product","link":"https:\/\/soydeaqui.ddns.net\/pachuca\/index.php\/producto\/ups-de-1000-va-1000-w-topologia-linea-interactiva-entrada-120-vca-nema-5-15p-onda-senoidal-pura-torre-o-rack-2-ur-con-8-tomas-nema-5-15r-2\/","title":{"rendered":"UPS de 1000 VA\/1000 W, Topolog\u00eda L\u00ednea Interactiva, Entrada 120 Vca NEMA 5-15P, Onda Senoidal Pura, Torre o Rack 2 UR, Con 8 Tomas NEMA 5-15R"},"content":{"rendered":"<div style='width: 100%; max-width: 1200px; margin: 0 auto; font-family: sans-serif; line-height: 1.6; color: inherit; background-color: transparent;'> <!-- Logo CyberPower --> <\/p>\n<div style='width: 100%; text-align: center; margin: 20px 0;'> <img style='width: 100%; max-width: 300px; height: auto; border: 1px solid rgba(150&comma;150&comma;150&comma;0.3); border-radius: 8px;' src='https:\/\/ftp3.syscom.mx\/usuarios\/fotos\/logotipos\/cyberpower.png' alt='Logo CyberPower'> <\/div>\n<p> <!-- Descripci\u00f3n principal --> <\/p>\n<div style='margin-bottom: 30px;'>\n<p>CyberPower PR1000RTXL2U con dise\u00f1o de montaje en rack&comma; garantiza protecci\u00f3n de respaldo de energ\u00eda para sistemas de teatro en casa&comma; dispositivos multimedia&comma; equipos de TI&comma; computadoras&comma; estaciones de trabajo&comma; NAS \/ dispositivos de almacenamiento&comma; dispositivos de telecomunicaciones&comma; dispositivos de red y sistemas de video vigilancia. El UPS adopta la topolog\u00eda de l\u00ednea interactiva con regulaci\u00f3n autom\u00e1tica de voltaje (AVR) y ofrece salida de onda senoidal estabilizada para garantizar una alta calidad de potencia.<\/p>\n<p>El factor de potencia de salida del UPS es 1&comma; lo que significa que es capaz de conectarse a m\u00e1s cargas cr\u00edticas que un UPS convencional. Tambi\u00e9n cuenta con tecnolog\u00eda de gesti\u00f3n de bater\u00edas para ayudar a las bater\u00edas a obtener una vida \u00fatil \u00f3ptima al equilibrar el voltaje de la bater\u00eda. La carga de la bater\u00eda en dos fases puede cargar la bater\u00eda de forma r\u00e1pida y segura. Los paquetes de bater\u00edas intercambiables en caliente permiten un f\u00e1cil mantenimiento sin interrupci\u00f3n de la alimentaci\u00f3n. Su pantalla LCD de matriz multifuncional admite una operaci\u00f3n intuitiva y una configuraci\u00f3n r\u00e1pida. El panel LCD tambi\u00e9n puede rotar para cumplir con los requisitos de instalaci\u00f3n.<\/p>\n<\/p><\/div>\n<p> <!-- Especificaciones t\u00e9cnicas --> <\/p>\n<div style='margin-bottom: 30px;'>\n<h3 style='font-size: 22px; border-bottom: 2px solid currentColor; padding-bottom: 5px; margin-top: 0; color: inherit; opacity: 0.8;'>Especificaciones t\u00e9cnicas<\/h3>\n<ul style='padding-left: 20px; font-size: 15px; color: inherit; list-style-type: disc;'>\n<li style='margin-bottom: 5px;'>Rango de voltaje de entrada: 78 &#8211; 149 Vca<\/li>\n<li style='margin-bottom: 5px;'>Frecuencia de entrada: 50\/60Hz \u00b1 3Hz<\/li>\n<li style='margin-bottom: 5px;'>Tipo de enchufe de entrada: NEMA 5-15P<img style='width: 40px; height: 40px; vertical-align: middle; border: 1px solid rgba(150&comma;150&comma;150&comma;0.3); border-radius: 4px;' src='https:\/\/www.cyberpower.com\/mx\/es\/File\/GetImageByDocId\/GeneralAttribute-235' alt=''><\/li>\n<li style='margin-bottom: 5px;'>Longitud de cable de entrada: 3 m<\/li>\n<li style='margin-bottom: 5px;'>Salida VA: 1500<\/li>\n<li style='margin-bottom: 5px;'>Watts de salida: 1500<\/li>\n<li style='margin-bottom: 5px;'>Factor de potencia: 1.0<\/li>\n<li style='margin-bottom: 5px;'>Tomas de salida: 8 NEMA 5-15R<img style='width: 40px; height: 40px; vertical-align: middle; border: 1px solid rgba(150&comma;150&comma;150&comma;0.3); border-radius: 4px;' src='https:\/\/www.cyberpower.com\/mx\/es\/File\/GetImageByDocId\/GeneralAttribute-238' alt=''><\/li>\n<li style='margin-bottom: 5px;'>Especificaciones de bater\u00eda: 4 x 12V\/7Ah<\/li>\n<li style='margin-bottom: 5px;'>Tiempo de transferencia: 4 ms<\/li>\n<li style='margin-bottom: 5px;'>Tiempo de respaldo con media carga (500 W): 20 Minutos<\/li>\n<li style='margin-bottom: 5px;'>Tiempo de respaldo con carga completa (1000 W): 8 Minutos<\/li>\n<li style='margin-bottom: 5px;'>Protecci\u00f3n de picos: 2430 Joules<\/li>\n<li style='margin-bottom: 5px;'>Protecci\u00f3n: RJ11 y RJ45<\/li>\n<li style='margin-bottom: 5px;'>Indicadores: Pantalla LCD de monitoreo<\/li>\n<li style='margin-bottom: 5px;'>Modulo de bater\u00eda extendible: BP48VP2U01 (opcional)<\/li>\n<li style='margin-bottom: 5px;'>Administraci\u00f3n remota SNMP\/HTTP con tarjeta RMCARD205 (opcional)<\/li>\n<li style='margin-bottom: 5px;'>Dimensiones: 433 x 86.5 x 412 mm (Ancho x Alto x Profundidad)<\/li>\n<li style='margin-bottom: 5px;'>Unidades de Rack: 2<\/li>\n<li style='margin-bottom: 5px;'>Peso: 25.1 kg<\/li>\n<li style='margin-bottom: 5px;'>NO Compatible con Generador<\/li>\n<li style='margin-bottom: 5px;'><strong>(Incluye bater\u00eda)<\/strong><\/li>\n<\/ul><\/div>\n<p> <!-- Secci\u00f3n de caracter\u00edsticas --> <\/p>\n<div style='display: flex; flex-wrap: wrap; gap: 30px; margin-bottom: 30px;'>\n<div style='flex: 1 1 300px; min-width: 280px;'>\n<h3 style='font-size: 22px; border-bottom: 2px solid currentColor; padding-bottom: 5px; margin-top: 0; color: inherit; opacity: 0.8;'>Caracter\u00edsticas<\/h3>\n<ul style='padding-left: 20px; font-size: 15px; color: inherit;'>\n<li style='margin-bottom: 5px;'>Topolog\u00eda: L\u00ednea interactiva con AVR<\/li>\n<li style='margin-bottom: 5px;'>Forma de onda: Onda senoidal estabilizada<\/li>\n<li style='margin-bottom: 5px;'>Factor de potencia: 1.0<\/li>\n<li style='margin-bottom: 5px;'>Montaje: Torre o Rack 2U<\/li>\n<li style='margin-bottom: 5px;'>Tomas de salida: 8 NEMA 5-15R<\/li>\n<li style='margin-bottom: 5px;'>Entrada: 120 Vca NEMA 5-15P<\/li>\n<li style='margin-bottom: 5px;'>Potencia: 1000 VA \/ 1000 W<\/li>\n<\/ul><\/div>\n<\/p><\/div>\n<p> <!-- Separador --> <\/p>\n<hr style='border: 0; border-top: 1px solid rgba(150&comma; 150&comma; 150&comma; 0.3); margin: 30px 0;'> <\/div>\n","protected":false},"excerpt":{"rendered":"<p>UPS de 1000 VA\/1000 W, Topolog\u00eda L\u00ednea Interactiva, Entrada 120 Vca NEMA 5-15P, Onda Senoidal Pura, Torre o Rack 2 UR, Con 8 Tomas NEMA 5-15R<\/p>\n","protected":false},"featured_media":118526,"comment_status":"open","ping_status":"closed","template":"","meta":[],"product_brand":[],"product_cat":[1231],"product_tag":[677,142,1232],"class_list":{"0":"post-118527","1":"product","2":"type-product","3":"status-publish","4":"has-post-thumbnail","6":"product_cat-ups-no-break-energia-videovigilancia","7":"product_tag-cyberpower","8":"product_tag-energia","9":"product_tag-ups-no-break-2","11":"first","12":"outofstock","13":"sale","14":"shipping-taxable","15":"purchasable","16":"product-type-simple"},"_links":{"self":[{"href":"https:\/\/soydeaqui.ddns.net\/pachuca\/index.php\/wp-json\/wp\/v2\/product\/118527","targetHints":{"allow":["GET"]}}],"collection":[{"href":"https:\/\/soydeaqui.ddns.net\/pachuca\/index.php\/wp-json\/wp\/v2\/product"}],"about":[{"href":"https:\/\/soydeaqui.ddns.net\/pachuca\/index.php\/wp-json\/wp\/v2\/types\/product"}],"replies":[{"embeddable":true,"href":"https:\/\/soydeaqui.ddns.net\/pachuca\/index.php\/wp-json\/wp\/v2\/comments?post=118527"}],"wp:featuredmedia":[{"embeddable":true,"href":"https:\/\/soydeaqui.ddns.net\/pachuca\/index.php\/wp-json\/wp\/v2\/media\/118526"}],"wp:attachment":[{"href":"https:\/\/soydeaqui.ddns.net\/pachuca\/index.php\/wp-json\/wp\/v2\/media?parent=118527"}],"wp:term":[{"taxonomy":"product_brand","embeddable":true,"href":"https:\/\/soydeaqui.ddns.net\/pachuca\/index.php\/wp-json\/wp\/v2\/product_brand?post=118527"},{"taxonomy":"product_cat","embeddable":true,"href":"https:\/\/soydeaqui.ddns.net\/pachuca\/index.php\/wp-json\/wp\/v2\/product_cat?post=118527"},{"taxonomy":"product_tag","embeddable":true,"href":"https:\/\/soydeaqui.ddns.net\/pachuca\/index.php\/wp-json\/wp\/v2\/product_tag?post=118527"}],"curies":[{"name":"wp","href":"https:\/\/api.w.org\/{rel}","templated":true}]}}