{"id":118509,"date":"2026-03-24T04:15:11","date_gmt":"2026-03-24T04:15:11","guid":{"rendered":"https:\/\/soydeaqui.ddns.net\/pachuca\/index.php\/producto\/modulo-de-baterias-externas-para-extension-de-tiempo-de-respaldo-compatible-con-ups-pr1500rtxl2u-pr2200rtxl2u-y-pr3000rtxl2u\/"},"modified":"2026-03-24T04:15:23","modified_gmt":"2026-03-24T04:15:23","slug":"modulo-de-baterias-externas-para-extension-de-tiempo-de-respaldo-compatible-con-ups-pr1500rtxl2u-pr2200rtxl2u-y-pr3000rtxl2u","status":"publish","type":"product","link":"https:\/\/soydeaqui.ddns.net\/pachuca\/index.php\/producto\/modulo-de-baterias-externas-para-extension-de-tiempo-de-respaldo-compatible-con-ups-pr1500rtxl2u-pr2200rtxl2u-y-pr3000rtxl2u\/","title":{"rendered":"M\u00f3dulo de Bater\u00edas Externas para Extensi\u00f3n de Tiempo de Respaldo, Compatible con UPS: PR1500RTXL2U, PR2200RTXL2U y PR3000RTXL2U"},"content":{"rendered":"<div style='width: 100%; max-width: 1200px; margin: 0 auto; font-family: sans-serif; line-height: 1.6; color: inherit; background-color: transparent;'> <!-- Logo --> <\/p>\n<div style='display: flex; justify-content: center; margin: 30px 0;'> <img style='width: 100%; max-width: 600px; height: auto; border: 1px solid rgba(150&comma;150&comma;150&comma;0.3); border-radius: 8px;' src='https:\/\/ftp3.syscom.mx\/usuarios\/fotos\/logotipos\/cyberpower.png' alt='Logo CyberPower'> <\/div>\n<p> <!-- Descripci\u00f3n --> <\/p>\n<div style='margin-bottom: 30px; font-size: 15px;'>\n<p>CyberPower BP48VP2U02 es un M\u00f3dulo de bater\u00eda ampliado (EBM) que se puede utilizar junto con sistemas UPS compatibles para proporcionar un tiempo de funcionamiento prolongado del sistema durante la interrupci\u00f3n de la energ\u00eda. El m\u00f3dulo de la bater\u00eda viene con conectores de alimentaci\u00f3n de CC enchufados para permitir la adici\u00f3n de m\u00faltiples EBM.<\/p>\n<p>Con dise\u00f1o de cargador incorporado&comma; los EBM pueden cargar directamente desde la utilidad sin recurrir a UPS&comma; lo que ahorra significativamente el tiempo total de carga al cargar m\u00faltiples EBM. El producto cuenta con paquetes de bater\u00edas intercambiables en caliente&comma; lo que permite a los usuarios reemplazar de forma segura el m\u00f3dulo de la bater\u00eda sin interrumpir las cargas conectadas.<\/p>\n<p>La bater\u00eda de plomo sellada que se utiliza dentro del EBM es estable y segura&comma; lo que garantiza el rendimiento confiable del sistema de alimentaci\u00f3n. Dise\u00f1ado con carcasa de metal de grado industrial&comma; el producto es adecuado para centros de datos y aplicaciones cr\u00edticas.<\/p>\n<\/p><\/div>\n<p> <!-- Especificaciones t\u00e9cnicas --> <\/p>\n<div style='display: flex; flex-wrap: wrap; gap: 20px; margin-bottom: 30px;'>\n<div style='flex: 1 1 250px; border: 1px solid rgba(150&comma; 150&comma; 150&comma; 0.4); border-radius: 8px; overflow: hidden; display: flex; flex-direction: column;'>\n<div style='padding: 15px; border-bottom: 1px solid rgba(150&comma; 150&comma; 150&comma; 0.2); font-weight: bold; font-size: 18px; color: inherit;'>Especificaciones t\u00e9cnicas<\/div>\n<div style='padding: 15px; color: inherit;'>\n<ul style='padding-left: 20px; margin: 0; font-size: 14px; list-style-type: disc;'>\n<li style='margin-bottom: 5px;'><strong>Salida:<\/strong> 48V\/70A<\/li>\n<li style='margin-bottom: 5px;'><strong>Bater\u00edas:<\/strong> 12V\/9Ah<\/li>\n<li style='margin-bottom: 5px;'><strong>Cantidad de bater\u00edas:<\/strong> 8<\/li>\n<li style='margin-bottom: 5px;'><strong>Cargador interno:<\/strong> S\u00ed<\/li>\n<li style='margin-bottom: 5px;'><strong>Tiempo de recarga:<\/strong> 6 horas<\/li>\n<li style='margin-bottom: 5px;'><strong>Unidades de Rack:<\/strong> 2<\/li>\n<li style='margin-bottom: 5px;'><strong>Dimensiones:<\/strong> 433 x 86.5 x 500 mm (Ancho x Alto x Profundidad)<\/li>\n<li style='margin-bottom: 5px;'><strong>Peso:<\/strong> 30 Kg<\/li>\n<\/ul><\/div>\n<\/p><\/div>\n<\/p><\/div>\n<p> <!-- Video de instalaci\u00f3n --> <\/p>\n<div style='margin-bottom: 30px;'>\n<h3 style='font-size: 22px; border-bottom: 2px solid currentColor; padding-bottom: 5px; margin-top: 0; color: inherit; opacity: 0.8;'>Instalaci\u00f3n<\/h3>\n<div style='position: relative; padding-bottom: 56.25%; height: 0; overflow: hidden; margin-top: 15px;'>   <\/div>\n<\/p><\/div>\n<p> <!-- Separador final --> <\/p>\n<hr style='border: 0; border-top: 1px solid rgba(150&comma; 150&comma; 150&comma; 0.3); margin: 30px 0;'> <\/div>\n","protected":false},"excerpt":{"rendered":"<p>M\u00f3dulo de Bater\u00edas Externas para Extensi\u00f3n de Tiempo de Respaldo, Compatible con UPS: PR1500RTXL2U, PR2200RTXL2U y PR3000RTXL2U<\/p>\n","protected":false},"featured_media":118508,"comment_status":"open","ping_status":"closed","template":"","meta":[],"product_brand":[],"product_cat":[1231],"product_tag":[677,142,1232],"class_list":{"0":"post-118509","1":"product","2":"type-product","3":"status-publish","4":"has-post-thumbnail","6":"product_cat-ups-no-break-energia-videovigilancia","7":"product_tag-cyberpower","8":"product_tag-energia","9":"product_tag-ups-no-break-2","11":"first","12":"instock","13":"sale","14":"shipping-taxable","15":"purchasable","16":"product-type-simple"},"_links":{"self":[{"href":"https:\/\/soydeaqui.ddns.net\/pachuca\/index.php\/wp-json\/wp\/v2\/product\/118509","targetHints":{"allow":["GET"]}}],"collection":[{"href":"https:\/\/soydeaqui.ddns.net\/pachuca\/index.php\/wp-json\/wp\/v2\/product"}],"about":[{"href":"https:\/\/soydeaqui.ddns.net\/pachuca\/index.php\/wp-json\/wp\/v2\/types\/product"}],"replies":[{"embeddable":true,"href":"https:\/\/soydeaqui.ddns.net\/pachuca\/index.php\/wp-json\/wp\/v2\/comments?post=118509"}],"wp:featuredmedia":[{"embeddable":true,"href":"https:\/\/soydeaqui.ddns.net\/pachuca\/index.php\/wp-json\/wp\/v2\/media\/118508"}],"wp:attachment":[{"href":"https:\/\/soydeaqui.ddns.net\/pachuca\/index.php\/wp-json\/wp\/v2\/media?parent=118509"}],"wp:term":[{"taxonomy":"product_brand","embeddable":true,"href":"https:\/\/soydeaqui.ddns.net\/pachuca\/index.php\/wp-json\/wp\/v2\/product_brand?post=118509"},{"taxonomy":"product_cat","embeddable":true,"href":"https:\/\/soydeaqui.ddns.net\/pachuca\/index.php\/wp-json\/wp\/v2\/product_cat?post=118509"},{"taxonomy":"product_tag","embeddable":true,"href":"https:\/\/soydeaqui.ddns.net\/pachuca\/index.php\/wp-json\/wp\/v2\/product_tag?post=118509"}],"curies":[{"name":"wp","href":"https:\/\/api.w.org\/{rel}","templated":true}]}}