{"id":118506,"date":"2026-03-24T04:14:59","date_gmt":"2026-03-24T04:14:59","guid":{"rendered":"https:\/\/soydeaqui.ddns.net\/pachuca\/index.php\/producto\/bala-ip-4-megapixel-serie-pro-panoramica-180-20-mts-ir-exir-wdr-exterior-ip67-video-analiticos-poe-onvif\/"},"modified":"2026-03-24T04:15:05","modified_gmt":"2026-03-24T04:15:05","slug":"bala-ip-4-megapixel-serie-pro-panoramica-180-20-mts-ir-exir-wdr-exterior-ip67-video-analiticos-poe-onvif","status":"publish","type":"product","link":"https:\/\/soydeaqui.ddns.net\/pachuca\/index.php\/producto\/bala-ip-4-megapixel-serie-pro-panoramica-180-20-mts-ir-exir-wdr-exterior-ip67-video-analiticos-poe-onvif\/","title":{"rendered":"Bala IP 4 Megapixel \/ Serie PRO + \/ Panor\u00e1mica 180\u00b0 \/ 20 mts IR EXIR \/ WDR \/ Exterior IP67 \/ V\u00eddeo Anal\u00edticos \/ PoE \/ Onvif"},"content":{"rendered":"<div style='width: 100%; max-width: 1200px; margin: 0 auto; font-family: sans-serif; line-height: 1.6; color: inherit; background-color: transparent;'> <!-- Logo Hikvision --> <\/p>\n<div style='text-align: center; margin-bottom: 30px;'> <img style='width: 45%; height: auto; border: 1px solid rgba(150&comma;150&comma;150&comma;0.3); border-radius: 8px;' src='https:\/\/ftp3.syscom.mx\/usuarios\/jsosa\/HIKVISION\/imagenes\/logo\/hikvision%20see%20far.png' alt='Logo Hikvision'> <\/div>\n<p> <!-- Grid de secciones --> <\/p>\n<div style='display: flex; flex-wrap: wrap; gap: 30px; margin-bottom: 30px;'> <!-- Caracter\u00edsticas principales --> <\/p>\n<div style='flex: 1 1 300px; min-width: 280px;'>\n<div style='border-left: 5px solid #ff0000; border-radius: 8px; overflow: hidden; box-shadow: 2px 2px 10px rgba(150&comma;150&comma;150&comma;0.3);'>\n<div style='padding: 15px; background-color: rgba(255&comma;0&comma;0&comma;0.05); font-weight: bold; font-size: 18px; color: inherit;'>Caracter\u00edsticas principales:<\/div>\n<div style='padding: 15px; color: inherit;'>\n<ul style='padding-left: 20px; margin: 0; font-size: 14px; list-style-type: disc;'>\n<li style='margin-bottom: 8px;'>Tecnolog\u00eda 4 MP (2688 x 1520)<\/li>\n<li style='margin-bottom: 8px;'>CMOS 1\/2.7&#8242; Scan Progresivo.<\/li>\n<li style='margin-bottom: 8px;'>Iluminacion m\u00ednima: 0.028 Lux @ (F2.0&comma; AGC ON)&comma; 0 Lux with IR<\/li>\n<li style='margin-bottom: 8px;'>Velocidad de Shutter: 1\/3s ~ 1\/100&comma;000s<\/li>\n<li style='margin-bottom: 8px;'>D\u00eda \/ Noche real (Filtro ICR).<\/li>\n<li style='margin-bottom: 8px;'><strong>Lente fijo:<\/strong> 1.68 mm \u00e1ngulo de vision 180\u00b0<\/li>\n<li style='margin-bottom: 8px;'>Distancia IR: 20 mts con tecnolog\u00eda Smart IR EXIR.<\/li>\n<li style='margin-bottom: 8px;'>Funciones: Cruce de l\u00ednea&comma; detecci\u00f3n de intrusi\u00f3n&comma; equipaje desatendido&comma; objeto removido&comma; detecci\u00f3n de rostros<\/li>\n<li style='margin-bottom: 8px;'>WDR Real 120dB&comma; Heartbeat&comma; marca de agua&comma; m\u00e1scara de privacidad&comma; Espejo&comma; BLC&comma; HLC&comma; EIS&comma; 3D DNR.<\/li>\n<\/ul><\/div>\n<\/p><\/div>\n<\/p><\/div>\n<p> <!-- Caracter\u00edsticas F\u00edsicas y El\u00e9ctricas --> <\/p>\n<div style='flex: 1 1 300px; min-width: 280px;'>\n<div style='border-left: 5px solid #ff0000; border-radius: 8px; overflow: hidden; box-shadow: 2px 2px 10px rgba(150&comma;150&comma;150&comma;0.3);'>\n<div style='padding: 15px; background-color: rgba(255&comma;0&comma;0&comma;0.05); font-weight: bold; font-size: 18px; color: inherit;'>Caracter\u00edsticas F\u00edsicas y El\u00e9ctricas:<\/div>\n<div style='padding: 15px; color: inherit;'>\n<ul style='padding-left: 20px; margin: 0; font-size: 14px; list-style-type: disc;'>\n<li style='margin-bottom: 8px;'>Aplicaci\u00f3n: Exterior \/ Interior.<\/li>\n<li style='margin-bottom: 8px;'>Protecci\u00f3n: IP67<\/li>\n<li style='margin-bottom: 8px;'>Temperatura de Operaci\u00f3n: -30 ~ 60\u00baC<\/li>\n<li style='margin-bottom: 8px;'>Alimentaci\u00f3n y consumo: (12 Vcc &#8211; 7.2W) \/ PoE (802.3af &#8211; 8.7W)<\/li>\n<li style='margin-bottom: 8px;'>Dimensiones: \u03a6105 mm x 278 mm<\/li>\n<li style='margin-bottom: 8px;'>Peso: 570g.<\/li>\n<\/ul>\n<div style='margin-top: 20px;'>\n<div style='font-weight: bold; font-size: 16px; margin-bottom: 10px; color: inherit;'>Accesorios opcionales:<\/div>\n<ul style='padding-left: 20px; margin: 0; font-size: 14px; list-style-type: disc;'>\n<li style='margin-bottom: 8px;'><a href='https:\/\/www.syscom.mx\/producto\/DS-1280ZJ-S-HIKVISION-84927.html' target='_blank' rel='noopener' style='color: inherit; text-decoration: underline;'>Caja de conexiones&comma; modelo: DS-1280ZJ-S<\/a><\/li>\n<li style='margin-bottom: 8px;'><a href='https:\/\/www.syscom.mx\/producto\/DS-1275ZJ-SUS-HIKVISION-156172.html' target='_blank' rel='noopener' style='color: inherit; text-decoration: underline;'>Montaje de poste vertical&comma; modelo: DS-1275ZJ-SUS<\/a><\/li>\n<li style='margin-bottom: 8px;'><a href='https:\/\/www.syscom.mx\/producto\/DS-1275ZJ-S-SUS-HIKVISION-170377.html' target='_blank' rel='noopener' style='color: inherit; text-decoration: underline;'>Montaje de poste vertical&comma; modelo: DS-1275ZJ-S-SUS<\/a><\/li>\n<li style='margin-bottom: 8px;'><a href='https:\/\/www.syscom.mx\/producto\/DS-1276ZJ-SUS-HIKVISION-156173.html' target='_blank' rel='noopener' style='color: inherit; text-decoration: underline;'>Montaje de esquina&comma; modelo: DS-1276ZJ-SUS<\/a><\/li>\n<li style='margin-bottom: 8px;'><a href='https:\/\/www.syscom.mx\/producto\/DS-1260ZJ-HIKVISION-72308.html' target='_blank' rel='noopener' style='color: inherit; text-decoration: underline;'>Caja de conexiones&comma; modelo: DS-1260ZJ<\/a><\/li>\n<\/ul><\/div>\n<\/p><\/div>\n<\/p><\/div>\n<\/p><\/div>\n<p> <!-- Compresi\u00f3n y Resoluci\u00f3n --> <\/p>\n<div style='flex: 1 1 300px; min-width: 280px;'>\n<div style='border-left: 5px solid #ff0000; border-radius: 8px; overflow: hidden; box-shadow: 2px 2px 10px rgba(150&comma;150&comma;150&comma;0.3);'>\n<div style='padding: 15px; background-color: rgba(255&comma;0&comma;0&comma;0.05); font-weight: bold; font-size: 18px; color: inherit;'>Compresi\u00f3n y Resoluci\u00f3n:<\/div>\n<div style='padding: 15px; color: inherit;'>\n<ul style='padding-left: 20px; margin: 0; font-size: 14px; list-style-type: disc;'>\n<li style='margin-bottom: 8px;'>Compresi\u00f3n inteligente: H.265+ \/ H.265 \/ H.264+ \/ H.264 \/ MJPEG.<\/li>\n<li style='margin-bottom: 8px;'>Main Stream: 24fps (2688 \u00d7 1520) \/ 30fps (2304 \u00d7 1296&comma; 1920 \u00d7 1080&comma; 1280 \u00d7 720).<\/li>\n<li style='margin-bottom: 8px;'>Sub-Stream: 30fps (640 \u00d7 480&comma; 640 \u00d7 360&comma; 320 \u00d7 240)<\/li>\n<\/ul><\/div>\n<\/p><\/div>\n<div style='margin-top: 20px; border-left: 5px solid #ff0000; border-radius: 8px; overflow: hidden; box-shadow: 2px 2px 10px rgba(150&comma;150&comma;150&comma;0.3);'>\n<div style='padding: 15px; background-color: rgba(255&comma;0&comma;0&comma;0.05); font-weight: bold; font-size: 18px; color: inherit;'>Funciones de Red y Almacenamiento:<\/div>\n<div style='padding: 15px; color: inherit;'>\n<ul style='padding-left: 20px; margin: 0; font-size: 14px; list-style-type: disc;'>\n<li style='margin-bottom: 8px;'>Soporta almacenamiento en microSD \/ SDHC \/ SDXC 256GB (no inclu\u00edda).<\/li>\n<li style='margin-bottom: 8px;'>NAS (Compatible con SYNOLOGY) (NFS&comma;SMB \/ CIFS) ANR<\/li>\n<li style='margin-bottom: 8px;'>ONVIF: (Profile S&comma; G)&comma; ISAPI&comma; SDK.<\/li>\n<li style='margin-bottom: 8px;'>Usuarios simult\u00e1neos: 6.<\/li>\n<\/ul><\/div>\n<\/p><\/div>\n<\/p><\/div>\n<\/p><\/div>\n<p> <!-- Recursos --> <\/p>\n<div style='margin-top: 40px;'>\n<h2 style='text-align: center; font-size: 24px; margin-bottom: 30px; color: inherit;'>Recursos<\/h2>\n<div style='display: flex; flex-wrap: wrap; gap: 20px; justify-content: center;'>\n<div style='flex: 1 1 200px; min-width: 180px;'> <a href='https:\/\/www.hikvision.com\/es-la\/support\/download\/software\/ivms4200-series\/?q=serie%20ivms4200&#038;position=1' target='_blank' rel='noopener' style='text-decoration: none;'> <img style='width: 100%; height: auto; border: 1px solid rgba(150&comma;150&comma;150&comma;0.3); border-radius: 8px;' src='https:\/\/ftp3.syscom.mx\/usuarios\/gmagos\/HIK\/IP\/IPC\/Imagenes%20pagina\/Descargas%20IVMS4200.jpg' alt='IVMS4200'> <\/a> <\/div>\n<div style='flex: 1 1 200px; min-width: 180px;'> <a href='https:\/\/appstore.hikvision.com\/' target='_blank' rel='noopener' style='text-decoration: none;'> <img style='width: 100%; height: auto; border: 1px solid rgba(150&comma;150&comma;150&comma;0.3); border-radius: 8px;' src='https:\/\/ftp3.syscom.mx\/usuarios\/gmagos\/HIK\/IP\/IPC\/Imagenes%20pagina\/Descargas%20de%20app.jpg' alt='App Store'> <\/a> <\/div>\n<div style='flex: 1 1 200px; min-width: 180px;'> <a href='https:\/\/ftp3.syscom.mx\/usuarios\/ftp\/2020\/04\/13\/c2ddd\/DS-2CD2T45G0P-I%2020191203.pdf' target='_blank' rel='noopener' style='text-decoration: none;'> <img style='width: 100%; height: auto; border: 1px solid rgba(150&comma;150&comma;150&comma;0.3); border-radius: 8px;' src='https:\/\/ftp3.syscom.mx\/usuarios\/gmagos\/HIK\/IP\/IPC\/Imagenes%20pagina\/Descarga%20de%20PDF.jpg' alt='Ficha t\u00e9cnica PDF'> <\/a> <\/div>\n<\/p><\/div>\n<\/p><\/div>\n<p> <!-- Banner soluci\u00f3n completa --> <\/p>\n<div style='margin-top: 40px; text-align: center;'> <img style='width: 100%; height: auto; border: 1px solid rgba(150&comma;150&comma;150&comma;0.3); border-radius: 8px;' src='https:\/\/ftp3.syscom.mx\/usuarios\/jsosa\/HIKVISION\/imagenes\/banners\/solution%20complete.png' alt='Soluci\u00f3n completa'> <\/div>\n<\/p><\/div>\n","protected":false},"excerpt":{"rendered":"<p>Bala IP 4 Megapixel \/ Serie PRO + \/ Panor\u00e1mica 180\u00b0 \/ 20 mts IR EXIR \/ WDR \/ Exterior IP67 \/ V\u00eddeo Anal\u00edticos \/ PoE \/ Onvif<\/p>\n","protected":false},"featured_media":118505,"comment_status":"open","ping_status":"closed","template":"","meta":[],"product_brand":[],"product_cat":[2248],"product_tag":[122,2249,54],"class_list":{"0":"post-118506","1":"product","2":"type-product","3":"status-publish","4":"has-post-thumbnail","6":"product_cat-fisheye-y-hemisfericas","7":"product_tag-camaras-ip-y-nvrs","8":"product_tag-fisheye-y-hemisfericas","9":"product_tag-hikvision","11":"first","12":"outofstock","13":"sale","14":"shipping-taxable","15":"purchasable","16":"product-type-simple"},"_links":{"self":[{"href":"https:\/\/soydeaqui.ddns.net\/pachuca\/index.php\/wp-json\/wp\/v2\/product\/118506","targetHints":{"allow":["GET"]}}],"collection":[{"href":"https:\/\/soydeaqui.ddns.net\/pachuca\/index.php\/wp-json\/wp\/v2\/product"}],"about":[{"href":"https:\/\/soydeaqui.ddns.net\/pachuca\/index.php\/wp-json\/wp\/v2\/types\/product"}],"replies":[{"embeddable":true,"href":"https:\/\/soydeaqui.ddns.net\/pachuca\/index.php\/wp-json\/wp\/v2\/comments?post=118506"}],"wp:featuredmedia":[{"embeddable":true,"href":"https:\/\/soydeaqui.ddns.net\/pachuca\/index.php\/wp-json\/wp\/v2\/media\/118505"}],"wp:attachment":[{"href":"https:\/\/soydeaqui.ddns.net\/pachuca\/index.php\/wp-json\/wp\/v2\/media?parent=118506"}],"wp:term":[{"taxonomy":"product_brand","embeddable":true,"href":"https:\/\/soydeaqui.ddns.net\/pachuca\/index.php\/wp-json\/wp\/v2\/product_brand?post=118506"},{"taxonomy":"product_cat","embeddable":true,"href":"https:\/\/soydeaqui.ddns.net\/pachuca\/index.php\/wp-json\/wp\/v2\/product_cat?post=118506"},{"taxonomy":"product_tag","embeddable":true,"href":"https:\/\/soydeaqui.ddns.net\/pachuca\/index.php\/wp-json\/wp\/v2\/product_tag?post=118506"}],"curies":[{"name":"wp","href":"https:\/\/api.w.org\/{rel}","templated":true}]}}