{"id":118501,"date":"2026-03-24T04:14:44","date_gmt":"2026-03-24T04:14:44","guid":{"rendered":"https:\/\/soydeaqui.ddns.net\/pachuca\/index.php\/producto\/ups-de-3000-va-3000-w-topologia-linea-interactiva-entrada-120-vca-nema-l5-30p-onda-senoidal-pura-torre-o-rack-de-2-ur-con-8-tomas-5-20r-y-1-l5-30r\/"},"modified":"2026-03-24T04:14:55","modified_gmt":"2026-03-24T04:14:55","slug":"ups-de-3000-va-3000-w-topologia-linea-interactiva-entrada-120-vca-nema-l5-30p-onda-senoidal-pura-torre-o-rack-de-2-ur-con-8-tomas-5-20r-y-1-l5-30r","status":"publish","type":"product","link":"https:\/\/soydeaqui.ddns.net\/pachuca\/index.php\/producto\/ups-de-3000-va-3000-w-topologia-linea-interactiva-entrada-120-vca-nema-l5-30p-onda-senoidal-pura-torre-o-rack-de-2-ur-con-8-tomas-5-20r-y-1-l5-30r\/","title":{"rendered":"UPS de 3000 VA\/3000 W, Topolog\u00eda L\u00ednea Interactiva, Entrada 120 Vca NEMA L5-30P, Onda Senoidal Pura, Torre o Rack de 2 UR, Con 8 Tomas 5-20R y 1 L5-30R"},"content":{"rendered":"<div style='width: 100%; max-width: 1200px; margin: 0 auto; font-family: sans-serif; line-height: 1.6; color: inherit; background-color: transparent;'> <!-- Logo --> <\/p>\n<div style='text-align: center; margin: 20px 0;'> <img style='width: 100%; max-width: 600px; height: auto; border: 1px solid rgba(150&comma;150&comma;150&comma;0.3); border-radius: 8px;' src='https:\/\/ftp3.syscom.mx\/usuarios\/fotos\/logotipos\/cyberpower.png' alt='logo'> <\/div>\n<p> <!-- Descripci\u00f3n principal --> <\/p>\n<div style='margin-bottom: 30px; font-size: 15px;'>\n<p>CyberPower PR3000RTXL2U con dise\u00f1o de montaje en rack&comma; garantiza protecci\u00f3n de respaldo de energ\u00eda para sistemas de teatro en casa&comma; dispositivos multimedia&comma; equipos de TI&comma; computadoras&comma; estaciones de trabajo&comma; NAS \/ dispositivos de almacenamiento&comma; dispositivos de telecomunicaciones&comma; dispositivos de red y sistemas de video vigilancia. El UPS adopta la topolog\u00eda de l\u00ednea interactiva con regulaci\u00f3n autom\u00e1tica de voltaje (AVR) y ofrece salida de onda senoidal estabilizada para garantizar una alta calidad de potencia.<\/p>\n<p>El factor de potencia de salida del UPS es 1&comma; lo que significa que es capaz de conectarse a m\u00e1s cargas cr\u00edticas que un UPS convencional. Tambi\u00e9n cuenta con tecnolog\u00eda de gesti\u00f3n de bater\u00edas para ayudar a las bater\u00edas a obtener una vida \u00fatil \u00f3ptima al equilibrar el voltaje de la bater\u00eda. La carga de la bater\u00eda en dos fases puede cargar la bater\u00eda de forma r\u00e1pida y segura. Los paquetes de bater\u00edas intercambiables en caliente permiten un f\u00e1cil mantenimiento sin interrupci\u00f3n de la alimentaci\u00f3n. Su pantalla LCD de matriz multifuncional admite una operaci\u00f3n intuitiva y una configuraci\u00f3n r\u00e1pida. El panel LCD tambi\u00e9n puede rotar para cumplir con los requisitos de instalaci\u00f3n.<\/p>\n<\/p><\/div>\n<p> <!-- Especificaciones t\u00e9cnicas --> <\/p>\n<div style='display: flex; flex-wrap: wrap; gap: 20px; margin-bottom: 30px;'>\n<div style='flex: 1 1 300px; min-width: 280px;'>\n<h3 style='font-size: 22px; border-bottom: 2px solid currentColor; padding-bottom: 5px; margin-top: 0; color: inherit; opacity: 0.8;'>Especificaciones t\u00e9cnicas<\/h3>\n<ul style='padding-left: 20px; font-size: 15px; color: inherit;'>\n<li style='margin-bottom: 5px;'>Rango de voltaje de entrada: 78 &#8211; 149 Vca<\/li>\n<li style='margin-bottom: 5px;'>Frecuencia de entrada: 50\/60Hz \u00b1 3Hz<\/li>\n<li style='margin-bottom: 5px;'> <strong>Tipo de enchufe de entrada:<\/strong> NEMA L5-30P <img style='width: 40px; height: 40px; vertical-align: middle; border: 1px solid rgba(150&comma;150&comma;150&comma;0.3); border-radius: 4px;' src='https:\/\/www.cyberpower.com\/mx\/es\/File\/GetImageByDocId\/GeneralAttribute-246' alt=''> <\/li>\n<li style='margin-bottom: 5px;'><strong>Longitud de cable de entrada:<\/strong> 3 m<\/li>\n<li style='margin-bottom: 5px;'><strong>Salida VA:<\/strong> 3000<\/li>\n<li style='margin-bottom: 5px;'><strong>Watts de salida:<\/strong> 3000<\/li>\n<li style='margin-bottom: 5px;'><strong>Factor de Potencia:<\/strong> 1<\/li>\n<li style='margin-bottom: 5px;'><strong>Frecuencia de salida en bater\u00eda:<\/strong> 50\/60Hz \u00b1 1%<\/li>\n<li style='margin-bottom: 5px;'><strong>Tomas de salida:<\/strong> 8 (8 Bater\u00eda y picos de energ\u00eda)<\/li>\n<li style='margin-bottom: 5px;'> <strong>Tipos de tomas:<\/strong> NEMA 5-20R (8) <img style='width: 40px; height: 40px; vertical-align: middle; border: 1px solid rgba(150&comma;150&comma;150&comma;0.3); border-radius: 4px;' src='https:\/\/www.cyberpower.com\/mx\/es\/File\/GetImageByDocId\/GeneralAttribute-370' alt=''> y NEMA L5-30R (1) <img style='width: 40px; height: 40px; vertical-align: middle; border: 1px solid rgba(150&comma;150&comma;150&comma;0.3); border-radius: 4px;' src='https:\/\/www.cyberpower.com\/mx\/es\/File\/GetImageByDocId\/GeneralAttribute-243' alt=''> <\/li>\n<li style='margin-bottom: 5px;'><strong>Especificaciones de bater\u00eda:<\/strong> 4 x 12V\/9Ah<\/li>\n<li style='margin-bottom: 5px;'><strong>Tiempo de Transferencia:<\/strong> 4 ms<\/li>\n<li style='margin-bottom: 5px;'><strong>Tiempo de respaldo con media carga (1500 W):<\/strong> 7 Minutos<\/li>\n<li style='margin-bottom: 5px;'><strong>Tiempo de respaldo con carga completa (3000 W):<\/strong> 1.7 Minutos<\/li>\n<li style='margin-bottom: 5px;'><strong>Protecci\u00f3n de picos:<\/strong> 2430 Joules<\/li>\n<li style='margin-bottom: 5px;'><strong>Tel\u00e9fono \/ Ethernet \/ RJ11 \/ RJ45<\/strong><\/li>\n<li style='margin-bottom: 5px;'><strong>Indicadores:<\/strong> Pantalla LCD de monitoreo<\/li>\n<li style='margin-bottom: 5px;'><strong>Administraci\u00f3n remota:<\/strong> SNMP\/HTTP con tarjeta RMCARD205 (opcional)<\/li>\n<li style='margin-bottom: 5px;'><strong>M\u00f3dulo de Bater\u00edas Extendidas:<\/strong> BP48VP2U02<\/li>\n<li style='margin-bottom: 5px;'><strong>Dimensiones:<\/strong> 433 x 86.5 x 500 mm (Ancho x Alto X Profundidad)<\/li>\n<li style='margin-bottom: 5px;'><strong>Peso:<\/strong> 34.2 kg<\/li>\n<li style='margin-bottom: 5px;'><strong>Certificaciones:<\/strong> FCC Clase A&comma; UL&comma; NOM&comma; VCCI<\/li>\n<li style='margin-bottom: 5px;'><strong>NO Compatible con Generador.<\/strong><\/li>\n<li style='margin-bottom: 5px;'><strong>Incluye bater\u00eda<\/strong><\/li>\n<\/ul><\/div>\n<\/p><\/div>\n<p> <!-- Separador --> <\/p>\n<hr style='border: 0; border-top: 1px solid rgba(150&comma; 150&comma; 150&comma; 0.3); margin: 30px 0;'> <\/div>\n","protected":false},"excerpt":{"rendered":"<p>UPS de 3000 VA\/3000 W, Topolog\u00eda L\u00ednea Interactiva, Entrada 120 Vca NEMA L5-30P, Onda Senoidal Pura, Torre o Rack de 2 UR, Con 8 Tomas 5-20R y 1 L5-30R<\/p>\n","protected":false},"featured_media":118500,"comment_status":"open","ping_status":"closed","template":"","meta":[],"product_brand":[],"product_cat":[1231],"product_tag":[677,142,1232],"class_list":{"0":"post-118501","1":"product","2":"type-product","3":"status-publish","4":"has-post-thumbnail","6":"product_cat-ups-no-break-energia-videovigilancia","7":"product_tag-cyberpower","8":"product_tag-energia","9":"product_tag-ups-no-break-2","11":"first","12":"instock","13":"sale","14":"shipping-taxable","15":"purchasable","16":"product-type-simple"},"_links":{"self":[{"href":"https:\/\/soydeaqui.ddns.net\/pachuca\/index.php\/wp-json\/wp\/v2\/product\/118501","targetHints":{"allow":["GET"]}}],"collection":[{"href":"https:\/\/soydeaqui.ddns.net\/pachuca\/index.php\/wp-json\/wp\/v2\/product"}],"about":[{"href":"https:\/\/soydeaqui.ddns.net\/pachuca\/index.php\/wp-json\/wp\/v2\/types\/product"}],"replies":[{"embeddable":true,"href":"https:\/\/soydeaqui.ddns.net\/pachuca\/index.php\/wp-json\/wp\/v2\/comments?post=118501"}],"wp:featuredmedia":[{"embeddable":true,"href":"https:\/\/soydeaqui.ddns.net\/pachuca\/index.php\/wp-json\/wp\/v2\/media\/118500"}],"wp:attachment":[{"href":"https:\/\/soydeaqui.ddns.net\/pachuca\/index.php\/wp-json\/wp\/v2\/media?parent=118501"}],"wp:term":[{"taxonomy":"product_brand","embeddable":true,"href":"https:\/\/soydeaqui.ddns.net\/pachuca\/index.php\/wp-json\/wp\/v2\/product_brand?post=118501"},{"taxonomy":"product_cat","embeddable":true,"href":"https:\/\/soydeaqui.ddns.net\/pachuca\/index.php\/wp-json\/wp\/v2\/product_cat?post=118501"},{"taxonomy":"product_tag","embeddable":true,"href":"https:\/\/soydeaqui.ddns.net\/pachuca\/index.php\/wp-json\/wp\/v2\/product_tag?post=118501"}],"curies":[{"name":"wp","href":"https:\/\/api.w.org\/{rel}","templated":true}]}}