{"id":118490,"date":"2026-03-24T04:14:03","date_gmt":"2026-03-24T04:14:03","guid":{"rendered":"https:\/\/soydeaqui.ddns.net\/pachuca\/index.php\/producto\/controlador-de-carga-mppt-sunmax-solar-point-24v-7a-para-exterior-con-switch-poe-pasivo-24v-integrado-para-alimentar-equipos-airmax\/"},"modified":"2026-03-24T04:14:17","modified_gmt":"2026-03-24T04:14:17","slug":"controlador-de-carga-mppt-sunmax-solar-point-24v-7a-para-exterior-con-switch-poe-pasivo-24v-integrado-para-alimentar-equipos-airmax","status":"publish","type":"product","link":"https:\/\/soydeaqui.ddns.net\/pachuca\/index.php\/producto\/controlador-de-carga-mppt-sunmax-solar-point-24v-7a-para-exterior-con-switch-poe-pasivo-24v-integrado-para-alimentar-equipos-airmax\/","title":{"rendered":"Controlador de carga MPPT SunMax Solar Point 24V 7A para exterior con switch PoE pasivo 24V integrado para alimentar equipos airMAX"},"content":{"rendered":"<div style='width: 100%; max-width: 1200px; margin: 0 auto; font-family: sans-serif; line-height: 1.6; color: inherit; background-color: transparent;'> <!-- Hero Section --> <\/p>\n<div style='background-image: url('https:\/\/ftp3.syscom.mx\/usuarios\/ftp\/single_page\/sunmax\/header-bkg.png'); background-repeat: no-repeat; background-size: cover; background-position: center; padding: 40px 20px; margin-bottom: 30px;'>\n<div style='display: flex; flex-wrap: wrap; gap: 20px; align-items: center;'>\n<div style='flex: 1 1 200px; min-width: 150px;'>\n<div style='display: flex; gap: 10px; margin-bottom: 15px;'> <img style='max-height: 50px; width: auto; height: auto; border: 1px solid rgba(150&comma;150&comma;150&comma;0.3); border-radius: 8px;' src='https:\/\/ftp3.syscom.mx\/usuarios\/ftp\/single_page\/sunmax\/sunMAX-solar-switch.png' alt='SunMAX Solar Switch'> <img style='max-height: 50px; width: auto; height: auto; border: 1px solid rgba(150&comma;150&comma;150&comma;0.3); border-radius: 8px;' src='https:\/\/ftp3.syscom.mx\/usuarios\/ftp\/single_page\/sunmax\/sunMAX-solar-point.png' alt='SunMAX Solar Point'> <\/div>\n<h1 style='font-size: 28px; margin: 0; color: inherit;'>Controlador de Carga Solar Gestionado<\/h1>\n<\/p><\/div>\n<div style='flex: 1 1 400px; min-width: 300px;'>\n<div style='display: flex; flex-direction: column; gap: 15px;'>\n<div style='display: flex; align-items: center; gap: 15px;'> <img style='max-height: 50px; width: auto; height: auto; border: 1px solid rgba(150&comma;150&comma;150&comma;0.3); border-radius: 8px;' src='https:\/\/ftp3.syscom.mx\/usuarios\/ftp\/single_page\/sunmax\/remotely-2.png' alt='Gestionado remotamente'> <span style='color: inherit;'>Gestionado remotamente<\/span> <\/div>\n<div style='display: flex; align-items: center; gap: 15px;'> <img style='max-height: 50px; width: auto; height: auto; border: 1px solid rgba(150&comma;150&comma;150&comma;0.3); border-radius: 8px;' src='https:\/\/ftp3.syscom.mx\/usuarios\/ftp\/single_page\/sunmax\/built-in.png' alt='Conmutador PoE incorporado'> <span style='color: inherit;'>Conmutador PoE incorporado de 4 puertos y 24 V<\/span> <\/div>\n<div style='display: flex; align-items: center; gap: 15px;'> <img style='max-height: 50px; width: auto; height: auto; border: 1px solid rgba(150&comma;150&comma;150&comma;0.3); border-radius: 8px;' src='https:\/\/ftp3.syscom.mx\/usuarios\/ftp\/single_page\/sunmax\/weather.png' alt='Servicio de predicci\u00f3n del tiempo'> <span style='color: inherit;'>Servicio de predicci\u00f3n del tiempo<\/span> <\/div>\n<\/p><\/div>\n<\/p><\/div>\n<div style='flex: 1 1 400px; min-width: 300px;'>\n<div style='display: flex; flex-direction: column; gap: 15px;'>\n<div style='display: flex; align-items: center; gap: 15px;'> <img style='max-height: 50px; width: auto; height: auto; border: 1px solid rgba(150&comma;150&comma;150&comma;0.3); border-radius: 8px;' src='https:\/\/ftp3.syscom.mx\/usuarios\/ftp\/single_page\/sunmax\/power.png' alt='Seguimiento del punto de m\u00e1xima potencia'> <span style='color: inherit;'>Seguimiento del punto de m\u00e1xima potencia (MPPT) 24 V&comma; 7 A<\/span> <\/div>\n<div style='display: flex; align-items: center; gap: 15px;'> <img style='max-height: 50px; width: auto; height: auto; border: 1px solid rgba(150&comma;150&comma;150&comma;0.3); border-radius: 8px;' src='https:\/\/ftp3.syscom.mx\/usuarios\/ftp\/single_page\/sunmax\/DC.png' alt='Salida DC'> <span style='color: inherit;'>Salida DC hasta 40W<\/span> <\/div>\n<\/p><\/div>\n<\/p><\/div>\n<div style='flex: 1 1 400px; min-width: 300px;'> <img style='width: 100%; height: auto; border: 1px solid rgba(150&comma;150&comma;150&comma;0.3); border-radius: 8px;' src='https:\/\/ftp3.syscom.mx\/usuarios\/ftp\/single_page\/sunmax\/header-sunmax-equipos.png' alt='Equipos'> <\/div>\n<\/p><\/div>\n<\/p><\/div>\n<p> <!-- Dise\u00f1o Vers\u00e1til y Modular --> <\/p>\n<div style='margin-bottom: 30px;'>\n<div style='text-align: center; margin-bottom: 20px;'>\n<h2 style='font-size: 24px; margin: 0 0 10px 0; color: inherit;'>Dise\u00f1o Vers\u00e1til y Modular<\/h2>\n<p style='color: inherit; margin: 0;'>SolarSwitch o SolarPoint son f\u00e1ciles de configurar para casi cualquier combinaci\u00f3n de dispositivos.<\/p>\n<\/p><\/div>\n<div style='display: flex; flex-wrap: wrap; gap: 20px;'>\n<div style='flex: 1 1 45%; min-width: 300px;'> <img style='width: 100%; height: auto; border: 1px solid rgba(150&comma;150&comma;150&comma;0.3); border-radius: 8px;' src='https:\/\/ftp3.syscom.mx\/usuarios\/ftp\/single_page\/sunmax\/solar-switch.98ac72f2.png' alt='SolarSwitch'> <\/div>\n<div style='flex: 1 1 45%; min-width: 300px;'> <img style='width: 100%; height: auto; border: 1px solid rgba(150&comma;150&comma;150&comma;0.3); border-radius: 8px;' src='https:\/\/ftp3.syscom.mx\/usuarios\/ftp\/single_page\/sunmax\/solar-point.a68e3d04.png' alt='SolarPoint'> <\/div>\n<\/p><\/div>\n<\/p><\/div>\n<p> <!-- Carousel de dias --> <\/p>\n<div style='margin-bottom: 30px;'>\n<div style='position: relative; width: 100%; overflow: hidden; border-radius: 8px;'>\n<div style='display: flex; width: 500%; transition: transform 0.3s ease-in-out;' id='carousel-inner'>\n<div style='flex: 0 0 20%; width: 20%;'> <img style='width: 100%; height: auto; display: block;' src='https:\/\/ftp3.syscom.mx\/usuarios\/ftp\/single_page\/sunmax\/lunes.png' alt='Lunes'> <\/div>\n<div style='flex: 0 0 20%; width: 20%;'> <img style='width: 100%; height: auto; display: block;' src='https:\/\/ftp3.syscom.mx\/usuarios\/ftp\/single_page\/sunmax\/martes.png' alt='Martes'> <\/div>\n<div style='flex: 0 0 20%; width: 20%;'> <img style='width: 100%; height: auto; display: block;' src='https:\/\/ftp3.syscom.mx\/usuarios\/ftp\/single_page\/sunmax\/miercoles.png' alt='Mi\u00e9rcoles'> <\/div>\n<div style='flex: 0 0 20%; width: 20%;'> <img style='width: 100%; height: auto; display: block;' src='https:\/\/ftp3.syscom.mx\/usuarios\/ftp\/single_page\/sunmax\/jueves.png' alt='Jueves'> <\/div>\n<div style='flex: 0 0 20%; width: 20%;'> <img style='width: 100%; height: auto; display: block;' src='https:\/\/ftp3.syscom.mx\/usuarios\/ftp\/single_page\/sunmax\/viernes.png' alt='Viernes'> <\/div>\n<\/p><\/div>\n<p> <!-- Navigation --> <button style='position: absolute; top: 50%; left: 10px; transform: translateY(-50%); background: rgba(0&comma;0&comma;0&comma;0.5); color: white; border: none; padding: 10px; cursor: pointer;' id='prev-slide'>\u276e<\/button> <button style='position: absolute; top: 50%; right: 10px; transform: translateY(-50%); background: rgba(0&comma;0&comma;0&comma;0.5); color: white; border: none; padding: 10px; cursor: pointer;' id='next-slide'>\u276f<\/button> <\/p>\n<div style='text-align: center; margin-top: 10px;'>\n<div style='display: inline-flex; gap: 5px;' id='carousel-indicators'> <button style='width: 10px; height: 10px; background: rgba(0&comma;0&comma;0&comma;0.3); border: none; border-radius: 50%; cursor: pointer;' data-slide-to='0'><\/button> <button style='width: 10px; height: 10px; background: rgba(0&comma;0&comma;0&comma;0.3); border: none; border-radius: 50%; cursor: pointer;' data-slide-to='1'><\/button> <button style='width: 10px; height: 10px; background: rgba(0&comma;0&comma;0&comma;0.3); border: none; border-radius: 50%; cursor: pointer;' data-slide-to='2'><\/button> <button style='width: 10px; height: 10px; background: rgba(0&comma;0&comma;0&comma;0.3); border: none; border-radius: 50%; cursor: pointer;' data-slide-to='3'><\/button> <button style='width: 10px; height: 10px; background: rgba(0&comma;0&comma;0&comma;0.3); border: none; border-radius: 50%; cursor: pointer;' data-slide-to='4'><\/button> <\/div>\n<\/p><\/div>\n<\/p><\/div>\n<\/p><\/div>\n<p> <!-- Ejemplo de implementaci\u00f3n --> <\/p>\n<div style='margin-bottom: 30px;'>\n<div style='text-align: center; margin-bottom: 20px;'>\n<h2 style='font-size: 24px; margin: 0 0 10px 0; color: inherit;'>Ejemplo de implementaci\u00f3n de SolarPoint<\/h2>\n<\/p><\/div>\n<p> <img style='width: 100%; height: auto; border: 1px solid rgba(150&comma;150&comma;150&comma;0.3); border-radius: 8px;' src='https:\/\/ftp3.syscom.mx\/usuarios\/ftp\/single_page\/sunmax\/devices.362313c1.jpg' alt='Ejemplo de implementaci\u00f3n'> <\/div>\n<p> <!-- Uso exterior o interior --> <\/p>\n<div style='margin-bottom: 30px;'>\n<div style='text-align: center; margin-bottom: 20px;'>\n<h2 style='font-size: 24px; margin: 0 0 10px 0; color: inherit;'>Uso exterior o interior<\/h2>\n<p style='color: inherit; margin: 0;'>Elija la mejor opci\u00f3n para sus necesidades de implementaci\u00f3n<\/p>\n<\/p><\/div>\n<div style='display: flex; flex-wrap: wrap; gap: 20px;'>\n<div style='flex: 1 1 45%; min-width: 300px; border: 1px solid rgba(150&comma;150&comma;150&comma;0.3); border-radius: 8px; padding: 15px;'>\n<h3 style='font-size: 20px; margin-top: 0; color: inherit;'>Implementaci\u00f3n de SolarPoint Pole<\/h3>\n<p style='color: inherit;'>El resistente estuche SolarPoint resiste condiciones exteriores&comma; como viento&comma; lluvia y nieve. Los tapones de goma incluidos protegen las aberturas de los cables.<\/p>\n<p> <img style='width: 100%; height: auto; margin-top: 10px; border: 1px solid rgba(150&comma;150&comma;150&comma;0.3); border-radius: 8px;' src='https:\/\/ftp3.syscom.mx\/usuarios\/ftp\/single_page\/sunmax\/indoor.07d9ea42.png' alt='SolarPoint Pole'> <\/div>\n<div style='flex: 1 1 45%; min-width: 300px; border: 1px solid rgba(150&comma;150&comma;150&comma;0.3); border-radius: 8px; padding: 15px;'>\n<h3 style='font-size: 20px; margin-top: 0; color: inherit;'>Implementaci\u00f3n de rack de SolarSwitch<\/h3>\n<p style='color: inherit;'>Con el soporte de montaje en bastidor de un solo lado incluido&comma; el SolarSwitch se puede instalar en un gabinete de bastidor.<\/p>\n<p> <img style='width: 100%; height: auto; margin-top: 10px; border: 1px solid rgba(150&comma;150&comma;150&comma;0.3); border-radius: 8px;' src='https:\/\/ftp3.syscom.mx\/usuarios\/ftp\/single_page\/sunmax\/outdoor.4d712c06.png' alt='SolarSwitch Rack'> <\/div>\n<\/p><\/div>\n<\/p><\/div>\n<p> <!-- Monitoreo remoto --> <\/p>\n<div style='margin-bottom: 30px;'>\n<div style='text-align: center; margin-bottom: 20px;'>\n<h2 style='font-size: 24px; margin: 0 0 10px 0; color: inherit;'>Monitoreo remoto y configuraci\u00f3n<\/h2>\n<p style='color: inherit; margin: 0;'>Dise\u00f1ada para una administraci\u00f3n conveniente&comma; la interfaz de configuraci\u00f3n SolarPoint y SolarSwitch permite a los administradores configurar dispositivos y monitorear la carga en una interfaz de usuario simple y gr\u00e1fica.<\/p>\n<\/p><\/div>\n<p> <img style='width: 100%; height: auto; border: 1px solid rgba(150&comma;150&comma;150&comma;0.3); border-radius: 8px;' src='https:\/\/ftp3.syscom.mx\/usuarios\/ftp\/single_page\/sunmax\/sunmax-software.png' alt='Interfaz de software'> <\/p>\n<div style='display: flex; flex-wrap: wrap; gap: 15px; margin-top: 20px;'>\n<div style='flex: 1 1 45%; min-width: 250px;'>\n<div style='display: flex; align-items: start; gap: 10px;'> <img style='max-height: 50px; width: auto; height: auto; border: 1px solid rgba(150&comma;150&comma;150&comma;0.3); border-radius: 8px;' src='https:\/\/ftp3.syscom.mx\/usuarios\/ftp\/single_page\/sunmax\/Graphical.png' alt='Interfaz de Usuario Simple y Gr\u00e1fica'> <\/p>\n<div style='color: inherit;'> <strong>Interfaz de Usuario Simple y Gr\u00e1fica<\/strong><br \/>Ayuda a controlar y monitorear f\u00e1cilmente los dispositivos <\/div>\n<\/p><\/div>\n<\/p><\/div>\n<div style='flex: 1 1 45%; min-width: 250px;'>\n<div style='display: flex; align-items: start; gap: 10px;'> <img style='max-height: 50px; width: auto; height: auto; border: 1px solid rgba(150&comma;150&comma;150&comma;0.3); border-radius: 8px;' src='https:\/\/ftp3.syscom.mx\/usuarios\/ftp\/single_page\/sunmax\/Embedded.png' alt='AP Integrado'> <\/p>\n<div style='color: inherit;'> <strong>AP Integrado<\/strong><br \/>Con\u00e9ctese a SolarPoint o SolarSwitch a trav\u00e9s del punto de acceso incorporado <\/div>\n<\/p><\/div>\n<\/p><\/div>\n<div style='flex: 1 1 45%; min-width: 250px;'>\n<div style='display: flex; align-items: start; gap: 10px;'> <img style='max-height: 50px; width: auto; height: auto; border: 1px solid rgba(150&comma;150&comma;150&comma;0.3); border-radius: 8px;' src='https:\/\/ftp3.syscom.mx\/usuarios\/ftp\/single_page\/sunmax\/Management.png' alt='Gestor Remoto'> <\/p>\n<div style='color: inherit;'> <strong>Gestor Remoto<\/strong><br \/>Controlador de acceso de gesti\u00f3n remota a trav\u00e9s de la interfaz de usuario web <\/div>\n<\/p><\/div>\n<\/p><\/div>\n<div style='flex: 1 1 45%; min-width: 250px;'>\n<div style='display: flex; align-items: start; gap: 10px;'> <img style='max-height: 50px; width: auto; height: auto; border: 1px solid rgba(150&comma;150&comma;150&comma;0.3); border-radius: 8px;' src='https:\/\/ftp3.syscom.mx\/usuarios\/ftp\/single_page\/sunmax\/Scheduling.png' alt='Programaci\u00f3n de energ\u00eda'> <\/p>\n<div style='color: inherit;'> <strong>Programaci\u00f3n de energ\u00eda<\/strong><br \/>Ahorre energ\u00eda de la bater\u00eda durante las horas designadas <\/div>\n<\/p><\/div>\n<\/p><\/div>\n<\/p><\/div>\n<\/p><\/div>\n<p> <!-- Especificaciones --> <\/p>\n<div style='margin-bottom: 30px;'>\n<h2 style='font-size: 24px; border-bottom: 2px solid currentColor; padding-bottom: 5px; margin: 0 0 20px 0; color: inherit;'>Especificaciones<\/h2>\n<div style='display: flex; flex-wrap: wrap; gap: 20px;'>\n<div style='flex: 1 1 45%; min-width: 300px; border: 1px solid rgba(150&comma;150&comma;150&comma;0.4); border-radius: 8px; overflow: hidden;'>\n<div style='padding: 15px; border-bottom: 1px solid rgba(150&comma;150&comma;150&comma;0.2); font-weight: bold; font-size: 18px; color: inherit;'>Especificaciones F\u00edsicas<\/div>\n<div style='padding: 15px; color: inherit;'>\n<ul style='padding-left: 20px; margin: 0; font-size: 14px; list-style-type: disc;'>\n<li style='margin-bottom: 5px;'><strong>Dimensiones:<\/strong> 202 x 186 x 50 mm (7.95 x 7.32 x 1.97&#8242;)<\/li>\n<li style='margin-bottom: 5px;'><strong>Peso:<\/strong> 650 g (1.43 lb)<\/li>\n<li style='margin-bottom: 5px;'><strong>Enclosure:<\/strong> UV-Resistant Polycarbonate<\/li>\n<li style='margin-bottom: 5px;'><strong>Consumo M\u00e1x.:<\/strong> 2 W<\/li>\n<\/ul><\/div>\n<\/p><\/div>\n<div style='flex: 1 1 45%; min-width: 300px; border: 1px solid rgba(150&comma;150&comma;150&comma;0.4); border-radius: 8px; overflow: hidden;'>\n<div style='padding: 15px; border-bottom: 1px solid rgba(150&comma;150&comma;150&comma;0.2); font-weight: bold; font-size: 18px; color: inherit;'>Conectividad<\/div>\n<div style='padding: 15px; color: inherit;'>\n<ul style='padding-left: 20px; margin: 0; font-size: 14px; list-style-type: disc;'>\n<li style='margin-bottom: 5px;'><strong>Interfaz de Red:<\/strong> (4) 10\/100 Mbps<\/li>\n<li style='margin-bottom: 5px;'><strong>Administraci\u00f3n:<\/strong> V\u00eda Ethernet&comma; Wi-Fi (2.4 GHz)<\/li>\n<li style='margin-bottom: 5px;'><strong>Bot\u00f3n:<\/strong> Reset<\/li>\n<li style='margin-bottom: 5px;'><strong>LEDs:<\/strong> System&comma; Output<\/li>\n<\/ul><\/div>\n<\/p><\/div>\n<div style='flex: 1 1 45%; min-width: 300px; border: 1px solid rgba(150&comma;150&comma;150&comma;0.4); border-radius: 8px; overflow: hidden;'>\n<div style='padding: 15px; border-bottom: 1px solid rgba(150&comma;150&comma;150&comma;0.2); font-weight: bold; font-size: 18px; color: inherit;'>Especificaciones El\u00e9ctricas<\/div>\n<div style='padding: 15px; color: inherit;'>\n<ul style='padding-left: 20px; margin: 0; font-size: 14px; list-style-type: disc;'>\n<li style='margin-bottom: 5px;'><strong>Fuente de Alimentaci\u00f3n:<\/strong> Panel PV (Conectores H4)<\/li>\n<li style='margin-bottom: 5px;'><strong>Rango de Voltaje de Entrada del PV:<\/strong> 10 &#8211; 60 V (Protecci\u00f3n Inversa&comma; Protecci\u00f3n contra sobre-tensiones) Voltaje M\u00e1ximo de Circuito Abierto: 60 V<\/li>\n<li style='margin-bottom: 5px;'><strong>Corriente M\u00e1xima PV:<\/strong> 10 A<\/li>\n<li style='margin-bottom: 5px;'><strong>Control de PV:<\/strong> MPPT<\/li>\n<\/ul><\/div>\n<\/p><\/div>\n<div style='flex: 1 1 45%; min-width: 300px; border: 1px solid rgba(150&comma;150&comma;150&comma;0.4); border-radius: 8px; overflow: hidden;'>\n<div style='padding: 15px; border-bottom: 1px solid rgba(150&comma;150&comma;150&comma;0.2); font-weight: bold; font-size: 18px; color: inherit;'>Salida<\/div>\n<div style='padding: 15px; color: inherit;'>\n<ul style='padding-left: 20px; margin: 0; font-size: 14px; list-style-type: disc;'>\n<li style='margin-bottom: 5px;'><strong>Interfaces de Salida:<\/strong> 24 Vcc PoE Pasivo (Pines 4&comma; 5+; 7&comma; 8-)&comma; Terminal block 24 Vcc<\/li>\n<li style='margin-bottom: 5px;'><strong>Voltaje de Salida:<\/strong> Voltaje de la bater\u00eda limitado a 24 V (Protecci\u00f3n contra sobre-tensiones)<\/li>\n<li style='margin-bottom: 5px;'><strong>Potencia M\u00e1xima de Salida:<\/strong> PoE: 17 W&comma; Salida CC: 24 W&comma; Total: 40 W Max.<\/li>\n<\/ul><\/div>\n<\/p><\/div>\n<div style='flex: 1 1 45%; min-width: 300px; border: 1px solid rgba(150&comma;150&comma;150&comma;0.4); border-radius: 8px; overflow: hidden;'>\n<div style='padding: 15px; border-bottom: 1px solid rgba(150&comma;150&comma;150&comma;0.2); font-weight: bold; font-size: 18px; color: inherit;'>Bater\u00eda<\/div>\n<div style='padding: 15px; color: inherit;'>\n<ul style='padding-left: 20px; margin: 0; font-size: 14px; list-style-type: disc;'>\n<li style='margin-bottom: 5px;'><strong>Tipo:<\/strong> 24 V SLA&comma; AGM&comma; Gel lead battery<\/li>\n<li style='margin-bottom: 5px;'><strong>Absorption Voltage Steps:<\/strong> 27.4 V&comma; 28.2 V&comma; 29.1 V&comma; 30 V<\/li>\n<li style='margin-bottom: 5px;'><strong>Float Charge Voltage:<\/strong> 95% of Absorption Voltage<\/li>\n<li style='margin-bottom: 5px;'><strong>Max. Charge Current:<\/strong> 7 A<\/li>\n<li style='margin-bottom: 5px;'><strong>Under Voltage Protection:<\/strong> 22 \u2013 23.6 V Software Configurable&comma; 22 V Hardware Protection&comma; Two Priority Levels for Output Disable<\/li>\n<\/ul><\/div>\n<\/p><\/div>\n<div style='flex: 1 1 45%; min-width: 300px; border: 1px solid rgba(150&comma;150&comma;150&comma;0.4); border-radius: 8px; overflow: hidden;'>\n<div style='padding: 15px; border-bottom: 1px solid rgba(150&comma;150&comma;150&comma;0.2); font-weight: bold; font-size: 18px; color: inherit;'>Condiciones Ambientales<\/div>\n<div style='padding: 15px; color: inherit;'>\n<ul style='padding-left: 20px; margin: 0; font-size: 14px; list-style-type: disc;'>\n<li style='margin-bottom: 5px;'><strong>Temperatura de Operaci\u00f3n:<\/strong> -20 a 50\u00b0 C (-4 to 122\u00b0 F)<\/li>\n<li style='margin-bottom: 5px;'><strong>Humedad:<\/strong> IPx4<\/li>\n<li style='margin-bottom: 5px;'><strong>Certificaciones:<\/strong> FCC&comma; IC&comma; CE<\/li>\n<\/ul><\/div>\n<\/p><\/div>\n<\/p><\/div>\n<\/p><\/div>\n<p> <!-- Notas --> <\/p>\n<div style='margin-bottom: 30px;'>\n<p style='color: #dc3545; font-size: 15px; margin: 0 0 10px 0;'>* Necesita arreglo de bater\u00edas a 24 V.<\/p>\n<p style='color: #dc3545; font-size: 15px; margin: 0;'>* Las bater\u00edas y los paneles solares no est\u00e1n incluidos.<\/p>\n<\/p><\/div>\n<p> <!-- Separador --> <\/p>\n<hr style='border: 0; border-top: 1px solid rgba(150&comma;150&comma;150&comma;0.3); margin: 30px 0;'> <\/div>\n<p> <script> \/\/ Script para el carousel const carouselInner = document.getElementById('carousel-inner'); const slides = carouselInner.children; const indicators = document.querySelectorAll('[data-slide-to]'); let currentSlide = 0; function showSlide(index) { if (index >= slides.length) { currentSlide = 0; } else if (index < 0) { currentSlide = slides.length - 1; } else { currentSlide = index; } carouselInner.style.transform = `translateX(-${currentSlide * 20}%)`; \/\/ Actualizar indicadores indicators.forEach((indicator&comma; i) => { indicator.style.background = i === currentSlide ? 'rgba(0&comma;0&comma;0&comma;0.8)' : 'rgba(0&comma;0&comma;0&comma;0.3)'; }); } \/\/ Event listeners para los botones document.getElementById('prev-slide').addEventListener('click'&comma; () => { showSlide(currentSlide - 1); }); document.getElementById('next-slide').addEventListener('click'&comma; () => { showSlide(currentSlide + 1); }); \/\/ Event listeners para los indicadores indicators.forEach((indicator&comma; index) => { indicator.addEventListener('click'&comma; () => { showSlide(index); }); }); <\/script><\/p>\n","protected":false},"excerpt":{"rendered":"<p>Controlador de carga MPPT SunMax Solar Point 24V 7A para exterior con switch PoE pasivo 24V integrado para alimentar equipos airMAX<\/p>\n","protected":false},"featured_media":118489,"comment_status":"open","ping_status":"closed","template":"","meta":[],"product_brand":[],"product_cat":[1986],"product_tag":[664,1987,166],"class_list":{"0":"post-118490","1":"product","2":"type-product","3":"status-publish","4":"has-post-thumbnail","6":"product_cat-switches-poe","7":"product_tag-networking","8":"product_tag-switches-poe","9":"product_tag-ubiquiti","11":"first","12":"outofstock","13":"sale","14":"shipping-taxable","15":"purchasable","16":"product-type-simple"},"_links":{"self":[{"href":"https:\/\/soydeaqui.ddns.net\/pachuca\/index.php\/wp-json\/wp\/v2\/product\/118490","targetHints":{"allow":["GET"]}}],"collection":[{"href":"https:\/\/soydeaqui.ddns.net\/pachuca\/index.php\/wp-json\/wp\/v2\/product"}],"about":[{"href":"https:\/\/soydeaqui.ddns.net\/pachuca\/index.php\/wp-json\/wp\/v2\/types\/product"}],"replies":[{"embeddable":true,"href":"https:\/\/soydeaqui.ddns.net\/pachuca\/index.php\/wp-json\/wp\/v2\/comments?post=118490"}],"wp:featuredmedia":[{"embeddable":true,"href":"https:\/\/soydeaqui.ddns.net\/pachuca\/index.php\/wp-json\/wp\/v2\/media\/118489"}],"wp:attachment":[{"href":"https:\/\/soydeaqui.ddns.net\/pachuca\/index.php\/wp-json\/wp\/v2\/media?parent=118490"}],"wp:term":[{"taxonomy":"product_brand","embeddable":true,"href":"https:\/\/soydeaqui.ddns.net\/pachuca\/index.php\/wp-json\/wp\/v2\/product_brand?post=118490"},{"taxonomy":"product_cat","embeddable":true,"href":"https:\/\/soydeaqui.ddns.net\/pachuca\/index.php\/wp-json\/wp\/v2\/product_cat?post=118490"},{"taxonomy":"product_tag","embeddable":true,"href":"https:\/\/soydeaqui.ddns.net\/pachuca\/index.php\/wp-json\/wp\/v2\/product_tag?post=118490"}],"curies":[{"name":"wp","href":"https:\/\/api.w.org\/{rel}","templated":true}]}}