{"id":118457,"date":"2026-03-24T04:12:11","date_gmt":"2026-03-24T04:12:11","guid":{"rendered":"https:\/\/soydeaqui.ddns.net\/pachuca\/index.php\/producto\/pantalla-profesional-led-de-43-uhd-4k-3840x2160p-entradas-de-video-hdmi-displayport-hdcp-bocinas-integradas-de-10-w-compatible-vesa\/"},"modified":"2026-03-24T04:12:31","modified_gmt":"2026-03-24T04:12:31","slug":"pantalla-profesional-led-de-43-uhd-4k-3840x2160p-entradas-de-video-hdmi-displayport-hdcp-bocinas-integradas-de-10-w-compatible-vesa","status":"publish","type":"product","link":"https:\/\/soydeaqui.ddns.net\/pachuca\/index.php\/producto\/pantalla-profesional-led-de-43-uhd-4k-3840x2160p-entradas-de-video-hdmi-displayport-hdcp-bocinas-integradas-de-10-w-compatible-vesa\/","title":{"rendered":"Pantalla Profesional LED de 43&#8243;, UHD 4K (3840x2160p), Entradas de Video HDMI\/DisplayPort\/HDCP, Bocinas Integradas de 10 W. Compatible VESA"},"content":{"rendered":"<div style='width: 100%; max-width: 1200px; margin: 0 auto; font-family: sans-serif; line-height: 1.6; color: inherit; background-color: transparent;'> <!-- Secci\u00f3n de garant\u00eda --> <\/p>\n<div style='margin-bottom: 30px;'>\n<h3 style='font-size: 22px; border-bottom: 2px solid currentColor; padding-bottom: 5px; margin-top: 0; color: inherit; opacity: 0.8;'>Pol\u00edtica de Garant\u00eda<\/h3>\n<p style='font-size: 15px; margin-bottom: 15px; color: inherit;'>SYSCOM se apega a las pol\u00edticas de garant\u00eda de cada proveedor de la marca y\/o f\u00e1brica.<\/p>\n<p style='font-size: 15px; margin-bottom: 15px; color: inherit;'>La cobertura de garant\u00eda por defecto de f\u00e1brica y\/o mal funcionamiento es de 90 d\u00edas con Syscom. Posterior a este periodo&comma; la garant\u00eda es directa con el fabricante.<\/p>\n<p style='font-size: 15px; margin-bottom: 15px; color: inherit;'>En quebraduras&comma; da\u00f1os f\u00edsicos de equipo y\/o empaque da\u00f1ado&comma; reportarlo dentro de las 24 horas posteriores a la fecha de recepci\u00f3n para el reclamo a paqueter\u00eda.<\/p>\n<\/p><\/div>\n<p> <!-- Secci\u00f3n de caracter\u00edsticas con grid --> <\/p>\n<div style='display: grid; grid-template-columns: repeat(auto-fill&comma; minmax(280px&comma; 1fr)); gap: 30px; margin-bottom: 30px;'> <!-- Caracter\u00edsticas principales --> <\/p>\n<div style='border: 1px solid rgba(150&comma; 150&comma; 150&comma; 0.4); border-radius: 8px; overflow: hidden; display: flex; flex-direction: column;'>\n<div style='padding: 15px; border-bottom: 1px solid rgba(150&comma; 150&comma; 150&comma; 0.2); font-weight: bold; font-size: 18px; color: inherit; background-color: rgba(4&comma; 17&comma; 250&comma; 0.05);'>Caracter\u00edsticas principales<\/div>\n<div style='padding: 15px; color: inherit;'>\n<ul style='padding-left: 20px; margin: 0; font-size: 14px; list-style-type: disc;'>\n<li style='margin-bottom: 5px;'><strong>Tama\u00f1o diagonal:<\/strong> 43&#8242;<\/li>\n<li style='margin-bottom: 5px;'><strong>Resoluci\u00f3n:<\/strong> 4K (3840 x 2160 pix.)<\/li>\n<li style='margin-bottom: 5px;'><strong>Relaci\u00f3n de aspecto:<\/strong> 16:9<\/li>\n<li style='margin-bottom: 5px;'><strong>Brillo:<\/strong> 500 nit.<\/li>\n<li style='margin-bottom: 5px;'><strong>Bisel:<\/strong> 9.2 (arriba&comma; lados) x 11.2 (abajo) mm<\/li>\n<li style='margin-bottom: 5px;'><strong>Relaci\u00f3n de contraste:<\/strong> 4000:1<\/li>\n<li style='margin-bottom: 5px;'><strong>Bocinas integradas:<\/strong> 10 W.<\/li>\n<li style='margin-bottom: 5px;'><strong>Aplicable para:<\/strong> video solamente<\/li>\n<li style='margin-bottom: 5px;'><strong>Compatible con:<\/strong> Magicinfo<\/li>\n<li style='margin-bottom: 5px;'><strong>Operaci\u00f3n:<\/strong> 24\/7<\/li>\n<\/ul><\/div>\n<\/p><\/div>\n<p> <!-- Conectividad --> <\/p>\n<div style='border: 1px solid rgba(150&comma; 150&comma; 150&comma; 0.4); border-radius: 8px; overflow: hidden; display: flex; flex-direction: column;'>\n<div style='padding: 15px; border-bottom: 1px solid rgba(150&comma; 150&comma; 150&comma; 0.2); font-weight: bold; font-size: 18px; color: inherit; background-color: rgba(4&comma; 17&comma; 250&comma; 0.05);'>Conectividad<\/div>\n<div style='padding: 15px; color: inherit;'>\n<ul style='padding-left: 20px; margin: 0; font-size: 14px; list-style-type: disc;'>\n<li style='margin-bottom: 5px;'><strong>Entradas de Video:<\/strong> Display port&comma; HDMI&comma; HDCP2.2<\/li>\n<li style='margin-bottom: 5px;'><strong>Entrada de Audio:<\/strong> mini Jack Estereo<\/li>\n<li style='margin-bottom: 5px;'><strong>Puerto:<\/strong> x2 USB 2.0<\/li>\n<li style='margin-bottom: 5px;'><strong>Salidas de Audio:<\/strong> mini Jack Estereo<\/li>\n<\/ul>\n<h4 style='margin-top: 15px; margin-bottom: 10px; font-size: 16px; color: inherit;'><strong>Control externo:<\/strong><\/h4>\n<ul style='padding-left: 20px; margin: 0; font-size: 14px; list-style-type: disc;'>\n<li style='margin-bottom: 5px;'>Puerto RS-232C<\/li>\n<li style='margin-bottom: 5px;'>Puerto RJ45<\/li>\n<li style='margin-bottom: 5px;'>Sensor externo IR<\/li>\n<\/ul><\/div>\n<\/p><\/div>\n<p> <!-- Caracter\u00edsticas f\u00edsicas y el\u00e9ctricas --> <\/p>\n<div style='border: 1px solid rgba(150&comma; 150&comma; 150&comma; 0.4); border-radius: 8px; overflow: hidden; display: flex; flex-direction: column;'>\n<div style='padding: 15px; border-bottom: 1px solid rgba(150&comma; 150&comma; 150&comma; 0.2); font-weight: bold; font-size: 18px; color: inherit; background-color: rgba(4&comma; 17&comma; 250&comma; 0.05);'>Caracter\u00edsticas f\u00edsicas y el\u00e9ctricas<\/div>\n<div style='padding: 15px; color: inherit;'>\n<ul style='padding-left: 20px; margin: 0; font-size: 14px; list-style-type: disc;'>\n<li style='margin-bottom: 5px;'><strong>Temperatura de operaci\u00f3n:<\/strong> 0 a 40 \u00b0C<\/li>\n<li style='margin-bottom: 5px;'><strong>Alimentaci\u00f3n:<\/strong> 100-240 Vca&comma; 110 W.<\/li>\n<li style='margin-bottom: 5px;'><strong>Compatible con VESA:<\/strong> 200 x 200 mm. No incluye Tornilleria.<\/li>\n<li style='margin-bottom: 5px;'><strong>Dimensiones:<\/strong> 967.5 x 557.7 x 48.3 mm.<\/li>\n<li style='margin-bottom: 5px;'><strong>Peso:<\/strong> 10 Kg.<\/li>\n<li style='margin-bottom: 5px;'><strong>Accesorios:<\/strong> No incluye montajes de pared ni de escritorio<\/li>\n<\/ul><\/div>\n<\/p><\/div>\n<\/p><\/div>\n<p> <!-- Separador --> <\/p>\n<hr style='border: 0; border-top: 1px solid rgba(150&comma; 150&comma; 150&comma; 0.3); margin: 30px 0;'> <\/div>\n","protected":false},"excerpt":{"rendered":"<p>Pantalla Profesional LED de 43&#8243;, UHD 4K (3840x2160p), Entradas de Video HDMI\/DisplayPort\/HDCP, Bocinas Integradas de 10 W. Compatible VESA<\/p>\n","protected":false},"featured_media":118456,"comment_status":"open","ping_status":"closed","template":"","meta":[],"product_brand":[],"product_cat":[2191],"product_tag":[2089,2192,2193],"class_list":{"0":"post-118457","1":"product","2":"type-product","3":"status-publish","4":"has-post-thumbnail","6":"product_cat-pantallas-monitores-monitores-pantallas-y-mobiliario","7":"product_tag-monitores-pantallas-y-mobiliario","8":"product_tag-pantallas-monitores-2","9":"product_tag-samsung-electronics","11":"first","12":"outofstock","13":"sale","14":"shipping-taxable","15":"purchasable","16":"product-type-simple"},"_links":{"self":[{"href":"https:\/\/soydeaqui.ddns.net\/pachuca\/index.php\/wp-json\/wp\/v2\/product\/118457","targetHints":{"allow":["GET"]}}],"collection":[{"href":"https:\/\/soydeaqui.ddns.net\/pachuca\/index.php\/wp-json\/wp\/v2\/product"}],"about":[{"href":"https:\/\/soydeaqui.ddns.net\/pachuca\/index.php\/wp-json\/wp\/v2\/types\/product"}],"replies":[{"embeddable":true,"href":"https:\/\/soydeaqui.ddns.net\/pachuca\/index.php\/wp-json\/wp\/v2\/comments?post=118457"}],"wp:featuredmedia":[{"embeddable":true,"href":"https:\/\/soydeaqui.ddns.net\/pachuca\/index.php\/wp-json\/wp\/v2\/media\/118456"}],"wp:attachment":[{"href":"https:\/\/soydeaqui.ddns.net\/pachuca\/index.php\/wp-json\/wp\/v2\/media?parent=118457"}],"wp:term":[{"taxonomy":"product_brand","embeddable":true,"href":"https:\/\/soydeaqui.ddns.net\/pachuca\/index.php\/wp-json\/wp\/v2\/product_brand?post=118457"},{"taxonomy":"product_cat","embeddable":true,"href":"https:\/\/soydeaqui.ddns.net\/pachuca\/index.php\/wp-json\/wp\/v2\/product_cat?post=118457"},{"taxonomy":"product_tag","embeddable":true,"href":"https:\/\/soydeaqui.ddns.net\/pachuca\/index.php\/wp-json\/wp\/v2\/product_tag?post=118457"}],"curies":[{"name":"wp","href":"https:\/\/api.w.org\/{rel}","templated":true}]}}