{"id":118439,"date":"2026-03-24T04:11:07","date_gmt":"2026-03-24T04:11:07","guid":{"rendered":"https:\/\/soydeaqui.ddns.net\/pachuca\/index.php\/producto\/servidor-nas-de-1-bahias-hasta-16-tb-servicio-nube-gratis-p2p-administracion-remota-y-respaldo-programado\/"},"modified":"2026-03-24T04:11:26","modified_gmt":"2026-03-24T04:11:26","slug":"servidor-nas-de-1-bahias-hasta-16-tb-servicio-nube-gratis-p2p-administracion-remota-y-respaldo-programado","status":"publish","type":"product","link":"https:\/\/soydeaqui.ddns.net\/pachuca\/index.php\/producto\/servidor-nas-de-1-bahias-hasta-16-tb-servicio-nube-gratis-p2p-administracion-remota-y-respaldo-programado\/","title":{"rendered":"Servidor NAS de 1 Bah\u00edas \/ Hasta 16 TB \/ Servicio Nube Gratis (P2P) \/ Administraci\u00f3n Remota y Respaldo Programado"},"content":{"rendered":"<div style='width: 100%; max-width: 1200px; margin: 0 auto; font-family: sans-serif; line-height: 1.6; color: inherit; background-color: transparent;'> <!-- Banner de garant\u00eda --> <\/p>\n<div style='text-align: center; margin-bottom: 30px;'> <a style='color: inherit; text-decoration: none;' href='https:\/\/ftp3.syscom.mx\/usuarios\/nortega\/synology\/PROCEDIMIENTO%20DE%20GARANTIAS.pdf'> <img style='width: 100%; max-width: 900px; height: auto; border: 1px solid rgba(150&comma;150&comma;150&comma;0.3); border-radius: 8px;' src='https:\/\/ftp3.syscom.mx\/usuarios\/nortega\/synology\/imagenes\/cintillo%20garantia.jpg' alt=''> <\/a> <\/div>\n<p> <!-- Secciones principales --> <\/p>\n<div style='display: flex; flex-wrap: wrap; gap: 30px; margin-bottom: 30px;'> <!-- Caracter\u00edsticas principales --> <\/p>\n<div style='flex: 1 1 300px; min-width: 280px;'>\n<h3 style='font-size: 22px; border-bottom: 2px solid currentColor; padding-bottom: 5px; margin-top: 0; color: inherit; opacity: 0.8;'>Caracter\u00edsticas principales<\/h3>\n<ul style='padding-left: 20px; font-size: 15px; color: inherit;'>\n<li style='margin-bottom: 5px;'><strong>Procesador:<\/strong> Marvell Armada 3700<\/li>\n<li style='margin-bottom: 5px;'><strong>Frecuencia:<\/strong> Doble n\u00facleo 800 MHz<\/li>\n<li style='margin-bottom: 5px;'><strong>Memoria RAM:<\/strong> 512MB DDR3L<\/li>\n<li style='margin-bottom: 5px;'><strong>Puertos:<\/strong>\n<ul style='padding-left: 25px; margin-top: 5px; margin-bottom: 5px;'>\n<li style='margin-bottom: 5px;'>1 x RJ45 1GbE<\/li>\n<li style='margin-bottom: 5px;'>2 x USB 2.0<\/li>\n<\/ul>\n<\/li>\n<li style='margin-bottom: 5px;'><strong>Garant\u00eda:<\/strong> 2 a\u00f1os<\/li>\n<\/ul><\/div>\n<p> <!-- Caracter\u00edsticas F\u00edsicas y El\u00e9ctricas --> <\/p>\n<div style='flex: 1 1 300px; min-width: 280px;'>\n<h3 style='font-size: 22px; border-bottom: 2px solid currentColor; padding-bottom: 5px; margin-top: 0; color: inherit; opacity: 0.8;'>Caracter\u00edsticas F\u00edsicas y El\u00e9ctricas<\/h3>\n<ul style='padding-left: 20px; font-size: 15px; color: inherit;'>\n<li style='margin-bottom: 5px;'><strong>Alimentaci\u00f3n:<\/strong> 100V a 240V CA (incluye eliminador)<\/li>\n<li style='margin-bottom: 5px;'><strong>Consumo:<\/strong> 9.81W<\/li>\n<li style='margin-bottom: 5px;'><strong>Temperatura de operaci\u00f3n:<\/strong> 5\u00b0C a 35\u00b0C<\/li>\n<li style='margin-bottom: 5px;'><strong>Dimensiones:<\/strong> 166 mm x 71 mm x 224 mm<\/li>\n<li style='margin-bottom: 5px;'><strong>Peso:<\/strong> 0.7 Kg (sin disco duro)<\/li>\n<li style='margin-bottom: 5px;'><strong>Compatible con:<\/strong> Candado Kensington<\/li>\n<\/ul><\/div>\n<p> <!-- Almacenamiento --> <\/p>\n<div style='flex: 1 1 300px; min-width: 280px;'>\n<h3 style='font-size: 22px; border-bottom: 2px solid currentColor; padding-bottom: 5px; margin-top: 0; color: inherit; opacity: 0.8;'>Almacenamiento<\/h3>\n<ul style='padding-left: 20px; font-size: 15px; color: inherit;'>\n<li style='margin-bottom: 5px;'><strong>Bah\u00edas:<\/strong> 1 (disco no incluido)<\/li>\n<ul style='padding-left: 25px; margin-top: 5px; margin-bottom: 5px;'>\n<li style='margin-bottom: 5px;'>Soporta discos 3.5&#8242; y 2.5&#8242;<\/li>\n<li style='margin-bottom: 5px;'>Hasta 16TB<\/li>\n<\/ul>\n<li style='margin-bottom: 5px;'><strong>RAID soportado:<\/strong>\n<ul style='padding-left: 25px; margin-top: 5px; margin-bottom: 5px;'>\n<li style='margin-bottom: 5px;'>B\u00e1sico<\/li>\n<\/ul>\n<\/li>\n<\/ul><\/div>\n<\/p><\/div>\n<p> <!-- Imagen de compatibilidad --> <\/p>\n<div style='text-align: center; margin: 30px 0;'> <a style='color: inherit; text-decoration: none;' href='https:\/\/www.synology.com\/es-mx\/compatibility?search_by=products&#038;model=DS120j&#038;category=hdds_no_ssd_trim&#038;p=1&#038;change_log_p=1' target='_blank' rel='noopener'> <img style='width: 100%; max-width: 800px; height: auto; border: 1px solid rgba(150&comma;150&comma;150&comma;0.3); border-radius: 8px;' src='http:\/\/ftp3.syscom.mx\/usuarios\/nortega\/synology\/compatibilidad.jpg' alt=''> <\/a> <\/div>\n<p> <!-- Secci\u00f3n Surveillance Station --> <\/p>\n<div style='display: flex; flex-wrap: wrap; gap: 30px; margin-bottom: 30px; align-items: center; background-color: rgba(97&comma; 109&comma; 113&comma; 0.9); border-radius: 8px; padding: 20px; color: white;'>\n<div style='flex: 1 1 300px; min-width: 280px; text-align: right;'>\n<h2 style='margin-top: 0; color: inherit;'>Surveillance Station<\/h2>\n<p style='color: inherit;'>Proteja su empresa&comma; su hogar y otros entornos con el sistema Surveillance Station es cual es fiable e intuitivo&comma; adem\u00e1s ofrece herramientas inteligentes de supervisi\u00f3n y de gesti\u00f3n de v\u00eddeo para proteger sus valiosos activos.<\/p>\n<p style='color: inherit;'><strong>El NAS DS120j Soporta hasta 5 c\u00e1maras de 5MP (10 IPS)<\/strong><\/p>\n<p style='text-align: right; margin: 0;'><a style='color: white; text-decoration: underline;' href='https:\/\/www.synology.com\/es-mx\/compatibility\/camera' target='_blank' rel='noopener'>Verifique compatibilidad con c\u00e1maras IP<\/a><\/p>\n<\/p><\/div>\n<div style='flex: 1 1 300px; min-width: 280px; text-align: center;'> <img style='width: 100%; max-width: 400px; height: auto; border: 1px solid rgba(150&comma;150&comma;150&comma;0.3); border-radius: 8px;' src='https:\/\/ftp3.syscom.mx\/usuarios\/nortega\/synology\/imagenes\/imagenes%20generales\/ss.png' alt=''> <\/div>\n<\/p><\/div>\n<p> <!-- Secci\u00f3n dispositivos m\u00f3viles --> <\/p>\n<div style='display: flex; flex-wrap: wrap; gap: 30px; margin-bottom: 30px; align-items: center;'>\n<div style='flex: 1 1 300px; min-width: 280px; text-align: center;'> <img style='width: 100%; max-width: 400px; height: auto; border: 1px solid rgba(150&comma;150&comma;150&comma;0.3); border-radius: 8px;' src='https:\/\/ftp3.syscom.mx\/usuarios\/nortega\/synology\/imagenes\/imagenes%20generales\/moviles.png' alt=''> <\/div>\n<div style='flex: 1 1 300px; min-width: 280px;'>\n<h3 style='font-size: 22px; margin-top: 0; color: inherit; opacity: 0.8;'>Integraci\u00f3n perfecta con sus dispositivos m\u00f3viles<\/h3>\n<p style='color: inherit;'>Las aplicaciones m\u00f3viles de Synology est\u00e1n dise\u00f1adas para permitir un acceso r\u00e1pido y seguro a sus datos desde cualquier ubicaci\u00f3n.<\/p>\n<div style='display: flex; gap: 15px; margin-top: 15px; justify-content: center;'> <img style='width: 62px; height: 62px; border: 1px solid rgba(150&comma;150&comma;150&comma;0.3); border-radius: 8px;' src='https:\/\/ftp3.syscom.mx\/usuarios\/nortega\/synology\/imagenes\/imagenes%20generales\/ds_audio.png' alt='DS Audio'> <img style='width: 62px; height: 62px; border: 1px solid rgba(150&comma;150&comma;150&comma;0.3); border-radius: 8px;' src='https:\/\/ftp3.syscom.mx\/usuarios\/nortega\/synology\/imagenes\/imagenes%20generales\/ds_photo.png' alt='DS Photo'> <img style='width: 62px; height: 62px; border: 1px solid rgba(150&comma;150&comma;150&comma;0.3); border-radius: 8px;' src='https:\/\/ftp3.syscom.mx\/usuarios\/nortega\/synology\/imagenes\/imagenes%20generales\/ds_video.png' alt='DS Video'> <\/div>\n<\/p><\/div>\n<\/p><\/div>\n<p> <!-- Soluci\u00f3n de copia de seguridad --> <\/p>\n<div style='display: flex; flex-wrap: wrap; gap: 30px; margin-bottom: 30px; align-items: center; background-color: rgba(97&comma; 109&comma; 113&comma; 0.9); border-radius: 8px; padding: 20px; color: white;'>\n<div style='flex: 1 1 300px; min-width: 280px; text-align: right;'>\n<h3 style='margin-top: 0; color: inherit;'>Soluci\u00f3n de copia de seguridad centralizada para sus dispositivos digitales<\/h3>\n<p style='color: inherit;'>La soluci\u00f3n de copia de seguridad completa de m\u00faltiples versiones de Synology protege sus activos digitales en ordenadores (Windows\/Mac) y tel\u00e9fonos m\u00f3viles (Android\/iOS) contra ataques maliciosos&comma; incluidas las crecientes amenazas de ransomware basadas en cifrado.<\/p>\n<\/p><\/div>\n<div style='flex: 1 1 300px; min-width: 280px; text-align: center;'> <img style='width: 100%; max-width: 400px; height: auto; border: 1px solid rgba(150&comma;150&comma;150&comma;0.3); border-radius: 8px;' src='https:\/\/ftp3.syscom.mx\/usuarios\/nortega\/synology\/imagenes\/imagenes%20generales\/computers.jpg' alt=''> <\/div>\n<\/p><\/div>\n<p> <!-- T\u00edtulo DSM --> <\/p>\n<div style='text-align: center; margin: 30px 0;'>\n<h2 style='margin: 0; color: inherit; opacity: 0.8;'><small>Con tecnolog\u00eda de Synology DiskStation Manager<\/small><\/h2>\n<\/p><\/div>\n<p> <!-- Secci\u00f3n DSM features --> <\/p>\n<div style='display: flex; flex-wrap: wrap; gap: 20px; margin-bottom: 30px;'> <!-- Card 1 --> <\/p>\n<div style='flex: 1 1 250px; border: 1px solid rgba(150&comma; 150&comma; 150&comma; 0.4); border-radius: 8px; overflow: hidden; display: flex; flex-direction: column;'>\n<div style='padding: 15px; border-bottom: 1px solid rgba(150&comma; 150&comma; 150&comma; 0.2); font-weight: bold; font-size: 18px; color: inherit;'>Administraci\u00f3n\/Servidor de archivos<\/div>\n<div style='padding: 15px; color: inherit;'>\n<div style='text-align: center; margin-bottom: 10px;'> <img style='width: 60px; height: 56px; border: 1px solid rgba(150&comma;150&comma;150&comma;0.3); border-radius: 8px;' src='http:\/\/ftp3.syscom.mx\/usuarios\/nortega\/synology\/imagenes\/imagenes%20generales\/iconos%20DSM\/archivos.png' alt=''> <\/div>\n<p style='font-size: 14px; text-align: center; margin: 0; color: inherit;'>Administraci\u00f3n de archivos y servicios compartidos integrados y potentes.<\/p>\n<\/p><\/div>\n<\/p><\/div>\n<p> <!-- Card 2 --> <\/p>\n<div style='flex: 1 1 250px; border: 1px solid rgba(150&comma; 150&comma; 150&comma; 0.4); border-radius: 8px; overflow: hidden; display: flex; flex-direction: column;'>\n<div style='padding: 15px; border-bottom: 1px solid rgba(150&comma; 150&comma; 150&comma; 0.2); font-weight: bold; font-size: 18px; color: inherit;'>Multimedia<\/div>\n<div style='padding: 15px; color: inherit;'>\n<div style='text-align: center; margin-bottom: 10px;'> <img style='width: 60px; height: 56px; border: 1px solid rgba(150&comma;150&comma;150&comma;0.3); border-radius: 8px;' src='http:\/\/ftp3.syscom.mx\/usuarios\/nortega\/synology\/imagenes\/imagenes%20generales\/iconos%20DSM\/multimedia.png' alt=''> <\/div>\n<p style='font-size: 14px; text-align: center; margin: 0; color: inherit;'>Soluci\u00f3n multimedia completa para la administraci\u00f3n&comma; transmisi\u00f3n y reproducci\u00f3n.<\/p>\n<\/p><\/div>\n<\/p><\/div>\n<p> <!-- Card 3 --> <\/p>\n<div style='flex: 1 1 250px; border: 1px solid rgba(150&comma; 150&comma; 150&comma; 0.4); border-radius: 8px; overflow: hidden; display: flex; flex-direction: column;'>\n<div style='padding: 15px; border-bottom: 1px solid rgba(150&comma; 150&comma; 150&comma; 0.2); font-weight: bold; font-size: 18px; color: inherit;'>Hyper Backup<\/div>\n<div style='padding: 15px; color: inherit;'>\n<div style='text-align: center; margin-bottom: 10px;'> <img style='width: 60px; height: 56px; border: 1px solid rgba(150&comma;150&comma;150&comma;0.3); border-radius: 8px;' src='http:\/\/ftp3.syscom.mx\/usuarios\/nortega\/synology\/imagenes\/imagenes%20generales\/iconos%20DSM\/hyperb.png' alt=''> <\/div>\n<p style='font-size: 14px; text-align: center; margin: 0; color: inherit;'>Almacene varias versiones de respaldo mediante una copia de seguridad de datos incrementales a nivel de bloque y la eliminaci\u00f3n de duplicados entre versiones.<\/p>\n<\/p><\/div>\n<\/p><\/div>\n<p> <!-- Card 4 --> <\/p>\n<div style='flex: 1 1 250px; border: 1px solid rgba(150&comma; 150&comma; 150&comma; 0.4); border-radius: 8px; overflow: hidden; display: flex; flex-direction: column;'>\n<div style='padding: 15px; border-bottom: 1px solid rgba(150&comma; 150&comma; 150&comma; 0.2); font-weight: bold; font-size: 18px; color: inherit;'>Interfaz de usuario de DSM<\/div>\n<div style='padding: 15px; color: inherit;'>\n<div style='text-align: center; margin-bottom: 10px;'> <img style='width: 60px; height: 56px; border: 1px solid rgba(150&comma;150&comma;150&comma;0.3); border-radius: 8px;' src='http:\/\/ftp3.syscom.mx\/usuarios\/nortega\/synology\/imagenes\/imagenes%20generales\/iconos%20DSM\/dsm.png' alt=''> <\/div>\n<p style='font-size: 14px; text-align: center; margin: 0; color: inherit;'>Sistema operativo galardonado que cuenta con una interfaz de usuario intuitiva y funciones potentes.<\/p>\n<\/p><\/div>\n<\/p><\/div>\n<p> <!-- Card 5 --> <\/p>\n<div style='flex: 1 1 250px; border: 1px solid rgba(150&comma; 150&comma; 150&comma; 0.4); border-radius: 8px; overflow: hidden; display: flex; flex-direction: column;'>\n<div style='padding: 15px; border-bottom: 1px solid rgba(150&comma; 150&comma; 150&comma; 0.2); font-weight: bold; font-size: 18px; color: inherit;'>Seguridad<\/div>\n<div style='padding: 15px; color: inherit;'>\n<div style='text-align: center; margin-bottom: 10px;'> <img style='width: 60px; height: 56px; border: 1px solid rgba(150&comma;150&comma;150&comma;0.3); border-radius: 8px;' src='http:\/\/ftp3.syscom.mx\/usuarios\/nortega\/synology\/imagenes\/imagenes%20generales\/iconos%20DSM\/seguridad.png' alt=''> <\/div>\n<p style='font-size: 14px; text-align: center; margin: 0; color: inherit;'>Proteja sus datos mediante completas herramientas de seguridad integradas para defender sus dispositivos frente a amenazas constantes.<\/p>\n<\/p><\/div>\n<\/p><\/div>\n<p> <!-- Card 6 --> <\/p>\n<div style='flex: 1 1 250px; border: 1px solid rgba(150&comma; 150&comma; 150&comma; 0.4); border-radius: 8px; overflow: hidden; display: flex; flex-direction: column;'>\n<div style='padding: 15px; border-bottom: 1px solid rgba(150&comma; 150&comma; 150&comma; 0.2); font-weight: bold; font-size: 18px; color: inherit;'>Servidor todo en uno<\/div>\n<div style='padding: 15px; color: inherit;'>\n<div style='text-align: center; margin-bottom: 10px;'> <img style='width: 60px; height: 56px; border: 1px solid rgba(150&comma;150&comma;150&comma;0.3); border-radius: 8px;' src='http:\/\/ftp3.syscom.mx\/usuarios\/nortega\/synology\/imagenes\/imagenes%20generales\/iconos%20DSM\/todoenuno.png' alt=''> <\/div>\n<p style='font-size: 14px; text-align: center; margin: 0; color: inherit;'>Ahorre inversiones adicionales mediante la integraci\u00f3n de varios servicios de red&comma; de internet o correo electr\u00f3nico y aplicaciones de administraci\u00f3n de su NAS.<\/p>\n<\/p><\/div>\n<\/p><\/div>\n<\/p><\/div>\n<\/p><\/div>\n","protected":false},"excerpt":{"rendered":"<p>Servidor NAS de 1 Bah\u00edas \/ Hasta 16 TB \/ Servicio Nube Gratis (P2P) \/ Administraci\u00f3n Remota y Respaldo Programado<\/p>\n","protected":false},"featured_media":118438,"comment_status":"open","ping_status":"closed","template":"","meta":[],"product_brand":[],"product_cat":[2234],"product_tag":[122,2235,1976],"class_list":{"0":"post-118439","1":"product","2":"type-product","3":"status-publish","4":"has-post-thumbnail","6":"product_cat-nvrs-network-video-recorders","7":"product_tag-camaras-ip-y-nvrs","8":"product_tag-nvrs-network-video-recorders","9":"product_tag-synology","11":"first","12":"outofstock","13":"sale","14":"shipping-taxable","15":"purchasable","16":"product-type-simple"},"_links":{"self":[{"href":"https:\/\/soydeaqui.ddns.net\/pachuca\/index.php\/wp-json\/wp\/v2\/product\/118439","targetHints":{"allow":["GET"]}}],"collection":[{"href":"https:\/\/soydeaqui.ddns.net\/pachuca\/index.php\/wp-json\/wp\/v2\/product"}],"about":[{"href":"https:\/\/soydeaqui.ddns.net\/pachuca\/index.php\/wp-json\/wp\/v2\/types\/product"}],"replies":[{"embeddable":true,"href":"https:\/\/soydeaqui.ddns.net\/pachuca\/index.php\/wp-json\/wp\/v2\/comments?post=118439"}],"wp:featuredmedia":[{"embeddable":true,"href":"https:\/\/soydeaqui.ddns.net\/pachuca\/index.php\/wp-json\/wp\/v2\/media\/118438"}],"wp:attachment":[{"href":"https:\/\/soydeaqui.ddns.net\/pachuca\/index.php\/wp-json\/wp\/v2\/media?parent=118439"}],"wp:term":[{"taxonomy":"product_brand","embeddable":true,"href":"https:\/\/soydeaqui.ddns.net\/pachuca\/index.php\/wp-json\/wp\/v2\/product_brand?post=118439"},{"taxonomy":"product_cat","embeddable":true,"href":"https:\/\/soydeaqui.ddns.net\/pachuca\/index.php\/wp-json\/wp\/v2\/product_cat?post=118439"},{"taxonomy":"product_tag","embeddable":true,"href":"https:\/\/soydeaqui.ddns.net\/pachuca\/index.php\/wp-json\/wp\/v2\/product_tag?post=118439"}],"curies":[{"name":"wp","href":"https:\/\/api.w.org\/{rel}","templated":true}]}}