{"id":118392,"date":"2026-03-24T04:08:31","date_gmt":"2026-03-24T04:08:31","guid":{"rendered":"https:\/\/soydeaqui.ddns.net\/pachuca\/index.php\/producto\/servidor-nas-para-rack-de-4-bahia-expandible-a-8-bahias-hasta-128-tb\/"},"modified":"2026-03-24T04:08:51","modified_gmt":"2026-03-24T04:08:51","slug":"servidor-nas-para-rack-de-4-bahia-expandible-a-8-bahias-hasta-128-tb","status":"publish","type":"product","link":"https:\/\/soydeaqui.ddns.net\/pachuca\/index.php\/producto\/servidor-nas-para-rack-de-4-bahia-expandible-a-8-bahias-hasta-128-tb\/","title":{"rendered":"Servidor Nas para rack de 4 bah\u00eda \/ Expandible a 8 bah\u00edas \/ Hasta 128 TB"},"content":{"rendered":"<div style='width: 100%; max-width: 1200px; margin: 0 auto; font-family: sans-serif; line-height: 1.6; color: inherit; background-color: transparent;'> <!-- Banner de garant\u00eda --> <a style='display: block; margin: 0 auto; text-align: center; color: inherit; text-decoration: none;' href='https:\/\/ftp3.syscom.mx\/usuarios\/ftp\/2018\/10\/17\/be9cb\/PROCEDIMIENTO%20GARANTIA%20SYNOLOGY.pdf'> <img style='width: 100%; max-width: 900px; height: auto; border: 1px solid rgba(150&comma;150&comma;150&comma;0.3); border-radius: 8px; margin: 0 auto;' src='https:\/\/ftp3.syscom.mx\/usuarios\/nortega\/synology\/imagenes\/cintillo%20garantia.jpg' alt=''> <\/a> <!-- Secci\u00f3n de caracter\u00edsticas --> <\/p>\n<div style='display: flex; flex-wrap: wrap; gap: 30px; margin: 30px 0;'>\n<div style='flex: 1 1 300px; min-width: 280px;'>\n<h3 style='font-size: 22px; border-bottom: 2px solid currentColor; padding-bottom: 5px; margin-top: 0; color: inherit; opacity: 0.8;'>Caracter\u00edsticas principales<\/h3>\n<ul style='padding-left: 20px; font-size: 15px; color: inherit;'>\n<li style='margin-bottom: 5px;'><strong>Procesador:<\/strong> Intel Atom C3538<\/li>\n<li style='margin-bottom: 5px;'><strong>Frecuencia:<\/strong> Cuadruple n\u00facleo 2.1 GHz<\/li>\n<li style='margin-bottom: 5px;'><strong>Memoria RAM:<\/strong> 2GB DDR4 non-ECC (ampliable a 18GB)<\/li>\n<li style='margin-bottom: 5px;'><strong>Puertos:<\/strong>\n<ul style='padding-left: 20px; margin-top: 5px;'>\n<li style='margin-bottom: 5px;'>4 x RJ45 1GbE (soporta Link Aggregation y\/o FailOver)<\/li>\n<li style='margin-bottom: 5px;'>2 x USB 3.0<\/li>\n<li style='margin-bottom: 5px;'>1 x eSATA<\/li>\n<\/ul>\n<\/li>\n<li style='margin-bottom: 5px;'><strong>Garant\u00eda:<\/strong> 3 a\u00f1os<\/li>\n<\/ul><\/div>\n<div style='flex: 1 1 300px; min-width: 280px;'>\n<h3 style='font-size: 22px; border-bottom: 2px solid currentColor; padding-bottom: 5px; margin-top: 0; color: inherit; opacity: 0.8;'>Caracter\u00edsticas F\u00edsicas y El\u00e9ctricas<\/h3>\n<ul style='padding-left: 20px; font-size: 15px; color: inherit;'>\n<li style='margin-bottom: 5px;'><strong>Factor de forma:<\/strong> 1U rack (compatible con RKS1317)<\/li>\n<li style='margin-bottom: 5px;'><strong>Alimentaci\u00f3n:<\/strong> 100V a 240V CA\n<ul style='padding-left: 20px; margin-top: 5px;'>\n<li style='margin-bottom: 5px;'>Doble fuente de poder<\/li>\n<\/ul>\n<\/li>\n<li style='margin-bottom: 5px;'><strong>Consumo:<\/strong> 38.88W<\/li>\n<li style='margin-bottom: 5px;'><strong>Temperatura de operaci\u00f3n:<\/strong> 5\u00b0C a 35\u00b0C<\/li>\n<li style='margin-bottom: 5px;'><strong>Dimensiones:<\/strong> 44 mm x 480 mm x 492.6 mm<\/li>\n<li style='margin-bottom: 5px;'><strong>Peso:<\/strong> 7.96 Kg (sin disco duro)<\/li>\n<\/ul><\/div>\n<div style='flex: 1 1 300px; min-width: 280px;'>\n<h3 style='font-size: 22px; border-bottom: 2px solid currentColor; padding-bottom: 5px; margin-top: 0; color: inherit; opacity: 0.8;'>Almacenamiento<\/h3>\n<ul style='padding-left: 20px; font-size: 15px; color: inherit;'>\n<li style='margin-bottom: 5px;'>4 Bah\u00edas de disco duro (<strong>discos no incluidos<\/strong>)\n<ul style='padding-left: 20px; margin-top: 5px;'>\n<li style='margin-bottom: 5px;'>Soporta discos 3.5&#8242; y 2.5&#8242;<\/li>\n<li style='margin-bottom: 5px;'>Hasta 16TB por bah\u00eda<\/li>\n<\/ul>\n<\/li>\n<li style='margin-bottom: 5px;'>Compatible con RX418 para ampliar hasta 8 bah\u00edas<\/li>\n<li style='margin-bottom: 5px;'><strong>RAID soportado:<\/strong>\n<ul style='padding-left: 20px; margin-top: 5px;'>\n<li style='margin-bottom: 5px;'>Synology Hybrid RAID<\/li>\n<li style='margin-bottom: 5px;'>JBOD<\/li>\n<li style='margin-bottom: 5px;'>RAID0<\/li>\n<li style='margin-bottom: 5px;'>RAID1<\/li>\n<li style='margin-bottom: 5px;'>RAID5<\/li>\n<li style='margin-bottom: 5px;'>RAID6<\/li>\n<li style='margin-bottom: 5px;'>RAID10<\/li>\n<\/ul>\n<\/li>\n<\/ul><\/div>\n<\/p><\/div>\n<p> <!-- Banner de compatibilidad --> <a style='display: block; margin: 30px 0;' href='https:\/\/www.synology.com\/es-mx\/compatibility?search_by=products&#038;model=DS120j&#038;category=hdds_no_ssd_trim&#038;p=1&#038;change_log_p=1' target='_blank' rel='noopener'> <img style='width: 100%; height: auto; border: 1px solid rgba(150&comma;150&comma;150&comma;0.3); border-radius: 8px;' src='http:\/\/ftp3.syscom.mx\/usuarios\/nortega\/synology\/compatibilidad.jpg' alt=''> <\/a> <!-- Secci\u00f3n de copia de seguridad --> <\/p>\n<div style='margin: 30px 0; padding: 20px; border-left: 5px solid #8f8f8f; border-radius: 8px; background-color: rgba(143&comma;143&comma;143&comma;0.05);'>\n<h2 style='font-size: 20px; margin-top: 0; color: inherit;'><small>Soluci\u00f3n definitiva de copia de seguridad<\/small><\/h2>\n<p>RS820PLUS integra varias aplicaciones de copia de seguridad en una interfaz de usuario intuitiva&comma; con tecnolog\u00edas de almacenamiento duradero para proteger sus datos valiosos en cualquier dispositivo.<\/p>\n<div style='display: flex; flex-wrap: wrap; gap: 20px; margin-top: 20px;'>\n<div style='flex: 1 1 250px; border: 1px solid rgba(150&comma;150&comma;150&comma;0.3); border-radius: 8px; overflow: hidden;'>\n<div style='padding: 15px; border-bottom: 1px solid rgba(150&comma;150&comma;150&comma;0.2); background-color: rgba(0&comma;0&comma;0&comma;0.05); color: inherit;'>\n<div style='text-align: center;'><img style='width: 60px; height: auto;' src='http:\/\/ftp3.syscom.mx\/usuarios\/nortega\/synology\/imagenes\/imagenes%20generales\/iconos%20DSM\/abb.png' alt=''><\/div>\n<h4 style='text-align: center; margin: 10px 0 0; color: inherit;'>Active Backup for Business<\/h4>\n<\/p><\/div>\n<div style='padding: 15px; font-size: 14px;'>\n<p style='text-align: center;'>Active Backup for Business centraliza las tareas de copia de seguridad para VMware&comma; Windows&comma; Microsoft 365 y Google Workspace&comma; de modo que se pueden administrar estas copias de seguridad en Synology NAS desde una sencilla consola.<\/p>\n<\/p><\/div>\n<\/p><\/div>\n<div style='flex: 1 1 250px; border: 1px solid rgba(150&comma;150&comma;150&comma;0.3); border-radius: 8px; overflow: hidden;'>\n<div style='padding: 15px; border-bottom: 1px solid rgba(150&comma;150&comma;150&comma;0.2); background-color: rgba(0&comma;0&comma;0&comma;0.05); color: inherit;'>\n<div style='text-align: center;'><img style='width: 60px; height: auto;' src='http:\/\/ftp3.syscom.mx\/usuarios\/nortega\/synology\/imagenes\/imagenes%20generales\/iconos%20DSM\/hb.png' alt=''><\/div>\n<h4 style='text-align: center; margin: 10px 0 0; color: inherit;'>Hyper Backup<\/h4>\n<\/p><\/div>\n<div style='padding: 15px; font-size: 14px;'>\n<p style='text-align: center;'>Realice copias de seguridad de sus datos de manera completa en una carpeta compartida local&comma; un dispositivo externo&comma; otro Synology NAS&comma; un servidor Rsync o una nube p\u00fablica para garantizar la seguridad de los datos.<\/p>\n<\/p><\/div>\n<\/p><\/div>\n<div style='flex: 1 1 250px; border: 1px solid rgba(150&comma;150&comma;150&comma;0.3); border-radius: 8px; overflow: hidden;'>\n<div style='padding: 15px; border-bottom: 1px solid rgba(150&comma;150&comma;150&comma;0.2); background-color: rgba(0&comma;0&comma;0&comma;0.05); color: inherit;'>\n<div style='text-align: center;'><img style='width: 60px; height: auto;' src='http:\/\/ftp3.syscom.mx\/usuarios\/nortega\/synology\/imagenes\/imagenes%20generales\/iconos%20DSM\/drive.png' alt=''><\/div>\n<h4 style='text-align: center; margin: 10px 0 0; color: inherit;'>Synology Drive<\/h4>\n<\/p><\/div>\n<div style='padding: 15px; font-size: 14px;'>\n<p style='text-align: center;'>Proteja su ordenador con Synology Drive Client. Realice copias de seguridad de datos en tiempo real y recupere archivos en un punto en el tiempo sin esfuerzo.<\/p>\n<\/p><\/div>\n<\/p><\/div>\n<\/p><\/div>\n<\/p><\/div>\n<p> <!-- Secci\u00f3n de Surveillance Station --> <\/p>\n<div style='margin: 30px 0; padding: 20px; background-color: #616d71; color: inherit; border-radius: 8px;'>\n<div style='display: flex; flex-wrap: wrap; gap: 20px; align-items: center;'>\n<div style='flex: 1 1 300px;'>\n<h2 style='color: inherit; margin: 0 0 10px;'>Surveillance Station<\/h2>\n<p style='margin: 0 0 10px;'>Proteja su empresa&comma; su hogar y otros entornos con el sistema Surveillance Station que es fiable e intuitivo&comma; adem\u00e1s ofrece herramientas inteligentes de supervisi\u00f3n y de gesti\u00f3n de v\u00eddeo para proteger sus valiosos activos.<\/p>\n<p style='margin: 0 0 10px;'><strong>El NAS RS820PLUS soporta hasta 40 c\u00e1maras de 5MP (8 IPS)<\/strong><\/p>\n<p style='margin: 0; text-align: right;'><a style='color: inherit; text-decoration: underline;' href='https:\/\/www.synology.com\/es-mx\/compatibility\/camera' target='_blank' rel='noopener'><em>Verifique compatibilidad con c\u00e1maras IP<\/em><\/a><\/p>\n<\/p><\/div>\n<div style='flex: 1 1 300px;'> <img style='width: 100%; height: auto; border: 1px solid rgba(150&comma;150&comma;150&comma;0.3); border-radius: 8px;' src='https:\/\/ftp3.syscom.mx\/usuarios\/nortega\/synology\/imagenes\/imagenes%20generales\/ss.png' alt=''> <\/div>\n<\/p><\/div>\n<\/p><\/div>\n<p> <!-- Secci\u00f3n de sistema de archivos Btrfs --> <\/p>\n<div style='margin: 30px 0; display: flex; flex-wrap: wrap; gap: 20px; align-items: center;'>\n<div style='flex: 1 1 300px;'> <img style='width: 100%; height: auto; border: 1px solid rgba(150&comma;150&comma;150&comma;0.3); border-radius: 8px;' src='https:\/\/ftp3.syscom.mx\/usuarios\/nortega\/synology\/imagenes\/imagenes%20generales\/Btrfs_04_black.gif' alt=''> <\/div>\n<div style='flex: 1 1 300px;'>\n<h2 style='margin-top: 0;'>Sistema de archivos de \u00faltima generaci\u00f3n<\/h2>\n<p>El sistema de archivos Btrfs presenta tecnolog\u00edas de almacenamiento avanzadas y capturas optimizadas para evitar la corrupci\u00f3n de los datos y reducir los costos operativos de mantenimiento. Al mismo tiempo que garantiza una integridad de datos de alto nivel&comma; ofrece herramientas de recuperaci\u00f3n y protecci\u00f3n de datos flexibles y eficaces.<\/p>\n<\/p><\/div>\n<\/p><\/div>\n<p> <!-- Secci\u00f3n de colaboraci\u00f3n en la nube --> <\/p>\n<div style='margin: 30px 0; padding: 20px; background-color: #616d71; color: inherit; border-radius: 8px;'>\n<div style='display: flex; flex-wrap: wrap; gap: 20px; align-items: center;'>\n<div style='flex: 1 1 300px; order: 2;'> <img style='width: 100%; height: auto; border: 1px solid rgba(150&comma;150&comma;150&comma;0.3); border-radius: 8px;' src='https:\/\/ftp3.syscom.mx\/usuarios\/nortega\/synology\/imagenes\/imagenes%20generales\/colaboracion.png' alt=''> <\/div>\n<div style='flex: 1 1 300px; order: 1;'>\n<h2 style='color: inherit; margin: 0 0 10px;'>Colaboraci\u00f3n en tiempo real en la nube privada<\/h2>\n<p style='margin: 0 0 10px;'>Synology Office es un paquete de colaboraci\u00f3n que combina la comodidad y la facilidad de uso de los servicios de nube p\u00fablica con la privacidad de los datos y la seguridad que ofrece la nube privada. Le permite trabajar de manera m\u00e1s fluida y conjunta en documentos y hojas de c\u00e1lculo en un entorno protegido.<\/p>\n<p style='margin: 0;'>Adem\u00e1s de poder integrar la soluci\u00f3n de chat de Synology durante la edici\u00f3n de dichos documentos y para una mayor seguridad de sus archivos se pueden tener m\u00faltiples versiones para poder recuperar a versiones anteriores con solo un clic.<\/p>\n<\/p><\/div>\n<\/p><\/div>\n<\/p><\/div>\n<p> <!-- Secci\u00f3n de fiabilidad del servicio --> <\/p>\n<div style='margin: 30px 0; display: flex; flex-wrap: wrap; gap: 20px; align-items: center;'>\n<div style='flex: 1 1 300px;'> <img style='width: 100%; height: auto; border: 1px solid rgba(150&comma;150&comma;150&comma;0.3); border-radius: 8px;' src='https:\/\/ftp3.syscom.mx\/usuarios\/nortega\/synology\/imagenes\/rs820\/rs820puertos.png' alt='RS820RP+'> <\/div>\n<div style='flex: 1 1 300px;'>\n<h2 style='margin-top: 0;'>Creado para fiabilidad del servicio<\/h2>\n<p>RS820RPPLUS incorpora 4 puertos LAN de 1GbE que admiten Link Aggregation y conmutaci\u00f3n por error. Synology High Availability proporciona un fiable cl\u00faster de servicio activo y pasivo que maximiza el tiempo de actividad del servicio. Adem\u00e1s est\u00e1 equipado con dos fuentes de alimentaci\u00f3n redundantes para ofrecer continuidad del servicio.<\/p>\n<\/p><\/div>\n<\/p><\/div>\n<p> <!-- T\u00edtulo de tecnolog\u00eda DSM --> <\/p>\n<div style='margin: 30px 0; padding: 20px; border-left: 5px solid #8f8f8f; border-radius: 8px; background-color: rgba(143&comma;143&comma;143&comma;0.05);'>\n<h2 style='font-size: 20px; margin-top: 0; color: inherit;'><small>Con tecnolog\u00eda de Synology DiskStation Manager<\/small><\/h2>\n<\/p><\/div>\n<p> <!-- Secci\u00f3n de aplicaciones DSM --> <\/p>\n<div style='display: flex; flex-wrap: wrap; gap: 20px; margin: 30px 0;'>\n<div style='flex: 1 1 250px; border: 1px solid rgba(150&comma;150&comma;150&comma;0.3); border-radius: 8px; overflow: hidden;'>\n<div style='padding: 15px; border-bottom: 1px solid rgba(150&comma;150&comma;150&comma;0.2); background-color: rgba(0&comma;0&comma;0&comma;0.05); color: inherit;'>\n<div style='text-align: center;'><img style='width: 60px; height: auto;' src='http:\/\/ftp3.syscom.mx\/usuarios\/nortega\/synology\/imagenes\/imagenes%20generales\/iconos%20DSM\/ss.png' alt=''><\/div>\n<h4 style='text-align: center; margin: 10px 0 0; color: inherit;'>Surveillance Station<\/h4>\n<\/p><\/div>\n<div style='padding: 15px; font-size: 14px;'>\n<p style='text-align: center;'>Soluci\u00f3n completa de vigilancia para grabaci\u00f3n&comma; supervisi\u00f3n y administraci\u00f3n.<\/p>\n<\/p><\/div>\n<\/p><\/div>\n<div style='flex: 1 1 250px; border: 1px solid rgba(150&comma;150&comma;150&comma;0.3); border-radius: 8px; overflow: hidden;'>\n<div style='padding: 15px; border-bottom: 1px solid rgba(150&comma;150&comma;150&comma;0.2); background-color: rgba(0&comma;0&comma;0&comma;0.05); color: inherit;'>\n<div style='text-align: center;'><img style='width: 60px; height: auto;' src='http:\/\/ftp3.syscom.mx\/usuarios\/nortega\/synology\/imagenes\/imagenes%20generales\/iconos%20DSM\/so.png' alt=''><\/div>\n<h4 style='text-align: center; margin: 10px 0 0; color: inherit;'>Synology Office<\/h4>\n<\/p><\/div>\n<div style='padding: 15px; font-size: 14px;'>\n<p style='text-align: center;'>Colaboraci\u00f3n en tiempo real en documentos&comma; hojas de c\u00e1lculo y presentaciones para aumentar la productividad del equipo.<\/p>\n<\/p><\/div>\n<\/p><\/div>\n<div style='flex: 1 1 250px; border: 1px solid rgba(150&comma;150&comma;150&comma;0.3); border-radius: 8px; overflow: hidden;'>\n<div style='padding: 15px; border-bottom: 1px solid rgba(150&comma;150&comma;150&comma;0.2); background-color: rgba(0&comma;0&comma;0&comma;0.05); color: inherit;'>\n<div style='text-align: center;'><img style='width: 60px; height: auto;' src='http:\/\/ftp3.syscom.mx\/usuarios\/nortega\/synology\/imagenes\/imagenes%20generales\/iconos%20DSM\/ha.png' alt=''><\/div>\n<h4 style='text-align: center; margin: 10px 0 0; color: inherit;'>Synology High Availability<\/h4>\n<\/p><\/div>\n<div style='padding: 15px; font-size: 14px;'>\n<p style='text-align: center;'>F\u00e1cil transici\u00f3n entre servidores agrupados en caso de fallo del servidor para minimizar la repercusi\u00f3n en las aplicaciones.<\/p>\n<\/p><\/div>\n<\/p><\/div>\n<div style='flex: 1 1 250px; border: 1px solid rgba(150&comma;150&comma;150&comma;0.3); border-radius: 8px; overflow: hidden;'>\n<div style='padding: 15px; border-bottom: 1px solid rgba(150&comma;150&comma;150&comma;0.2); background-color: rgba(0&comma;0&comma;0&comma;0.05); color: inherit;'>\n<div style='text-align: center;'><img style='width: 60px; height: auto;' src='http:\/\/ftp3.syscom.mx\/usuarios\/nortega\/synology\/imagenes\/imagenes%20generales\/iconos%20DSM\/dsm.png' alt=''><\/div>\n<h4 style='text-align: center; margin: 10px 0 0; color: inherit;'>Interfaz de usuario de DSM<\/h4>\n<\/p><\/div>\n<div style='padding: 15px; font-size: 14px;'>\n<p style='text-align: center;'>Sistema operativo galardonado que cuenta con una interfaz de usuario intuitiva y funciones potentes.<\/p>\n<\/p><\/div>\n<\/p><\/div>\n<div style='flex: 1 1 250px; border: 1px solid rgba(150&comma;150&comma;150&comma;0.3); border-radius: 8px; overflow: hidden;'>\n<div style='padding: 15px; border-bottom: 1px solid rgba(150&comma;150&comma;150&comma;0.2); background-color: rgba(0&comma;0&comma;0&comma;0.05); color: inherit;'>\n<div style='text-align: center;'><img style='width: 60px; height: auto;' src='http:\/\/ftp3.syscom.mx\/usuarios\/nortega\/synology\/imagenes\/imagenes%20generales\/iconos%20DSM\/seguridad.png' alt=''><\/div>\n<h4 style='text-align: center; margin: 10px 0 0; color: inherit;'>Seguridad<\/h4>\n<\/p><\/div>\n<div style='padding: 15px; font-size: 14px;'>\n<p style='text-align: center;'>Proteja sus datos mediante completas herramientas de seguridad integradas para defender sus dispositivos frente a amenazas constantes.<\/p>\n<\/p><\/div>\n<\/p><\/div>\n<div style='flex: 1 1 250px; border: 1px solid rgba(150&comma;150&comma;150&comma;0.3); border-radius: 8px; overflow: hidden;'>\n<div style='padding: 15px; border-bottom: 1px solid rgba(150&comma;150&comma;150&comma;0.2); background-color: rgba(0&comma;0&comma;0&comma;0.05); color: inherit;'>\n<div style='text-align: center;'><img style='width: 60px; height: auto;' src='http:\/\/ftp3.syscom.mx\/usuarios\/nortega\/synology\/imagenes\/imagenes%20generales\/iconos%20DSM\/todoenuno.png' alt=''><\/div>\n<h4 style='text-align: center; margin: 10px 0 0; color: inherit;'>Servidor todo en uno<\/h4>\n<\/p><\/div>\n<div style='padding: 15px; font-size: 14px;'>\n<p style='text-align: center;'>Ahorre inversiones adicionales mediante la integraci\u00f3n de varios servicios de red&comma; de internet o correo electr\u00f3nico y aplicaciones de administraci\u00f3n de su NAS.<\/p>\n<\/p><\/div>\n<\/p><\/div>\n<\/p><\/div>\n<\/p><\/div>\n","protected":false},"excerpt":{"rendered":"<p>Servidor Nas para rack de 4 bah\u00eda \/ Expandible a 8 bah\u00edas \/ Hasta 128 TB<\/p>\n","protected":false},"featured_media":118391,"comment_status":"open","ping_status":"closed","template":"","meta":[],"product_brand":[],"product_cat":[2234],"product_tag":[122,2235,1976],"class_list":{"0":"post-118392","1":"product","2":"type-product","3":"status-publish","4":"has-post-thumbnail","6":"product_cat-nvrs-network-video-recorders","7":"product_tag-camaras-ip-y-nvrs","8":"product_tag-nvrs-network-video-recorders","9":"product_tag-synology","11":"first","12":"outofstock","13":"sale","14":"shipping-taxable","15":"purchasable","16":"product-type-simple"},"_links":{"self":[{"href":"https:\/\/soydeaqui.ddns.net\/pachuca\/index.php\/wp-json\/wp\/v2\/product\/118392","targetHints":{"allow":["GET"]}}],"collection":[{"href":"https:\/\/soydeaqui.ddns.net\/pachuca\/index.php\/wp-json\/wp\/v2\/product"}],"about":[{"href":"https:\/\/soydeaqui.ddns.net\/pachuca\/index.php\/wp-json\/wp\/v2\/types\/product"}],"replies":[{"embeddable":true,"href":"https:\/\/soydeaqui.ddns.net\/pachuca\/index.php\/wp-json\/wp\/v2\/comments?post=118392"}],"wp:featuredmedia":[{"embeddable":true,"href":"https:\/\/soydeaqui.ddns.net\/pachuca\/index.php\/wp-json\/wp\/v2\/media\/118391"}],"wp:attachment":[{"href":"https:\/\/soydeaqui.ddns.net\/pachuca\/index.php\/wp-json\/wp\/v2\/media?parent=118392"}],"wp:term":[{"taxonomy":"product_brand","embeddable":true,"href":"https:\/\/soydeaqui.ddns.net\/pachuca\/index.php\/wp-json\/wp\/v2\/product_brand?post=118392"},{"taxonomy":"product_cat","embeddable":true,"href":"https:\/\/soydeaqui.ddns.net\/pachuca\/index.php\/wp-json\/wp\/v2\/product_cat?post=118392"},{"taxonomy":"product_tag","embeddable":true,"href":"https:\/\/soydeaqui.ddns.net\/pachuca\/index.php\/wp-json\/wp\/v2\/product_tag?post=118392"}],"curies":[{"name":"wp","href":"https:\/\/api.w.org\/{rel}","templated":true}]}}