{"id":118380,"date":"2026-03-24T04:07:47","date_gmt":"2026-03-24T04:07:47","guid":{"rendered":"https:\/\/soydeaqui.ddns.net\/pachuca\/index.php\/producto\/camara-termica-industrial-de-seguridad-lente-termico-3-mm-2-metros-de-distancia-ip54-grabacion-en-sd\/"},"modified":"2026-03-24T04:08:04","modified_gmt":"2026-03-24T04:08:04","slug":"camara-termica-industrial-de-seguridad-lente-termico-3-mm-2-metros-de-distancia-ip54-grabacion-en-sd","status":"publish","type":"product","link":"https:\/\/soydeaqui.ddns.net\/pachuca\/index.php\/producto\/camara-termica-industrial-de-seguridad-lente-termico-3-mm-2-metros-de-distancia-ip54-grabacion-en-sd\/","title":{"rendered":"C\u00e1mara T\u00e9rmica Industrial de Seguridad \/ Lente T\u00e9rmico 3 mm \/ 2 METROS de DISTANCIA \/ IP54 \/ Grabaci\u00f3n en SD"},"content":{"rendered":"<div style='width: 100%; max-width: 1200px; margin: 0 auto; font-family: sans-serif; line-height: 1.6; color: inherit; background-color: transparent;'> <!-- Avisos importantes --> <\/p>\n<div style='margin-bottom: 20px; padding: 15px; border-left: 4px solid #ff0000; background-color: rgba(255&comma; 0&comma; 0&comma; 0.05);'>\n<p style='margin: 0; font-size: 14px; color: inherit;'> * Esta c\u00e1mara no es para uso m\u00e9dico<br \/> * Siga las recomendaciones de instalaci\u00f3n del fabricante&comma; tenga claro un procedimiento de confirmaci\u00f3n <\/p>\n<\/p><\/div>\n<p> <!-- Logo --> <\/p>\n<div style='text-align: center; margin: 30px 0;'> <img style='width: 45%; height: auto; border: 1px solid rgba(150&comma;150&comma;150&comma;0.3); border-radius: 8px;' src='http:\/\/ftp3.syscom.mx\/usuarios\/jdelafuente\/HIKVISION\/hikvision%20logo%20complete.png' alt='Logo Hikvision'> <\/div>\n<p> <!-- Videos de YouTube --> <\/p>\n<div style='display: flex; flex-wrap: wrap; gap: 20px; justify-content: center; margin: 30px 0;'>\n<div style='position: relative; padding-bottom: 56.25%; width: 320px; height: 0; overflow: hidden;'>   <\/div>\n<div style='position: relative; padding-bottom: 56.25%; width: 320px; height: 0; overflow: hidden;'>   <\/div>\n<div style='position: relative; padding-bottom: 56.25%; width: 320px; height: 0; overflow: hidden;'>   <\/div>\n<\/p><\/div>\n<p> <!-- Secci\u00f3n de caracter\u00edsticas --> <\/p>\n<div style='display: flex; flex-wrap: wrap; gap: 30px; margin: 30px 0;'>\n<div style='flex: 1 1 300px; min-width: 280px;'>\n<h3 style='font-size: 22px; border-bottom: 2px solid currentColor; padding-bottom: 5px; margin-top: 0; color: inherit; opacity: 0.8;'>Caracter\u00edsticas de la c\u00e1mara t\u00e9rmica<\/h3>\n<ul style='padding-left: 20px; font-size: 15px; color: inherit;'>\n<li style='margin-bottom: 5px;'>Lente fijo: 3.1 mm<\/li>\n<li style='margin-bottom: 5px;'>Resoluci\u00f3n: 160 x 120<\/li>\n<li style='margin-bottom: 5px;'>Pantalla LCD: 320 x 240<\/li>\n<\/ul><\/div>\n<div style='flex: 1 1 300px; min-width: 280px;'>\n<h3 style='font-size: 22px; border-bottom: 2px solid currentColor; padding-bottom: 5px; margin-top: 0; color: inherit; opacity: 0.8;'>Caracter\u00edsticas F\u00edsicas y El\u00e9ctricas<\/h3>\n<ul style='padding-left: 20px; font-size: 15px; color: inherit;'>\n<li style='margin-bottom: 5px;'>Alimentaci\u00f3n: 3.7 Vcc \/ 0.4 A. (Bateria interna recargable de Litio)<\/li>\n<li style='margin-bottom: 5px;'>Se puede instalar en tripie (Tripie no incluido)<\/li>\n<li style='margin-bottom: 5px;'>Tiempo de operaci\u00f3n de bater\u00eda: hasta 8hrs continuas<\/li>\n<li style='margin-bottom: 5px;'>Temperatura de operaci\u00f3n: 10\u00baC a 35\u00baC<\/li>\n<li style='margin-bottom: 5px;'>Soporta memoria microSD \/ 8GB Incluida (Expandible hasta 128GB)<\/li>\n<li style='margin-bottom: 5px;'>Protecci\u00f3n: IP54<\/li>\n<li style='margin-bottom: 5px;'>Dimensiones: 196 x 117 x 59 mm<\/li>\n<li style='margin-bottom: 5px;'>Peso: 350 gramos<\/li>\n<\/ul><\/div>\n<div style='flex: 1 1 300px; min-width: 280px;'>\n<h3 style='font-size: 22px; border-bottom: 2px solid currentColor; padding-bottom: 5px; margin-top: 0; color: inherit; opacity: 0.8;'>Funciones avanzadas<\/h3>\n<ul style='padding-left: 20px; font-size: 15px; color: inherit;'>\n<li style='margin-bottom: 5px;'>Rango de temperatura: 30\u00baC a 45\u00baC<\/li>\n<li style='margin-bottom: 5px;'><strong>Rango de eficiencia: 0.5\u00baC.<\/strong><\/li>\n<li style='margin-bottom: 5px;'>Muestra la temperatura del escenario a visualizar<\/li>\n<li style='margin-bottom: 5px;'>Las C\u00e1maras t\u00e9rmicas HIKVISION para detecci\u00f3n de temperatura que ofrecen 0.5\u00ba de precisi\u00f3n. Dise\u00f1ada para \u00e1reas como aeropuertos&comma; hospitales&comma; fabricas&comma; supermercados&comma; etc.<\/li>\n<\/ul><\/div>\n<\/p><\/div>\n<p> <!-- Imagen final --> <\/p>\n<div style='text-align: center; margin: 30px 0;'> <img style='width: 100%; height: auto; border: 1px solid rgba(150&comma;150&comma;150&comma;0.3); border-radius: 8px;' src='https:\/\/ftp3.syscom.mx\/usuarios\/jsosa\/banners\/solucion-termica.jpg' alt='Soluci\u00f3n t\u00e9rmica'> <\/div>\n<\/p><\/div>\n","protected":false},"excerpt":{"rendered":"<p>C\u00e1mara T\u00e9rmica Industrial de Seguridad \/ Lente T\u00e9rmico 3 mm \/ 2 METROS de DISTANCIA \/ IP54 \/ Grabaci\u00f3n en SD<\/p>\n","protected":false},"featured_media":118379,"comment_status":"open","ping_status":"closed","template":"","meta":[],"product_brand":[],"product_cat":[1049],"product_tag":[122,54,1050],"class_list":{"0":"post-118380","1":"product","2":"type-product","3":"status-publish","4":"has-post-thumbnail","6":"product_cat-termicas","7":"product_tag-camaras-ip-y-nvrs","8":"product_tag-hikvision","9":"product_tag-termicas","11":"first","12":"outofstock","13":"sale","14":"shipping-taxable","15":"purchasable","16":"product-type-simple"},"_links":{"self":[{"href":"https:\/\/soydeaqui.ddns.net\/pachuca\/index.php\/wp-json\/wp\/v2\/product\/118380","targetHints":{"allow":["GET"]}}],"collection":[{"href":"https:\/\/soydeaqui.ddns.net\/pachuca\/index.php\/wp-json\/wp\/v2\/product"}],"about":[{"href":"https:\/\/soydeaqui.ddns.net\/pachuca\/index.php\/wp-json\/wp\/v2\/types\/product"}],"replies":[{"embeddable":true,"href":"https:\/\/soydeaqui.ddns.net\/pachuca\/index.php\/wp-json\/wp\/v2\/comments?post=118380"}],"wp:featuredmedia":[{"embeddable":true,"href":"https:\/\/soydeaqui.ddns.net\/pachuca\/index.php\/wp-json\/wp\/v2\/media\/118379"}],"wp:attachment":[{"href":"https:\/\/soydeaqui.ddns.net\/pachuca\/index.php\/wp-json\/wp\/v2\/media?parent=118380"}],"wp:term":[{"taxonomy":"product_brand","embeddable":true,"href":"https:\/\/soydeaqui.ddns.net\/pachuca\/index.php\/wp-json\/wp\/v2\/product_brand?post=118380"},{"taxonomy":"product_cat","embeddable":true,"href":"https:\/\/soydeaqui.ddns.net\/pachuca\/index.php\/wp-json\/wp\/v2\/product_cat?post=118380"},{"taxonomy":"product_tag","embeddable":true,"href":"https:\/\/soydeaqui.ddns.net\/pachuca\/index.php\/wp-json\/wp\/v2\/product_tag?post=118380"}],"curies":[{"name":"wp","href":"https:\/\/api.w.org\/{rel}","templated":true}]}}