{"id":118375,"date":"2026-03-24T04:07:30","date_gmt":"2026-03-24T04:07:30","guid":{"rendered":"https:\/\/soydeaqui.ddns.net\/pachuca\/index.php\/producto\/camara-dual-con-sistema-de-control-del-conductor-4g-comunicacion-dos-vias-multiples-alarmas\/"},"modified":"2026-03-24T04:07:43","modified_gmt":"2026-03-24T04:07:43","slug":"camara-dual-con-sistema-de-control-del-conductor-4g-comunicacion-dos-vias-multiples-alarmas","status":"publish","type":"product","link":"https:\/\/soydeaqui.ddns.net\/pachuca\/index.php\/producto\/camara-dual-con-sistema-de-control-del-conductor-4g-comunicacion-dos-vias-multiples-alarmas\/","title":{"rendered":"Camara dual con sistema de control del conductor \/ 4G \/Comunicaci\u00f3n dos v\u00edas\/ m\u00faltiples alarmas"},"content":{"rendered":"<div style='width: 100%; max-width: 1200px; margin: 0 auto; font-family: sans-serif; line-height: 1.6; color: inherit; background-color: transparent;'> <!-- Enlace de ayuda --> <\/p>\n<div style='margin-bottom: 30px;'> <a style='font-size: 16px; color: #0070c0; text-decoration: none;' href='https:\/\/www.syscom.mx\/singlepage\/CamaraJC300'> <strong>Pagina de ayuda JC400 y JC400D (Dar clic aqui)<\/strong> <\/a> <\/div>\n<p> <!-- Descripci\u00f3n principal --> <\/p>\n<div style='margin-bottom: 30px;'>\n<h2 style='font-size: 22px; margin-top: 0; color: inherit; opacity: 0.9;'>JC400D EdgeCam 2<\/h2>\n<p style='color: inherit; font-size: 15px; margin-top: 10px; margin-bottom: 20px;'> La JC400D EdgeCam 2 es nuestra soluci\u00f3n telem\u00e1tica de video integrada de m\u00e1s alto nivel para flotas. Con la tecnolog\u00eda DMS de alta gama&comma; puede capturar lo m\u00e1s importante&comma; entrenar a sus conductores&comma; mitigar el riesgo&comma; defenderse de reclamaciones de seguros fraudulentas y proteger la reputaci\u00f3n de su empresa. La c\u00e1mara para salpicadero JC400D LTE funciona independientemente de cualquier tel\u00e9fono o punto de acceso&comma; lo que permite una grabaci\u00f3n fiable y fluida en la carretera. <\/p>\n<\/p><\/div>\n<p> <!-- Sistema de control del conductor --> <\/p>\n<div style='margin-bottom: 30px;'>\n<h3 style='font-size: 20px; border-bottom: 2px solid currentColor; padding-bottom: 5px; margin-top: 0; color: inherit; opacity: 0.8;'>Sistema de control del conductor (DMS)<\/h3>\n<p style='color: inherit; font-size: 15px; margin-top: 15px;'> Usando tecnolog\u00eda DMS&comma; el JC400D monitorea estos comportamientos potencialmente peligrosos e ilegales&comma; luego alerta al conductor cuando se detectan signos de somnolencia o distracci\u00f3n. <\/p>\n<\/p><\/div>\n<p> <!-- Nota sobre SIM --> <\/p>\n<div style='margin-bottom: 30px;'>\n<p style='color: inherit; font-size: 15px; margin: 0; padding: 15px; background-color: rgba(255&comma; 0&comma; 0&comma; 0.05); border-left: 4px solid #ff0000;'> <strong>Nota:<\/strong> No se recomiendan SIM de prepago (recargas) para estos equipos <\/p>\n<\/p><\/div>\n<p> <!-- Monitoreo del comportamiento de conducci\u00f3n --> <\/p>\n<div style='margin-bottom: 30px;'>\n<h3 style='font-size: 20px; border-bottom: 2px solid currentColor; padding-bottom: 5px; margin-top: 0; color: inherit; opacity: 0.8;'>Monitoreo del comportamiento de conducci\u00f3n<\/h3>\n<ul style='padding-left: 20px; font-size: 15px; color: inherit; margin-top: 15px;'>\n<li style='margin-bottom: 5px;'>Alerta por aceleracion brusca<\/li>\n<li style='margin-bottom: 5px;'>Alerta por bateria baja<\/li>\n<li style='margin-bottom: 5px;'>Alerta por choque<\/li>\n<li style='margin-bottom: 5px;'>Alerta por corte de energia<\/li>\n<li style='margin-bottom: 5px;'>Alerta por exceso de velocidad<\/li>\n<li style='margin-bottom: 5px;'>Alerta por giro brusco<\/li>\n<li style='margin-bottom: 5px;'>Alerta por vibracion<\/li>\n<li style='margin-bottom: 5px;'>Alerta por SOS<\/li>\n<li style='margin-bottom: 5px;'>Alerta por conduccion con ojos cerrados<\/li>\n<li style='margin-bottom: 5px;'>Alerta por conductor cansado<\/li>\n<li style='margin-bottom: 5px;'>Alerta por conductor con mirada abajo<\/li>\n<li style='margin-bottom: 5px;'>Alerta por conductor distraido<\/li>\n<li style='margin-bottom: 5px;'>Alerta por conductor fumando<\/li>\n<li style='margin-bottom: 5px;'>Alerta por conductor utilizando telefono<\/li>\n<li style='margin-bottom: 5px;'>Alerta por no detectar el rostro<\/li>\n<li style='margin-bottom: 5px;'>Alerta por error de calibracion<\/li>\n<li style='margin-bottom: 5px;'>Alerta por no reconocer la memoria SD<\/li>\n<\/ul><\/div>\n<p> <!-- Instalaci\u00f3n sencilla --> <\/p>\n<div style='margin-bottom: 30px;'>\n<h3 style='font-size: 20px; border-bottom: 2px solid currentColor; padding-bottom: 5px; margin-top: 0; color: inherit; opacity: 0.8;'>Instalaci\u00f3n sencilla<\/h3>\n<div style='margin-top: 15px;'> <img style='width: 100%; height: auto; border: 1px solid rgba(150&comma;150&comma;150&comma;0.3); border-radius: 8px;' src='https:\/\/ftp3.syscom.mx\/usuarios\/jmolinar\/JonathanMolinar\/Concox\/JC400D-camera.JPG' alt='Instalaci\u00f3n sencilla'> <\/div>\n<\/p><\/div>\n<p> <!-- Caracter\u00edsticas --> <\/p>\n<div style='margin-bottom: 30px;'>\n<h3 style='font-size: 20px; border-bottom: 2px solid currentColor; padding-bottom: 5px; margin-top: 0; color: inherit; opacity: 0.8;'>Caracter\u00edsticas<\/h3>\n<ul style='padding-left: 20px; font-size: 15px; color: inherit; margin-top: 15px;'>\n<li style='margin-bottom: 5px;'>Red soportada: 4G (sim no incluido&comma; recomendamos <strong>SIM5GBTELCEL<\/strong> plan de 5 GB)<\/li>\n<li style='margin-bottom: 5px;'>WiFi para conexi\u00f3n con smartphone<\/li>\n<li style='margin-bottom: 5px;'><strong>Resoluci\u00f3n 1080p consume 4 GB por hora<\/strong><\/li>\n<li style='margin-bottom: 5px;'><strong>Resoluci\u00f3n 720p consume 3 GB por hora<\/strong><\/li>\n<li style='margin-bottom: 5px;'>Bot\u00f3n de p\u00e1nico<\/li>\n<li style='margin-bottom: 5px;'>Bloque de acceso a Sim de datos y memoria.<\/li>\n<li style='margin-bottom: 5px;'>Posicionamiento GPS para localizaci\u00f3n del veh\u00edculo en todo momento.<\/li>\n<li style='margin-bottom: 5px;'>C\u00e1maras para visualizar el camino y c\u00e1mara para visualizar al conductor y alertar cansancio&comma; distraci\u00f3n&comma; entre otras.<\/li>\n<li style='margin-bottom: 5px;'>Sensor G de seis ejes.<\/li>\n<\/ul><\/div>\n<p> <!-- Especificaciones --> <\/p>\n<div style='margin-bottom: 30px;'>\n<h3 style='font-size: 20px; border-bottom: 2px solid currentColor; padding-bottom: 5px; margin-top: 0; color: inherit; opacity: 0.8;'>Especificaciones<\/h3>\n<ul style='padding-left: 20px; font-size: 15px; color: inherit; margin-top: 15px;'>\n<li style='margin-bottom: 5px;'>Procesador: ARM Cortex A53 a 1&comma;4 GHz<\/li>\n<li style='margin-bottom: 5px;'>Sistema operativo: Android 8.1 GO<\/li>\n<li style='margin-bottom: 5px;'>Memoria flash: RAM + ROM LPDDR3 16GB<\/li>\n<li style='margin-bottom: 5px;'>Ranura para MicroSD 128Gb Max.<\/li>\n<li style='margin-bottom: 5px;'>C\u00e1mara frontal: grabaci\u00f3n hacia adelante incorporada&comma; AHD&comma; 1080P con 120\u00b0 de visi\u00f3n<\/li>\n<li style='margin-bottom: 5px;'>C\u00e1mara sensor de conductor AHD&comma; 720P con 56\u00b0 de visi\u00f3n.<\/li>\n<li style='margin-bottom: 5px;'>Sensor G: aceler\u00f3metro&comma; giroscopio de 6 ejes<\/li>\n<li style='margin-bottom: 5px;'>Micr\u00f3fono y altavoz: incorporado<\/li>\n<li style='margin-bottom: 5px;'>Bot\u00f3n de panico incorporado.<\/li>\n<li style='margin-bottom: 5px;'>Voltaje de alimentaci\u00f3n de 12-36Vcc.<\/li>\n<\/ul><\/div>\n<p> <!-- Notas adicionales --> <\/p>\n<div style='margin-bottom: 30px;'>\n<p style='color: inherit; font-size: 15px; margin: 0; padding: 15px; background-color: rgba(0&comma; 0&comma; 255&comma; 0.05); border-left: 4px solid #0000ff;'> <strong>Nota:<\/strong> El sensor para la detecci\u00f3n de fatiga es posible visualizar remotamente pero no cuenta con grabaci\u00f3n local. <\/p>\n<p style='color: inherit; font-size: 15px; margin: 15px 0 0 0; padding: 15px; background-color: rgba(0&comma; 0&comma; 255&comma; 0.05); border-left: 4px solid #0000ff;'> <strong>Nota:<\/strong> Licencia requerida para visualizaci\u00f3n en tiempo real. <\/p>\n<\/p><\/div>\n<p> <!-- Licencias --> <\/p>\n<div style='margin-bottom: 30px;'>\n<h3 style='font-size: 20px; border-bottom: 2px solid currentColor; padding-bottom: 5px; margin-top: 0; color: inherit; opacity: 0.8;'>Licencias<\/h3>\n<ul style='padding-left: 20px; font-size: 15px; color: inherit; margin-top: 15px;'>\n<li style='margin-bottom: 5px;'><strong>PTSCXVIDEO<\/strong> &#8211; Primer a\u00f1o de licencia de video en plataforma Tracksolid<\/li>\n<li style='margin-bottom: 5px;'><strong>RTSCXVIDEO<\/strong> &#8211; Renovaci\u00f3n de licencia de video para plataforma Tracksolid<\/li>\n<li style='margin-bottom: 5px;'><strong>VTSCXVIDEO<\/strong> &#8211; Licencia vitalicia para plataforma Tracksolid<\/li>\n<\/ul><\/div>\n<p> <!-- Video --> <\/p>\n<div style='margin-bottom: 30px;'>\n<div style='position: relative; padding-bottom: 56.25%; height: 0; overflow: hidden;'> <video style='position: absolute; top: 0; left: 0; width: 100%; height: 100%; border: 1px solid rgba(150&comma;150&comma;150&comma;0.3); border-radius: 8px;' src='https:\/\/ftp3.syscom.mx\/usuarios\/jmolinar\/JonathanMolinar\/Concox\/Instalacion-jc400.mp4' loop muted controls><\/video> <\/div>\n<\/p><\/div>\n<\/p><\/div>\n","protected":false},"excerpt":{"rendered":"<p>Camara dual con sistema de control del conductor \/ 4G \/Comunicaci\u00f3n dos v\u00edas\/ m\u00faltiples alarmas<\/p>\n","protected":false},"featured_media":118374,"comment_status":"open","ping_status":"closed","template":"","meta":[],"product_brand":[],"product_cat":[2244,1406],"product_tag":[1409,1420,2245,1345],"class_list":{"0":"post-118375","1":"product","2":"type-product","3":"status-publish","4":"has-post-thumbnail","6":"product_cat-mdvr-mnvr","7":"product_cat-videograbadoras-moviles-videovigilancia","8":"product_tag-dash-cams-y-body-cams","9":"product_tag-jimiiot","10":"product_tag-mdvr-mnvr","11":"product_tag-videograbadoras-moviles","13":"first","14":"outofstock","15":"sale","16":"shipping-taxable","17":"purchasable","18":"product-type-simple"},"_links":{"self":[{"href":"https:\/\/soydeaqui.ddns.net\/pachuca\/index.php\/wp-json\/wp\/v2\/product\/118375","targetHints":{"allow":["GET"]}}],"collection":[{"href":"https:\/\/soydeaqui.ddns.net\/pachuca\/index.php\/wp-json\/wp\/v2\/product"}],"about":[{"href":"https:\/\/soydeaqui.ddns.net\/pachuca\/index.php\/wp-json\/wp\/v2\/types\/product"}],"replies":[{"embeddable":true,"href":"https:\/\/soydeaqui.ddns.net\/pachuca\/index.php\/wp-json\/wp\/v2\/comments?post=118375"}],"wp:featuredmedia":[{"embeddable":true,"href":"https:\/\/soydeaqui.ddns.net\/pachuca\/index.php\/wp-json\/wp\/v2\/media\/118374"}],"wp:attachment":[{"href":"https:\/\/soydeaqui.ddns.net\/pachuca\/index.php\/wp-json\/wp\/v2\/media?parent=118375"}],"wp:term":[{"taxonomy":"product_brand","embeddable":true,"href":"https:\/\/soydeaqui.ddns.net\/pachuca\/index.php\/wp-json\/wp\/v2\/product_brand?post=118375"},{"taxonomy":"product_cat","embeddable":true,"href":"https:\/\/soydeaqui.ddns.net\/pachuca\/index.php\/wp-json\/wp\/v2\/product_cat?post=118375"},{"taxonomy":"product_tag","embeddable":true,"href":"https:\/\/soydeaqui.ddns.net\/pachuca\/index.php\/wp-json\/wp\/v2\/product_tag?post=118375"}],"curies":[{"name":"wp","href":"https:\/\/api.w.org\/{rel}","templated":true}]}}