{"id":118353,"date":"2026-03-24T04:06:22","date_gmt":"2026-03-24T04:06:22","guid":{"rendered":"https:\/\/soydeaqui.ddns.net\/pachuca\/index.php\/producto\/transformador-16-vca-40-va\/"},"modified":"2026-03-24T04:06:43","modified_gmt":"2026-03-24T04:06:43","slug":"transformador-16-vca-40-va","status":"publish","type":"product","link":"https:\/\/soydeaqui.ddns.net\/pachuca\/index.php\/producto\/transformador-16-vca-40-va\/","title":{"rendered":"Transformador 16 Vca 40 VA"},"content":{"rendered":"<div style='width: 100%; max-width: 1200px; margin: 0 auto; font-family: sans-serif; line-height: 1.6; color: inherit; background-color: transparent;'>\n<div style='width: 100%; text-align: center; margin-bottom: 30px;'>\n<h1 style='font-size: 28px; color: inherit; margin: 0 0 10px 0;'>RT1640LS<\/h1>\n<h3 style='font-size: 22px; color: inherit; margin: 0 0 20px 0;'>Transformador de 16 Vca @ 40 VA<\/h3>\n<p style='font-size: 15px; color: inherit; margin: 0;'> <strong>EPCOM POWER LINE marca l\u00edder en transformadores con alta eficiencia en alimentaci\u00f3n para equipos de seguridad electr\u00f3nica por sus ventajas de aprobaciones&comma; certificaciones&comma; protecci\u00f3n contra sobretensiones&comma; y circuitos de protecci\u00f3n contra anti-interferencia&#8230;<\/strong> <\/p>\n<\/p><\/div>\n<div style='display: flex; flex-wrap: wrap; gap: 30px; margin-bottom: 30px;'>\n<div style='flex: 1 1 300px; min-width: 280px;'>\n<div style='border: 1px solid rgba(150&comma; 150&comma; 150&comma; 0.4); border-radius: 8px; overflow: hidden; display: flex; flex-direction: column; height: 100%;'> <img style='width: 100%; height: auto; border: none;' src='https:\/\/ftp3.syscom.mx\/usuarios\/fotos\/BancoFotografiasSyscom\/EPCOMPOWERLINE\/RT1640LS\/RT1640LS-p.PNG' alt=''> <\/p>\n<div style='padding: 15px; border-top: 5px solid rgba(0&comma; 123&comma; 255&comma; 0.8);'>\n<h3 style='font-size: 20px; margin-top: 0; margin-bottom: 15px; color: inherit;'>Caracter\u00edsticas<\/h3>\n<\/p><\/div>\n<div style='padding: 15px; color: inherit; flex-grow: 1;'>\n<ul style='padding-left: 20px; margin: 0; font-size: 14px; list-style-type: disc;'>\n<li style='margin-bottom: 5px;'><strong>Voltaje de entrada:<\/strong> 120 Vca<\/li>\n<li style='margin-bottom: 5px;'><strong>Voltaje de salida:<\/strong> 16 Vca<\/li>\n<li style='margin-bottom: 5px;'><strong>Potencia de salida:<\/strong> 40 Watts<\/li>\n<li style='margin-bottom: 5px;'><strong>Dimensiones (Largo x Ancho x Alto):<\/strong> 102.5 x 68 x 58 mm<\/li>\n<li style='margin-bottom: 5px;'><strong>Condiciones de funcionamiento Temperatura:<\/strong> -10 \u00b0C ~ 45 \u00b0C<\/li>\n<\/ul><\/div>\n<\/p><\/div>\n<\/p><\/div>\n<div style='flex: 1 1 300px; min-width: 280px;'>\n<div style='border: 1px solid rgba(150&comma; 150&comma; 150&comma; 0.4); border-radius: 8px; overflow: hidden; display: flex; flex-direction: column; height: 100%;'> <img style='width: 100%; height: auto; border: none;' src='https:\/\/ftp3.syscom.mx\/usuarios\/fotos\/BancoFotografiasSyscom\/EPCOMPOWERLINE\/RT1640LS\/RT1640LS-p.PNG' alt=''> <\/p>\n<div style='padding: 15px; border-top: 5px solid rgba(0&comma; 123&comma; 255&comma; 0.8);'>\n<h3 style='font-size: 20px; margin-top: 0; margin-bottom: 15px; color: inherit;'>Modelos Relacionados<\/h3>\n<\/p><\/div>\n<div style='padding: 15px; color: inherit; flex-grow: 1;'>\n<ul style='padding-left: 20px; margin: 0; font-size: 14px; list-style-type: disc;'>\n<li style='margin-bottom: 5px;'><strong>RT925LS<\/strong> &#8230;&#8230;&#8230;&#8230;&#8230; 9 Vca @ 25 VA<\/li>\n<li style='margin-bottom: 5px;'><strong>RT1230LS<\/strong> &#8230;&#8230;&#8230;&#8230;. 12 Vca @ 30 VA<\/li>\n<li style='margin-bottom: 5px;'><strong>RT1440LS<\/strong> &#8230;&#8230;&#8230;&#8230;&#8230; 14 Vca @ 40 VA<\/li>\n<li style='margin-bottom: 5px;'><strong>RT1640LS<\/strong> &#8230;&#8230;&#8230;&#8230;&#8230;. 16 Vca @ 40 VA<\/li>\n<\/ul><\/div>\n<\/p><\/div>\n<\/p><\/div>\n<div style='flex: 1 1 300px; min-width: 280px;'>\n<div style='border: 1px solid rgba(150&comma; 150&comma; 150&comma; 0.4); border-radius: 8px; overflow: hidden; display: flex; flex-direction: column; height: 100%;'> <img style='width: 100%; height: auto; border: none;' src='https:\/\/ftp3.syscom.mx\/usuarios\/fotos\/BancoFotografiasSyscom\/EPCOMPOWERLINE\/RT1640LS\/RT1640LS-p.PNG' alt=''> <\/p>\n<div style='padding: 15px; border-top: 5px solid rgba(0&comma; 123&comma; 255&comma; 0.8);'>\n<h3 style='font-size: 20px; margin-top: 0; margin-bottom: 15px; color: inherit;'>Modelos Relacionados<\/h3>\n<\/p><\/div>\n<div style='padding: 15px; color: inherit; flex-grow: 1;'>\n<ul style='padding-left: 20px; margin: 0; font-size: 14px; list-style-type: disc;'>\n<li style='margin-bottom: 5px;'><strong>RT2460LS<\/strong> &#8230;&#8230;&#8230;&#8230;&#8230;. 24 Vca @ 60 VA<\/li>\n<li style='margin-bottom: 5px;'><strong>PS2472<\/strong> &#8230;&#8230;&#8230;&#8230;&#8230;&#8230;&#8230; 24 Vca @ 72 VA<\/li>\n<li style='margin-bottom: 5px;'><strong>PL24100<\/strong> &#8230;&#8230;&#8230;&#8230;&#8230;&#8230;. 24 Vca @ 100 VA<\/li>\n<li style='margin-bottom: 5px;'><strong>PL24100220<\/strong> &#8230;&#8230;&#8230;&#8230;. Entrada 220 Vca \/ 24 Vca @ 100 VA<\/li>\n<li style='margin-bottom: 5px;'><strong>PL24175220<\/strong> &#8230;&#8230;&#8230;&#8230;. Entrada 220 Vca \/ 24 Vca @ 175 VA<\/li>\n<\/ul><\/div>\n<\/p><\/div>\n<\/p><\/div>\n<\/p><\/div>\n<div style='width: 100%; margin: 30px 0;'>\n<div style='position: relative; padding-bottom: 56.25%; height: 0; overflow: hidden;'>   <\/div>\n<\/p><\/div>\n<\/p><\/div>\n","protected":false},"excerpt":{"rendered":"<p>Transformador 16 Vca 40 VA<\/p>\n","protected":false},"featured_media":118352,"comment_status":"open","ping_status":"closed","template":"","meta":[],"product_brand":[],"product_cat":[551],"product_tag":[142,454,441],"class_list":{"0":"post-118353","1":"product","2":"type-product","3":"status-publish","4":"has-post-thumbnail","6":"product_cat-transformadores-energia-videovigilancia","7":"product_tag-energia","8":"product_tag-epcom-powerline","9":"product_tag-transformadores","11":"first","12":"instock","13":"sale","14":"shipping-taxable","15":"purchasable","16":"product-type-simple"},"_links":{"self":[{"href":"https:\/\/soydeaqui.ddns.net\/pachuca\/index.php\/wp-json\/wp\/v2\/product\/118353","targetHints":{"allow":["GET"]}}],"collection":[{"href":"https:\/\/soydeaqui.ddns.net\/pachuca\/index.php\/wp-json\/wp\/v2\/product"}],"about":[{"href":"https:\/\/soydeaqui.ddns.net\/pachuca\/index.php\/wp-json\/wp\/v2\/types\/product"}],"replies":[{"embeddable":true,"href":"https:\/\/soydeaqui.ddns.net\/pachuca\/index.php\/wp-json\/wp\/v2\/comments?post=118353"}],"wp:featuredmedia":[{"embeddable":true,"href":"https:\/\/soydeaqui.ddns.net\/pachuca\/index.php\/wp-json\/wp\/v2\/media\/118352"}],"wp:attachment":[{"href":"https:\/\/soydeaqui.ddns.net\/pachuca\/index.php\/wp-json\/wp\/v2\/media?parent=118353"}],"wp:term":[{"taxonomy":"product_brand","embeddable":true,"href":"https:\/\/soydeaqui.ddns.net\/pachuca\/index.php\/wp-json\/wp\/v2\/product_brand?post=118353"},{"taxonomy":"product_cat","embeddable":true,"href":"https:\/\/soydeaqui.ddns.net\/pachuca\/index.php\/wp-json\/wp\/v2\/product_cat?post=118353"},{"taxonomy":"product_tag","embeddable":true,"href":"https:\/\/soydeaqui.ddns.net\/pachuca\/index.php\/wp-json\/wp\/v2\/product_tag?post=118353"}],"curies":[{"name":"wp","href":"https:\/\/api.w.org\/{rel}","templated":true}]}}