{"id":118331,"date":"2026-03-24T04:05:09","date_gmt":"2026-03-24T04:05:09","guid":{"rendered":"https:\/\/soydeaqui.ddns.net\/pachuca\/index.php\/producto\/kit-de-herramientas-para-terminacin-de-conectores-de-fibra-ptica-prepulidos-con-cleaver-de-2-pasos\/"},"modified":"2026-03-24T04:05:22","modified_gmt":"2026-03-24T04:05:22","slug":"kit-de-herramientas-para-terminacin-de-conectores-de-fibra-ptica-prepulidos-con-cleaver-de-2-pasos","status":"publish","type":"product","link":"https:\/\/soydeaqui.ddns.net\/pachuca\/index.php\/producto\/kit-de-herramientas-para-terminacin-de-conectores-de-fibra-ptica-prepulidos-con-cleaver-de-2-pasos\/","title":{"rendered":"Kit de Herramientas para Terminaci?n de Conectores de Fibra ?ptica Prepulidos con Cleaver de 2 Pasos"},"content":{"rendered":"<div style='width: 100%; max-width: 1200px; margin: 0 auto; font-family: sans-serif; line-height: 1.6; color: inherit; background-color: transparent;'>\n<div style='display: flex; flex-direction: column; gap: 30px;'>\n<div style='text-align: center;'> <img style='width: 100%; max-width: 270px; height: auto; border: 1px solid rgba(150&comma;150&comma;150&comma;0.3); border-radius: 8px;' src='https:\/\/ftp3.syscom.mx\/usuarios\/orobles\/GREENLEE\/TEMPO-COMMUNICATIONS-lg.jpg' alt=''> <\/div>\n<div style='font-size: 16px;'>\n<p>El Kit FTK-T de Tempo Communications para terminaci\u00f3n de conectores de fibra \u00f3ptica proporciona las herramientas necesarias para satisfacer diversas tareas que el t\u00e9cnico de fibra \u00f3ptica puede enfrentar de manera segura y efectiva.<\/p>\n<p>El kit de herramientas se suministra en un estuche resistente para mantener todas las herramientas organizadas de manera segura para un f\u00e1cil almacenamiento y recuperaci\u00f3n para su uso. Se incorporan bolsillos adicionales para sostener accesorios y otras herramientas.<\/p>\n<\/p><\/div>\n<div style='font-size: 16px;'>\n<h3 style='font-size: 20px; border-bottom: 2px solid currentColor; padding-bottom: 5px; margin-top: 0; color: inherit; opacity: 0.8;'>Incluye:<\/h3>\n<ul style='padding-left: 20px; margin: 15px 0; color: inherit;'>\n<li style='margin-bottom: 8px;'><strong>Tijeras para corte de Kevlar<\/strong> <a style='color: inherit; text-decoration: none; font-size: 12px; font-weight: 600;' href='https:\/\/www.syscom.mx\/principal\/searchcont?route=PA-1511-TEMPO-171763&#038;autodetect=PA1511'>PA-1511<\/a><\/li>\n<li style='margin-bottom: 8px;'><strong>Desforradora de Fibra \u00d3ptica de Precisi\u00f3n de 3 posiciones<\/strong> <a style='color: inherit; text-decoration: none; font-size: 12px; font-weight: 600;' href='https:\/\/www.syscom.mx\/principal\/searchcont?route=PA1177-TEMPO-172185&#038;autodetect=PA1177'>PA1177<\/a><\/li>\n<li style='margin-bottom: 8px;'><strong>Cleaver 915CL de 2 pasos para 48&comma;000 cortes<\/strong><\/li>\n<li style='margin-bottom: 8px;'><strong>Estuche<\/strong><\/li>\n<li style='margin-bottom: 8px;'><strong>Localizador Visual de Fallos (VFL)<\/strong> <a style='color: inherit; text-decoration: none; font-size: 12px; font-weight: 600;' href='https:\/\/www.syscom.mx\/principal\/searchcont?route=180XL-TEMPO-172647&#038;autodetect=180xl'>180XL<\/a><\/li>\n<li style='margin-bottom: 8px;'><strong>Pinzas de corte<\/strong><\/li>\n<\/ul><\/div>\n<div style='text-align: center;'> <img style='width: 100%; max-width: 432px; height: auto; border: 1px solid rgba(150&comma;150&comma;150&comma;0.3); border-radius: 8px;' src='https:\/\/ftp3.syscom.mx\/usuarios\/orobles\/GREENLEE\/FTK\/FTK-T_APP01.png' alt=''> <\/div>\n<div style='display: flex; flex-wrap: wrap; gap: 20px; justify-content: center;'>\n<div style='position: relative; padding-bottom: 56.25%; width: 100%; max-width: 560px; height: 0; overflow: hidden; flex: 1 1 300px;'>   <\/div>\n<div style='position: relative; padding-bottom: 56.25%; width: 100%; max-width: 560px; height: 0; overflow: hidden; flex: 1 1 300px;'>   <\/div>\n<\/p><\/div>\n<\/p><\/div>\n<\/p><\/div>\n","protected":false},"excerpt":{"rendered":"<p>Kit de Herramientas para Terminaci?n de Conectores de Fibra ?ptica Prepulidos con Cleaver de 2 Pasos<\/p>\n","protected":false},"featured_media":118330,"comment_status":"open","ping_status":"closed","template":"","meta":[],"product_brand":[],"product_cat":[636],"product_tag":[611,25,658],"class_list":{"0":"post-118331","1":"product","2":"type-product","3":"status-publish","4":"has-post-thumbnail","6":"product_cat-herramientas-fibra-optica","7":"product_tag-fibra-optica","8":"product_tag-herramientas","9":"product_tag-tempo","11":"first","12":"outofstock","13":"sale","14":"shipping-taxable","15":"purchasable","16":"product-type-simple"},"_links":{"self":[{"href":"https:\/\/soydeaqui.ddns.net\/pachuca\/index.php\/wp-json\/wp\/v2\/product\/118331","targetHints":{"allow":["GET"]}}],"collection":[{"href":"https:\/\/soydeaqui.ddns.net\/pachuca\/index.php\/wp-json\/wp\/v2\/product"}],"about":[{"href":"https:\/\/soydeaqui.ddns.net\/pachuca\/index.php\/wp-json\/wp\/v2\/types\/product"}],"replies":[{"embeddable":true,"href":"https:\/\/soydeaqui.ddns.net\/pachuca\/index.php\/wp-json\/wp\/v2\/comments?post=118331"}],"wp:featuredmedia":[{"embeddable":true,"href":"https:\/\/soydeaqui.ddns.net\/pachuca\/index.php\/wp-json\/wp\/v2\/media\/118330"}],"wp:attachment":[{"href":"https:\/\/soydeaqui.ddns.net\/pachuca\/index.php\/wp-json\/wp\/v2\/media?parent=118331"}],"wp:term":[{"taxonomy":"product_brand","embeddable":true,"href":"https:\/\/soydeaqui.ddns.net\/pachuca\/index.php\/wp-json\/wp\/v2\/product_brand?post=118331"},{"taxonomy":"product_cat","embeddable":true,"href":"https:\/\/soydeaqui.ddns.net\/pachuca\/index.php\/wp-json\/wp\/v2\/product_cat?post=118331"},{"taxonomy":"product_tag","embeddable":true,"href":"https:\/\/soydeaqui.ddns.net\/pachuca\/index.php\/wp-json\/wp\/v2\/product_tag?post=118331"}],"curies":[{"name":"wp","href":"https:\/\/api.w.org\/{rel}","templated":true}]}}